{"id":12141,"date":"2021-02-17T12:57:47","date_gmt":"2021-02-17T11:57:47","guid":{"rendered":"http:\/\/serveiseducatius.xtec.cat\/montsia\/?page_id=12141"},"modified":"2021-02-17T13:03:33","modified_gmt":"2021-02-17T12:03:33","slug":"28-taller-de-cinema-mut-han-desaparegut-els-llibres","status":"publish","type":"page","link":"https:\/\/serveiseducatius.xtec.cat\/montsia\/innovacio-2\/bones-practiques\/28-taller-de-cinema-mut-han-desaparegut-els-llibres\/","title":{"rendered":"28. Taller de cinema mut: &#8220;Han desaparegut els llibres!!&#8221;"},"content":{"rendered":"<p style=\"text-align: center;\"><img loading=\"lazy\" decoding=\"async\" class=\"alignnone wp-image-12142\" src=\"https:\/\/serveiseducatius.xtec.cat\/montsia\/wp-content\/uploads\/usu1125\/2021\/02\/cinema-mut.png\" alt=\"\" width=\"473\" height=\"291\" srcset=\"https:\/\/serveiseducatius.xtec.cat\/montsia\/wp-content\/uploads\/usu1125\/2021\/02\/cinema-mut.png 488w, https:\/\/serveiseducatius.xtec.cat\/montsia\/wp-content\/uploads\/usu1125\/2021\/02\/cinema-mut-300x184.png 300w\" sizes=\"auto, (max-width: 473px) 100vw, 473px\" \/><\/p>\n<h3><span id=\"Dades_del_centre\">Dades del centre<\/span><\/h3>\n<p><strong>Nom del centre:<\/strong> Escola Horta Vella<br \/>\n<strong>Adre\u00e7a:<\/strong> C\/ M\u00e9ndez N\u00fa\u00f1ez s\/n<br \/>\n<strong>Codi postal:<\/strong> 43540<br \/>\n<strong>Localitat:\u00a0<\/strong>Sant Carles de la R\u00e0pita<br \/>\n<strong>Tel\u00e8fon:\u00a0<\/strong>977 74 17 71<br \/>\n<strong>Adre\u00e7a electr\u00f2nica:<\/strong> e3006551@xtec.cat<br \/>\n<strong>Servei territorial:<\/strong>\u00a0Terres de l\u2019Ebre<\/p>\n<h3><span id=\"Breu_resum_de_l8217activitat\">Breu resum de l\u2019activitat<\/span><\/h3>\n<p>L&#8217;alumnat de Cicle Inicial de l&#8217;ESC Horta Vella de Sant Carles de la R\u00e0pita ha triat el projecte sobre el cinema, que han anomenat \u2018C\u00e0mera i acci\u00f3\u2019 per al 2n trimestre de curs. D&#8217;entre el conjunt d&#8217;activitats que planifica el professorat, es preveu realitzar una pel\u00b7l\u00edcula de cinema mut per a recrear la t\u00e8cnica que s&#8217;utilitzava a l&#8217;\u00e8poca de l&#8217;inici del cinema. El producte final ha estat la producci\u00f3 del film \u2018Han desaparegut els llibres!\u201d i com a cloenda del projecte, la recreaci\u00f3 d\u2019una gala de lliurament de premis, tot recreant la gala dels \u00d2scars de Hollywood, amb la participaci\u00f3 de tots els pares i les mares.<\/p>\n<h3><span id=\"Ambits_d8217actuacio\">\u00c0mbits d\u2019actuaci\u00f3<\/span><\/h3>\n<p>Cicle Inicial<br \/>\nEducaci\u00f3 Prim\u00e0ria<br \/>\nCurr\u00edculum<\/p>\n<h3><span id=\"AreesMateriesModuls\">\u00c0rees\/Mat\u00e8ries\/M\u00f2duls<\/span><\/h3>\n<p>Projecte interdisciplinari que engloba totes les \u00e0rees<\/p>\n<h3><span id=\"Capacitats_Competencies\">Capacitats \/ Compet\u00e8ncies<\/span><\/h3>\n<p>&#8211; Aprendre a aprendre<br \/>\n&#8211; Comunicativa ling\u00fc\u00edstica i audiovisual<br \/>\n&#8211; Social i ciutadana<br \/>\n&#8211; Art\u00edstica i cultural<br \/>\n&#8211; Tractament de la informaci\u00f3 i compet\u00e8ncia digital<br \/>\n&#8211; Autonomia i compet\u00e8ncia personal<br \/>\n&#8211; Coneixement i interacci\u00f3 amb el m\u00f3n f\u00edsic (el centre escolar com a tria d&#8217;espais esc\u00e8nics)<\/p>\n<h3><span id=\"Descripcio_de_la_bona_practica\">Descripci\u00f3 de la bona pr\u00e0ctica<\/span><\/h3>\n<p><strong>Curs acad\u00e8mic:\u00a0<\/strong>2027-2018<\/p>\n<p><strong>Punt de partida:\u00a0<\/strong>Els xiquets i xiquetes de CI del centre estan immersos en el projecte del cinema. Dins de les diverses activitats que s&#8217;han programat, es pret\u00e9n que l&#8217;alumnat siguin els\/les protagonistes d&#8217;una pel\u00b7l\u00edcula de cinema mut, que reproduiria els efectes visuals i iconogr\u00e0fics dels films de la primera \u00e8poca de la hist\u00f2ria del cinema.<br \/>\nPer poder dur a terme la part m\u00e9s t\u00e8cnica, concretament l&#8217;enregistrament de les imatges (realitzaci\u00f3) i la postproducci\u00f3, s&#8217;ha comptat amb la col\u00b7laboraci\u00f3 d&#8217;una estudiant del grau de &#8216;Comunicaci\u00f3 audiovisual&#8217; de la Universitat Pompeu Fabra.<br \/>\nUn dels objectius ha estat que apareguessin tots els xiquets i xiquetes de les quatre classes de CI, aix\u00ed com tamb\u00e9 els quatre professors\/es, en definitiva, que el protagonisme fos compartit i hi sort\u00eds tothom. Es va idear la incorporaci\u00f3 d&#8217;un personatge principal, en Charlot, que va saber reproduir els moviments escenogr\u00e0fics del personatge hist\u00f2ric, per tal d&#8217;acabar de lligar el fil argumental al pretext de con\u00e8ixer els elements cl\u00e0ssics del cinema d\u2019aquella \u00e8poca.<br \/>\nTota una aventura que va comen\u00e7ar a partir d&#8217;una bona idea, la cerca dels elements necessaris per a poder portar-la a terme, la invenci\u00f3 d&#8217;una hist\u00f2ria, la incorporaci\u00f3 d&#8217;un personatge emblem\u00e0tic, la cerca d&#8217;uns escenaris propers i adients per l&#8217;entorn del centre.., tot aix\u00f2, per a la realitzaci\u00f3 d&#8217;un producte final: la pel\u00b7l\u00edcula de cinema mut, &#8216;Han desaparegut els llibres!&#8217;<\/p>\n<p><strong>Objectius:<\/strong><\/p>\n<p>&#8211; Objectiu principal: Realitzar un film de cinema mut amb la participaci\u00f3 de tots els\/les alumnes de CI de l&#8217;escola.<br \/>\n&#8211; Objectius d&#8217;aprenentatge (quant al projecte del cinema):<br \/>\n&#8211; Assumir\/entendre tots els rols que participen en la producci\u00f3 d&#8217;una pel\u00b7l\u00edcula: director, actor principal, actors secundaris, protagonistes, ajudants realitzadora,<br \/>\n&#8211; Idear i preveure tots els elements complementaris de la filmaci\u00f3: personatges, escenaris, gui\u00f3, storyboard, caracteritzaci\u00f3, \u2026<br \/>\n&#8211; Potenciar el treball corporal i vivencial (llenguatge no verbal) segons el g\u00e8nere cinematogr\u00e0fic escollit (cinema mut)<br \/>\n&#8211; Treballar les diferents fases de realitzaci\u00f3 d&#8217;un producte cinematogr\u00e0fic:<br \/>\n\u25e6 Planificaci\u00f3 del t\u00edtol<br \/>\n\u25e6 Elaboraci\u00f3 d&#8217;una hist\u00f2ria. Treballem les parts d&#8217;una narraci\u00f3: introducci\u00f3\/nus\/desenlla\u00e7<br \/>\n\u25e6 Creaci\u00f3 del personatges: principals i secundaris. La figura emblem\u00e0tica de Charlot<br \/>\n\u25e6 Tria dels escenaris en el centre<br \/>\n\u25e6 L&#8217;aventura de l&#8217;engranatge: com ho encabirem tot en una filmaci\u00f3 durant un mat\u00ed\u2026<br \/>\n\u25e6 Els cr\u00e8dits d\u2019una pel\u00b7l\u00edcula: els noms que apareixen al final, en relaci\u00f3 amb els rols<br \/>\n&#8211; Con\u00e8ixer els elements clau del cinema mut: la comunicaci\u00f3 no verbal, l&#8217;expressi\u00f3 de les emocions, \u2026, el paper de la m\u00fasica en el film, els efectes cinematogr\u00e0fics: el blanc i negre.<br \/>\nAltres: la c\u00e0mera, la claqueta, el marc esc\u00e8nic, la velocitat de reproducci\u00f3 de les imatges.<br \/>\n&#8211; Educar els\/les alumnes per ser espectadors de cinema: Anem a l\u2019Auditori Sixto Mir per veure la pel\u00b7l\u00edcula en format gran.<br \/>\n&#8211; Reproduir una gala de lliurament de premis de l\u2019Acad\u00e8mica de Hollywood: els \u00d2scars. Es pret\u00e9n que els pares\/mares en siguin part\u00edcips i aprofundim en cultura cinematogr\u00e0fica.<\/p>\n<p><strong>Desenvolupament de l\u2019experi\u00e8ncia:<\/strong><\/p>\n<p>Fases de realitzaci\u00f3:<br \/>\n<strong>I. Abans de la producci\u00f3:<\/strong><br \/>\n&#8211; Creaci\u00f3 del gui\u00f3: l&#8217;Storyboard, amb la seq\u00fcenciaci\u00f3 de les parts del film<br \/>\n&#8211; Elements de realitzaci\u00f3: Els personatges, els escenaris, l&#8217;enregistrament, la direcci\u00f3 t\u00e8cnica<br \/>\n&#8211; Tria de g\u00e8nere cinematogr\u00e0fic: Reprodu\u00efm la t\u00e8cnica del cinema mut<br \/>\n&#8211; Assajos escenogr\u00e0fics amb l&#8217;alumnat: el llenguatge corporal no verbal, l\u2019escenificaci\u00f3 prevista en els diferents llocs<br \/>\n<strong>II. Durant la producci\u00f3<\/strong> (durada: un mat\u00ed, de 9h a 12,30h):<br \/>\n&#8211; Enregistrament de totes les seq\u00fc\u00e8ncies que es van preveure en l&#8217;storyboard (totes van ser fetes en una presa \u00fanica, excepte l&#8217;escena central amb el personatge Charlot, en qu\u00e8 se&#8217;n van prendre dues).<br \/>\n&#8211; Reportatge fotogr\u00e0fic del desenvolupament de la filmaci\u00f3 i la presa d&#8217;imatges del desenvolupament global de la realitzaci\u00f3 (edici\u00f3 del making off, per documentar el proc\u00e9s de producci\u00f3 i la tasca d\u2019aprofitament did\u00e0ctic).<br \/>\n<strong>III. Fase de postproducci\u00f3:<\/strong><br \/>\n&#8211; L\u2019estudiant de comunicaci\u00f3 audiovisual \u00e9s qui edita les imatges d&#8217;acord amb l&#8217;storyboard i amb la tria de les seq\u00fc\u00e8ncies previstes.<br \/>\n&#8211; Incorporaci\u00f3 dels efectes del cinema mut: m\u00fasica d&#8217;\u00e8poca, el blanc i negre, i la qualitat de la cinta (filtre cl\u00e0ssic i marc esc\u00e8nic)<br \/>\n&#8211; Selecci\u00f3 de les imatges del proc\u00e9s de l&#8217;enregistrament: el making of. Tria dels moments m\u00e9s significatius del proc\u00e9s pedag\u00f2gic (imatges en color).<br \/>\n&#8211; El contrast entre la t\u00e8cnica del cinema mut i la t\u00e8cnica audiovisual del cinema actual: el blanc i negre \/ la velocitat de reproducci\u00f3 de les imatges \/ la m\u00fasica \/ el marc esc\u00e8nica \/ els subt\u00edtols \/ la sobreactuaci\u00f3 dels personatges\u2026 Tot aix\u00f2 es fa evident amb la incorporaci\u00f3 de les \u2018preses falses\u2019 de l\u2019enregistrament paral\u00b7lel.<br \/>\n<strong>IV. Producte final:<\/strong><br \/>\nMireu qu\u00e8 hem fet: Una pel.li de cinema mut!<br \/>\n&#8211; Visualitzaci\u00f3 del film: els\/les alumnes fan d&#8217;espectadors\/es de la pel\u00b7l\u00edcula que han pensat i on s\u00f3n protagonistes, en pantalla gran, a l\u2019Auditori Sixto Mir de la ciutat.<br \/>\n&#8211; Els pares i mares s\u00f3n convidats\/des a visualitzar el film en una sessi\u00f3 especial en la qual es recrea una gala dels \u00d2scars. Durant l\u2019acte, es fa lliurament dels premis a la millor pel\u00b7l\u00edcula, a la millor directora i al millor actor (al personatge de Charlot).<br \/>\n&#8211; Enregistrament de l&#8217;experi\u00e8ncia del taller de cinema mut, com una pr\u00e0ctica de refer\u00e8ncia educativa (web del centre i del Servei Educatiu del Montsi\u00e0)<\/p>\n<p><strong>Temporitzaci\u00f3:\u00a0<\/strong>Durant la segona quinzena de febrer del 2018 va ser dut a terme el projecte global del cinema, \u2018C\u00e0mera i acci\u00f3\u2019. El taller de cinema mut, concretament la realitzaci\u00f3 del film \u2018Ens han robat els llibres!\u201d esdev\u00e9 un producte final en relaci\u00f3 amb el gran projecte del trimestre.<br \/>\nL\u2019enregistrament del film es va realitzar durant el mat\u00ed del 26 de febrer de 2018.<br \/>\nL\u2019acte de lliurament de premis \u00d2scar va tindre lloc el 23 de mar\u00e7 de 2018 a la tarda, a la sala d\u2019usos m\u00faltiples del centre, amb la invitaci\u00f3 a les fam\u00edlies dels alumnes del cicle i els\/les col\u00b7laboradors\/es.<\/p>\n<p><strong>Recursos humans i materials:\u00a0<\/strong>S\u2019ha comptat amb la col\u00b7laboraci\u00f3 d\u2019una estudiant del grau de Comunicaci\u00f3 audiovisual per fer la part m\u00e9s t\u00e8cnica d\u2019enregistrament i edici\u00f3 de les imatges.<br \/>\nTot l\u2019equip de professorat de cicle inicial de l\u2019escola han fet la resta de tasques per tal que el film, com a producte final, fos una realitat: elaboraci\u00f3 del gui\u00f3, seq\u00fc\u00e8ncies de l\u2019argument, assajos, caracteritzaci\u00f3 del personatge de Charlot, \u2026<br \/>\nLes imatges del film van ser enregistrades amb una c\u00e0mera audiovisual Nikkon D3200 amb objectiu Tamron 18-200 mm , i paral\u00b7lelament es va enregistrar el proc\u00e9s (les preses falses, en color), amb una c\u00e0mera Sony Handycam del Centre de Recursos Pedag\u00f2gics.<br \/>\nEl filtre utilitzat per convertir-ho en cinema mut ha estat el seg\u00fcent: Real 8mm Film Effect FULL HD.<\/p>\n<p><strong>Valoracions i conclusions:\u00a0<\/strong>L\u2019experi\u00e8ncia ha estat molt ben valorada per part de tot el professorat implicat i tamb\u00e9 per les fam\u00edlies. El projecte del cinema, amb la realitzaci\u00f3 d\u2019un film en el qual ha participat tothom ha aconseguit un aprenentatge significatiu, altament motivador i gratificant alhora. Un dels encerts a destacar ha estat el fet d\u2019haver aconseguit que tot l\u2019alumnat implicat (quatre classes, un conjunt de 90 xiquets i xiquetes) apareguessin en el film, en qualitat de protagonistes secundaris, conjuntament amb els seus tutors\/es i mestres.<br \/>\nCom a proposta de millora per a futurs projectes, estaria b\u00e9 que les fam\u00edlies es poguessin implicar en moments determinats, com ara, la presa de fotografies de tot el proc\u00e9s, la col\u00b7laboraci\u00f3 a l\u2019hora de reproduir una cerim\u00f2nia dels \u00d2scars (la catifa roja, el passeig de les estrelles (al passad\u00eds del centre), el berenar popular, \u2026) i, fins i tot la possibilitat d\u2019assumir el rol d\u2019algun personatge en el film.<\/p>\n<p><strong>Documentaci\u00f3 complement\u00e0ria:\u00a0<\/strong><\/p>\n<p>&#8211; Enlla\u00e7 a la pel\u00b7l\u00edcula (durada aproximada, 8 minuts):<br \/>\n<a href=\"https:\/\/www.youtube.com\/watch?v=UM6tnl3FuHk&amp;feature=youtu.be\">\u2018 Ens han robat els llibres!\u2019<\/a><br \/>\n&#8211; Enlla\u00e7 al tr\u00e0iler (un minut i mig):<br \/>\n<a href=\"https:\/\/www.youtube.com\/watch?v=DUucObzVd3o&amp;feature=youtu.be\">Tr\u00e0iler: Ens han robat els llibres!<\/a><br \/>\n&#8211; Preses falses (making of) on queda documentat el proc\u00e9s did\u00e0ctic:<br \/>\n<a href=\"https:\/\/www.youtube.com\/watch?v=IGZXjPO00CA&amp;feature=youtu.be\">Darrera la c\u00e0mera <\/a><\/p>\n<h3><span id=\"Autoria_de_l8217experiencia\">Autoria de l\u2019experi\u00e8ncia<\/span><\/h3>\n<p><strong>Coordinaci\u00f3: <\/strong>M. Jos\u00e9 Sancho Ferr\u00e9<strong><br \/>\nGui\u00f3 original: <\/strong>Professors\/es i alumnat de cicle inicial de l\u2019Escola Horta Vella (Sant Carles de la R\u00e0pita)<strong><br \/>\nDirecci\u00f3: <\/strong>C\u00e8lia Espanya<strong><br \/>\nAjudant de direcci\u00f3:<\/strong> Em\u00edlia Serret Red\u00f3<strong><br \/>\nActor principal \u2018Charlot\u2019: <\/strong>Ramon Gonz\u00e1lez Reverter<strong><br \/>\nActors i actrius:<\/strong> M. Jos\u00e9 Sancho Ferr\u00e9, Jos\u00e9 Lu\u00eds Arandigoyen de Miguel, Evel\u00edn Dor\u00e0 Samper, Josep Obiol Cabrera, Alumnat de 1r i 2n de CI<strong><br \/>\nAgra\u00efments: <\/strong>Maite Cera Talarn, Lurdes Mach\u00ed Castells, Roser Reverter Ferr\u00e9<strong><br \/>\nAmb la col\u00b7laboraci\u00f3 de: <\/strong>Centre de Recursos Pedag\u00f2gics del Montsi\u00e0<\/p>\n","protected":false},"excerpt":{"rendered":"<p>Dades del centre Nom del centre: Escola Horta Vella Adre\u00e7a: C\/ M\u00e9ndez N\u00fa\u00f1ez s\/n Codi postal: 43540 Localitat:\u00a0Sant Carles de [&hellip;]<\/p>\n","protected":false},"author":1,"featured_media":0,"parent":12016,"menu_order":28,"comment_status":"closed","ping_status":"closed","template":"page-templates\/side-menu.php","meta":{"_bbp_topic_count":0,"_bbp_reply_count":0,"_bbp_total_topic_count":0,"_bbp_total_reply_count":0,"_bbp_voice_count":0,"_bbp_anonymous_reply_count":0,"_bbp_topic_count_hidden":0,"_bbp_reply_count_hidden":0,"_bbp_forum_subforum_count":0,"site-sidebar-layout":"default","site-content-layout":"","ast-site-content-layout":"","site-content-style":"default","site-sidebar-style":"default","ast-global-header-display":"","ast-banner-title-visibility":"","ast-main-header-display":"","ast-hfb-above-header-display":"","ast-hfb-below-header-display":"","ast-hfb-mobile-header-display":"","site-post-title":"","ast-breadcrumbs-content":"","ast-featured-img":"","footer-sml-layout":"","theme-transparent-header-meta":"","adv-header-id-meta":"","stick-header-meta":"","header-above-stick-meta":"","header-main-stick-meta":"","header-below-stick-meta":"","astra-migrate-meta-layouts":"default","ast-page-background-enabled":"default","ast-page-background-meta":{"desktop":{"background-color":"var(--ast-global-color-4)","background-image":"","background-repeat":"repeat","background-position":"center center","background-size":"auto","background-attachment":"scroll","background-type":"","background-media":"","overlay-type":"","overlay-color":"","overlay-opacity":"","overlay-gradient":""},"tablet":{"background-color":"","background-image":"","background-repeat":"repeat","background-position":"center center","background-size":"auto","background-attachment":"scroll","background-type":"","background-media":"","overlay-type":"","overlay-color":"","overlay-opacity":"","overlay-gradient":""},"mobile":{"background-color":"","background-image":"","background-repeat":"repeat","background-position":"center center","background-size":"auto","background-attachment":"scroll","background-type":"","background-media":"","overlay-type":"","overlay-color":"","overlay-opacity":"","overlay-gradient":""}},"ast-content-background-meta":{"desktop":{"background-color":"var(--ast-global-color-5)","background-image":"","background-repeat":"repeat","background-position":"center center","background-size":"auto","background-attachment":"scroll","background-type":"","background-media":"","overlay-type":"","overlay-color":"","overlay-opacity":"","overlay-gradient":""},"tablet":{"background-color":"var(--ast-global-color-5)","background-image":"","background-repeat":"repeat","background-position":"center center","background-size":"auto","background-attachment":"scroll","background-type":"","background-media":"","overlay-type":"","overlay-color":"","overlay-opacity":"","overlay-gradient":""},"mobile":{"background-color":"var(--ast-global-color-5)","background-image":"","background-repeat":"repeat","background-position":"center center","background-size":"auto","background-attachment":"scroll","background-type":"","background-media":"","overlay-type":"","overlay-color":"","overlay-opacity":"","overlay-gradient":""}},"footnotes":""},"class_list":["post-12141","page","type-page","status-publish","hentry"],"post_mailing_queue_ids":[],"_links":{"self":[{"href":"https:\/\/serveiseducatius.xtec.cat\/montsia\/wp-json\/wp\/v2\/pages\/12141","targetHints":{"allow":["GET"]}}],"collection":[{"href":"https:\/\/serveiseducatius.xtec.cat\/montsia\/wp-json\/wp\/v2\/pages"}],"about":[{"href":"https:\/\/serveiseducatius.xtec.cat\/montsia\/wp-json\/wp\/v2\/types\/page"}],"author":[{"embeddable":true,"href":"https:\/\/serveiseducatius.xtec.cat\/montsia\/wp-json\/wp\/v2\/users\/1"}],"replies":[{"embeddable":true,"href":"https:\/\/serveiseducatius.xtec.cat\/montsia\/wp-json\/wp\/v2\/comments?post=12141"}],"version-history":[{"count":3,"href":"https:\/\/serveiseducatius.xtec.cat\/montsia\/wp-json\/wp\/v2\/pages\/12141\/revisions"}],"predecessor-version":[{"id":12145,"href":"https:\/\/serveiseducatius.xtec.cat\/montsia\/wp-json\/wp\/v2\/pages\/12141\/revisions\/12145"}],"up":[{"embeddable":true,"href":"https:\/\/serveiseducatius.xtec.cat\/montsia\/wp-json\/wp\/v2\/pages\/12016"}],"wp:attachment":[{"href":"https:\/\/serveiseducatius.xtec.cat\/montsia\/wp-json\/wp\/v2\/media?parent=12141"}],"curies":[{"name":"wp","href":"https:\/\/api.w.org\/{rel}","templated":true}]}}