{"id":12131,"date":"2021-02-17T11:18:18","date_gmt":"2021-02-17T10:18:18","guid":{"rendered":"http:\/\/serveiseducatius.xtec.cat\/montsia\/?page_id=12131"},"modified":"2021-02-17T11:18:18","modified_gmt":"2021-02-17T10:18:18","slug":"26-la-cartellera","status":"publish","type":"page","link":"https:\/\/serveiseducatius.xtec.cat\/montsia\/innovacio-2\/bones-practiques\/26-la-cartellera\/","title":{"rendered":"26. La Cartellera"},"content":{"rendered":"<p style=\"text-align: center;\"><img loading=\"lazy\" decoding=\"async\" class=\"alignnone  wp-image-12132\" src=\"https:\/\/serveiseducatius.xtec.cat\/montsia\/wp-content\/uploads\/usu1125\/2021\/02\/la-cartellera.png\" alt=\"\" width=\"265\" height=\"367\" srcset=\"https:\/\/serveiseducatius.xtec.cat\/montsia\/wp-content\/uploads\/usu1125\/2021\/02\/la-cartellera.png 290w, https:\/\/serveiseducatius.xtec.cat\/montsia\/wp-content\/uploads\/usu1125\/2021\/02\/la-cartellera-216x300.png 216w\" sizes=\"auto, (max-width: 265px) 100vw, 265px\" \/><\/p>\n<h3><span id=\"Dades_del_centre\">Dades del centre<\/span><\/h3>\n<p><strong>Nom del centre:<\/strong> Escola Sant Jaume<br \/>\n<strong>Adre\u00e7a:<\/strong> Avda. Mallorca, 56<br \/>\n<strong>Codi postal:<\/strong> 43877<br \/>\n<strong>Localitat:\u00a0<\/strong>Sant Jaume d&#8217;Enveja<br \/>\n<strong>Tel\u00e8fon:\u00a0<\/strong>977468402<br \/>\n<strong>Adre\u00e7a electr\u00f2nica:<\/strong> e3004189@xtec.cat<br \/>\n<strong>Servei territorial:<\/strong>\u00a0Terres de l\u2019Ebre<\/p>\n<h3><span id=\"Breu_resum_de_l8217activitat\">Breu resum de l\u2019activitat<\/span><\/h3>\n<p>L\u2019alumnat de 6\u00e8 elabora una cartellera amb les activitats especials que es faran a l\u2019escola al llarg de la setmana.<\/p>\n<h3><span id=\"Ambits_d8217actuacio\">\u00c0mbits d\u2019actuaci\u00f3<\/span><\/h3>\n<p>Centre\/Entorn<br \/>\nEducaci\u00f3 Infantil\/Educaci\u00f3 Prim\u00e0ria<br \/>\nGesti\u00f3 i organitzaci\u00f3<\/p>\n<h3><span id=\"AreesMateriesModuls\">\u00c0rees\/Mat\u00e8ries\/M\u00f2duls<\/span><\/h3>\n<p>Llengua Catalana i TIC<\/p>\n<h3><span id=\"Capacitats_Competencies\">Capacitats \/ Compet\u00e8ncies<\/span><\/h3>\n<p>Comunicativa ling\u00fc\u00edstica i audiovisual, Art\u00edstica i cultural, Tractament de la informaci\u00f3 i compet\u00e8ncia digital. Autonomia i compet\u00e8ncia personal. Social i ciutadana.<\/p>\n<h3><span id=\"Descripcio_de_la_bona_practica\">Descripci\u00f3 de la bona pr\u00e0ctica<\/span><\/h3>\n<p><strong>Curs acad\u00e8mic:\u00a0<\/strong>2014-2015<\/p>\n<p><strong>Punt de partida:\u00a0<\/strong>Es va crear la cartellera (per part de l\u2019equip directiu) perqu\u00e8 tothom tingu\u00e9s coneixement de les diferents activitats realitzades al centre.<\/p>\n<p><strong>Objectius:<\/strong><\/p>\n<p>&#8211; Potenciar l\u2019autonomia de l\u2019alumnat a l\u2019hora de realitzar les tasques (presentar-se, demanar informaci\u00f3, &#8230;).<br \/>\n&#8211; Treballar les diferents tipologies textuals.<br \/>\n&#8211; Estimular la correcta presentaci\u00f3 dels escrits, fent-lo atractiu i sense errades.<\/p>\n<p><strong>Desenvolupament de l\u2019experi\u00e8ncia:\u00a0 <\/strong>El mestre tutor\/a fa torns de dues persones cada divendres. L\u2019alumnat ha de passar per totes les aules i recollir la informaci\u00f3 pertinent, complementant-ho amb el calendari d\u2019activitats del centre.<br \/>\nEs fa la redacci\u00f3 del cartell a l\u2019ordinador a l\u2019aula d\u2019inform\u00e0tica, es revisa i s\u2019imprimeix una c\u00f2pia que figurar\u00e0 a la cartellera de l\u2019entrada. Tamb\u00e9 es lliura una c\u00f2pia al coordinador d\u2019inform\u00e0tica per incloure-ho a la p\u00e0gina web.<\/p>\n<p><strong>Temporitzaci\u00f3:\u00a0<\/strong>Setmanal durant tot el curs<\/p>\n<p><strong>Recursos humans i materials: <\/strong>Alumnat i tutor\/a de sis\u00e8. Coordinador d\u2019inform\u00e0tica. Ordinador. Cartellera<\/p>\n<p><strong>Valoracions i conclusions:\u00a0<\/strong>Hi havia demanda del professorat per manca d\u2019informaci\u00f3. Inicialment la realitzava l\u2019equip directiu i l\u2019any seg\u00fcent se\u2019n va encarregar l\u2019alumnat.<br \/>\nAquesta activitat est\u00e0 consolidada i es considera molt positiva.<\/p>\n<h3><span id=\"Autoria_de_l8217experiencia\">Autoria de l\u2019experi\u00e8ncia<\/span><\/h3>\n<p><strong>Coordinaci\u00f3:\u00a0<\/strong>Tutor\/a de sis\u00e8.<br \/>\n<strong>Professorat implicat: <\/strong>Mestre de lleng\u00fces de sis\u00e8, coordinador\/a<br \/>\nd\u2019inform\u00e0tica<\/p>\n<p>&nbsp;<\/p>\n<p>Quan ens vam iniciar com a equip directiu un dels objectius era la millora de les comunicacions internes de l&#8217;escola. Es recollien les informacions i els acords de reunions de mestres, per\u00f2 tot i aix\u00f2 ens vam adonar que malgrat el debat de les diferents activitats que es realitzaven al centre hi havia professorat que no quedava prou assabentat. Per intentar pal\u00b7liar aquesta defici\u00e8ncia vam muntar una cartellera a l&#8217;entrada de l&#8217;escola on s&#8217;anotaven totes les activitats especials que tenien lloc aquella setmana. En principi la realitzava l&#8217;equip directiu i s&#8217;anava recollint la informaci\u00f3.<br \/>\nTothom va valorar l&#8217;experi\u00e8ncia com a positiva. Despr\u00e9s vam pensar que podia ser una bona activitat did\u00e0ctica a realitzar per l&#8217;alumnat amb el guiatge del tutor\/a o el mestre\/a de catal\u00e0. Despr\u00e9s de provar diferents maneres de recollir la informaci\u00f3, hem trobat que el m\u00e9s pr\u00e0ctic i efica\u00e7 \u00e9s la recollida directa per part de l&#8217;alumnat. Cada divendres abans del pati es fa la recollida d&#8217;informaci\u00f3 (una parella d&#8217;alumnes passen per les diferents classes) i despr\u00e9s s&#8217;elabora la cartellera. Algun curs es fa la recollida d&#8217;informaci\u00f3 els dijous a la tarda, en funci\u00f3 de l&#8217;horari de l&#8217;alumnat.<\/p>\n","protected":false},"excerpt":{"rendered":"<p>Dades del centre Nom del centre: Escola Sant Jaume Adre\u00e7a: Avda. Mallorca, 56 Codi postal: 43877 Localitat:\u00a0Sant Jaume d&#8217;Enveja Tel\u00e8fon:\u00a0977468402 [&hellip;]<\/p>\n","protected":false},"author":1,"featured_media":0,"parent":12016,"menu_order":26,"comment_status":"closed","ping_status":"closed","template":"page-templates\/side-menu.php","meta":{"_bbp_topic_count":0,"_bbp_reply_count":0,"_bbp_total_topic_count":0,"_bbp_total_reply_count":0,"_bbp_voice_count":0,"_bbp_anonymous_reply_count":0,"_bbp_topic_count_hidden":0,"_bbp_reply_count_hidden":0,"_bbp_forum_subforum_count":0,"site-sidebar-layout":"default","site-content-layout":"","ast-site-content-layout":"","site-content-style":"default","site-sidebar-style":"default","ast-global-header-display":"","ast-banner-title-visibility":"","ast-main-header-display":"","ast-hfb-above-header-display":"","ast-hfb-below-header-display":"","ast-hfb-mobile-header-display":"","site-post-title":"","ast-breadcrumbs-content":"","ast-featured-img":"","footer-sml-layout":"","theme-transparent-header-meta":"","adv-header-id-meta":"","stick-header-meta":"","header-above-stick-meta":"","header-main-stick-meta":"","header-below-stick-meta":"","astra-migrate-meta-layouts":"default","ast-page-background-enabled":"default","ast-page-background-meta":{"desktop":{"background-color":"var(--ast-global-color-4)","background-image":"","background-repeat":"repeat","background-position":"center center","background-size":"auto","background-attachment":"scroll","background-type":"","background-media":"","overlay-type":"","overlay-color":"","overlay-opacity":"","overlay-gradient":""},"tablet":{"background-color":"","background-image":"","background-repeat":"repeat","background-position":"center center","background-size":"auto","background-attachment":"scroll","background-type":"","background-media":"","overlay-type":"","overlay-color":"","overlay-opacity":"","overlay-gradient":""},"mobile":{"background-color":"","background-image":"","background-repeat":"repeat","background-position":"center center","background-size":"auto","background-attachment":"scroll","background-type":"","background-media":"","overlay-type":"","overlay-color":"","overlay-opacity":"","overlay-gradient":""}},"ast-content-background-meta":{"desktop":{"background-color":"var(--ast-global-color-5)","background-image":"","background-repeat":"repeat","background-position":"center center","background-size":"auto","background-attachment":"scroll","background-type":"","background-media":"","overlay-type":"","overlay-color":"","overlay-opacity":"","overlay-gradient":""},"tablet":{"background-color":"var(--ast-global-color-5)","background-image":"","background-repeat":"repeat","background-position":"center center","background-size":"auto","background-attachment":"scroll","background-type":"","background-media":"","overlay-type":"","overlay-color":"","overlay-opacity":"","overlay-gradient":""},"mobile":{"background-color":"var(--ast-global-color-5)","background-image":"","background-repeat":"repeat","background-position":"center center","background-size":"auto","background-attachment":"scroll","background-type":"","background-media":"","overlay-type":"","overlay-color":"","overlay-opacity":"","overlay-gradient":""}},"footnotes":""},"class_list":["post-12131","page","type-page","status-publish","hentry"],"post_mailing_queue_ids":[],"_links":{"self":[{"href":"https:\/\/serveiseducatius.xtec.cat\/montsia\/wp-json\/wp\/v2\/pages\/12131","targetHints":{"allow":["GET"]}}],"collection":[{"href":"https:\/\/serveiseducatius.xtec.cat\/montsia\/wp-json\/wp\/v2\/pages"}],"about":[{"href":"https:\/\/serveiseducatius.xtec.cat\/montsia\/wp-json\/wp\/v2\/types\/page"}],"author":[{"embeddable":true,"href":"https:\/\/serveiseducatius.xtec.cat\/montsia\/wp-json\/wp\/v2\/users\/1"}],"replies":[{"embeddable":true,"href":"https:\/\/serveiseducatius.xtec.cat\/montsia\/wp-json\/wp\/v2\/comments?post=12131"}],"version-history":[{"count":1,"href":"https:\/\/serveiseducatius.xtec.cat\/montsia\/wp-json\/wp\/v2\/pages\/12131\/revisions"}],"predecessor-version":[{"id":12133,"href":"https:\/\/serveiseducatius.xtec.cat\/montsia\/wp-json\/wp\/v2\/pages\/12131\/revisions\/12133"}],"up":[{"embeddable":true,"href":"https:\/\/serveiseducatius.xtec.cat\/montsia\/wp-json\/wp\/v2\/pages\/12016"}],"wp:attachment":[{"href":"https:\/\/serveiseducatius.xtec.cat\/montsia\/wp-json\/wp\/v2\/media?parent=12131"}],"curies":[{"name":"wp","href":"https:\/\/api.w.org\/{rel}","templated":true}]}}