{"id":12123,"date":"2021-02-17T10:17:57","date_gmt":"2021-02-17T09:17:57","guid":{"rendered":"http:\/\/serveiseducatius.xtec.cat\/montsia\/?page_id=12123"},"modified":"2021-02-17T10:17:57","modified_gmt":"2021-02-17T09:17:57","slug":"23-que-es-una-tona","status":"publish","type":"page","link":"https:\/\/serveiseducatius.xtec.cat\/montsia\/innovacio-2\/bones-practiques\/23-que-es-una-tona\/","title":{"rendered":"23. Qu\u00e8 \u00e9s una Tona?"},"content":{"rendered":"<p style=\"text-align: center;\"><img loading=\"lazy\" decoding=\"async\" class=\"alignnone size-full wp-image-12124\" src=\"https:\/\/serveiseducatius.xtec.cat\/montsia\/wp-content\/uploads\/usu1125\/2021\/02\/que-es-una-tona.png\" alt=\"\" width=\"563\" height=\"325\" srcset=\"https:\/\/serveiseducatius.xtec.cat\/montsia\/wp-content\/uploads\/usu1125\/2021\/02\/que-es-una-tona.png 563w, https:\/\/serveiseducatius.xtec.cat\/montsia\/wp-content\/uploads\/usu1125\/2021\/02\/que-es-una-tona-300x173.png 300w\" sizes=\"auto, (max-width: 563px) 100vw, 563px\" \/><\/p>\n<h3><span id=\"Dades_del_centre\">Dades del centre<\/span><\/h3>\n<p><strong>Nom del centre:<\/strong> Escola Consol Ferr\u00e9<br \/>\n<strong>Adre\u00e7a:<\/strong> C\/ Valentins, s\/n<br \/>\n<strong>Codi postal:<\/strong> 43870<br \/>\n<strong>Localitat:\u00a0<\/strong>Amposta<br \/>\n<strong>Tel\u00e8fon:\u00a0<\/strong>977 70 18 40<br \/>\n<strong>Adre\u00e7a electr\u00f2nica:<\/strong> e3010773@xtec.cat<br \/>\n<strong>Servei territorial:<\/strong>\u00a0Terres de l\u2019Ebre<\/p>\n<h3><span id=\"Breu_resum_de_l8217activitat\">Breu resum de l\u2019activitat<\/span><\/h3>\n<p>Buscant informaci\u00f3 sobre el pes dels dinosaures apareix una nova unitat de mesura: la tona. Treballem aquesta nova unitat anant-nos a pesar a la b\u00e0scula gegant de la Cambra Arrossera d\u2019Amposta aconseguint pesar 1 tona. Amb la foto de la tona representem el pes dels dinosaures estudiats al mural del projecte. Treballem les unitats de mesura de massa convencionals: tona, quilo i gram.<\/p>\n<h3><span id=\"Ambits_d8217actuacio\">\u00c0mbits d\u2019actuaci\u00f3<\/span><\/h3>\n<p>Segon A, Cicle Inicial<br \/>\nEducaci\u00f3 Prim\u00e0ria<\/p>\n<h3><span id=\"AreesMateriesModuls\">\u00c0rees\/Mat\u00e8ries\/M\u00f2duls<\/span><\/h3>\n<p>Matem\u00e0tiques, Coneixement del medi natural, social i cultural.<\/p>\n<h3><span id=\"Capacitats_Competencies\">Capacitats \/ Compet\u00e8ncies<\/span><\/h3>\n<p>Matem\u00e0tica, Aprendre a aprendre, Comunicativa ling\u00fc\u00edstica i audiovisual, Social i ciutadana, Coneixement i interacci\u00f3 amb el m\u00f3n f\u00edsic, Autonomia i iniciativa personal,<\/p>\n<h3><span id=\"Descripcio_de_la_bona_practica\">Descripci\u00f3 de la bona pr\u00e0ctica<\/span><\/h3>\n<p><strong>Curs acad\u00e8mic:\u00a0<\/strong>segon, Educaci\u00f3 Prim\u00e0ria<\/p>\n<p><strong>Punt de partida:\u00a0<\/strong>Els alumnes de Segon A, la classe dels Dinosaures, ens preguntem quant pesaven aquests animals enormes. La mestra demana informaci\u00f3 sobre el pes de tres dinosaures diferents. Al retornar la informaci\u00f3 descobrim que tenim el pes expressat en quilos i tamb\u00e9 en tones. Per\u00f2, qu\u00e8 \u00e9s una tona? A partir d\u2019aqu\u00ed descobrim una unitat de mesura que no coneixem, s\u00f3n 1.000 quilos explica algun nen.<br \/>\nEntenem que els dinosaures pesaven molt\u00edssim i que per aix\u00f2 \u00e9s m\u00e9s pr\u00e0ctic mesurar-los en tones.<\/p>\n<p><strong>Objectius:<\/strong><\/p>\n<p>&#8211; Mesurar la massa utilitzant unitats convencionals: tones, quilos i grams.<br \/>\n&#8211; Seleccionar la unitat i l\u2019instrument adequats, d\u2019acord amb la magnitud a mesurar.<br \/>\n&#8211; Representar gr\u00e0ficament el pes dels dinosaures.<\/p>\n<p><strong>Desenvolupament de l\u2019experi\u00e8ncia: <\/strong>S\u2019enceta una conversa: I nosaltres en quina unitat ens mesurem i on? Nosaltres en quilos i grams, i a la b\u00e0scula de casa, \u00e9s clar! I podr\u00edem pesar un dinosaure a la b\u00e0scula de casa? No, de cap manera, la trencaria! I on podr\u00edem pesar un dinosaure? El meu pare pesa els camions a la b\u00e0scula gegant de la Cambra Arrossera d\u2019Amposta! Hi podr\u00edem anar a pesar-nos tots junts! Bona idea, podr\u00edem pesar entre tots una tona! Demanem perm\u00eds a la C\u00e0mera i ens el concedeixen.<br \/>\nComencem a pesar-nos de un en un en una balan\u00e7a de bany per tal de comprovar si arribem a la tona. Aprofitem per fer un problema matem\u00e0tic on sumen tots els pesos. Comprovem que no pesem suficient i demanem ajuda als companys i companyes de quart per tal que vinguin a pesar-se amb nosaltres, ells estudien la Prehist\u00f2ria i estan treballant el pes dels mamuts i tamb\u00e9 treballen en tones.<br \/>\nAnem fins a la Cambra Arrossera i pugem tota la classe dels Dinosaures a sobre la b\u00e0scula gegant: no arribem a la tona. Demanem als companys\/es de quart que pugin tamb\u00e9 per\u00f2 ara passem de la tona. Finalment van baixant esglaonadament fins que arribem al pes desitjat: 1 tona!. Fem la foto de la tona.<br \/>\nUn cop a l\u2019escola volem representar al mural de fora la classe la nostra feina.<br \/>\nAprofitem per fer un problema matem\u00e0tic preguntant quantes fotos necessitem per enganxar al mural, ja que hem de representar el pes dels tres dinosaures. Els nens\/es sumen la quantitat de tones que pesaven els tres dinosaures, aix\u00f2 ens diu el n\u00famero de fotos que necessitem per al mural.<br \/>\nFinalment enganxem el dibuix dels tres dinosaures estudiats, cadascun a sobre el plat esquerre d\u2019una balan\u00e7a. Al plat dret hi enganxem tantes fotos d\u20191 tona com tones pesava l\u2019animal.<br \/>\nEx: si el brontosaure pesava 30 tones, doncs hi enganxem 30 fotos i aix\u00ed amb els tres.<br \/>\nVisualment entenen el qu\u00e8 significa aquest pes tant gran, ja que ho han viscut en primera persona.<\/p>\n<p><strong>Temporitzaci\u00f3:\u00a0<\/strong>Sis sessions d&#8217;1 hora.<\/p>\n<p><strong>Recursos humans i materials:\u00a0<\/strong><\/p>\n<p>&#8211; Informaci\u00f3 pes dinosaures<br \/>\n&#8211; B\u00e0scula de bany<br \/>\n&#8211; Sortida a la Cambra Arrossera d\u2019Amposta (mestres acompanyants per sortida local)<br \/>\n&#8211; Fotografies i dibuixos dels dinosaures per al mural.<\/p>\n<p><strong>Valoracions i conclusions:\u00a0<\/strong>Ara se\u2019ns obren camins matem\u00e0tics ja que amb aquesta experi\u00e8ncia hem treballat la unitat de miler i ho podem aprofitar per treballar el mil\u00b7lenni ja que tamb\u00e9 volem saber quant temps fa que van existir els dinosaures.<br \/>\nTamb\u00e9 hem treballat llengua ja que hem ordenat una seq\u00fc\u00e8ncia de fotos de la sortida a la Cambra Arrossera i explicat qu\u00e8 vam fer.<br \/>\nHem conegut la Cambra Arrossera per dintre i visitat la planta d\u2019empaquetament de l\u2019arr\u00f2s.<br \/>\nA partir d\u2019una pregunta hem viscut una situaci\u00f3 real, hem experimentat amb el propi pes i amb el de tota la classe, hem ent\u00e8s qu\u00e8 representa realment una tona i hem observat com podien ser de pesats els dinosaures. L\u2019experi\u00e8ncia ha estat molt bona, tots hi hem participat i el m\u00e9s important, hem apr\u00e8s mitjan\u00e7ant activitats realment significatives.<\/p>\n<p><strong>Documentaci\u00f3 complement\u00e0ria: <\/strong>Enlla\u00e7 presentaci\u00f3 de l&#8217;experi\u00e8ncia:<br \/>\n<a href=\"https:\/\/www.slideshare.net\/angiarrufat\/qu-s-una-tona\">http:\/\/www.slideshare.net\/angiarrufat\/qu-s-una-tona<\/a><\/p>\n<h3><span id=\"Autoria_de_l8217experiencia\">Autoria de l\u2019experi\u00e8ncia<\/span><\/h3>\n<p><strong>Coordinaci\u00f3:\u00a0<\/strong>\u00c0ngela Arrufat i Ballester<\/p>\n","protected":false},"excerpt":{"rendered":"<p>Dades del centre Nom del centre: Escola Consol Ferr\u00e9 Adre\u00e7a: C\/ Valentins, s\/n Codi postal: 43870 Localitat:\u00a0Amposta Tel\u00e8fon:\u00a0977 70 18 [&hellip;]<\/p>\n","protected":false},"author":1,"featured_media":0,"parent":12016,"menu_order":23,"comment_status":"closed","ping_status":"closed","template":"page-templates\/side-menu.php","meta":{"_bbp_topic_count":0,"_bbp_reply_count":0,"_bbp_total_topic_count":0,"_bbp_total_reply_count":0,"_bbp_voice_count":0,"_bbp_anonymous_reply_count":0,"_bbp_topic_count_hidden":0,"_bbp_reply_count_hidden":0,"_bbp_forum_subforum_count":0,"site-sidebar-layout":"default","site-content-layout":"","ast-site-content-layout":"","site-content-style":"default","site-sidebar-style":"default","ast-global-header-display":"","ast-banner-title-visibility":"","ast-main-header-display":"","ast-hfb-above-header-display":"","ast-hfb-below-header-display":"","ast-hfb-mobile-header-display":"","site-post-title":"","ast-breadcrumbs-content":"","ast-featured-img":"","footer-sml-layout":"","theme-transparent-header-meta":"","adv-header-id-meta":"","stick-header-meta":"","header-above-stick-meta":"","header-main-stick-meta":"","header-below-stick-meta":"","astra-migrate-meta-layouts":"default","ast-page-background-enabled":"default","ast-page-background-meta":{"desktop":{"background-color":"var(--ast-global-color-4)","background-image":"","background-repeat":"repeat","background-position":"center center","background-size":"auto","background-attachment":"scroll","background-type":"","background-media":"","overlay-type":"","overlay-color":"","overlay-opacity":"","overlay-gradient":""},"tablet":{"background-color":"","background-image":"","background-repeat":"repeat","background-position":"center center","background-size":"auto","background-attachment":"scroll","background-type":"","background-media":"","overlay-type":"","overlay-color":"","overlay-opacity":"","overlay-gradient":""},"mobile":{"background-color":"","background-image":"","background-repeat":"repeat","background-position":"center center","background-size":"auto","background-attachment":"scroll","background-type":"","background-media":"","overlay-type":"","overlay-color":"","overlay-opacity":"","overlay-gradient":""}},"ast-content-background-meta":{"desktop":{"background-color":"var(--ast-global-color-5)","background-image":"","background-repeat":"repeat","background-position":"center center","background-size":"auto","background-attachment":"scroll","background-type":"","background-media":"","overlay-type":"","overlay-color":"","overlay-opacity":"","overlay-gradient":""},"tablet":{"background-color":"var(--ast-global-color-5)","background-image":"","background-repeat":"repeat","background-position":"center center","background-size":"auto","background-attachment":"scroll","background-type":"","background-media":"","overlay-type":"","overlay-color":"","overlay-opacity":"","overlay-gradient":""},"mobile":{"background-color":"var(--ast-global-color-5)","background-image":"","background-repeat":"repeat","background-position":"center center","background-size":"auto","background-attachment":"scroll","background-type":"","background-media":"","overlay-type":"","overlay-color":"","overlay-opacity":"","overlay-gradient":""}},"footnotes":""},"class_list":["post-12123","page","type-page","status-publish","hentry"],"post_mailing_queue_ids":[],"_links":{"self":[{"href":"https:\/\/serveiseducatius.xtec.cat\/montsia\/wp-json\/wp\/v2\/pages\/12123","targetHints":{"allow":["GET"]}}],"collection":[{"href":"https:\/\/serveiseducatius.xtec.cat\/montsia\/wp-json\/wp\/v2\/pages"}],"about":[{"href":"https:\/\/serveiseducatius.xtec.cat\/montsia\/wp-json\/wp\/v2\/types\/page"}],"author":[{"embeddable":true,"href":"https:\/\/serveiseducatius.xtec.cat\/montsia\/wp-json\/wp\/v2\/users\/1"}],"replies":[{"embeddable":true,"href":"https:\/\/serveiseducatius.xtec.cat\/montsia\/wp-json\/wp\/v2\/comments?post=12123"}],"version-history":[{"count":1,"href":"https:\/\/serveiseducatius.xtec.cat\/montsia\/wp-json\/wp\/v2\/pages\/12123\/revisions"}],"predecessor-version":[{"id":12125,"href":"https:\/\/serveiseducatius.xtec.cat\/montsia\/wp-json\/wp\/v2\/pages\/12123\/revisions\/12125"}],"up":[{"embeddable":true,"href":"https:\/\/serveiseducatius.xtec.cat\/montsia\/wp-json\/wp\/v2\/pages\/12016"}],"wp:attachment":[{"href":"https:\/\/serveiseducatius.xtec.cat\/montsia\/wp-json\/wp\/v2\/media?parent=12123"}],"curies":[{"name":"wp","href":"https:\/\/api.w.org\/{rel}","templated":true}]}}