{"id":12112,"date":"2021-02-17T09:56:09","date_gmt":"2021-02-17T08:56:09","guid":{"rendered":"http:\/\/serveiseducatius.xtec.cat\/montsia\/?page_id=12112"},"modified":"2021-02-17T09:56:09","modified_gmt":"2021-02-17T08:56:09","slug":"19-contes-gegants-collaboratius","status":"publish","type":"page","link":"https:\/\/serveiseducatius.xtec.cat\/montsia\/innovacio-2\/bones-practiques\/19-contes-gegants-collaboratius\/","title":{"rendered":"19. Contes gegants col\u00b7laboratius"},"content":{"rendered":"<p style=\"text-align: center;\"><img loading=\"lazy\" decoding=\"async\" class=\"alignnone  wp-image-12113\" src=\"https:\/\/serveiseducatius.xtec.cat\/montsia\/wp-content\/uploads\/usu1125\/2021\/02\/contes-gegants.png\" alt=\"\" width=\"442\" height=\"325\" srcset=\"https:\/\/serveiseducatius.xtec.cat\/montsia\/wp-content\/uploads\/usu1125\/2021\/02\/contes-gegants.png 537w, https:\/\/serveiseducatius.xtec.cat\/montsia\/wp-content\/uploads\/usu1125\/2021\/02\/contes-gegants-300x221.png 300w\" sizes=\"auto, (max-width: 442px) 100vw, 442px\" \/><\/p>\n<h3><span id=\"Dades_del_centre\">Dades del centre<\/span><\/h3>\n<p><strong>Nom del centre:<\/strong> Escola Joan Baptista Serra<br \/>\n<strong>Adre\u00e7a:<\/strong> Avda. Constituci\u00f3 s\/n<br \/>\n<strong>Codi postal:<\/strong> 43530<br \/>\n<strong>Localitat:\u00a0<\/strong>Alcanar<br \/>\n<strong>Tel\u00e8fon:\u00a0<\/strong>977730254<br \/>\n<strong>Adre\u00e7a electr\u00f2nica:<\/strong> e3000081@xtec.cat<br \/>\n<strong>Servei territorial:<\/strong>\u00a0Terres de l\u2019Ebre<\/p>\n<h3><span id=\"Breu_resum_de_l8217activitat\">Breu resum de l\u2019activitat<\/span><\/h3>\n<p>Amb motiu de la festivitat de Sant Jordi, tota l\u2019escola celebra uns Jocs Florals, en els quals cada nivell participa treballant un g\u00e8nere discursiu: la not\u00edcia, el cartell, la poesia, la descripci\u00f3, \u2026 Els alumnes d\u2019Educaci\u00f3 Infantil participen conjuntament en este esdeveniment elaborant un conte especial: un conte \u201cgegant\u201d on els alumnes de P5 s\u00f3n els escriptors, els alumnes de P4 s\u00f3n els il\u00b7lustradors i els alumnes de P3 s\u00f3n els decoradors.<\/p>\n<h3><span id=\"Ambits_d8217actuacio\">\u00c0mbits d\u2019actuaci\u00f3<\/span><\/h3>\n<p>Educaci\u00f3 Infantil<br \/>\nCentre<\/p>\n<h3><span id=\"AreesMateriesModuls\">\u00c0rees\/Mat\u00e8ries\/M\u00f2duls<\/span><\/h3>\n<p>Comunicaci\u00f3 i Llenguatges<\/p>\n<h3><span id=\"Capacitats_Competencies\">Capacitats \/ Compet\u00e8ncies<\/span><\/h3>\n<p>Comunicativa ling\u00fc\u00edstica i audiovisual, Art\u00edstica i cultural, Autonomia i compet\u00e8ncia personal<\/p>\n<h3><span id=\"Descripcio_de_la_bona_practica\">Descripci\u00f3 de la bona pr\u00e0ctica<\/span><\/h3>\n<p><strong>Curs acad\u00e8mic: <\/strong>2017-2018<\/p>\n<p><strong>Punt de partida:\u00a0<\/strong>curs 2010-2011<\/p>\n<p><strong>Objectius:<\/strong><\/p>\n<p>o Treballar el g\u00e8nere narratiu (el conte) a trav\u00e9s d\u2019un projecte<br \/>\no Aprendre a treballar col\u00b7laborativament<br \/>\no Participar en els Jocs Florals de l\u2019escola<\/p>\n<p><strong>Desenvolupament de l\u2019experi\u00e8ncia:<\/strong><\/p>\n<p>En els Jocs Florals que se celebren per Sant Jordi cada nivell educatiu treballa un g\u00e8nere discursiu.<br \/>\nEn les setmanes pr\u00e8vies a aquesta festivitat, l\u2019alumnat dels tres nivells d\u2019Educaci\u00f3 Infantil elaboren un conte conjuntament. L\u2019alumnat de P5 s\u00f3n els escriptors i s\u2019inventen la hist\u00f2ria, els de P4 s\u00f3n els il\u00b7lustradors i els de P3 s\u00f3n els decoradors.<br \/>\nEn l\u2019acte que se celebra al pati la diada de Sant Jordi, els alumnes d\u2019Ed. Infantil lligen i ensenyen als altres la seua creaci\u00f3. Els treballs s\u00f3n exposats paral\u00b7lelament al vest\u00edbul de l\u2019escola, on alumnes i fam\u00edlies els poden veure durant uns dies.<br \/>\nTamb\u00e9 es grava la narraci\u00f3 d\u2019estos contes i es publiquen a la p\u00e0gina web de l\u2019escola.<br \/>\n<a href=\"https:\/\/agora.xtec.cat\/ceip-jbserra-alcanar\/general\/els-contes-gegants-deducacio-infantil\/\">http:\/\/agora.xtec.cat\/ceip-jbserraalcanar\/general\/els-contes-gegants-deducacioinfantil\/<\/a><\/p>\n<p><strong>Temporitzaci\u00f3:\u00a0<\/strong>Durant el mes d&#8217;abril<\/p>\n<p><strong>Recursos humans i materials:\u00a0<\/strong><\/p>\n<p>o Mestres i T.E.I.<br \/>\no Material d\u2019escriptura, de dibuix i de pintura; material de reciclatge.<\/p>\n<p><strong>Valoracions i conclusions: <\/strong>Cada nivell fa la valoraci\u00f3 pertinent per tal de poder millorar aquells aspectes que no han anat del tot b\u00e9.<\/p>\n<p><strong>Documentaci\u00f3 complement\u00e0ria:\u00a0<\/strong><a href=\"https:\/\/drive.google.com\/file\/d\/1nMHwNNa50YxRYQsOnJuZbBBopSH4y5Zk\/view\">Adjuntem fitxa detallada de l&#8217;activitat<\/a><\/p>\n<h3><span id=\"Autoria_de_l8217experiencia\">Autoria de l\u2019experi\u00e8ncia<\/span><\/h3>\n<p><strong>Coordinaci\u00f3:\u00a0<\/strong>Equip Docent d&#8217;Educaci\u00f3 Infantil<br \/>\n<strong>Professorat implicat:\u00a0<\/strong>Mestres i TEI del cicle d&#8217;Educaci\u00f3 Infantil<\/p>\n","protected":false},"excerpt":{"rendered":"<p>Dades del centre Nom del centre: Escola Joan Baptista Serra Adre\u00e7a: Avda. Constituci\u00f3 s\/n Codi postal: 43530 Localitat:\u00a0Alcanar Tel\u00e8fon:\u00a0977730254 Adre\u00e7a [&hellip;]<\/p>\n","protected":false},"author":1,"featured_media":0,"parent":12016,"menu_order":19,"comment_status":"closed","ping_status":"closed","template":"page-templates\/side-menu.php","meta":{"_bbp_topic_count":0,"_bbp_reply_count":0,"_bbp_total_topic_count":0,"_bbp_total_reply_count":0,"_bbp_voice_count":0,"_bbp_anonymous_reply_count":0,"_bbp_topic_count_hidden":0,"_bbp_reply_count_hidden":0,"_bbp_forum_subforum_count":0,"site-sidebar-layout":"default","site-content-layout":"","ast-site-content-layout":"","site-content-style":"default","site-sidebar-style":"default","ast-global-header-display":"","ast-banner-title-visibility":"","ast-main-header-display":"","ast-hfb-above-header-display":"","ast-hfb-below-header-display":"","ast-hfb-mobile-header-display":"","site-post-title":"","ast-breadcrumbs-content":"","ast-featured-img":"","footer-sml-layout":"","theme-transparent-header-meta":"","adv-header-id-meta":"","stick-header-meta":"","header-above-stick-meta":"","header-main-stick-meta":"","header-below-stick-meta":"","astra-migrate-meta-layouts":"default","ast-page-background-enabled":"default","ast-page-background-meta":{"desktop":{"background-color":"var(--ast-global-color-4)","background-image":"","background-repeat":"repeat","background-position":"center center","background-size":"auto","background-attachment":"scroll","background-type":"","background-media":"","overlay-type":"","overlay-color":"","overlay-opacity":"","overlay-gradient":""},"tablet":{"background-color":"","background-image":"","background-repeat":"repeat","background-position":"center center","background-size":"auto","background-attachment":"scroll","background-type":"","background-media":"","overlay-type":"","overlay-color":"","overlay-opacity":"","overlay-gradient":""},"mobile":{"background-color":"","background-image":"","background-repeat":"repeat","background-position":"center center","background-size":"auto","background-attachment":"scroll","background-type":"","background-media":"","overlay-type":"","overlay-color":"","overlay-opacity":"","overlay-gradient":""}},"ast-content-background-meta":{"desktop":{"background-color":"var(--ast-global-color-5)","background-image":"","background-repeat":"repeat","background-position":"center center","background-size":"auto","background-attachment":"scroll","background-type":"","background-media":"","overlay-type":"","overlay-color":"","overlay-opacity":"","overlay-gradient":""},"tablet":{"background-color":"var(--ast-global-color-5)","background-image":"","background-repeat":"repeat","background-position":"center center","background-size":"auto","background-attachment":"scroll","background-type":"","background-media":"","overlay-type":"","overlay-color":"","overlay-opacity":"","overlay-gradient":""},"mobile":{"background-color":"var(--ast-global-color-5)","background-image":"","background-repeat":"repeat","background-position":"center center","background-size":"auto","background-attachment":"scroll","background-type":"","background-media":"","overlay-type":"","overlay-color":"","overlay-opacity":"","overlay-gradient":""}},"footnotes":""},"class_list":["post-12112","page","type-page","status-publish","hentry"],"post_mailing_queue_ids":[],"_links":{"self":[{"href":"https:\/\/serveiseducatius.xtec.cat\/montsia\/wp-json\/wp\/v2\/pages\/12112","targetHints":{"allow":["GET"]}}],"collection":[{"href":"https:\/\/serveiseducatius.xtec.cat\/montsia\/wp-json\/wp\/v2\/pages"}],"about":[{"href":"https:\/\/serveiseducatius.xtec.cat\/montsia\/wp-json\/wp\/v2\/types\/page"}],"author":[{"embeddable":true,"href":"https:\/\/serveiseducatius.xtec.cat\/montsia\/wp-json\/wp\/v2\/users\/1"}],"replies":[{"embeddable":true,"href":"https:\/\/serveiseducatius.xtec.cat\/montsia\/wp-json\/wp\/v2\/comments?post=12112"}],"version-history":[{"count":1,"href":"https:\/\/serveiseducatius.xtec.cat\/montsia\/wp-json\/wp\/v2\/pages\/12112\/revisions"}],"predecessor-version":[{"id":12122,"href":"https:\/\/serveiseducatius.xtec.cat\/montsia\/wp-json\/wp\/v2\/pages\/12112\/revisions\/12122"}],"up":[{"embeddable":true,"href":"https:\/\/serveiseducatius.xtec.cat\/montsia\/wp-json\/wp\/v2\/pages\/12016"}],"wp:attachment":[{"href":"https:\/\/serveiseducatius.xtec.cat\/montsia\/wp-json\/wp\/v2\/media?parent=12112"}],"curies":[{"name":"wp","href":"https:\/\/api.w.org\/{rel}","templated":true}]}}