{"id":12097,"date":"2021-02-16T17:05:01","date_gmt":"2021-02-16T16:05:01","guid":{"rendered":"http:\/\/serveiseducatius.xtec.cat\/montsia\/?page_id=12097"},"modified":"2021-02-22T13:57:22","modified_gmt":"2021-02-22T12:57:22","slug":"17-setmana-del-patrimoni","status":"publish","type":"page","link":"https:\/\/serveiseducatius.xtec.cat\/montsia\/innovacio-2\/bones-practiques\/17-setmana-del-patrimoni\/","title":{"rendered":"17. Setmana del patrimoni"},"content":{"rendered":"<p style=\"text-align: center;\"><img loading=\"lazy\" decoding=\"async\" class=\"alignnone wp-image-12098\" src=\"https:\/\/serveiseducatius.xtec.cat\/montsia\/wp-content\/uploads\/usu1125\/2021\/02\/setmana-del-patrimoni.png\" alt=\"\" width=\"444\" height=\"296\" srcset=\"https:\/\/serveiseducatius.xtec.cat\/montsia\/wp-content\/uploads\/usu1125\/2021\/02\/setmana-del-patrimoni.png 563w, https:\/\/serveiseducatius.xtec.cat\/montsia\/wp-content\/uploads\/usu1125\/2021\/02\/setmana-del-patrimoni-300x200.png 300w\" sizes=\"auto, (max-width: 444px) 100vw, 444px\" \/><\/p>\n<h3><span id=\"Dades_del_centre\">Dades del centre<\/span><\/h3>\n<p><strong>Nom del centre:<\/strong> Escola Joan Baptista Serra<br \/>\n<strong>Adre\u00e7a:<\/strong> Avda. Constituci\u00f3 s\/n<br \/>\n<strong>Codi postal:<\/strong> 43530<br \/>\n<strong>Localitat:\u00a0<\/strong>Alcanar<br \/>\n<strong>Tel\u00e8fon:\u00a0<\/strong>977730254<br \/>\n<strong>Adre\u00e7a electr\u00f2nica:<\/strong> e3000081@xtec.cat<br \/>\n<strong>Servei territorial:<\/strong>\u00a0Terres de l\u2019Ebre<\/p>\n<h3><span id=\"Breu_resum_de_l8217activitat\">Breu resum de l\u2019activitat<\/span><\/h3>\n<p>Durant la Setmana de Sant Jordi cada nivell educatiu treballa un aspecte cultural del poble. Des de Jocs tradicionals a l\u2019escola fins a visites a diferents llocs del municipi: Biblioteca, Ajuntament, Cisterna del Vall, Pla\u00e7a i Carrer Major, Instal\u00b7lacions esportives, Esgl\u00e9sia, Cases Senyorials, Mercat Municipal, Les fortificacions i S\u00f2l-de-Riu a les Cases d\u2019Alcanar i Poblat Ib\u00e8ric.<br \/>\nLes activitats es preparen pr\u00e8viament (dossier) i tamb\u00e9 es treballen despr\u00e9s de l\u2019activitat.<\/p>\n<h3><span id=\"Ambits_d8217actuacio\">\u00c0mbits d\u2019actuaci\u00f3<\/span><\/h3>\n<p>Centre\/Entorn<br \/>\nEducaci\u00f3 Infantil\/Educaci\u00f3 Prim\u00e0ria<br \/>\nCurr\u00edculum\/Gesti\u00f3 i organitzaci\u00f3<\/p>\n<h3><span id=\"AreesMateriesModuls\">\u00c0rees\/Mat\u00e8ries\/M\u00f2duls<\/span><\/h3>\n<p>Descoberta de l\u2019Entorn<br \/>\nConeixement del Medi Social i Cultural<\/p>\n<h3><span id=\"Capacitats_Competencies\">Capacitats \/ Compet\u00e8ncies<\/span><\/h3>\n<p>Matem\u00e0tica, Aprendre a aprendre, Comunicativa ling\u00fc\u00edstica i audiovisual, Social i ciutadana, Art\u00edstica i cultural, Tractament de la informaci\u00f3 i compet\u00e8ncia digital. Autonomia i compet\u00e8ncia personal, Coneixement i interacci\u00f3 amb el m\u00f3n f\u00edsic.<\/p>\n<h3><span id=\"Descripcio_de_la_bona_practica\">Descripci\u00f3 de la bona pr\u00e0ctica<\/span><\/h3>\n<p><strong>Curs acad\u00e8mic:<\/strong> 2015-2016<\/p>\n<p><strong>Punt de partida: <\/strong>2011-2012<\/p>\n<p><strong>Objectius:<\/strong><\/p>\n<p>Que els xiquets i xiquetes de l\u2019escola coneguin el patrimoni cultural del municipi.<\/p>\n<p><strong>Desenvolupament de l\u2019experi\u00e8ncia: <\/strong>La Setmana de Sant Jordi cada nivell educatiu treballa un aspecte cultural del poble.<br \/>\nDurant un mat\u00ed d\u2019aquesta setmana cada nivell fa una sortida a algun indret del poble per tal de con\u00e8ixer millor la seua hist\u00f2ria i funci\u00f3.<br \/>\nLes activitats es preparen pr\u00e8viament (dossier) i tamb\u00e9 despr\u00e9s de l\u2019activitat.<br \/>\n\u00c9s una activitat on participa el PEE.<\/p>\n<p><strong>Temporitzaci\u00f3:\u00a0<\/strong>Setmana de Sant Jordi, al mes d\u2019abril.<\/p>\n<p><strong>Recursos humans i materials:\u00a0<\/strong>Mestres i personal de l\u2019Administraci\u00f3 (Ajuntament i Consell Comarcal).<\/p>\n<p><strong>Valoracions i conclusions:\u00a0<\/strong>Cada curs es realitza la valoraci\u00f3 pertinent per tal de poder millorar aquells aspectes que no han anat del tot b\u00e9.<br \/>\nLa valoraci\u00f3 global que en fa el professorat \u00e9s molt satisfact\u00f2ria, sent que els objectius curriculars van acompanyats d\u2019una bona motivaci\u00f3 per part de l\u2019alumnat participant.<\/p>\n<p><strong>Documentaci\u00f3 complement\u00e0ria:\u00a0<\/strong>Adjuntem graella de programaci\u00f3.<\/p>\n<p><img loading=\"lazy\" decoding=\"async\" class=\"wp-image-12103 aligncenter\" src=\"https:\/\/serveiseducatius.xtec.cat\/montsia\/wp-content\/uploads\/usu1125\/2021\/02\/graella-setmana-del-patrimoni.png\" alt=\"\" width=\"898\" height=\"458\" srcset=\"https:\/\/serveiseducatius.xtec.cat\/montsia\/wp-content\/uploads\/usu1125\/2021\/02\/graella-setmana-del-patrimoni.png 982w, https:\/\/serveiseducatius.xtec.cat\/montsia\/wp-content\/uploads\/usu1125\/2021\/02\/graella-setmana-del-patrimoni-300x153.png 300w, https:\/\/serveiseducatius.xtec.cat\/montsia\/wp-content\/uploads\/usu1125\/2021\/02\/graella-setmana-del-patrimoni-768x392.png 768w\" sizes=\"auto, (max-width: 898px) 100vw, 898px\" \/><\/p>\n<h3><span id=\"Autoria_de_l8217experiencia\">Autoria de l\u2019experi\u00e8ncia<\/span><\/h3>\n<p><strong>Coordinaci\u00f3:\u00a0<\/strong>Equip Directiu, Regidoria d\u2019Ensenyament.<br \/>\n<strong>Professorat implicat:\u00a0<\/strong>Tots el claustre de professors<\/p>\n<p>&nbsp;<\/p>\n","protected":false},"excerpt":{"rendered":"<p>Dades del centre Nom del centre: Escola Joan Baptista Serra Adre\u00e7a: Avda. Constituci\u00f3 s\/n Codi postal: 43530 Localitat:\u00a0Alcanar Tel\u00e8fon:\u00a0977730254 Adre\u00e7a [&hellip;]<\/p>\n","protected":false},"author":1,"featured_media":0,"parent":12016,"menu_order":17,"comment_status":"closed","ping_status":"closed","template":"page-templates\/side-menu.php","meta":{"_bbp_topic_count":0,"_bbp_reply_count":0,"_bbp_total_topic_count":0,"_bbp_total_reply_count":0,"_bbp_voice_count":0,"_bbp_anonymous_reply_count":0,"_bbp_topic_count_hidden":0,"_bbp_reply_count_hidden":0,"_bbp_forum_subforum_count":0,"site-sidebar-layout":"default","site-content-layout":"","ast-site-content-layout":"","site-content-style":"default","site-sidebar-style":"default","ast-global-header-display":"","ast-banner-title-visibility":"","ast-main-header-display":"","ast-hfb-above-header-display":"","ast-hfb-below-header-display":"","ast-hfb-mobile-header-display":"","site-post-title":"","ast-breadcrumbs-content":"","ast-featured-img":"","footer-sml-layout":"","theme-transparent-header-meta":"","adv-header-id-meta":"","stick-header-meta":"","header-above-stick-meta":"","header-main-stick-meta":"","header-below-stick-meta":"","astra-migrate-meta-layouts":"default","ast-page-background-enabled":"default","ast-page-background-meta":{"desktop":{"background-color":"var(--ast-global-color-4)","background-image":"","background-repeat":"repeat","background-position":"center center","background-size":"auto","background-attachment":"scroll","background-type":"","background-media":"","overlay-type":"","overlay-color":"","overlay-opacity":"","overlay-gradient":""},"tablet":{"background-color":"","background-image":"","background-repeat":"repeat","background-position":"center center","background-size":"auto","background-attachment":"scroll","background-type":"","background-media":"","overlay-type":"","overlay-color":"","overlay-opacity":"","overlay-gradient":""},"mobile":{"background-color":"","background-image":"","background-repeat":"repeat","background-position":"center center","background-size":"auto","background-attachment":"scroll","background-type":"","background-media":"","overlay-type":"","overlay-color":"","overlay-opacity":"","overlay-gradient":""}},"ast-content-background-meta":{"desktop":{"background-color":"var(--ast-global-color-5)","background-image":"","background-repeat":"repeat","background-position":"center center","background-size":"auto","background-attachment":"scroll","background-type":"","background-media":"","overlay-type":"","overlay-color":"","overlay-opacity":"","overlay-gradient":""},"tablet":{"background-color":"var(--ast-global-color-5)","background-image":"","background-repeat":"repeat","background-position":"center center","background-size":"auto","background-attachment":"scroll","background-type":"","background-media":"","overlay-type":"","overlay-color":"","overlay-opacity":"","overlay-gradient":""},"mobile":{"background-color":"var(--ast-global-color-5)","background-image":"","background-repeat":"repeat","background-position":"center center","background-size":"auto","background-attachment":"scroll","background-type":"","background-media":"","overlay-type":"","overlay-color":"","overlay-opacity":"","overlay-gradient":""}},"footnotes":""},"class_list":["post-12097","page","type-page","status-publish","hentry"],"post_mailing_queue_ids":[],"_links":{"self":[{"href":"https:\/\/serveiseducatius.xtec.cat\/montsia\/wp-json\/wp\/v2\/pages\/12097","targetHints":{"allow":["GET"]}}],"collection":[{"href":"https:\/\/serveiseducatius.xtec.cat\/montsia\/wp-json\/wp\/v2\/pages"}],"about":[{"href":"https:\/\/serveiseducatius.xtec.cat\/montsia\/wp-json\/wp\/v2\/types\/page"}],"author":[{"embeddable":true,"href":"https:\/\/serveiseducatius.xtec.cat\/montsia\/wp-json\/wp\/v2\/users\/1"}],"replies":[{"embeddable":true,"href":"https:\/\/serveiseducatius.xtec.cat\/montsia\/wp-json\/wp\/v2\/comments?post=12097"}],"version-history":[{"count":3,"href":"https:\/\/serveiseducatius.xtec.cat\/montsia\/wp-json\/wp\/v2\/pages\/12097\/revisions"}],"predecessor-version":[{"id":12196,"href":"https:\/\/serveiseducatius.xtec.cat\/montsia\/wp-json\/wp\/v2\/pages\/12097\/revisions\/12196"}],"up":[{"embeddable":true,"href":"https:\/\/serveiseducatius.xtec.cat\/montsia\/wp-json\/wp\/v2\/pages\/12016"}],"wp:attachment":[{"href":"https:\/\/serveiseducatius.xtec.cat\/montsia\/wp-json\/wp\/v2\/media?parent=12097"}],"curies":[{"name":"wp","href":"https:\/\/api.w.org\/{rel}","templated":true}]}}