{"id":12094,"date":"2021-02-16T16:13:26","date_gmt":"2021-02-16T15:13:26","guid":{"rendered":"http:\/\/serveiseducatius.xtec.cat\/montsia\/?page_id=12094"},"modified":"2021-02-22T13:53:16","modified_gmt":"2021-02-22T12:53:16","slug":"16-treball-amb-alumnes-tea","status":"publish","type":"page","link":"https:\/\/serveiseducatius.xtec.cat\/montsia\/innovacio-2\/bones-practiques\/16-treball-amb-alumnes-tea\/","title":{"rendered":"16. Treball amb alumnes TEA"},"content":{"rendered":"<p style=\"text-align: center;\"><img loading=\"lazy\" decoding=\"async\" class=\"alignnone wp-image-12095\" src=\"https:\/\/serveiseducatius.xtec.cat\/montsia\/wp-content\/uploads\/usu1125\/2021\/02\/treballem-amb-alumnes-TEA.png\" alt=\"\" width=\"472\" height=\"299\" srcset=\"https:\/\/serveiseducatius.xtec.cat\/montsia\/wp-content\/uploads\/usu1125\/2021\/02\/treballem-amb-alumnes-TEA.png 539w, https:\/\/serveiseducatius.xtec.cat\/montsia\/wp-content\/uploads\/usu1125\/2021\/02\/treballem-amb-alumnes-TEA-300x190.png 300w\" sizes=\"auto, (max-width: 472px) 100vw, 472px\" \/><\/p>\n<h3><span id=\"Dades_del_centre\">Dades del centre<\/span><\/h3>\n<p><strong>Nom del centre:<\/strong> Joan Baptista Serra<br \/>\n<strong>Adre\u00e7a:<\/strong> Avda. Constituci\u00f3 s\/n<br \/>\n<strong>Codi postal:<\/strong> 43530<br \/>\n<strong>Localitat:\u00a0<\/strong>Alcanar<br \/>\n<strong>Tel\u00e8fon:\u00a0<\/strong>977730250<br \/>\n<strong>Adre\u00e7a electr\u00f2nica:<\/strong> e3000081@xtec.cat<br \/>\n<strong>Servei territorial:<\/strong>\u00a0Terres de l\u2019Ebre<\/p>\n<h3><span id=\"Breu_resum_de_l8217activitat\">Breu resum de l\u2019activitat<\/span><\/h3>\n<p>Davant el cas d&#8217;un alumne TEA va sorgir la necessitat d&#8217;utilitzar algun m\u00e8tode que facilit\u00e9s l&#8217;aprenentatge d&#8217;est xiquet adapatant l&#8217;\u00e0mbient planificant activitats adequades a l&#8217;alumne.<\/p>\n<h3><span id=\"Ambits_d8217actuacio\">\u00c0mbits d\u2019actuaci\u00f3<\/span><\/h3>\n<p>USEE<br \/>\n3r del segon cicle d&#8217;Educaci\u00f3 Infantil<br \/>\nCurr\u00edculum\/Gesti\u00f3 i organitzaci\u00f3<\/p>\n<h3><span id=\"Capacitats_Competencies\">Capacitats \/ Compet\u00e8ncies<\/span><\/h3>\n<p>&#8211; Descoberta d\u2019un mateix i dels altres<br \/>\n&#8211; Descoberta de l\u2019entorn<br \/>\n&#8211; \u00c0rea de comunicaci\u00f3 i llenguatges<\/p>\n<h3><span id=\"Descripcio_de_la_bona_practica\">Descripci\u00f3 de la bona pr\u00e0ctica<\/span><\/h3>\n<p><strong>Curs acad\u00e8mic:\u00a0<\/strong>2013-2014<\/p>\n<p><strong>Punt de partida:\u00a0<\/strong>Al centre Joan Baptista Serra d&#8217;Alcanar disposem de la Unitat de Suport a l&#8217;Educaci\u00f3 Especial. Des del curs 2007 atenem diverses tipologies d&#8217;alumnes com s\u00f3n els que presenten trastorns de l&#8217;espectre autista, d\u00e8ficits intel\u00b7lectuals lleugers i mitjans i tamb\u00e9 alumnes amb d\u00e8ficit cognitiu associat a una situaci\u00f3 social desafavorida.<br \/>\nAl setembre, abans de comen\u00e7ar les classes, la tutora de l&#8217;aula ordin\u00e0ria i la tutora de la USEE, ens vam reunir per fer un pla individualitzat per a l&#8217;alumne tot tenint en compte les dificultats d\u2019aprenentatge que presentava. Ens vam va plantejar un treball molt manipulatiu que foment\u00e9s l\u2019autonomia de treball de l&#8217;alumne. A m\u00e9s a m\u00e9s, vam acordar que el material que s\u2019utilitz\u00e9s a la USEE tamb\u00e9 s&#8217;utilitzaria a la classe ordin\u00e0ria per tal que tot l&#8217;alumnat es familiaritz\u00e9s amb el material nou.<\/p>\n<p><strong>Objectius:<\/strong><\/p>\n<ul>\n<li>Aconseguir fomentar l\u2019autonomia personal i els h\u00e0bits de treball<\/li>\n<li>Potenciar la socialitzaci\u00f3 en el grup classe<\/li>\n<\/ul>\n<p><strong>Desenvolupament de l\u2019experi\u00e8ncia:\u00a0<\/strong><\/p>\n<p>El referent te\u00f2ric de l&#8217;experi\u00e8ncia (Metodologia Teach) sorgeix a la Universitat de Carolina del Nord als anys 70 amb la prioritat d&#8217;oferir serveis a les persones TEA, al seu entorn i generar coneixements. Est m\u00e8tode utilitza t\u00e8cniques educatives com:<br \/>\n\uf06c Informaci\u00f3 visual<br \/>\n\uf06c Organitzaci\u00f3 de l&#8217;espai<br \/>\n\uf06c Concepte d&#8217;acabat<br \/>\n\uf06c Rutines flexibles<br \/>\n\uf06c Individualitzaci\u00f3<\/p>\n<p>Abans de centrar-nos en la narraci\u00f3 de l&#8217;experi\u00e8ncia expliquem una mica com \u00e9s l&#8217;alumne. El subjecte presenta les seg\u00fcents caracter\u00edstiques:<br \/>\n\uf06c No t\u00e9 cap tipus de llenguatge comunicatiu<br \/>\n\uf06c Dificultats en la interacci\u00f3 amb els iguals<br \/>\n\uf06c Inquietud<br \/>\n\uf06c Dificultat en l&#8217;autoregulaci\u00f3 de la conducta<\/p>\n<p>La sessi\u00f3 de treball que expliquem consta de dos parts. Per una banda, l&#8217;estimulaci\u00f3 cognitiva i per l&#8217;altra part l&#8217;estimulaci\u00f3 multisensorial.<br \/>\nEstimulaci\u00f3 cognitiva:<br \/>\n\uf06c Comencem mostrant a l&#8217;alumne l&#8217;agenda visual per anticipar-li les activitats que realitzar\u00e0.<br \/>\n\uf06c Anem al rac\u00f3 de treball on troba les caixes amb el material necessari<br \/>\n\uf06c Una vegada realitzat l&#8217;activitat encomanada, la deixa a la caixa de feines acabades. I aix\u00ed successivament fins que acaba totes les feines encarregades.<br \/>\nLa segona part de la sessi\u00f3 de treball se centra en l&#8217;estimulaci\u00f3 multisensorial, d&#8217;esta manera podem accedir als diferents sentits i aix\u00ed afavorir l&#8217;aprenentatge i facilitar la relaxaci\u00f3 de l&#8217;alumne.<br \/>\nEl material utilitzat \u00e9s el seg\u00fcent:<br \/>\n\uf06c Una bola de llums de colors que gira i es reflecteix per tota l&#8217;aula per poder treballar aix\u00ed el sentit de la vista i l&#8217;atenci\u00f3.<br \/>\n\uf06c Cremes amb diversos olors per estimular l&#8217;olfacte amb les quals sempre se li aplica una mica de massatge.<br \/>\n\uf06c Material amb diverses textures per poder treballar el tacte: llana, velcro, vellut, una caixa plena de boles petites de suro, boles humides, farina amb aigua&#8230;. se li fan anar tocant tots els materials per a que experimenti les diferents textures de qu\u00e8 disposem. En el moment que el xiquet toca les boles humides\u00a0 expressava el seu rebuig amb \u00e0nsies.<br \/>\n\uf06c Una pilota bobath per col\u00b7locar al nen sobre ella i treballar la confian\u00e7a amb l&#8217;adult.<br \/>\nTotes estes activitats estaven sempre acompanyades de m\u00fasica relaxant per afavorir la realitzaci\u00f3 de les activitats.<\/p>\n<p><strong>Temporitzaci\u00f3:\u00a0<\/strong>Tot un curs acad\u00e8mic<\/p>\n<p><strong>Valoracions i conclusions:\u00a0<\/strong>Esta experi\u00e8ncia va fer reflexionar els professionals implicats en l&#8217;experi\u00e8ncia sobre la import\u00e0ncia de l&#8217;adequaci\u00f3 de l&#8217;entorn i sobre la diversitat de materials que ens poden ajudar a l\u2019acc\u00e9s dels aprenentatges dels nostres alumnes.<br \/>\nLa metodologia multisensorial facilitava els petits moments d\u2019atenci\u00f3 sostinguda, necess\u00e0ria d\u2019altra banda per a fixar els aprenentatges per part de l\u2019alumnat amb greus dificultats cognitives.<br \/>\n.A m\u00e9s a m\u00e9s, tamb\u00e9 va tindre de positiu que aquest material es va utilitzar a dins de l&#8217;aula ordin\u00e0ria com una rutina de treball, sempre amb el suport d&#8217;un professional. D&#8217;esta manera afavor\u00edem la inclusi\u00f3 de l&#8217;alumne a l&#8217;aula ordin\u00e0ria, ja que la resta de xiquets podien compartir el treball que realitzava.<\/p>\n<h3><span id=\"Autoria_de_l8217experiencia\">Autoria de l\u2019experi\u00e8ncia<\/span><\/h3>\n<p><strong>Coordinaci\u00f3:\u00a0<\/strong>Ana Mochol\u00ed Lladosa<br \/>\n<strong>Professorat implicat:\u00a0<\/strong>Auxiliar d&#8217;educaci\u00f3 especial : Nuri Fabregat<br \/>\nTutora de l&#8217;aula ordin\u00e0ria : Aure Ballesteros<\/p>\n","protected":false},"excerpt":{"rendered":"<p>Dades del centre Nom del centre: Joan Baptista Serra Adre\u00e7a: Avda. Constituci\u00f3 s\/n Codi postal: 43530 Localitat:\u00a0Alcanar Tel\u00e8fon:\u00a0977730250 Adre\u00e7a electr\u00f2nica: [&hellip;]<\/p>\n","protected":false},"author":1,"featured_media":0,"parent":12016,"menu_order":16,"comment_status":"closed","ping_status":"closed","template":"page-templates\/side-menu.php","meta":{"_bbp_topic_count":0,"_bbp_reply_count":0,"_bbp_total_topic_count":0,"_bbp_total_reply_count":0,"_bbp_voice_count":0,"_bbp_anonymous_reply_count":0,"_bbp_topic_count_hidden":0,"_bbp_reply_count_hidden":0,"_bbp_forum_subforum_count":0,"site-sidebar-layout":"default","site-content-layout":"","ast-site-content-layout":"","site-content-style":"default","site-sidebar-style":"default","ast-global-header-display":"","ast-banner-title-visibility":"","ast-main-header-display":"","ast-hfb-above-header-display":"","ast-hfb-below-header-display":"","ast-hfb-mobile-header-display":"","site-post-title":"","ast-breadcrumbs-content":"","ast-featured-img":"","footer-sml-layout":"","theme-transparent-header-meta":"","adv-header-id-meta":"","stick-header-meta":"","header-above-stick-meta":"","header-main-stick-meta":"","header-below-stick-meta":"","astra-migrate-meta-layouts":"default","ast-page-background-enabled":"default","ast-page-background-meta":{"desktop":{"background-color":"var(--ast-global-color-4)","background-image":"","background-repeat":"repeat","background-position":"center center","background-size":"auto","background-attachment":"scroll","background-type":"","background-media":"","overlay-type":"","overlay-color":"","overlay-opacity":"","overlay-gradient":""},"tablet":{"background-color":"","background-image":"","background-repeat":"repeat","background-position":"center center","background-size":"auto","background-attachment":"scroll","background-type":"","background-media":"","overlay-type":"","overlay-color":"","overlay-opacity":"","overlay-gradient":""},"mobile":{"background-color":"","background-image":"","background-repeat":"repeat","background-position":"center center","background-size":"auto","background-attachment":"scroll","background-type":"","background-media":"","overlay-type":"","overlay-color":"","overlay-opacity":"","overlay-gradient":""}},"ast-content-background-meta":{"desktop":{"background-color":"var(--ast-global-color-5)","background-image":"","background-repeat":"repeat","background-position":"center center","background-size":"auto","background-attachment":"scroll","background-type":"","background-media":"","overlay-type":"","overlay-color":"","overlay-opacity":"","overlay-gradient":""},"tablet":{"background-color":"var(--ast-global-color-5)","background-image":"","background-repeat":"repeat","background-position":"center center","background-size":"auto","background-attachment":"scroll","background-type":"","background-media":"","overlay-type":"","overlay-color":"","overlay-opacity":"","overlay-gradient":""},"mobile":{"background-color":"var(--ast-global-color-5)","background-image":"","background-repeat":"repeat","background-position":"center center","background-size":"auto","background-attachment":"scroll","background-type":"","background-media":"","overlay-type":"","overlay-color":"","overlay-opacity":"","overlay-gradient":""}},"footnotes":""},"class_list":["post-12094","page","type-page","status-publish","hentry"],"post_mailing_queue_ids":[],"_links":{"self":[{"href":"https:\/\/serveiseducatius.xtec.cat\/montsia\/wp-json\/wp\/v2\/pages\/12094","targetHints":{"allow":["GET"]}}],"collection":[{"href":"https:\/\/serveiseducatius.xtec.cat\/montsia\/wp-json\/wp\/v2\/pages"}],"about":[{"href":"https:\/\/serveiseducatius.xtec.cat\/montsia\/wp-json\/wp\/v2\/types\/page"}],"author":[{"embeddable":true,"href":"https:\/\/serveiseducatius.xtec.cat\/montsia\/wp-json\/wp\/v2\/users\/1"}],"replies":[{"embeddable":true,"href":"https:\/\/serveiseducatius.xtec.cat\/montsia\/wp-json\/wp\/v2\/comments?post=12094"}],"version-history":[{"count":2,"href":"https:\/\/serveiseducatius.xtec.cat\/montsia\/wp-json\/wp\/v2\/pages\/12094\/revisions"}],"predecessor-version":[{"id":12195,"href":"https:\/\/serveiseducatius.xtec.cat\/montsia\/wp-json\/wp\/v2\/pages\/12094\/revisions\/12195"}],"up":[{"embeddable":true,"href":"https:\/\/serveiseducatius.xtec.cat\/montsia\/wp-json\/wp\/v2\/pages\/12016"}],"wp:attachment":[{"href":"https:\/\/serveiseducatius.xtec.cat\/montsia\/wp-json\/wp\/v2\/media?parent=12094"}],"curies":[{"name":"wp","href":"https:\/\/api.w.org\/{rel}","templated":true}]}}