{"id":12079,"date":"2021-02-16T13:01:07","date_gmt":"2021-02-16T12:01:07","guid":{"rendered":"http:\/\/serveiseducatius.xtec.cat\/montsia\/?page_id=12079"},"modified":"2021-02-16T13:02:08","modified_gmt":"2021-02-16T12:02:08","slug":"13-dracs-en-familia","status":"publish","type":"page","link":"https:\/\/serveiseducatius.xtec.cat\/montsia\/innovacio-2\/bones-practiques\/13-dracs-en-familia\/","title":{"rendered":"13. Dracs en fam\u00edlia"},"content":{"rendered":"<p style=\"text-align: center;\"><img loading=\"lazy\" decoding=\"async\" class=\"alignnone wp-image-12081\" src=\"https:\/\/serveiseducatius.xtec.cat\/montsia\/wp-content\/uploads\/usu1125\/2021\/02\/dracs-en-familia.png\" alt=\"\" width=\"440\" height=\"349\" srcset=\"https:\/\/serveiseducatius.xtec.cat\/montsia\/wp-content\/uploads\/usu1125\/2021\/02\/dracs-en-familia.png 554w, https:\/\/serveiseducatius.xtec.cat\/montsia\/wp-content\/uploads\/usu1125\/2021\/02\/dracs-en-familia-300x238.png 300w\" sizes=\"auto, (max-width: 440px) 100vw, 440px\" \/><\/p>\n<h3><span id=\"Dades_del_centre\">Dades del centre<\/span><\/h3>\n<p><strong>Nom del centre:<\/strong> Escola Mestre Agust\u00ed Barber\u00e0<br \/>\n<strong>Adre\u00e7a:<\/strong> C\/ Madrid, 51-55<br \/>\n<strong>Codi postal:<\/strong> 43870<br \/>\n<strong>Localitat:\u00a0<\/strong>Amposta<br \/>\n<strong>Tel\u00e8fon:\u00a0<\/strong>977 70 11 37<br \/>\n<strong>Adre\u00e7a electr\u00f2nica:<\/strong> e3005224@xtec.cat<br \/>\n<strong>Servei territorial:<\/strong>\u00a0Terres de l\u2019Ebre<\/p>\n<h3><span id=\"Breu_resum_de_l8217activitat\">Breu resum de l\u2019activitat<\/span><\/h3>\n<p>Fam\u00edlies i alumnat confeccionen dracs amb material de rebuig durant la setmana de Sant Jordi.<\/p>\n<h3><span id=\"Ambits_d8217actuacio\">\u00c0mbits d\u2019actuaci\u00f3<\/span><\/h3>\n<p>Casa, centre i espai d&#8217;exposici\u00f3 a la Fira de Sant Jordi d&#8217;Amposta, ubicada a la zona del castell.<br \/>\nEducaci\u00f3 Infantil i Educaci\u00f3 Prim\u00e0ria<br \/>\nCurr\u00edculum<\/p>\n<h3><span id=\"AreesMateriesModuls\">\u00c0rees\/Mat\u00e8ries\/M\u00f2duls<\/span><\/h3>\n<p>Llengua Catalana<br \/>\nEducaci\u00f3 Art\u00edstica<\/p>\n<h3><span id=\"Capacitats_Competencies\">Capacitats \/ Compet\u00e8ncies<\/span><\/h3>\n<ul>\n<li>Comunicativa ling\u00fc\u00edstica i audiovisual.<\/li>\n<li>Compet\u00e8ncia art\u00edstica i cultural.<\/li>\n<li>Tractament de la informaci\u00f3 i compet\u00e8ncia digital.<\/li>\n<li>Compet\u00e8ncia d&#8217;aprendre a aprendre.<\/li>\n<li>Compet\u00e8ncia d&#8217;autonomia i iniciativa personal.<\/li>\n<li>Compet\u00e8ncia en el coneixement i la interacci\u00f3 amb el m\u00f3n f\u00edsic.<\/li>\n<li>Compet\u00e8ncia social i ciutadana.<\/li>\n<\/ul>\n<h3><span id=\"Descripcio_de_la_bona_practica\">Descripci\u00f3 de la bona pr\u00e0ctica<\/span><\/h3>\n<p><strong>Curs acad\u00e8mic:\u00a0<\/strong>2011-2012<\/p>\n<p><strong>Punt de partida:\u00a0<\/strong>Cohesi\u00f3 fam\u00edlia-escola per la festivitat de Sant Jordi.<\/p>\n<p><strong>Objectius:<\/strong><\/p>\n<ul>\n<li>Potenciar la relaci\u00f3 fam\u00edlia-escola.<\/li>\n<li>Conscienciar en la reutilitzaci\u00f3 de materials diversos de rebuig.<\/li>\n<li>Afavorir la relaci\u00f3\/comunicaci\u00f3 fam\u00edlies.<\/li>\n<li>Donar a con\u00e8ixer l&#8217;activitat a l&#8217;entorn m\u00e9s proper.<\/li>\n<li>Fomentar la creativitat.<\/li>\n<\/ul>\n<p><strong>Desenvolupament de l\u2019experi\u00e8ncia:<\/strong><\/p>\n<p>Es reparteix una circular a les fam\u00edlies un mes abans de la celebraci\u00f3 de la festivitat de Sant Jordi perqu\u00e8 tinguin temps de poder elaborar els dracs els nens i nenes, juntament amb les fam\u00edlies. Es realitzen fotos del proc\u00e9s de treball.<br \/>\nUn cop acabats es porten a l&#8217;escola i s&#8217;exposen al vest\u00edbul del centre durant una setmana, llavors es fa un dia de portes obertes a les fam\u00edlies perqu\u00e8 puguin observar el conjunt de treballs realitzats per les fam\u00edlies des de P3 d&#8217;Educaci\u00f3 Infantil fins a 6\u00e8 de Prim\u00e0ria.<br \/>\nParal\u00b7lelament, el dia de Sant Jordi s&#8217;agafen alguns dracs de l&#8217;exposici\u00f3 de l&#8217;escola i s&#8217;exposen a una parada a la zona del castell d&#8217;Amposta, en motiu de la celebraci\u00f3 a nivell municipal de la festa de Sant Jordi.<\/p>\n<p class=\"Standard\"><strong>Treball competencial:\u00a0<\/strong>Amb aquest tipus d&#8217;activitat hem volgut involucrar a tota l&#8217;escola juntament amb les seves fam\u00edlies, fent \u00fas de tot un seguit de compet\u00e8ncies: ling\u00fc\u00edstica, art\u00edstica, digital, social, \u2026<\/p>\n<p><strong>Temporitzaci\u00f3:\u00a0<\/strong>Setmana de Sant Jordi (23 d&#8217;abril)<\/p>\n<p><strong>Recursos humans i materials:\u00a0<\/strong><\/p>\n<p>\u2013 Fam\u00edlies.<br \/>\n\u2013 Material de rebuig.<br \/>\n\u2013 Fotografies<br \/>\n\u2013 Circular.<\/p>\n<p><strong>Valoracions i conclusions:\u00a0<\/strong>Activitat for\u00e7a motivadora i interessant en la qu\u00e8 participen les fam\u00edlies i es valora la imaginaci\u00f3.<\/p>\n<p><strong>Aspectes innovadors:<\/strong><\/p>\n<p>La diversitat de la metodologia emprada per a la realitzaci\u00f3 dels dracs.<\/p>\n<p><strong>Efici\u00e8ncia:\u00a0<\/strong>Millorar la cohesi\u00f3 social.<\/p>\n<p><strong>Criteris d\u2019avaluaci\u00f3:<\/strong><\/p>\n<p>Es valora:<br \/>\n\u2013 La qualitat de l&#8217;execuci\u00f3, mitjan\u00e7ant un informe valoratiu de la comissi\u00f3 d&#8217;imatge del centre.<br \/>\n\u2013 El grau d&#8217;impacte amb el percentatge de fam\u00edlies participants.<\/p>\n<h3><span id=\"Autoria_de_l8217experiencia\">Autoria de l\u2019experi\u00e8ncia<\/span><\/h3>\n<p><strong>Coordinaci\u00f3:\u00a0<\/strong>Comissi\u00f3 d&#8217;Imatge<br \/>\n<strong>Professorat implicat:\u00a0<\/strong>Tutores d&#8217;Educaci\u00f3 Infanti i Prim\u00e0ria. Professorat d&#8217;Educaci\u00f3 Art\u00edstica.<\/p>\n<h3><span id=\"Contacte\">Contacte<\/span><\/h3>\n<p><strong>Nom i cognoms:<\/strong> Rosa Maria Sol\u00e9 Pons (Directora)<br \/>\n<strong>Tel\u00e8fon:<\/strong> 977701137<\/p>\n<h3><span id=\"Resum_per_accedir_a_la_fitxa\">Resum per accedir a la fitxa<\/span><\/h3>\n<p><strong>T\u00edtol:<\/strong> Dracs en fam\u00edlia<br \/>\n<strong>Centre:<\/strong> Escola Mestre Agust\u00ed Barber\u00e0<br \/>\n<strong>Poblaci\u00f3:<\/strong> Amposta<br \/>\n<strong>\u00c0mbit d\u2019actuaci\u00f3:\u00a0<\/strong>Centre i poble<\/p>\n<p><strong>Breu descripci\u00f3:\u00a0<\/strong>Fam\u00edlies i alumnat confeccionen dracs amb material de rebuig durant la setmana de Sant Jordi. Aquests s&#8217;exposen a les fam\u00edlies en una jornada de portes obertes a l&#8217;escola i tamb\u00e9 al municipi aprofitant la festivitat del dia 23 d&#8217;abril.<\/p>\n","protected":false},"excerpt":{"rendered":"<p>Dades del centre Nom del centre: Escola Mestre Agust\u00ed Barber\u00e0 Adre\u00e7a: C\/ Madrid, 51-55 Codi postal: 43870 Localitat:\u00a0Amposta Tel\u00e8fon:\u00a0977 70 [&hellip;]<\/p>\n","protected":false},"author":1,"featured_media":0,"parent":12016,"menu_order":13,"comment_status":"closed","ping_status":"closed","template":"page-templates\/side-menu.php","meta":{"_bbp_topic_count":0,"_bbp_reply_count":0,"_bbp_total_topic_count":0,"_bbp_total_reply_count":0,"_bbp_voice_count":0,"_bbp_anonymous_reply_count":0,"_bbp_topic_count_hidden":0,"_bbp_reply_count_hidden":0,"_bbp_forum_subforum_count":0,"site-sidebar-layout":"default","site-content-layout":"","ast-site-content-layout":"","site-content-style":"default","site-sidebar-style":"default","ast-global-header-display":"","ast-banner-title-visibility":"","ast-main-header-display":"","ast-hfb-above-header-display":"","ast-hfb-below-header-display":"","ast-hfb-mobile-header-display":"","site-post-title":"","ast-breadcrumbs-content":"","ast-featured-img":"","footer-sml-layout":"","theme-transparent-header-meta":"","adv-header-id-meta":"","stick-header-meta":"","header-above-stick-meta":"","header-main-stick-meta":"","header-below-stick-meta":"","astra-migrate-meta-layouts":"default","ast-page-background-enabled":"default","ast-page-background-meta":{"desktop":{"background-color":"var(--ast-global-color-4)","background-image":"","background-repeat":"repeat","background-position":"center center","background-size":"auto","background-attachment":"scroll","background-type":"","background-media":"","overlay-type":"","overlay-color":"","overlay-opacity":"","overlay-gradient":""},"tablet":{"background-color":"","background-image":"","background-repeat":"repeat","background-position":"center center","background-size":"auto","background-attachment":"scroll","background-type":"","background-media":"","overlay-type":"","overlay-color":"","overlay-opacity":"","overlay-gradient":""},"mobile":{"background-color":"","background-image":"","background-repeat":"repeat","background-position":"center center","background-size":"auto","background-attachment":"scroll","background-type":"","background-media":"","overlay-type":"","overlay-color":"","overlay-opacity":"","overlay-gradient":""}},"ast-content-background-meta":{"desktop":{"background-color":"var(--ast-global-color-5)","background-image":"","background-repeat":"repeat","background-position":"center center","background-size":"auto","background-attachment":"scroll","background-type":"","background-media":"","overlay-type":"","overlay-color":"","overlay-opacity":"","overlay-gradient":""},"tablet":{"background-color":"var(--ast-global-color-5)","background-image":"","background-repeat":"repeat","background-position":"center center","background-size":"auto","background-attachment":"scroll","background-type":"","background-media":"","overlay-type":"","overlay-color":"","overlay-opacity":"","overlay-gradient":""},"mobile":{"background-color":"var(--ast-global-color-5)","background-image":"","background-repeat":"repeat","background-position":"center center","background-size":"auto","background-attachment":"scroll","background-type":"","background-media":"","overlay-type":"","overlay-color":"","overlay-opacity":"","overlay-gradient":""}},"footnotes":""},"class_list":["post-12079","page","type-page","status-publish","hentry"],"post_mailing_queue_ids":[],"_links":{"self":[{"href":"https:\/\/serveiseducatius.xtec.cat\/montsia\/wp-json\/wp\/v2\/pages\/12079","targetHints":{"allow":["GET"]}}],"collection":[{"href":"https:\/\/serveiseducatius.xtec.cat\/montsia\/wp-json\/wp\/v2\/pages"}],"about":[{"href":"https:\/\/serveiseducatius.xtec.cat\/montsia\/wp-json\/wp\/v2\/types\/page"}],"author":[{"embeddable":true,"href":"https:\/\/serveiseducatius.xtec.cat\/montsia\/wp-json\/wp\/v2\/users\/1"}],"replies":[{"embeddable":true,"href":"https:\/\/serveiseducatius.xtec.cat\/montsia\/wp-json\/wp\/v2\/comments?post=12079"}],"version-history":[{"count":2,"href":"https:\/\/serveiseducatius.xtec.cat\/montsia\/wp-json\/wp\/v2\/pages\/12079\/revisions"}],"predecessor-version":[{"id":12086,"href":"https:\/\/serveiseducatius.xtec.cat\/montsia\/wp-json\/wp\/v2\/pages\/12079\/revisions\/12086"}],"up":[{"embeddable":true,"href":"https:\/\/serveiseducatius.xtec.cat\/montsia\/wp-json\/wp\/v2\/pages\/12016"}],"wp:attachment":[{"href":"https:\/\/serveiseducatius.xtec.cat\/montsia\/wp-json\/wp\/v2\/media?parent=12079"}],"curies":[{"name":"wp","href":"https:\/\/api.w.org\/{rel}","templated":true}]}}