{"id":12072,"date":"2021-02-16T12:16:46","date_gmt":"2021-02-16T11:16:46","guid":{"rendered":"http:\/\/serveiseducatius.xtec.cat\/montsia\/?page_id=12072"},"modified":"2021-02-18T10:00:10","modified_gmt":"2021-02-18T09:00:10","slug":"11-fem-ioga-al-jardi-zen-de-lescola","status":"publish","type":"page","link":"https:\/\/serveiseducatius.xtec.cat\/montsia\/innovacio-2\/bones-practiques\/11-fem-ioga-al-jardi-zen-de-lescola\/","title":{"rendered":"11. Fem ioga al jard\u00ed zen de l&#8217;escola"},"content":{"rendered":"<p style=\"text-align: center;\"><img loading=\"lazy\" decoding=\"async\" class=\"alignnone wp-image-12073\" src=\"https:\/\/serveiseducatius.xtec.cat\/montsia\/wp-content\/uploads\/usu1125\/2021\/02\/fem-ioga.png\" alt=\"\" width=\"456\" height=\"334\" srcset=\"https:\/\/serveiseducatius.xtec.cat\/montsia\/wp-content\/uploads\/usu1125\/2021\/02\/fem-ioga.png 553w, https:\/\/serveiseducatius.xtec.cat\/montsia\/wp-content\/uploads\/usu1125\/2021\/02\/fem-ioga-300x220.png 300w\" sizes=\"auto, (max-width: 456px) 100vw, 456px\" \/><\/p>\n<h3><span id=\"Dades_del_centre\">Dades del centre<\/span><\/h3>\n<p><strong>Nom del centre:<\/strong> Escola Mestre Agust\u00ed Barber\u00e0<br \/>\n<strong>Adre\u00e7a:<\/strong> C\/ Madrid, 55<br \/>\n<strong>Codi postal:<\/strong> 43870<br \/>\n<strong>Localitat:\u00a0<\/strong>Amposta<br \/>\n<strong>Tel\u00e8fon:\u00a0<\/strong>977701137<br \/>\n<strong>Adre\u00e7a electr\u00f2nica:<\/strong> e3005224@xtec.cat<br \/>\n<strong>Servei territorial:<\/strong>\u00a0Terres de l\u2019Ebre<\/p>\n<h3><span id=\"Breu_resum_de_l8217activitat\">Breu resum de l\u2019activitat<\/span><\/h3>\n<p>Es tracta de treballar les compet\u00e8ncies emocionals pel que fa al reconeixement de les pr\u00f2pies emocions, sentiments, la respiraci\u00f3 i escolta del cos a partir de la pr\u00e0ctica del ioga en un lloc assolellat i verd\u00f3s, amb robes de colors diferents que pengen dels arbres i delimiten el nostre jard\u00ed Zen. La pr\u00e0ctica va acompanyada amb m\u00fasica de mantres f\u00e0cils de repetir i f\u00e0cil d&#8217;endinsar-se dins de l\u2019alumnat i del professorat implicat en la pr\u00e0ctica. Treball de reconeixement inicial del nostre cos, control de respiraci\u00f3, postures que ajuden a donar estabilitat i fermesa al cos i que a la vegada esdevenen postures vitalitzadores, relaxants i que harmonitzen el nostre cos, per acabar en una meditaci\u00f3 final cantada amb mantres i una relaxaci\u00f3 on ja ens deixem anar amb el cos estirat damunt les estores. Relaxaci\u00f3 guiada per la mestra.<\/p>\n<h3><span id=\"Ambits_d8217actuacio\">\u00c0mbits d\u2019actuaci\u00f3<\/span><\/h3>\n<p>1r curs d\u2019Educaci\u00f3 Prim\u00e0ria. Escola Mestre Agust\u00ed Barber\u00e0. Jard\u00ed Zen.<\/p>\n<p>Educaci\u00f3 Prim\u00e0ria<\/p>\n<p>Curr\u00edculum:<br \/>\nEl treball amb el ioga serveix tant per a les mat\u00e8ries transversals com per a les especifiques, per\u00f2 el seu \u00e0mbit se centra m\u00e9s en la compet\u00e8ncia comunicativa, i en la d\u2019autonomia i compet\u00e8ncia personal per arribar a contribuir a la construcci\u00f3 d\u2019una societat democr\u00e0tica, solid\u00e0ria i tolerant. A destacar dins la compet\u00e8ncia comunicativa, el treball de l\u2019expressi\u00f3 oral (comuniquem emocions, la recitaci\u00f3 com a modelatge per part de la mestra, i diversos elements expressius).<br \/>\nEl nostre alumnat ha d\u2019aprendre:<br \/>\n&#8211; A ser i a actuar de manera aut\u00f2noma per tal de construir la seva pr\u00f2pia identitat.<br \/>\n&#8211; A pensar i comunicar-se per a comprendre i construir coneixements cada cop m\u00e9s elaborats.<br \/>\n&#8211; A descobrir i tenir iniciativa per a utilitzar els coneixements que disposen.<br \/>\n&#8211; A aprendre a conviure desenvolupant habilitats socials i comunicatives que afavoreixin la seva inclusi\u00f3 en la societat.<\/p>\n<h3><span id=\"AreesMateriesModuls\">\u00c0rees\/Mat\u00e8ries\/M\u00f2duls<\/span><\/h3>\n<p>Educaci\u00f3 F\u00edsica, Educaci\u00f3 Musical, Educaci\u00f3 en Valors, Llengua, Coneixement del Medi Natural,<\/p>\n<h3><span id=\"Capacitats_Competencies\">Capacitats \/ Compet\u00e8ncies<\/span><\/h3>\n<p>&#8211; Compet\u00e8ncies emocionals: \u00c9s un treball d\u2019autocontrol, de gesti\u00f3 de les emocions i equilibri intern. Tot un conjunt d&#8217;habilitats personals que preparen l\u2019alumnat i propicien l\u2019assoliment dels aprenentatges curriculars.<br \/>\n&#8211; Compet\u00e8ncies b\u00e0siques:<br \/>\nA) Compet\u00e8ncies transversals:<br \/>\n1.- Compet\u00e8ncia comunicativa ling\u00fc\u00edstica (Compet. comunicativa)<br \/>\n5.- Compet\u00e8ncia d\u2019aprendre a aprendre (Compet. metodol\u00f2gica)<br \/>\n6.- Compet\u00e8ncia d\u2019autonomia i iniciativa personal (Compet. personal)<br \/>\nB) Compet\u00e8ncies espec\u00edfiques per conviure i habitar el m\u00f3n:<br \/>\n7.- Compet\u00e8ncia en el coneixement i la interacci\u00f3 amb el m\u00f3n f\u00edsic.<br \/>\n8.- Compet\u00e8ncia social i ciutadana.<\/p>\n<h3><span id=\"Descripcio_de_la_bona_practica\">Descripci\u00f3 de la bona pr\u00e0ctica<\/span><\/h3>\n<p><strong>Curs acad\u00e8mic:\u00a0<\/strong>2016-2017<\/p>\n<p><strong>Punt de partida:\u00a0<\/strong>La inquietud i nerviosisme que de vegades es veu en l\u2019alumnat, en una societat que sempre va de pressa. Fer una parada per calmar la ment i interactuar tot l\u2019alumnat per tal de fer cohesi\u00f3 de grup.<\/p>\n<p><strong>Objectius:<\/strong><\/p>\n<ul>\n<li>Calmar i relaxar la ment i el cos.<\/li>\n<li>Desenvolupar l\u2019atenci\u00f3 plena i la mem\u00f2ria a l\u00b4hora de cantar els mantres.<\/li>\n<li>Millorar la confian\u00e7a en un mateix.<\/li>\n<li>Millorar la cohesi\u00f3 de grup.<\/li>\n<li>Expressar les emocions i sentiments a partir del cos.<\/li>\n<li>Desenvolupar la consci\u00e8ncia corporal a trav\u00e9s dels sentits.<\/li>\n<li>Con\u00e8ixer i controlar la respiraci\u00f3.<\/li>\n<li>Flexibilitzar les articulacions i els m\u00fasculs.<\/li>\n<li>Millorar l\u2019equilibri f\u00edsic i ps\u00edquic.<\/li>\n<li>Millorar la coordinaci\u00f3 i afavorir la lateralitat.<\/li>\n<li>Experimentar el plaer del rep\u00f2s i el silenci.<\/li>\n<li>Desenvolupar l\u2019atenci\u00f3 i la concentraci\u00f3.<\/li>\n<li>Aprendre a crear un espai interior on poder accedir quan ens faci falta.<\/li>\n<li>Exercitar la imaginaci\u00f3 a trav\u00e9s de visualitzacions senzilles.<\/li>\n<\/ul>\n<p><strong>Desenvolupament de l\u2019experi\u00e8ncia:\u00a0<\/strong><\/p>\n<p>Personalment porto molts d\u2019anys desenvolupant aquesta pr\u00e0ctica com a alumna, 20 anys, per la qual cosa em vaig veure segura per tal d\u2019introduir l\u2019esmentat treball en l\u2019alumnat, amb una actitud tranquil\u00b7la i serena amb l\u2019objectiu d\u2019inspirar confian\u00e7a.<br \/>\nA partir d\u2019aqu\u00ed es va tenir en compte d\u2019altres recomanacions per tal de crear un ambient favorable a l\u00b4hora de fer la pr\u00e0ctica:<br \/>\n-Un lloc adequat com pot ser el jard\u00ed Zen com a espai creat de nou al pati de l\u2019escola.<br \/>\n-M\u00fasica relaxant.<br \/>\n-Estores.<br \/>\n-Mantes i coixins.<br \/>\nPrimer es va fer una presentaci\u00f3 explicant a l\u2019alumnat en qu\u00e8 consistiria la pr\u00e0ctica que an\u00e0vem a realitzar.<br \/>\nVam aprofitar una tarda assolellada on l\u2019ambient exterior era favorable per realitzar la pr\u00e0ctica del ioga.<br \/>\nVam ser 19 alumnes els que vam realitzar la pr\u00e0ctica juntament amb dos docents, la T.I.S que disposa el col\u00b7legi i jo mateixa tutora del mateix alumnat.<br \/>\nVam comen\u00e7ar asseguts a les estores amb les cames creuades com els indis. Les estores van estar col\u00b7locades en un semicercle i la professora al mig del semicercle de manera que pogu\u00e9s veure tots els seus alumnes.<br \/>\nA partir d\u2019aqu\u00ed vam comen\u00e7ar amb un exercici de respiraci\u00f3, imaginant que el nostre abdomen era com un globus que s\u2019anava inflant, introduint l\u2019aire poc a poc pel nas i soltant-lo a poc a poc, un altre cop pel nas, sense pressa, gaudint del fet de respirar, i tot amb m\u00fasica de fons no molt alta perqu\u00e8 la mestra pogu\u00e9s anar guiant la pr\u00e0ctica.<br \/>\nDespr\u00e9s vam comen\u00e7ar a despertar el cos fent estiraments, des dels peus fins al cap, passant per cadascuna de les parts.<br \/>\nQuan vam tenir el cos ben escalfat i la ment tranquil\u00b7la vam comen\u00e7ar a realitzar diferents asanes individuals (posicions corporals) pr\u00e8viament programades, en aquest cas es tractava de postures que representaven diferents animals: la cobra, el gat, el gos d\u2019entre d\u2019altres. Seguidament, vam fer postures per parelles.<br \/>\nDespr\u00e9s de realitzar les diferents asanes vam anar baixant el ritme i vam cantar un mantra asseguts com la flor de lotus cadasc\u00fa a l\u2019estora que estaven asseguts, i finalment, tapats amb una manta, vam realitzar la relaxaci\u00f3 final que va consistir en contar un conte amb m\u00fasica relaxant de fons.<\/p>\n<p><strong>Temporitzaci\u00f3:\u00a0<\/strong>45 minuts setmanals<\/p>\n<p><strong>Recursos humans i materials:\u00a0<\/strong><\/p>\n<p>&#8211; M\u00fasica, altaveu, estoretes, llibre de contes Llibre: Luz de estrellas. Meditaciones para ni\u00f1os1. Maureen Garth.<br \/>\n&#8211; Material de suport: mantes, un espai adequat i ampli.<br \/>\nSi el temps ho permet sempre s&#8217;utilitza el jard\u00ed Zen de qu\u00e8 disposa l\u2019escola: un nou espai reinventat ubicat en un entorn molt tranquil que afavoreix el contacte de l\u2019alumne\/a amb la natura i, d\u2019altra banda, la concepci\u00f3 de l\u2019espai d\u2019aprenentatge m\u00e9s enll\u00e0 de l\u2019aula. Com es pot observar a les fotografies, els arbres han estat vestits amb llanes de colors, la qual cosa aporta un valor est\u00e8tic (visual) afegit.<\/p>\n<p><strong>Valoracions i conclusions:\u00a0<\/strong>La valoraci\u00f3 \u00e9s molt positiva. Els mateixos nens demanen a la mestra quan tornaran a fer ioga, senyoreta\u2026, avui ens toca ioga? A partir d\u2019aqu\u00ed queda tot dit, l\u2019alumnat gaudeix i el professorat implicat tamb\u00e9.<br \/>\nPersonalment crec que aquest treball portat a terme amb una continu\u00eftat en el temps, a llarg termini, pot proporcionar efectes gratificants en cadascuna de les persones practicants, tant al professorat com als nens: Serenitat, tenir recursos necessaris quan es troben nerviosos saber respirar, estirament del cos\u2026<\/p>\n<p><strong>Documentaci\u00f3 complement\u00e0ria:\u00a0<\/strong><\/p>\n<p>&#8211; Llibre: Luz de estrellas. Meditaciones para ni\u00f1os 1. Maurenn Garth<br \/>\n&#8211; Luz sobre el Yoga. BKS Iyengar. La gu\u00eda definitiva para la pr\u00e1ctica del yoga.<br \/>\n&#8211; <a href=\"https:\/\/www.youtube.com\/watch?v=1rTBwQ-fyEU\">https:\/\/www.youtube.com\/watch?v=HPgEtkCycS8&amp;list=PLttRvLKj7SJZK10ZDN22Z_3Rzr1wzsHe4<\/a><\/p>\n<h3><span id=\"Autoria_de_l8217experiencia\">Autoria de l\u2019experi\u00e8ncia<\/span><\/h3>\n<p><strong>Coordinaci\u00f3:\u00a0<\/strong>Maria Jos\u00e9 Garcia<br \/>\n<strong>Professorat implicat: <\/strong>N\u00faria Gisbert i Maria Jos\u00e9 Garcia<\/p>\n<p>&nbsp;<\/p>\n","protected":false},"excerpt":{"rendered":"<p>Dades del centre Nom del centre: Escola Mestre Agust\u00ed Barber\u00e0 Adre\u00e7a: C\/ Madrid, 55 Codi postal: 43870 Localitat:\u00a0Amposta Tel\u00e8fon:\u00a0977701137 Adre\u00e7a [&hellip;]<\/p>\n","protected":false},"author":1,"featured_media":0,"parent":12016,"menu_order":11,"comment_status":"closed","ping_status":"closed","template":"page-templates\/side-menu.php","meta":{"_bbp_topic_count":0,"_bbp_reply_count":0,"_bbp_total_topic_count":0,"_bbp_total_reply_count":0,"_bbp_voice_count":0,"_bbp_anonymous_reply_count":0,"_bbp_topic_count_hidden":0,"_bbp_reply_count_hidden":0,"_bbp_forum_subforum_count":0,"site-sidebar-layout":"default","site-content-layout":"","ast-site-content-layout":"","site-content-style":"default","site-sidebar-style":"default","ast-global-header-display":"","ast-banner-title-visibility":"","ast-main-header-display":"","ast-hfb-above-header-display":"","ast-hfb-below-header-display":"","ast-hfb-mobile-header-display":"","site-post-title":"","ast-breadcrumbs-content":"","ast-featured-img":"","footer-sml-layout":"","theme-transparent-header-meta":"","adv-header-id-meta":"","stick-header-meta":"","header-above-stick-meta":"","header-main-stick-meta":"","header-below-stick-meta":"","astra-migrate-meta-layouts":"default","ast-page-background-enabled":"default","ast-page-background-meta":{"desktop":{"background-color":"var(--ast-global-color-4)","background-image":"","background-repeat":"repeat","background-position":"center center","background-size":"auto","background-attachment":"scroll","background-type":"","background-media":"","overlay-type":"","overlay-color":"","overlay-opacity":"","overlay-gradient":""},"tablet":{"background-color":"","background-image":"","background-repeat":"repeat","background-position":"center center","background-size":"auto","background-attachment":"scroll","background-type":"","background-media":"","overlay-type":"","overlay-color":"","overlay-opacity":"","overlay-gradient":""},"mobile":{"background-color":"","background-image":"","background-repeat":"repeat","background-position":"center center","background-size":"auto","background-attachment":"scroll","background-type":"","background-media":"","overlay-type":"","overlay-color":"","overlay-opacity":"","overlay-gradient":""}},"ast-content-background-meta":{"desktop":{"background-color":"var(--ast-global-color-5)","background-image":"","background-repeat":"repeat","background-position":"center center","background-size":"auto","background-attachment":"scroll","background-type":"","background-media":"","overlay-type":"","overlay-color":"","overlay-opacity":"","overlay-gradient":""},"tablet":{"background-color":"var(--ast-global-color-5)","background-image":"","background-repeat":"repeat","background-position":"center center","background-size":"auto","background-attachment":"scroll","background-type":"","background-media":"","overlay-type":"","overlay-color":"","overlay-opacity":"","overlay-gradient":""},"mobile":{"background-color":"var(--ast-global-color-5)","background-image":"","background-repeat":"repeat","background-position":"center center","background-size":"auto","background-attachment":"scroll","background-type":"","background-media":"","overlay-type":"","overlay-color":"","overlay-opacity":"","overlay-gradient":""}},"footnotes":""},"class_list":["post-12072","page","type-page","status-publish","hentry"],"post_mailing_queue_ids":[],"_links":{"self":[{"href":"https:\/\/serveiseducatius.xtec.cat\/montsia\/wp-json\/wp\/v2\/pages\/12072","targetHints":{"allow":["GET"]}}],"collection":[{"href":"https:\/\/serveiseducatius.xtec.cat\/montsia\/wp-json\/wp\/v2\/pages"}],"about":[{"href":"https:\/\/serveiseducatius.xtec.cat\/montsia\/wp-json\/wp\/v2\/types\/page"}],"author":[{"embeddable":true,"href":"https:\/\/serveiseducatius.xtec.cat\/montsia\/wp-json\/wp\/v2\/users\/1"}],"replies":[{"embeddable":true,"href":"https:\/\/serveiseducatius.xtec.cat\/montsia\/wp-json\/wp\/v2\/comments?post=12072"}],"version-history":[{"count":3,"href":"https:\/\/serveiseducatius.xtec.cat\/montsia\/wp-json\/wp\/v2\/pages\/12072\/revisions"}],"predecessor-version":[{"id":12173,"href":"https:\/\/serveiseducatius.xtec.cat\/montsia\/wp-json\/wp\/v2\/pages\/12072\/revisions\/12173"}],"up":[{"embeddable":true,"href":"https:\/\/serveiseducatius.xtec.cat\/montsia\/wp-json\/wp\/v2\/pages\/12016"}],"wp:attachment":[{"href":"https:\/\/serveiseducatius.xtec.cat\/montsia\/wp-json\/wp\/v2\/media?parent=12072"}],"curies":[{"name":"wp","href":"https:\/\/api.w.org\/{rel}","templated":true}]}}