{"id":12016,"date":"2021-02-15T11:37:16","date_gmt":"2021-02-15T10:37:16","guid":{"rendered":"http:\/\/serveiseducatius.xtec.cat\/montsia\/?page_id=12016"},"modified":"2025-01-08T16:12:03","modified_gmt":"2025-01-08T15:12:03","slug":"bones-practiques","status":"publish","type":"page","link":"https:\/\/serveiseducatius.xtec.cat\/montsia\/innovacio-2\/bones-practiques\/","title":{"rendered":"Bones pr\u00e0ctiques"},"content":{"rendered":"\n<p>El Departament d\u2019Ensenyament impulsa la selecci\u00f3 i difusi\u00f3 de les bones pr\u00e0ctiques educatives, mitjan\u00e7ant un proc\u00e9s de recollida sistem\u00e0tica de les propostes que realitzen els centres i el professorat.<\/p>\n\n\n\n<p>Les innovacions que presenten les bones pr\u00e0ctiques tant poden ser referides al curr\u00edculum (compet\u00e8ncies b\u00e0siques), com a gesti\u00f3 d\u2019aula, organitzaci\u00f3 de centre o relaci\u00f3 amb l\u2019entorn.<\/p>\n\n\n\n<p>Els centres educatius adre\u00e7aran la seva proposta de bona pr\u00e0ctica als Serveis Educatius de Zona (SEZ) que, a m\u00e9s, informaran, assessoraran, donaran suport, coordinaran el proc\u00e9s i trametran les fitxes seleccionades a la unitat corresponent del Departament d\u2019Ensenyament. Per tant, si teniu coneixement d\u2019alguna bona pr\u00e0ctica educativa, podeu fer-nos-la saber, per tal que puguem descriure-la i recollir-la.<\/p>\n\n\n\n<p>A la <strong>columna lateral esquerra<\/strong> es pot consultar el <strong>recull<\/strong> que anem elaborant <strong>(desplegable)<\/strong>.<\/p>\n\n\n\n<p>&#8212;&#8212;&#8212;&#8211;<\/p>\n\n\n\n<p>Segons el&nbsp;<a href=\"http:\/\/diposit.ub.edu\/dspace\/bitstream\/2445\/3141\/4\/Glossari.pdf\" target=\"_blank\" rel=\"noopener noreferrer\">\u201cGlossari acad\u00e8mic i docent de la Universitat de Barcelona\u201d (2008)<\/a>, es consideren bones pr\u00e0ctiques docents les intervencions docents que faciliten el desenvolupament d\u2019activitats d\u2019ensenyament-aprenentatge eficients i que esdevenen referents exemplificadors per cercar-ne la transfer\u00e8ncia a altres contextos. Es tracta d\u2019intervencions contextualitzades en un centre i grup d\u2019alumnes que obeeixen a una seq\u00fc\u00e8ncia formativa planificada, que es desenvolupen amb la metodologia, les activitats (rellevants, motivadores i afavoridores d\u2019habilitats cognitives d\u2019ordre superior) i els recursos (variats i creatius) m\u00e9s adequats, i que generen aprenentatges significatius en un col\u00b7lectiu representatiu d\u2019estudiants. A la vegada, es tracta de propostes que disposen d\u2019un sistema d\u2019avaluaci\u00f3 que permet reflexionar sobre el disseny i els resultats i reorientar-les per aconseguir la millora continuada.<\/p>\n\n\n","protected":false},"excerpt":{"rendered":"<p>El Departament d\u2019Ensenyament impulsa la selecci\u00f3 i difusi\u00f3 de les bones pr\u00e0ctiques educatives, mitjan\u00e7ant un proc\u00e9s de recollida sistem\u00e0tica de [&hellip;]<\/p>\n","protected":false},"author":1,"featured_media":0,"parent":14952,"menu_order":100,"comment_status":"closed","ping_status":"closed","template":"","meta":{"_bbp_topic_count":0,"_bbp_reply_count":0,"_bbp_total_topic_count":0,"_bbp_total_reply_count":0,"_bbp_voice_count":0,"_bbp_anonymous_reply_count":0,"_bbp_topic_count_hidden":0,"_bbp_reply_count_hidden":0,"_bbp_forum_subforum_count":0,"site-sidebar-layout":"left-sidebar","site-content-layout":"","ast-site-content-layout":"default","site-content-style":"boxed","site-sidebar-style":"default","ast-global-header-display":"","ast-banner-title-visibility":"","ast-main-header-display":"","ast-hfb-above-header-display":"","ast-hfb-below-header-display":"","ast-hfb-mobile-header-display":"","site-post-title":"","ast-breadcrumbs-content":"","ast-featured-img":"","footer-sml-layout":"","theme-transparent-header-meta":"","adv-header-id-meta":"","stick-header-meta":"","header-above-stick-meta":"","header-main-stick-meta":"","header-below-stick-meta":"","astra-migrate-meta-layouts":"set","ast-page-background-enabled":"default","ast-page-background-meta":{"desktop":{"background-color":"var(--ast-global-color-4)","background-image":"","background-repeat":"repeat","background-position":"center center","background-size":"auto","background-attachment":"scroll","background-type":"","background-media":"","overlay-type":"","overlay-color":"","overlay-opacity":"","overlay-gradient":""},"tablet":{"background-color":"","background-image":"","background-repeat":"repeat","background-position":"center center","background-size":"auto","background-attachment":"scroll","background-type":"","background-media":"","overlay-type":"","overlay-color":"","overlay-opacity":"","overlay-gradient":""},"mobile":{"background-color":"","background-image":"","background-repeat":"repeat","background-position":"center center","background-size":"auto","background-attachment":"scroll","background-type":"","background-media":"","overlay-type":"","overlay-color":"","overlay-opacity":"","overlay-gradient":""}},"ast-content-background-meta":{"desktop":{"background-color":"var(--ast-global-color-5)","background-image":"","background-repeat":"repeat","background-position":"center center","background-size":"auto","background-attachment":"scroll","background-type":"","background-media":"","overlay-type":"","overlay-color":"","overlay-opacity":"","overlay-gradient":""},"tablet":{"background-color":"var(--ast-global-color-5)","background-image":"","background-repeat":"repeat","background-position":"center center","background-size":"auto","background-attachment":"scroll","background-type":"","background-media":"","overlay-type":"","overlay-color":"","overlay-opacity":"","overlay-gradient":""},"mobile":{"background-color":"var(--ast-global-color-5)","background-image":"","background-repeat":"repeat","background-position":"center center","background-size":"auto","background-attachment":"scroll","background-type":"","background-media":"","overlay-type":"","overlay-color":"","overlay-opacity":"","overlay-gradient":""}},"footnotes":""},"class_list":["post-12016","page","type-page","status-publish","hentry"],"post_mailing_queue_ids":[],"_links":{"self":[{"href":"https:\/\/serveiseducatius.xtec.cat\/montsia\/wp-json\/wp\/v2\/pages\/12016","targetHints":{"allow":["GET"]}}],"collection":[{"href":"https:\/\/serveiseducatius.xtec.cat\/montsia\/wp-json\/wp\/v2\/pages"}],"about":[{"href":"https:\/\/serveiseducatius.xtec.cat\/montsia\/wp-json\/wp\/v2\/types\/page"}],"author":[{"embeddable":true,"href":"https:\/\/serveiseducatius.xtec.cat\/montsia\/wp-json\/wp\/v2\/users\/1"}],"replies":[{"embeddable":true,"href":"https:\/\/serveiseducatius.xtec.cat\/montsia\/wp-json\/wp\/v2\/comments?post=12016"}],"version-history":[{"count":4,"href":"https:\/\/serveiseducatius.xtec.cat\/montsia\/wp-json\/wp\/v2\/pages\/12016\/revisions"}],"predecessor-version":[{"id":15441,"href":"https:\/\/serveiseducatius.xtec.cat\/montsia\/wp-json\/wp\/v2\/pages\/12016\/revisions\/15441"}],"up":[{"embeddable":true,"href":"https:\/\/serveiseducatius.xtec.cat\/montsia\/wp-json\/wp\/v2\/pages\/14952"}],"wp:attachment":[{"href":"https:\/\/serveiseducatius.xtec.cat\/montsia\/wp-json\/wp\/v2\/media?parent=12016"}],"curies":[{"name":"wp","href":"https:\/\/api.w.org\/{rel}","templated":true}]}}