{"id":10602,"date":"2019-06-20T13:14:55","date_gmt":"2019-06-20T11:14:55","guid":{"rendered":"http:\/\/serveiseducatius.xtec.cat\/montsia\/?page_id=10602"},"modified":"2024-11-07T13:27:15","modified_gmt":"2024-11-07T12:27:15","slug":"documents-de-suport","status":"publish","type":"page","link":"https:\/\/serveiseducatius.xtec.cat\/montsia\/formacio\/documents-de-suport\/","title":{"rendered":"Documents i enlla\u00e7os de suport"},"content":{"rendered":"<p>Recull de documents de suport als formadors i als assistents a les activitats de formaci\u00f3.<\/p>\n<ul>\n<li>L&#8217;entorn de <strong>g<\/strong>esti\u00f3 de les <strong>a<\/strong>ctivitats de <strong>f<\/strong>ormaci\u00f3 \u00e9s el GAF <strong>(formadors)<\/strong>: <a href=\"https:\/\/aplicacions.gestioeducativa.gencat.cat\/pls\/gtaf\/inici\" target=\"_blank\" rel=\"noopener noreferrer\">https:\/\/aplicacions.gestioeducativa.gencat.cat\/pls\/gtaf\/inici<\/a><\/li>\n<li>Per a revisar sol\u00b7licituds, consultar assignacions i omplir q\u00fcestionaris <strong>(assistents)<\/strong>: <a href=\"http:\/\/xtec.gencat.cat\/ca\/formacio\/la-meva-formacio\/les-meves-activitats\/\" target=\"_blank\" rel=\"noopener noreferrer\">http:\/\/xtec.gencat.cat\/ca\/formacio\/la-meva-formacio\/les-meves-activitats\/<\/a><\/li>\n<li>E\u00efna de gesti\u00f3 d&#8217;activitats de formaci\u00f3 GAF <strong>(gestors)<\/strong>: <a href=\"https:\/\/aplicacions.gestioeducativa.gencat.cat\/ords\/pls\/e13_formacio_gaf\/formacio_gaf.inici\" target=\"_blank\" rel=\"noopener\">https:\/\/aplicacions.gestioeducativa.gencat.cat\/ords\/pls\/e13_formacio_gaf\/formacio_gaf.inici<\/a><\/li>\n<\/ul>\n<table>\n<tbody>\n<tr>\n<td>\n<p style=\"text-align: center;\"><strong>Manual de GTAF<\/strong><\/p>\n<p><a href=\"https:\/\/drive.google.com\/open?id=1KzkRmQ3IKlI9UZCFHv9H80uHIQJS4BWk\" target=\"_blank\" rel=\"noopener noreferrer\"><img loading=\"lazy\" decoding=\"async\" class=\"size-full wp-image-10603 aligncenter\" src=\"https:\/\/serveiseducatius.xtec.cat\/montsia\/wp-content\/uploads\/usu1125\/2019\/06\/manual-gtaf.png\" alt=\"\" width=\"250\" height=\"224\" \/><\/a><\/td>\n<td>\n<p style=\"text-align: center;\"><strong>Plantilla per a la detecci\u00f3 de necessitats<\/strong><\/p>\n<p><a href=\"https:\/\/drive.google.com\/open?id=1e3UaUCDJzG-kglCh33ABEQgq25ksotOG\" target=\"_blank\" rel=\"noopener noreferrer\"><img loading=\"lazy\" decoding=\"async\" class=\"size-full wp-image-10604 aligncenter\" src=\"https:\/\/serveiseducatius.xtec.cat\/montsia\/wp-content\/uploads\/usu1125\/2019\/06\/plantilla-deteccio-necessitats.png\" alt=\"\" width=\"255\" height=\"228\" \/><\/a><\/td>\n<\/tr>\n<tr>\n<td>\n<p style=\"text-align: center;\"><strong>Tutorial per a emplenar els q\u00fcestionaris finals <\/strong><strong>(formadors)<\/strong><\/p>\n<p style=\"text-align: center;\"><a href=\"https:\/\/drive.google.com\/open?id=1PocnXt6tDeOhW4wz8Bhej4aSkuW4ZwMm\" target=\"_blank\" rel=\"noopener noreferrer\"><img loading=\"lazy\" decoding=\"async\" class=\"size-full wp-image-10605 aligncenter\" src=\"https:\/\/serveiseducatius.xtec.cat\/montsia\/wp-content\/uploads\/usu1125\/2019\/06\/tutorial-questionaris-formadors.png\" alt=\"\" width=\"251\" height=\"222\" \/><\/a><\/p>\n<\/td>\n<td><strong>Tutorial per a emplenar els q\u00fcestionaris finals <\/strong><strong>(assistents)<\/strong><a href=\"https:\/\/drive.google.com\/open?id=1lRpaRRA371_Cry88ZMYy59BFICrbcO_u\" target=\"_blank\" rel=\"noopener noreferrer\"><img loading=\"lazy\" decoding=\"async\" class=\"size-full wp-image-10606 aligncenter\" src=\"https:\/\/serveiseducatius.xtec.cat\/montsia\/wp-content\/uploads\/usu1125\/2019\/06\/tutorial-questionari-assistents.png\" alt=\"\" width=\"253\" height=\"224\" \/><\/a><\/td>\n<\/tr>\n<tr>\n<td>\n<p style=\"text-align: center;\"><strong>Tutorial per a signar digitalment, pas a pas<br \/>\n<\/strong><\/p>\n<p><a href=\"https:\/\/serveiseducatius.xtec.cat\/montsia\/wp-content\/uploads\/usu1125\/2020\/02\/Signar-digitalment-DNIe_Pas_a_pas.pdf\" target=\"_blank\" rel=\"noopener noreferrer\"><img loading=\"lazy\" decoding=\"async\" class=\"wp-image-10959 aligncenter\" src=\"https:\/\/serveiseducatius.xtec.cat\/montsia\/wp-content\/uploads\/usu1125\/2020\/02\/signatura-digital.jpg\" alt=\"\" width=\"161\" height=\"161\" srcset=\"https:\/\/serveiseducatius.xtec.cat\/montsia\/wp-content\/uploads\/usu1125\/2020\/02\/signatura-digital.jpg 370w, https:\/\/serveiseducatius.xtec.cat\/montsia\/wp-content\/uploads\/usu1125\/2020\/02\/signatura-digital-150x150.jpg 150w, https:\/\/serveiseducatius.xtec.cat\/montsia\/wp-content\/uploads\/usu1125\/2020\/02\/signatura-digital-300x300.jpg 300w\" sizes=\"auto, (max-width: 161px) 100vw, 161px\" \/><\/a><\/p>\n<p style=\"text-align: center;\"><a href=\"https:\/\/docs.google.com\/presentation\/d\/1gGlqFGJl-96dN8jXE8I_m9iZNFtr_KEBrdhUL6rIX9A\/edit?usp=sharing\" target=\"_blank\" rel=\"noopener\"><strong>Qu\u00e8 \u00e9s la signatura digital?<\/strong><\/a><\/p>\n<p style=\"text-align: center;\"><a href=\"https:\/\/firmaelectronica.gob.es\/Home\/Ciudadanos\/DNI-Electronico.html?idioma=ca\" target=\"_blank\" rel=\"noopener noreferrer\"><strong>DNI electr\u00f2nic: m\u00e9s informaci\u00f3<\/strong><\/a><\/p>\n<\/td>\n<td>\n<p style=\"text-align: center;\"><strong>V\u00eddeotutorial per a realitzar una valisa electr\u00f2nica<br \/>\n<\/strong><\/p>\n<p><a href=\"https:\/\/documents.espai.educacio.gencat.cat\/IPCAministracioElectron\/Tutorial-eValisa.mp4\" target=\"_blank\" rel=\"noopener noreferrer\"><strong> <img loading=\"lazy\" decoding=\"async\" class=\"wp-image-10994 aligncenter\" src=\"https:\/\/serveiseducatius.xtec.cat\/montsia\/wp-content\/uploads\/usu1125\/2020\/02\/evalisa-pas-a-pas.png\" alt=\"\" width=\"298\" height=\"211\" srcset=\"https:\/\/serveiseducatius.xtec.cat\/montsia\/wp-content\/uploads\/usu1125\/2020\/02\/evalisa-pas-a-pas.png 675w, https:\/\/serveiseducatius.xtec.cat\/montsia\/wp-content\/uploads\/usu1125\/2020\/02\/evalisa-pas-a-pas-300x212.png 300w\" sizes=\"auto, (max-width: 298px) 100vw, 298px\" \/><\/strong><\/a><\/td>\n<\/tr>\n<tr>\n<td><a href=\"http:\/\/goo.gl\/Y3qpwV\" target=\"_blank\" rel=\"noopener noreferrer\"><img loading=\"lazy\" decoding=\"async\" class=\"wp-image-12594 aligncenter\" src=\"https:\/\/serveiseducatius.xtec.cat\/montsia\/wp-content\/uploads\/usu1125\/2021\/04\/guies-protocols-activitats.png\" alt=\"\" width=\"336\" height=\"232\" srcset=\"https:\/\/serveiseducatius.xtec.cat\/montsia\/wp-content\/uploads\/usu1125\/2021\/04\/guies-protocols-activitats.png 516w, https:\/\/serveiseducatius.xtec.cat\/montsia\/wp-content\/uploads\/usu1125\/2021\/04\/guies-protocols-activitats-300x208.png 300w\" sizes=\"auto, (max-width: 336px) 100vw, 336px\" \/><\/a><\/p>\n<p style=\"text-align: center;\"><strong>\u00a0<\/strong><\/p>\n<\/td>\n<td>\n<p style=\"text-align: center;\"><a href=\"http:\/\/goo.gl\/KNrG4f\" target=\"_blank\" rel=\"noopener noreferrer\"><strong><img loading=\"lazy\" decoding=\"async\" class=\"alignnone wp-image-12595\" src=\"https:\/\/serveiseducatius.xtec.cat\/montsia\/wp-content\/uploads\/usu1125\/2021\/04\/guies-protocols-activitats-2.png\" alt=\"\" width=\"354\" height=\"293\" srcset=\"https:\/\/serveiseducatius.xtec.cat\/montsia\/wp-content\/uploads\/usu1125\/2021\/04\/guies-protocols-activitats-2.png 514w, https:\/\/serveiseducatius.xtec.cat\/montsia\/wp-content\/uploads\/usu1125\/2021\/04\/guies-protocols-activitats-2-300x249.png 300w\" sizes=\"auto, (max-width: 354px) 100vw, 354px\" \/><\/strong><\/a><\/p>\n<\/td>\n<\/tr>\n<\/tbody>\n<\/table>\n<h2 id=\"contenido\">Signatura electr\u00f2nica<\/h2>\n<p>La signatura electr\u00f2nica es realitza amb un certificat digital, el qual s&#8217;aplica sobre un document digital, amb l&#8217;objectiu de signar-lo. Quan signem un document amb un certificat digital aquest \u00e9s considerat l\u2019original aquesta signatura t\u00e9 la mateixa validesa que una signatura manuscrita.<\/p>\n<p><strong>Per fer-ho cal:<\/strong><\/p>\n<p><strong>1. Disposar d\u2019un certificat digital de signatura electr\u00f2nica reconeguda<\/strong>. Els certificats digitals m\u00e9s comuns al nostre entorn, actualment, s\u00f3n el DNIe, l&#8217;idCAT i la T-CAT.<\/p>\n<ul>\n<li><strong>DNIe<\/strong>. En pot disposar qualsevol persona f\u00edsica que activi el certificat del carnet de DNI en una oficina expedidora de DNI i disposi d\u2019un codi secret. L\u2019usuari el pot usar tant per a les tasques relacionades amb les seves funcions al Departament (caldr\u00e0 posar en el document que se signa el c\u00e0rrec del signatari de la mateixa manera que es fa en els documents signats en paper), com tamb\u00e9 per a qualsevol altra activitat personal. M\u00e9s informaci\u00f3 a <a href=\"https:\/\/www.dnielectronico.es\/\" target=\"_blank\" rel=\"noopener noreferrer\">https:\/\/www.dnielectronico.es\/<\/a><\/li>\n<li><strong>idCAT.<\/strong> Amb el certificat digital idCAT, podem operar amb l\u2019Administraci\u00f3 i assegurar la integritat i la confidencialitat de les dades que es trameten: signar formularis i tamb\u00e9 correus i altres documents electr\u00f2nics. Per fer tr\u00e0mits menys complexos, podem identificar-nos amb l\u2019idCAT M\u00f2bil, un servei d\u2019identificaci\u00f3 basat en el lliurament d\u2019una contrasenya d\u2019un sol \u00fas a un tel\u00e8fon m\u00f2bil. M\u00e9s informaci\u00f3 a <a href=\"https:\/\/www.idcat.cat\/\" target=\"_blank\" rel=\"noopener noreferrer\">https:\/\/www.idcat.cat\/<\/a><\/li>\n<li><strong>T-CAT.<\/strong> <span dir=\"ltr\">\u00c9s la targeta del personal de les <\/span><span dir=\"ltr\">administracions p\u00fabliques catalanes i cont\u00e9 certificats <\/span><span dir=\"ltr\">digitals reconeguts de CATCert que permeten garantir la <\/span><span dir=\"ltr\">identitat i els atributs personals del seu titular i que est\u00e0 <\/span><span dir=\"ltr\">vinculat amb el subscriptor pertanyent al sector p\u00fablic.<\/span><span dir=\"ltr\">Aquesta targeta \u00e9s personal, intransferible i identifica al <\/span><span dir=\"ltr\">titular com a persona certificada per l\u2019Ag\u00e8ncia Catalana <\/span><span dir=\"ltr\">de Certificaci\u00f3. M\u00e9s informaci\u00f3 a <a href=\"https:\/\/www.aoc.cat\/\" target=\"_blank\" rel=\"noopener noreferrer\">https:\/\/www.aoc.cat\/<\/a><\/span><\/li>\n<\/ul>\n<p><strong>2. Disposar d\u2019un lector de targeta de certificats digitals. <\/strong>Actualment ja hi ha teclats que incorporen lectors de targetes de certificats digitals (per al cas del DNIe), per\u00f2 tamb\u00e9 \u00e9s possible que disposem del certificat digital en una clau USB o arxiu digital, evitant aix\u00ed disposar d&#8217;un lector de targetes de certificats digitals. La manera m\u00e9s senzilla, per\u00f2, \u00e9s disposant d&#8217;un lector de targetes de certificats digitals.<\/p>\n<p><strong>3. Disposar d\u2019un programari per usar el certificat digital.<\/strong><\/p>\n<ul>\n<li>Hi ha diversos programes que ens permeten la signatura digital, tot i que el m\u00e9s com\u00fa \u00e9s <strong>Acrobat Reader. <\/strong>Consulteu el seg\u00fcent videotutorial:\n<ul>\n<li>Signatura digital amb Acrobat Reader, realitzat per AulesClick:<iframe loading=\"lazy\" src=\"\/\/www.youtube.com\/embed\/tEII9drAs5s\" width=\"560\" height=\"314\"><\/iframe><\/li>\n<li>Per ampliar informaci\u00f3, web de Seu electr\u00f2nica: <a href=\"https:\/\/web.gencat.cat\/ca\/seu-electronica\" target=\"_blank\" rel=\"noopener noreferrer\">https:\/\/web.gencat.cat\/ca\/seu-electronica<\/a><\/li>\n<\/ul>\n<\/li>\n<\/ul>\n<h4 class=\"subtitle\">Q\u00fcestions que cal tenir en compte<\/h4>\n<ul>\n<li>Un document pot ser signat per diverses persones.<\/li>\n<li>En un document signat electr\u00f2nicament \u00e9s possible realitzar modificacions amb l\u2019Adobe professional, per\u00f2<strong>\u00a0tot canvi posterior a la signatura quedar\u00e0 indicat en el tauler de signatures<\/strong> i per tant queda const\u00e0ncia de la modificaci\u00f3. <span style=\"text-decoration: underline;\">Els canvis que es realitzen posteriorment a la seva signatura, probablement, invaliden el document signat, i caldr\u00e0 tornar-lo a signar.<\/span><\/li>\n<li>La\u00a0<strong>validesa de la signatura<\/strong>\u00a0incrustada no ve determinada per la seva visibilitat (que es vegi la caixa de la signatura en el document). La informaci\u00f3 sobre la validesa es pot consultar al <em>Tauler de signatures<\/em> del document PDF signat:\n<ul>\n<li style=\"list-style-type: none;\">\n<ul>\n<li style=\"list-style-type: none;\">\n<ul>\n<li>si s\u2019ha marcat l\u2019<strong>opci\u00f3 de verificar signatures<\/strong>\u00a0a l\u2019Adobe Reader, es veu autom\u00e0ticament;<\/li>\n<li>si est\u00e0 desmarcada, es mostra el missatge \u201c<em>com a m\u00ednim una signatura requereix validaci\u00f3<\/em>\u201c. Per validar-la cal clicar a \u201c<em>Valida-ho tot<\/em>\u201c. Si la signatura original \u00e9s v\u00e0lida, queda validada autom\u00e0ticament; si est\u00e0 revocada, informa d\u2019aquest estat de revocaci\u00f3.<\/li>\n<\/ul>\n<\/li>\n<\/ul>\n<\/li>\n<\/ul>\n<\/li>\n<li>La signatura sempre ha d\u2019incorporar el <strong>segell de temps<\/strong>, amb la data i hora en qu\u00e8 s\u2019ha signat. Per evitar confusions, el document no ha d\u2019incloure la data en qu\u00e8 s\u2019ha elaborat:\u00a0<strong>la data v\u00e0lida \u00e9s sempre la data de la signatura electr\u00f2nica<\/strong>.<\/li>\n<\/ul>\n","protected":false},"excerpt":{"rendered":"<p>Recull de documents de suport als formadors i als assistents a les activitats de formaci\u00f3. L&#8217;entorn de gesti\u00f3 de les [&hellip;]<\/p>\n","protected":false},"author":1,"featured_media":0,"parent":416,"menu_order":100,"comment_status":"closed","ping_status":"closed","template":"page-templates\/side-menu.php","meta":{"_bbp_topic_count":0,"_bbp_reply_count":0,"_bbp_total_topic_count":0,"_bbp_total_reply_count":0,"_bbp_voice_count":0,"_bbp_anonymous_reply_count":0,"_bbp_topic_count_hidden":0,"_bbp_reply_count_hidden":0,"_bbp_forum_subforum_count":0,"site-sidebar-layout":"default","site-content-layout":"","ast-site-content-layout":"","site-content-style":"default","site-sidebar-style":"default","ast-global-header-display":"","ast-banner-title-visibility":"","ast-main-header-display":"","ast-hfb-above-header-display":"","ast-hfb-below-header-display":"","ast-hfb-mobile-header-display":"","site-post-title":"","ast-breadcrumbs-content":"","ast-featured-img":"","footer-sml-layout":"","theme-transparent-header-meta":"","adv-header-id-meta":"","stick-header-meta":"","header-above-stick-meta":"","header-main-stick-meta":"","header-below-stick-meta":"","astra-migrate-meta-layouts":"default","ast-page-background-enabled":"default","ast-page-background-meta":{"desktop":{"background-color":"var(--ast-global-color-4)","background-image":"","background-repeat":"repeat","background-position":"center center","background-size":"auto","background-attachment":"scroll","background-type":"","background-media":"","overlay-type":"","overlay-color":"","overlay-opacity":"","overlay-gradient":""},"tablet":{"background-color":"","background-image":"","background-repeat":"repeat","background-position":"center center","background-size":"auto","background-attachment":"scroll","background-type":"","background-media":"","overlay-type":"","overlay-color":"","overlay-opacity":"","overlay-gradient":""},"mobile":{"background-color":"","background-image":"","background-repeat":"repeat","background-position":"center center","background-size":"auto","background-attachment":"scroll","background-type":"","background-media":"","overlay-type":"","overlay-color":"","overlay-opacity":"","overlay-gradient":""}},"ast-content-background-meta":{"desktop":{"background-color":"var(--ast-global-color-5)","background-image":"","background-repeat":"repeat","background-position":"center center","background-size":"auto","background-attachment":"scroll","background-type":"","background-media":"","overlay-type":"","overlay-color":"","overlay-opacity":"","overlay-gradient":""},"tablet":{"background-color":"var(--ast-global-color-5)","background-image":"","background-repeat":"repeat","background-position":"center center","background-size":"auto","background-attachment":"scroll","background-type":"","background-media":"","overlay-type":"","overlay-color":"","overlay-opacity":"","overlay-gradient":""},"mobile":{"background-color":"var(--ast-global-color-5)","background-image":"","background-repeat":"repeat","background-position":"center center","background-size":"auto","background-attachment":"scroll","background-type":"","background-media":"","overlay-type":"","overlay-color":"","overlay-opacity":"","overlay-gradient":""}},"footnotes":""},"class_list":["post-10602","page","type-page","status-publish","hentry"],"post_mailing_queue_ids":[],"_links":{"self":[{"href":"https:\/\/serveiseducatius.xtec.cat\/montsia\/wp-json\/wp\/v2\/pages\/10602","targetHints":{"allow":["GET"]}}],"collection":[{"href":"https:\/\/serveiseducatius.xtec.cat\/montsia\/wp-json\/wp\/v2\/pages"}],"about":[{"href":"https:\/\/serveiseducatius.xtec.cat\/montsia\/wp-json\/wp\/v2\/types\/page"}],"author":[{"embeddable":true,"href":"https:\/\/serveiseducatius.xtec.cat\/montsia\/wp-json\/wp\/v2\/users\/1"}],"replies":[{"embeddable":true,"href":"https:\/\/serveiseducatius.xtec.cat\/montsia\/wp-json\/wp\/v2\/comments?post=10602"}],"version-history":[{"count":5,"href":"https:\/\/serveiseducatius.xtec.cat\/montsia\/wp-json\/wp\/v2\/pages\/10602\/revisions"}],"predecessor-version":[{"id":15117,"href":"https:\/\/serveiseducatius.xtec.cat\/montsia\/wp-json\/wp\/v2\/pages\/10602\/revisions\/15117"}],"up":[{"embeddable":true,"href":"https:\/\/serveiseducatius.xtec.cat\/montsia\/wp-json\/wp\/v2\/pages\/416"}],"wp:attachment":[{"href":"https:\/\/serveiseducatius.xtec.cat\/montsia\/wp-json\/wp\/v2\/media?parent=10602"}],"curies":[{"name":"wp","href":"https:\/\/api.w.org\/{rel}","templated":true}]}}