{"id":10581,"date":"2019-06-13T12:36:02","date_gmt":"2019-06-13T10:36:02","guid":{"rendered":"http:\/\/serveiseducatius.xtec.cat\/montsia\/?page_id=10581"},"modified":"2024-11-06T11:01:05","modified_gmt":"2024-11-06T10:01:05","slug":"robotebre-mostra-de-robotica-educativa","status":"publish","type":"page","link":"https:\/\/serveiseducatius.xtec.cat\/montsia\/dinamitzacio\/robotebre-mostra-de-robotica-educativa\/","title":{"rendered":"Rob\u00f2tica educativa"},"content":{"rendered":"<p>RobotEbre \u00e9s la mostra de rob\u00f2tica educativa de Terres de l&#8217;Ebre. Va n\u00e9ixer l&#8217;any 2016 i hi tenen cabuda una \u00e0mplia diversitat d&#8217;activitats, entre les quals es destaquen:<\/p>\n<ul>\n<li>Pon\u00e8ncies realitzades per experts.<\/li>\n<li>Difusi\u00f3 d\u2019experi\u00e8ncies realitzades en centres educatius.<\/li>\n<li>Mostra de Projectes de Rob\u00f2tica realitzats a 4rt d\u2019ESO.<\/li>\n<li>Mostra d\u2019Apps creades dins de l\u2019assignatura \u201cMobilitzem la Inform\u00e0tica\u201d.<\/li>\n<li>Mostra de treballs de recerca de Batxillerat relacionats amb el m\u00f3n de la rob\u00f2tica i\/o la programaci\u00f3.<\/li>\n<\/ul>\n<p>Al bloc <strong><a href=\"https:\/\/blocs.xtec.cat\/robotebre\/\" target=\"_blank\" rel=\"noopener noreferrer\">RobotEbre (https:\/\/blocs.xtec.cat\/robotebre\/)<\/a><\/strong> hi ha recollida la informaci\u00f3 de totes les edicions realitzades.<\/p>\n<p><img loading=\"lazy\" decoding=\"async\" class=\" wp-image-10582 aligncenter\" src=\"https:\/\/serveiseducatius.xtec.cat\/montsia\/wp-content\/uploads\/usu1125\/2019\/06\/robotebre.jpg\" alt=\"\" width=\"428\" height=\"506\" srcset=\"https:\/\/serveiseducatius.xtec.cat\/montsia\/wp-content\/uploads\/usu1125\/2019\/06\/robotebre.jpg 600w, https:\/\/serveiseducatius.xtec.cat\/montsia\/wp-content\/uploads\/usu1125\/2019\/06\/robotebre-254x300.jpg 254w\" sizes=\"auto, (max-width: 428px) 100vw, 428px\" \/><\/p>\n","protected":false},"excerpt":{"rendered":"<p>RobotEbre \u00e9s la mostra de rob\u00f2tica educativa de Terres de l&#8217;Ebre. Va n\u00e9ixer l&#8217;any 2016 i hi tenen cabuda una [&hellip;]<\/p>\n","protected":false},"author":1,"featured_media":0,"parent":10443,"menu_order":80,"comment_status":"closed","ping_status":"closed","template":"page-templates\/side-menu.php","meta":{"_bbp_topic_count":0,"_bbp_reply_count":0,"_bbp_total_topic_count":0,"_bbp_total_reply_count":0,"_bbp_voice_count":0,"_bbp_anonymous_reply_count":0,"_bbp_topic_count_hidden":0,"_bbp_reply_count_hidden":0,"_bbp_forum_subforum_count":0,"site-sidebar-layout":"default","site-content-layout":"","ast-site-content-layout":"","site-content-style":"default","site-sidebar-style":"default","ast-global-header-display":"","ast-banner-title-visibility":"","ast-main-header-display":"","ast-hfb-above-header-display":"","ast-hfb-below-header-display":"","ast-hfb-mobile-header-display":"","site-post-title":"","ast-breadcrumbs-content":"","ast-featured-img":"","footer-sml-layout":"","theme-transparent-header-meta":"","adv-header-id-meta":"","stick-header-meta":"","header-above-stick-meta":"","header-main-stick-meta":"","header-below-stick-meta":"","astra-migrate-meta-layouts":"default","ast-page-background-enabled":"default","ast-page-background-meta":{"desktop":{"background-color":"var(--ast-global-color-4)","background-image":"","background-repeat":"repeat","background-position":"center center","background-size":"auto","background-attachment":"scroll","background-type":"","background-media":"","overlay-type":"","overlay-color":"","overlay-opacity":"","overlay-gradient":""},"tablet":{"background-color":"","background-image":"","background-repeat":"repeat","background-position":"center center","background-size":"auto","background-attachment":"scroll","background-type":"","background-media":"","overlay-type":"","overlay-color":"","overlay-opacity":"","overlay-gradient":""},"mobile":{"background-color":"","background-image":"","background-repeat":"repeat","background-position":"center center","background-size":"auto","background-attachment":"scroll","background-type":"","background-media":"","overlay-type":"","overlay-color":"","overlay-opacity":"","overlay-gradient":""}},"ast-content-background-meta":{"desktop":{"background-color":"var(--ast-global-color-5)","background-image":"","background-repeat":"repeat","background-position":"center center","background-size":"auto","background-attachment":"scroll","background-type":"","background-media":"","overlay-type":"","overlay-color":"","overlay-opacity":"","overlay-gradient":""},"tablet":{"background-color":"var(--ast-global-color-5)","background-image":"","background-repeat":"repeat","background-position":"center center","background-size":"auto","background-attachment":"scroll","background-type":"","background-media":"","overlay-type":"","overlay-color":"","overlay-opacity":"","overlay-gradient":""},"mobile":{"background-color":"var(--ast-global-color-5)","background-image":"","background-repeat":"repeat","background-position":"center center","background-size":"auto","background-attachment":"scroll","background-type":"","background-media":"","overlay-type":"","overlay-color":"","overlay-opacity":"","overlay-gradient":""}},"footnotes":""},"class_list":["post-10581","page","type-page","status-publish","hentry"],"post_mailing_queue_ids":[],"_links":{"self":[{"href":"https:\/\/serveiseducatius.xtec.cat\/montsia\/wp-json\/wp\/v2\/pages\/10581","targetHints":{"allow":["GET"]}}],"collection":[{"href":"https:\/\/serveiseducatius.xtec.cat\/montsia\/wp-json\/wp\/v2\/pages"}],"about":[{"href":"https:\/\/serveiseducatius.xtec.cat\/montsia\/wp-json\/wp\/v2\/types\/page"}],"author":[{"embeddable":true,"href":"https:\/\/serveiseducatius.xtec.cat\/montsia\/wp-json\/wp\/v2\/users\/1"}],"replies":[{"embeddable":true,"href":"https:\/\/serveiseducatius.xtec.cat\/montsia\/wp-json\/wp\/v2\/comments?post=10581"}],"version-history":[{"count":3,"href":"https:\/\/serveiseducatius.xtec.cat\/montsia\/wp-json\/wp\/v2\/pages\/10581\/revisions"}],"predecessor-version":[{"id":15037,"href":"https:\/\/serveiseducatius.xtec.cat\/montsia\/wp-json\/wp\/v2\/pages\/10581\/revisions\/15037"}],"up":[{"embeddable":true,"href":"https:\/\/serveiseducatius.xtec.cat\/montsia\/wp-json\/wp\/v2\/pages\/10443"}],"wp:attachment":[{"href":"https:\/\/serveiseducatius.xtec.cat\/montsia\/wp-json\/wp\/v2\/media?parent=10581"}],"curies":[{"name":"wp","href":"https:\/\/api.w.org\/{rel}","templated":true}]}}