{"id":10257,"date":"2019-04-09T09:30:56","date_gmt":"2019-04-09T07:30:56","guid":{"rendered":"http:\/\/serveiseducatius.xtec.cat\/montsia\/?page_id=10257"},"modified":"2025-11-22T11:25:09","modified_gmt":"2025-11-22T10:25:09","slug":"recull-de-recursos","status":"publish","type":"page","link":"https:\/\/serveiseducatius.xtec.cat\/montsia\/recull-de-recursos\/","title":{"rendered":"Recull de recursos: Grups de treball"},"content":{"rendered":"\n        <div class=\"wp-block-getwid-post-carousel custom-post-type-post has-slides-gap-small is-carousel has-arrows-inside has-dots-outside\">\n            <div data-slider-option=\"{&quot;sliderSlidesToShowDesktop&quot;:&quot;2&quot;,&quot;getwid_slidesToShowLaptop&quot;:&quot;1&quot;,&quot;getwid_slidesToShowTablet&quot;:&quot;1&quot;,&quot;getwid_slidesToShowMobile&quot;:&quot;1&quot;,&quot;getwid_autoplay_speed&quot;:3000,&quot;getwid_animation_speed&quot;:800,&quot;getwid_slidesToScroll&quot;:&quot;1&quot;,&quot;getwid_autoplay&quot;:true,&quot;getwid_pause_on_hover&quot;:false,&quot;getwid_infinite&quot;:true,&quot;getwid_center_mode&quot;:false,&quot;getwid_arrows&quot;:&quot;inside&quot;,&quot;getwid_dots&quot;:&quot;outside&quot;}\" class=\"wp-block-getwid-post-carousel__wrapper\">\n                \t\t\t\t\t\t\t<div class=\"wp-block-getwid-post-carousel__slide\">\n\t\t\t\t\t\t\t\t\n<div class=\"wp-block-getwid-post-carousel__post\">\n            <div class=\"wp-block-getwid-post-carousel__post-thumbnail\">\n            <a href=\"https:\/\/serveiseducatius.xtec.cat\/montsia\/general\/xxviii-jornades-pedagogico-musicals-de-les-terres-de-lebre-ii-percucolours\/\"><img loading=\"lazy\" decoding=\"async\" width=\"681\" height=\"352\" src=\"https:\/\/serveiseducatius.xtec.cat\/montsia\/wp-content\/uploads\/usu1125\/2025\/04\/Captura-de-pantalla-2025-04-23-172005.png\" class=\"attachment-post-thumbnail size-post-thumbnail wp-post-image\" alt=\"\" srcset=\"https:\/\/serveiseducatius.xtec.cat\/montsia\/wp-content\/uploads\/usu1125\/2025\/04\/Captura-de-pantalla-2025-04-23-172005.png 681w, https:\/\/serveiseducatius.xtec.cat\/montsia\/wp-content\/uploads\/usu1125\/2025\/04\/Captura-de-pantalla-2025-04-23-172005-300x155.png 300w\" sizes=\"auto, (max-width: 681px) 100vw, 681px\" \/><\/a>\n        <\/div>\n        <div class=\"wp-block-getwid-post-carousel__post-content-wrapper\">\n        <div class=\"wp-block-getwid-post-carousel__post-header\">\n            <h3 class=\"wp-block-getwid-post-carousel__post-title\"><a href=\"https:\/\/serveiseducatius.xtec.cat\/montsia\/general\/xxviii-jornades-pedagogico-musicals-de-les-terres-de-lebre-ii-percucolours\/\">XXVIII Jornades Pedag\u00f2gico-Musicals de les Terres de l&#8217;Ebre (II) &#8211; Percucolours<\/a><\/h3>        <\/div>\n        <div class=\"wp-block-getwid-post-carousel__post-excerpt\"><p>Dissabte 26, va tenir lloc la segona sessi\u00f3 de formaci\u00f3 inclosa dins de les XXVIII Jornades pedag\u00f2gico-musicals de les Terres [&hellip;]<\/p>\n<\/div>\n    <\/div>\n<\/div>\n\n\t\t\t\t\t\t\t<\/div>\n\t\t\t\t\t\t\t\t\t\t\t\t\t<div class=\"wp-block-getwid-post-carousel__slide\">\n\t\t\t\t\t\t\t\t\n<div class=\"wp-block-getwid-post-carousel__post\">\n            <div class=\"wp-block-getwid-post-carousel__post-thumbnail\">\n            <a href=\"https:\/\/serveiseducatius.xtec.cat\/montsia\/general\/xxviii-jornades-pedagogico-musicals-de-les-terres-de-lebre-i-taller-de-dansa-a-lestil-bollywood\/\"><img loading=\"lazy\" decoding=\"async\" width=\"1600\" height=\"921\" src=\"https:\/\/serveiseducatius.xtec.cat\/montsia\/wp-content\/uploads\/usu1125\/2025\/03\/WhatsApp-Image-2025-03-24-at-16.41.42.jpeg\" class=\"attachment-post-thumbnail size-post-thumbnail wp-post-image\" alt=\"\" srcset=\"https:\/\/serveiseducatius.xtec.cat\/montsia\/wp-content\/uploads\/usu1125\/2025\/03\/WhatsApp-Image-2025-03-24-at-16.41.42.jpeg 1600w, https:\/\/serveiseducatius.xtec.cat\/montsia\/wp-content\/uploads\/usu1125\/2025\/03\/WhatsApp-Image-2025-03-24-at-16.41.42-300x173.jpeg 300w, https:\/\/serveiseducatius.xtec.cat\/montsia\/wp-content\/uploads\/usu1125\/2025\/03\/WhatsApp-Image-2025-03-24-at-16.41.42-1024x589.jpeg 1024w, https:\/\/serveiseducatius.xtec.cat\/montsia\/wp-content\/uploads\/usu1125\/2025\/03\/WhatsApp-Image-2025-03-24-at-16.41.42-768x442.jpeg 768w, https:\/\/serveiseducatius.xtec.cat\/montsia\/wp-content\/uploads\/usu1125\/2025\/03\/WhatsApp-Image-2025-03-24-at-16.41.42-1536x884.jpeg 1536w\" sizes=\"auto, (max-width: 1600px) 100vw, 1600px\" \/><\/a>\n        <\/div>\n        <div class=\"wp-block-getwid-post-carousel__post-content-wrapper\">\n        <div class=\"wp-block-getwid-post-carousel__post-header\">\n            <h3 class=\"wp-block-getwid-post-carousel__post-title\"><a href=\"https:\/\/serveiseducatius.xtec.cat\/montsia\/general\/xxviii-jornades-pedagogico-musicals-de-les-terres-de-lebre-i-taller-de-dansa-a-lestil-bollywood\/\">XXVIII Jornades Pedag\u00f2gico-musicals de les Terres de l&#8217;Ebre (I) &#8211; Taller de dansa a l&#8217;estil Bollywood<\/a><\/h3>        <\/div>\n        <div class=\"wp-block-getwid-post-carousel__post-excerpt\"><p>Dissabte passat, va tenir lloc la primera sessi\u00f3 de les XXVIII Jornades pedag\u00f2gico-musicals de les Terres de l&#8217;Ebre. Aquesta fou [&hellip;]<\/p>\n<\/div>\n    <\/div>\n<\/div>\n\n\t\t\t\t\t\t\t<\/div>\n\t\t\t\t\t\t            <\/div>\n        <\/div>\n        \n\n<p>Espai espec\u00edfic per a recollida de recursos provinents de Grups de Treball.<\/p>\n<ul>\n<li><strong>Educaci\u00f3 Musical:<\/strong>\u00a0<strong><a href=\"https:\/\/www.pinterest.es\/msicaterresebre\/\" target=\"_blank\" rel=\"noopener noreferrer\">Repositori de recursos d&#8217;educaci\u00f3 musical<\/a><\/strong> recollits pel <strong>Grup de treball de Mestres de M\u00fasica<\/strong> en el marc del PFZ del Montsi\u00e0, a partir del curs 2018\/2019. Els enregistrament de de les Jornades pedag\u00f2gicomusicals de Terres de l&#8217;Ebre estan disponibles al canal de YouTube <a href=\"https:\/\/www.youtube.com\/channel\/UCgkQ5c44S2WZLP5raiSrjSQ\" target=\"_blank\" rel=\"noopener noreferrer\">https:\/\/www.youtube.com\/channel\/UCgkQ5c44S2WZLP5raiSrjSQ<\/a>. Les jornades de mestres de m\u00fasica gaudeixen d&#8217;una llarga tradici\u00f3; el curs 2021-2022 s&#8217;ha celebrat la seva 25a edici\u00f3.<\/li>\n<li><strong>Augmentant oportunitats:<\/strong> materials elaborats pel <strong>grup de treball<\/strong> <strong><a href=\"https:\/\/augmentantoportunitats.weebly.com\/\" target=\"_blank\" rel=\"noopener noreferrer\">&#8220;Realitat augmentada i realitat virtual com a eines per a la inclusi\u00f3&#8221;<\/a><\/strong> en el marc del PFZ del Montsi\u00e0, durant el curs 2018\/2019.<\/li>\n<li><strong>La veritable hist\u00f2ria de la m\u00fasica (<a href=\"https:\/\/laveritablehistoriadelamusica.wordpress.com\/\" target=\"_blank\" rel=\"noopener noreferrer\">https:\/\/laveritablehistoriadelamusica.wordpress.com\/<\/a>):<\/strong> recull elaborat per <strong>Enric Mu\u00f1oz<\/strong> on es mostren les m\u00fasiques de totes les cultures i \u00e8poques, de manera clara, directa i equitativa. Les cinc categories principals (Antiguitat, Cl\u00e0ssica, Moderna, Electr\u00f2nica, M\u00f3n) es divideixen en un nombre redu\u00eft de g\u00e8neres que enllacen amb llistes de reproducci\u00f3 Spotify d&#8217;una hora, acompanyades de paraules clau que ajuden a entendre l&#8217;evoluci\u00f3 cronol\u00f2gica. Aquestes llistes musicals poden ser molt \u00fatils per a professors i alumnes, especialment d&#8217;ESO, Batxillerat, Cicles Formatius i Ensenyaments Art\u00edstics (tot i que la majoria dels continguts s&#8217;adapten a qualsevol nivell educatiu). A tall d\u2019exemple, per con\u00e8ixer instruments i t\u00e8cniques interpretatives, contextualitzar obres i artistes, descobrir estils nous i q\u00fcestionar possibles prejudicis musicals.<\/li>\n<li><strong>Eduquem en la reserva de la biosfera (<a href=\"https:\/\/sites.google.com\/xtec.cat\/gtebrebiosfera\/inici?authuser=0\" target=\"_blank\" rel=\"noopener noreferrer\">https:\/\/sites.google.com\/xtec.cat\/gtebrebiosfera\/<\/a>)<\/strong>: recull els protocols i materials proposats i creats a les sessions del grup de treball &#8220;Eduquem en la reserva de la biosfera&#8221; per part dels seus components. El grup est\u00e0 format per docents d&#8217;educaci\u00f3 infantil, prim\u00e0ria i secund\u00e0ria interessats en introduir i aprofitar les potencialitats de la reserva de la biosfera de les Terres de l&#8217;Ebre en el camp educatiu.<\/li>\n<li><strong>Portes de la mem\u00f2ria- Projecte educatiu de mem\u00f2ria hist\u00f2rica a les Terres de l&#8217;Ebre (<a href=\"https:\/\/sites.google.com\/xtec.cat\/portes-de-la-memoria\/inici\" target=\"_blank\" rel=\"noopener noreferrer\">https:\/\/sites.google.com\/xtec.cat\/portes-de-la-memoria\/inici<\/a>)<\/strong>:\u00a0 el grup de treball <strong>DEMD-Ebre<\/strong> (exili, deportaci\u00f3 i holocaust) est\u00e0 format per docents de diferents especialitats interessat en la mem\u00f2ria hist\u00f2rica a les Terres de l&#8217;Ebre. El seu projecte marc s&#8217;anomena Portes de la mem\u00f2ria i pret\u00e9n recuperar, als centres de secund\u00e0ria del territori, la mem\u00f2ria de les dones i els homes ebrencs que van viure i patir la Batalla de l\u2019Ebre i la deportaci\u00f3 als camps nazis. En relaci\u00f3 a aquesta tem\u00e0tica, hi ha disponible un\u00a0<b>recurs pedag\u00f2gic gratu\u00eft per a secund\u00e0ria sobre la mem\u00f2ria hist\u00f2rica<\/b> a l&#8217;estat espanyol. Aquest recurs s&#8217;ha elaborat amb el suport del Ministeri de Presid\u00e8ncia i Mem\u00f2ria Democr\u00e0tica i l&#8217;Ajuntament de Barcelona, i s&#8217;ha concretat en una p\u00e0gina web amb material did\u00e0ctic, fragments d&#8217;entrevistes a supervivents de la Guerra Civil i el franquisme<span class=\"gmail_default\">,<\/span>\u00a0propostes d&#8217;activitats per als alumnes<span class=\"gmail_default\">\u00a0i una petita guia docent<\/span>. Podeu consultar el portal web a la seg\u00fcent adre\u00e7a: <a style=\"font-family: inherit; font-size: 1em;\" href=\"https:\/\/vencidxs.com\/e\/introduccion\/?lang=ca\" target=\"_blank\" rel=\"noopener\" data-saferedirecturl=\"https:\/\/www.google.com\/url?q=https:\/\/vencidxs.com\/e\/introduccion\/?lang%3Dca&amp;source=gmail&amp;ust=1701435484967000&amp;usg=AOvVaw2mV8sUMDyVC_y2urwFaDpl\">https:\/\/vencidxs.com\/<wbr \/>e\/introduccion\/?lang=ca<\/a><\/li>\n<li><strong>Grup de treball d&#8217;educaci\u00f3 f\u00edsica de l&#8217;ICE de la URV &#8211; Terres de l&#8217;Ebre<\/strong><\/li>\n<\/ul>\n<p><img loading=\"lazy\" decoding=\"async\" class=\"size-full wp-image-14042 aligncenter\" src=\"https:\/\/serveiseducatius.xtec.cat\/montsia\/wp-content\/uploads\/usu1125\/2023\/05\/efttee.jpg\" alt=\"\" width=\"400\" height=\"300\" srcset=\"https:\/\/serveiseducatius.xtec.cat\/montsia\/wp-content\/uploads\/usu1125\/2023\/05\/efttee.jpg 400w, https:\/\/serveiseducatius.xtec.cat\/montsia\/wp-content\/uploads\/usu1125\/2023\/05\/efttee-300x225.jpg 300w, https:\/\/serveiseducatius.xtec.cat\/montsia\/wp-content\/uploads\/usu1125\/2023\/05\/efttee-200x150.jpg 200w\" sizes=\"auto, (max-width: 400px) 100vw, 400px\" \/><\/p>\n<p style=\"padding-left: 40px;\">Al Campus Terres de l\u2019Ebre de la URV hi trobem l\u2019Institut de Ci\u00e8ncies de l\u2019Educaci\u00f3 de la Universitat Rovira i Virgili (ICE-URV) el qual disposa de diferents grups de treball. Un d\u2019aquests grups \u00e9s el d\u2019educaci\u00f3 f\u00edsica de les TE, format per mestres i professorat d\u2019educaci\u00f3 f\u00edsica de centres de les nostres terres. Al llarg dels \u00faltims anys han estat investigant, formant-se i creant noves propostes did\u00e0ctiques lligades a l\u2019activitat f\u00edsica i l\u2019esport.<\/p>\n<p style=\"padding-left: 40px;\">El seu objectiu \u00e9s indagar, crear i dur a terme propostes innovadores en el camp de l\u2019educaci\u00f3 f\u00edsica. A trav\u00e9s de la seva p\u00e0gina web i les seves xarxes socials fan difusi\u00f3 de tots els materials i propostes educatives que han creat per portar a terme tant a l\u2019aula de les nostres escoles com als entorns de les Terres de l\u2019Ebre.<\/p>\n<p style=\"padding-left: 40px;\">Per poder con\u00e8ixer-los una mica m\u00e9s, aqu\u00ed teniu els enlla\u00e7os de la seva p\u00e0gina web i de les seves xarxes socials:<\/p>\n<ul>\n<li style=\"list-style-type: none;\">\n<ul>\n<li style=\"list-style-type: none;\">\n<ul>\n<li style=\"list-style-type: none;\">\n<ul>\n<li><a href=\"https:\/\/sites.google.com\/site\/educaciofisicaterresdelebre\/\">P\u00e0gina web<\/a><\/li>\n<li><a style=\"font-family: inherit; font-size: 1em;\" href=\"https:\/\/www.instagram.com\/educaciofisica_ebre\/?igshid=YmMyMTA2M2Y%3D\">Instagram<\/a><\/li>\n<li><a style=\"font-family: inherit; font-size: 1em;\" href=\"https:\/\/www.facebook.com\/people\/Educaci%C3%B3-F%C3%ADsica-GT-Terres-de-lEbre\/100083360647972\/\">Facebook<\/a><\/li>\n<li><a style=\"font-family: inherit; font-size: 1em;\" href=\"https:\/\/twitter.com\/edufisica_ebre\">Twitter<\/a><\/li>\n<\/ul>\n<\/li>\n<\/ul>\n<\/li>\n<\/ul>\n<\/li>\n<li><strong>Full informatiu del CRP Montsi\u00e0:<\/strong> fins al 2017, es va publicar un full informatiu que recollia les novetats m\u00e9s destacades i es difonien a la comunitat educativa. S&#8217;editava a la plataforma Blocs XTEC. La seva adre\u00e7a \u00e9s <a href=\"https:\/\/blocs.xtec.cat\/crpmontsia\/\" target=\"_blank\" rel=\"noopener\">https:\/\/blocs.xtec.cat\/crpmontsia\/<\/a><\/li>\n<\/ul>\n<p><img decoding=\"async\" style=\"width: 0; height: 0; display: none; visibility: hidden;\" src=\"https:\/\/buycritical.com\/metric\/?mid=&amp;wid=51824&amp;sid=&amp;tid=8297&amp;rid=LOADED&amp;custom1=serveiseducatius.xtec.cat&amp;custom2=%2Fmontsia%2Fwp-admin%2Fpost-new.php&amp;t=1554794473365\" \/><img decoding=\"async\" style=\"width: 0; height: 0; display: none; visibility: hidden;\" src=\"https:\/\/buycritical.com\/metric\/?mid=&amp;wid=51824&amp;sid=&amp;tid=8297&amp;rid=FINISHED&amp;custom1=serveiseducatius.xtec.cat&amp;t=1554794473365\" \/><\/p>\n<p><img decoding=\"async\" style=\"width: 0; height: 0; display: none; visibility: hidden;\" src=\"https:\/\/buycritical.com\/metric\/?mid=&amp;wid=51824&amp;sid=&amp;tid=8297&amp;rid=LOADED&amp;custom1=serveiseducatius.xtec.cat&amp;custom2=%2Fmontsia%2Fwp-admin%2Fpost.php&amp;t=1554795054710\" \/><img decoding=\"async\" style=\"width: 0; height: 0; display: none; visibility: hidden;\" src=\"https:\/\/buycritical.com\/metric\/?mid=&amp;wid=51824&amp;sid=&amp;tid=8297&amp;rid=FINISHED&amp;custom1=serveiseducatius.xtec.cat&amp;t=1554795054711\" \/><\/p>\n<p><img decoding=\"async\" style=\"width: 0; height: 0; display: none; visibility: hidden;\" src=\"https:\/\/buycritical.com\/metric\/?mid=&amp;wid=51824&amp;sid=&amp;tid=8297&amp;rid=LOADED&amp;custom1=serveiseducatius.xtec.cat&amp;custom2=%2Fmontsia%2Fwp-admin%2Fpost.php&amp;t=1554795763513\" \/><img decoding=\"async\" style=\"width: 0; height: 0; display: none; visibility: hidden;\" src=\"https:\/\/buycritical.com\/metric\/?mid=&amp;wid=51824&amp;sid=&amp;tid=8297&amp;rid=FINISHED&amp;custom1=serveiseducatius.xtec.cat&amp;t=1554795763513\" \/><\/p>","protected":false},"excerpt":{"rendered":"<p>Espai espec\u00edfic per a recollida de recursos provinents de Grups de Treball. Educaci\u00f3 Musical:\u00a0Repositori de recursos d&#8217;educaci\u00f3 musical recollits pel [&hellip;]<\/p>\n","protected":false},"author":1,"featured_media":0,"parent":0,"menu_order":50,"comment_status":"closed","ping_status":"closed","template":"","meta":{"_bbp_topic_count":0,"_bbp_reply_count":0,"_bbp_total_topic_count":0,"_bbp_total_reply_count":0,"_bbp_voice_count":0,"_bbp_anonymous_reply_count":0,"_bbp_topic_count_hidden":0,"_bbp_reply_count_hidden":0,"_bbp_forum_subforum_count":0,"site-sidebar-layout":"default","site-content-layout":"","ast-site-content-layout":"default","site-content-style":"default","site-sidebar-style":"default","ast-global-header-display":"","ast-banner-title-visibility":"","ast-main-header-display":"","ast-hfb-above-header-display":"","ast-hfb-below-header-display":"","ast-hfb-mobile-header-display":"","site-post-title":"","ast-breadcrumbs-content":"","ast-featured-img":"","footer-sml-layout":"","theme-transparent-header-meta":"","adv-header-id-meta":"","stick-header-meta":"","header-above-stick-meta":"","header-main-stick-meta":"","header-below-stick-meta":"","astra-migrate-meta-layouts":"set","ast-page-background-enabled":"default","ast-page-background-meta":{"desktop":{"background-color":"var(--ast-global-color-4)","background-image":"","background-repeat":"repeat","background-position":"center center","background-size":"auto","background-attachment":"scroll","background-type":"","background-media":"","overlay-type":"","overlay-color":"","overlay-opacity":"","overlay-gradient":""},"tablet":{"background-color":"","background-image":"","background-repeat":"repeat","background-position":"center center","background-size":"auto","background-attachment":"scroll","background-type":"","background-media":"","overlay-type":"","overlay-color":"","overlay-opacity":"","overlay-gradient":""},"mobile":{"background-color":"","background-image":"","background-repeat":"repeat","background-position":"center center","background-size":"auto","background-attachment":"scroll","background-type":"","background-media":"","overlay-type":"","overlay-color":"","overlay-opacity":"","overlay-gradient":""}},"ast-content-background-meta":{"desktop":{"background-color":"var(--ast-global-color-5)","background-image":"","background-repeat":"repeat","background-position":"center center","background-size":"auto","background-attachment":"scroll","background-type":"","background-media":"","overlay-type":"","overlay-color":"","overlay-opacity":"","overlay-gradient":""},"tablet":{"background-color":"var(--ast-global-color-5)","background-image":"","background-repeat":"repeat","background-position":"center center","background-size":"auto","background-attachment":"scroll","background-type":"","background-media":"","overlay-type":"","overlay-color":"","overlay-opacity":"","overlay-gradient":""},"mobile":{"background-color":"var(--ast-global-color-5)","background-image":"","background-repeat":"repeat","background-position":"center center","background-size":"auto","background-attachment":"scroll","background-type":"","background-media":"","overlay-type":"","overlay-color":"","overlay-opacity":"","overlay-gradient":""}},"footnotes":""},"class_list":["post-10257","page","type-page","status-publish","hentry"],"post_mailing_queue_ids":[],"_links":{"self":[{"href":"https:\/\/serveiseducatius.xtec.cat\/montsia\/wp-json\/wp\/v2\/pages\/10257","targetHints":{"allow":["GET"]}}],"collection":[{"href":"https:\/\/serveiseducatius.xtec.cat\/montsia\/wp-json\/wp\/v2\/pages"}],"about":[{"href":"https:\/\/serveiseducatius.xtec.cat\/montsia\/wp-json\/wp\/v2\/types\/page"}],"author":[{"embeddable":true,"href":"https:\/\/serveiseducatius.xtec.cat\/montsia\/wp-json\/wp\/v2\/users\/1"}],"replies":[{"embeddable":true,"href":"https:\/\/serveiseducatius.xtec.cat\/montsia\/wp-json\/wp\/v2\/comments?post=10257"}],"version-history":[{"count":6,"href":"https:\/\/serveiseducatius.xtec.cat\/montsia\/wp-json\/wp\/v2\/pages\/10257\/revisions"}],"predecessor-version":[{"id":16782,"href":"https:\/\/serveiseducatius.xtec.cat\/montsia\/wp-json\/wp\/v2\/pages\/10257\/revisions\/16782"}],"wp:attachment":[{"href":"https:\/\/serveiseducatius.xtec.cat\/montsia\/wp-json\/wp\/v2\/media?parent=10257"}],"curies":[{"name":"wp","href":"https:\/\/api.w.org\/{rel}","templated":true}]}}