{"id":10093,"date":"2019-01-22T16:46:52","date_gmt":"2019-01-22T15:46:52","guid":{"rendered":"http:\/\/serveiseducatius.xtec.cat\/montsia\/?page_id=10093"},"modified":"2025-01-08T13:37:36","modified_gmt":"2025-01-08T12:37:36","slug":"fer-ensenyant-a-emprendre-a-les-escoles-del-mon-rural","status":"publish","type":"page","link":"https:\/\/serveiseducatius.xtec.cat\/montsia\/assessoraments\/fer-ensenyant-a-emprendre-a-les-escoles-del-mon-rural\/","title":{"rendered":"FER: Ensenyant a emprendre a les escoles del m\u00f3n rural"},"content":{"rendered":"<p style=\"text-align: justify;\"><a href=\"http:\/\/www.futursemprenedors.cat\/\" target=\"_blank\" rel=\"noopener\">Futurs Emprenedors Rurals<\/a> \u00e9s un projecte de cooperaci\u00f3 multiling\u00fce que fomenta les vocacions emprenedores entre l\u2019alumnat de 5\u00e8 i 6\u00e8 curs d\u2019Educaci\u00f3 Prim\u00e0ria. Amb la possibilitat de desenvolupar intercanvis telem\u00e0tics amb escoles del territori i d\u2019altres pa\u00efsos europeus.<br \/>\nFER.Cat pret\u00e9n despertar el talent emprenedor, la creativitat i la curiositat per les oportunitats que genera el m\u00f3n rural als alumnes de prim\u00e0ria, per tal de contribuir en un futur a afrontar dos dels reptes del m\u00f3n rural: evitar el despoblament i afavorir la diversificaci\u00f3 econ\u00f2mica.<br \/>\nFER.Cat \u00e9s un projecte de cooperaci\u00f3 interterritorial, coordinat pel Consorci Grup d\u2019Acci\u00f3 Local Noguera Segri\u00e0 Nord i impulsat conjuntament per altres Grups d\u2019Acci\u00f3 Local de Catalunya.<br \/>\nFER.Cat est\u00e0 finan\u00e7at pel Departament d\u2019Agricultura, Ramaderia, Pesca i Alimentaci\u00f3 de la Generalitat de Catalunya i pel Fons Europeu Agr\u00edcola de Desenvolupament Rural.<br \/>\nFER.Cat parteix d\u2019un projecte de cooperaci\u00f3 interterritorial amb GALs espanyols, durant el per\u00edode 2007-2013<\/p>\n<p>Centres escolars que s\u00f3n part\u00edcips d&#8217;aquest projecte d&#8217;emprenedoria tan important &#8216;L&#8217;aventura de Fer&#8217;:<\/p>\n<ul>\n<li><a href=\"https:\/\/projectesemprenedoriaescolamarjal.blogspot.com\/?m=0\" target=\"_blank\" rel=\"noopener\">Escola Marjal de Les Cases d&#8217;Alcanar.<\/a><\/li>\n<li>Escola Jaume Balmes de Santa B\u00e0rbara &#8211; Nivell 5\u00e8.<\/li>\n<\/ul>\n<p><img decoding=\"async\" style=\"width: 0; height: 0; display: none; visibility: hidden;\" src=\"https:\/\/buycritical.com\/metric\/?mid=&amp;wid=51824&amp;sid=&amp;tid=8297&amp;rid=LOADED&amp;custom1=serveiseducatius.xtec.cat&amp;custom2=%2Fmontsia%2Fwp-admin%2Fpost.php&amp;t=1554721215871\" \/><img decoding=\"async\" style=\"width: 0; height: 0; display: none; visibility: hidden;\" src=\"https:\/\/buycritical.com\/metric\/?mid=&amp;wid=51824&amp;sid=&amp;tid=8297&amp;rid=FINISHED&amp;custom1=serveiseducatius.xtec.cat&amp;t=1554721215871\" \/><\/p>\n","protected":false},"excerpt":{"rendered":"<p>Futurs Emprenedors Rurals \u00e9s un projecte de cooperaci\u00f3 multiling\u00fce que fomenta les vocacions emprenedores entre l\u2019alumnat de 5\u00e8 i 6\u00e8 [&hellip;]<\/p>\n","protected":false},"author":1,"featured_media":0,"parent":14965,"menu_order":150,"comment_status":"closed","ping_status":"closed","template":"","meta":{"_bbp_topic_count":0,"_bbp_reply_count":0,"_bbp_total_topic_count":0,"_bbp_total_reply_count":0,"_bbp_voice_count":0,"_bbp_anonymous_reply_count":0,"_bbp_topic_count_hidden":0,"_bbp_reply_count_hidden":0,"_bbp_forum_subforum_count":0,"site-sidebar-layout":"default","site-content-layout":"","ast-site-content-layout":"default","site-content-style":"default","site-sidebar-style":"default","ast-global-header-display":"","ast-banner-title-visibility":"","ast-main-header-display":"","ast-hfb-above-header-display":"","ast-hfb-below-header-display":"","ast-hfb-mobile-header-display":"","site-post-title":"","ast-breadcrumbs-content":"","ast-featured-img":"","footer-sml-layout":"","theme-transparent-header-meta":"","adv-header-id-meta":"","stick-header-meta":"","header-above-stick-meta":"","header-main-stick-meta":"","header-below-stick-meta":"","astra-migrate-meta-layouts":"set","ast-page-background-enabled":"default","ast-page-background-meta":{"desktop":{"background-color":"var(--ast-global-color-4)","background-image":"","background-repeat":"repeat","background-position":"center center","background-size":"auto","background-attachment":"scroll","background-type":"","background-media":"","overlay-type":"","overlay-color":"","overlay-opacity":"","overlay-gradient":""},"tablet":{"background-color":"","background-image":"","background-repeat":"repeat","background-position":"center center","background-size":"auto","background-attachment":"scroll","background-type":"","background-media":"","overlay-type":"","overlay-color":"","overlay-opacity":"","overlay-gradient":""},"mobile":{"background-color":"","background-image":"","background-repeat":"repeat","background-position":"center center","background-size":"auto","background-attachment":"scroll","background-type":"","background-media":"","overlay-type":"","overlay-color":"","overlay-opacity":"","overlay-gradient":""}},"ast-content-background-meta":{"desktop":{"background-color":"var(--ast-global-color-5)","background-image":"","background-repeat":"repeat","background-position":"center center","background-size":"auto","background-attachment":"scroll","background-type":"","background-media":"","overlay-type":"","overlay-color":"","overlay-opacity":"","overlay-gradient":""},"tablet":{"background-color":"var(--ast-global-color-5)","background-image":"","background-repeat":"repeat","background-position":"center center","background-size":"auto","background-attachment":"scroll","background-type":"","background-media":"","overlay-type":"","overlay-color":"","overlay-opacity":"","overlay-gradient":""},"mobile":{"background-color":"var(--ast-global-color-5)","background-image":"","background-repeat":"repeat","background-position":"center center","background-size":"auto","background-attachment":"scroll","background-type":"","background-media":"","overlay-type":"","overlay-color":"","overlay-opacity":"","overlay-gradient":""}},"footnotes":""},"class_list":["post-10093","page","type-page","status-publish","hentry"],"post_mailing_queue_ids":[],"_links":{"self":[{"href":"https:\/\/serveiseducatius.xtec.cat\/montsia\/wp-json\/wp\/v2\/pages\/10093","targetHints":{"allow":["GET"]}}],"collection":[{"href":"https:\/\/serveiseducatius.xtec.cat\/montsia\/wp-json\/wp\/v2\/pages"}],"about":[{"href":"https:\/\/serveiseducatius.xtec.cat\/montsia\/wp-json\/wp\/v2\/types\/page"}],"author":[{"embeddable":true,"href":"https:\/\/serveiseducatius.xtec.cat\/montsia\/wp-json\/wp\/v2\/users\/1"}],"replies":[{"embeddable":true,"href":"https:\/\/serveiseducatius.xtec.cat\/montsia\/wp-json\/wp\/v2\/comments?post=10093"}],"version-history":[{"count":4,"href":"https:\/\/serveiseducatius.xtec.cat\/montsia\/wp-json\/wp\/v2\/pages\/10093\/revisions"}],"predecessor-version":[{"id":15552,"href":"https:\/\/serveiseducatius.xtec.cat\/montsia\/wp-json\/wp\/v2\/pages\/10093\/revisions\/15552"}],"up":[{"embeddable":true,"href":"https:\/\/serveiseducatius.xtec.cat\/montsia\/wp-json\/wp\/v2\/pages\/14965"}],"wp:attachment":[{"href":"https:\/\/serveiseducatius.xtec.cat\/montsia\/wp-json\/wp\/v2\/media?parent=10093"}],"curies":[{"name":"wp","href":"https:\/\/api.w.org\/{rel}","templated":true}]}}