{"id":10084,"date":"2019-01-22T13:26:56","date_gmt":"2019-01-22T12:26:56","guid":{"rendered":"http:\/\/serveiseducatius.xtec.cat\/montsia\/?page_id=10084"},"modified":"2025-04-23T09:09:22","modified_gmt":"2025-04-23T07:09:22","slug":"programes-dinnovacio","status":"publish","type":"page","link":"https:\/\/serveiseducatius.xtec.cat\/montsia\/innovacio-2\/programes-dinnovacio\/","title":{"rendered":"Programes d&#8217;innovaci\u00f3"},"content":{"rendered":"<p>Els programes d\u2019innovaci\u00f3 educativa consisteixen en plans d\u2019acci\u00f3 que el Departament d\u2019Educaci\u00f3 prioritza i impulsa, i que tenen com a finalitat millorar els resultats del sistema educatiu adequant-lo al canvi i a l\u2019evoluci\u00f3 social.<\/p>\n<p>Normativa de refer\u00e8ncia: <a href=\"https:\/\/dogc.gencat.cat\/ca\/document-del-dogc\/?documentId=1012336\" target=\"_blank\" rel=\"noreferrer noopener\">Ordre EDF\/60\/2025, de 15 d&#8217;abril, per la qual s&#8217;estableix el reconeixement de centres, personal docent i personal d&#8217;atenci\u00f3 educativa que participen en programes d&#8217;innovaci\u00f3 educativa i s&#8217;aproven les bases generals reguladores de la convocat\u00f2ria unificada d&#8217;aquests programes corresponent al curs 2025-2026<\/a><\/p>\n<p>Per tal d\u2019ampliar informaci\u00f3: <a href=\"http:\/\/xtec.gencat.cat\/ca\/innovacio\/programes_innovacio\/\" target=\"_blank\" rel=\"noopener noreferrer\">informaci\u00f3 sobre innovaci\u00f3 a XTEC<\/a>;<\/p>\n<ul>\n<li>Programa de Coeducaci\u00f3 i Igualtat: <a href=\"https:\/\/blocs.xtec.cat\/coeducacioiigualtat\/\" target=\"_blank\" rel=\"noopener noreferrer\">https:\/\/blocs.xtec.cat\/coeducacioiigualtat\/<\/a><\/li>\n<li>Programa d&#8217;innovaci\u00f3: <a href=\"https:\/\/projectes.xtec.cat\/transformacioenxarxa\/\" target=\"_blank\" rel=\"noopener noreferrer\">Laboratori de transformaci\u00f3 educativa<\/a><\/li>\n<\/ul>\n<h3><b>Programes vigents per a educaci\u00f3 infantil i prim\u00e0ria<\/b><\/h3>\n<p>Impulsats per la Direcci\u00f3 General de Curr\u00edculum i Personalitzaci\u00f3<\/p>\n<ul>\n<li aria-level=\"1\"><a href=\"http:\/\/xtec.gencat.cat\/ca\/projectes\/plurilinguisme\/programes\/institucionals\/avancem\/\">Avancem: aprenentatge integrat de les lleng\u00fces<\/a><\/li>\n<li aria-level=\"1\"><a href=\"http:\/\/xtec.gencat.cat\/ca\/projectes\/comunitats\/\">Comunitats d&#8217;aprenentatge<\/a><\/li>\n<li aria-level=\"1\"><a href=\"http:\/\/xtec.gencat.cat\/ca\/projectes\/plurilinguisme\/programes\/institucionals\/gep\/\">Generaci\u00f3 Pluriling\u00fce (GEP)<\/a><\/li>\n<li aria-level=\"1\"><a href=\"http:\/\/xtec.gencat.cat\/ca\/projectes\/lectura\/impulslectura\/\">Impuls a la lectura (ILEC)<\/a><\/li>\n<li aria-level=\"1\"><a href=\"http:\/\/xtec.gencat.cat\/ca\/curriculum\/xarxacb\/\">Xarxa de Compet\u00e8ncies B\u00e0siques<\/a><\/li>\n<\/ul>\n<p>Impulsats per la Direcci\u00f3 General d\u2019Innovaci\u00f3, Recerca i Cultura Digital<\/p>\n<ul>\n<li aria-level=\"1\"><a href=\"http:\/\/xtec.gencat.cat\/ca\/innovacio\/programes_innovacio\/acceleracio-de-la-transformacio-educativa\/\">Acceleraci\u00f3 de la transformaci\u00f3 educativa<\/a><\/li>\n<li aria-level=\"1\"><a href=\"http:\/\/xtec.gencat.cat\/ca\/projectes\/apadrinemnostrepatrimoni\/\">Apadrinem el nostre patrimoni<\/a><\/li>\n<li aria-level=\"1\"><a href=\"http:\/\/xtec.gencat.cat\/ca\/innovacio\/programes_innovacio\/mobilsedu\/\">M\u00f2bils.edu<\/a><\/li>\n<li aria-level=\"1\"><a href=\"http:\/\/magnet.cat\/\">Programa Magnet<\/a><\/li>\n<li aria-level=\"1\"><a href=\"http:\/\/xtec.gencat.cat\/ca\/comunitat\/salutescola\/programa-salut-integral\/\">Programa SI<\/a><\/li>\n<li aria-level=\"1\"><a href=\"http:\/\/www.fundaciocatalunya-lapedrera.com\/ca\/content\/escoles-t%C3%A0ndem\">Programa T\u00e0ndem<\/a><\/li>\n<li aria-level=\"1\"><a href=\"http:\/\/xtec.gencat.cat\/ca\/innovacio\/programes_innovacio\/programa-steamcat\/\">STEAMcat<\/a><\/li>\n<li aria-level=\"1\"><a href=\"http:\/\/educacio.gencat.cat\/portal\/page\/portal\/EducacioIntranet\/Inici\/PortalCentres\/pcInnovacioPedagogica\/Detall?p_proc=97401\">Programa Tecnologies Digitals per a l&#8217;Aprenentatge<\/a><\/li>\n<\/ul>\n<p>Impulsats per la Direcci\u00f3 General d\u2019Atenci\u00f3 a la fam\u00edlia i Comunitat Educativa<\/p>\n<ul>\n<li aria-level=\"1\"><a href=\"http:\/\/xtec.gencat.cat\/ca\/centres\/projeducatiu\/convivencia\/aquiproubullying\/\">#aquiproubullying<\/a><\/li>\n<\/ul>\n<h3><b>Programes vigents per a educaci\u00f3 secund\u00e0ria obligat\u00f2ria i batxillerat<\/b><\/h3>\n<p>Impulsats per la Direcci\u00f3 General de Curr\u00edculum i Personalitzaci\u00f3<\/p>\n<ul>\n<li aria-level=\"1\"><a href=\"http:\/\/xtec.gencat.cat\/ca\/projectes\/plurilinguisme\/programes\/institucionals\/avancem\/\">Avancem: aprenentatge integrat de les lleng\u00fces<\/a><\/li>\n<li aria-level=\"1\"><a href=\"http:\/\/xtec.gencat.cat\/ca\/projectes\/comunitats\/\">Comunitats d&#8217;aprenentatge<\/a><\/li>\n<li aria-level=\"1\"><a href=\"http:\/\/xtec.gencat.cat\/ca\/projectes\/plurilinguisme\/programes\/institucionals\/gep\/\">Generaci\u00f3 Pluriling\u00fce (GEP)<\/a><\/li>\n<li aria-level=\"1\"><a href=\"http:\/\/xtec.gencat.cat\/ca\/projectes\/lectura\/impulslectura\/\">Impuls a la lectura (ILEC)<\/a><\/li>\n<li aria-level=\"1\"><a href=\"http:\/\/xtec.gencat.cat\/ca\/curriculum\/xarxacb\/\">Xarxa de Compet\u00e8ncies B\u00e0siques<\/a><\/li>\n<\/ul>\n<p>Impulsats per la Direcci\u00f3 General d\u2019Innovaci\u00f3, Recerca i Cultura Digital<\/p>\n<ul>\n<li aria-level=\"1\"><a href=\"http:\/\/xtec.gencat.cat\/ca\/innovacio\/programes_innovacio\/acceleracio-de-la-transformacio-educativa\/\">Acceleraci\u00f3 de la transformaci\u00f3 educativa<\/a><\/li>\n<li aria-level=\"1\"><a href=\"http:\/\/xtec.gencat.cat\/ca\/projectes\/apadrinemnostrepatrimoni\/\">Apadrinem el nostre patrimoni<\/a><\/li>\n<li aria-level=\"1\"><a href=\"http:\/\/xtec.gencat.cat\/ca\/innovacio\/programes_innovacio\/mobilsedu\/\">M\u00f2bils.edu<\/a><\/li>\n<li aria-level=\"1\"><a href=\"http:\/\/xtec.gencat.cat\/ca\/curriculum\/orientacioeducativa\/model-competencial-orientador\/\">Orientaci\u00f3 educativa<\/a><\/li>\n<li aria-level=\"1\"><a href=\"http:\/\/educacio.gencat.cat\/ca\/arees-actuacio\/centres-serveis-educatius\/programes-innovacio-pedagogica\/educacio-infantil-primaria-secundaria-batxillerat\/practiques-mufps\/\">Pr\u00e0ctiques del MUFPS<\/a><\/li>\n<li aria-level=\"1\"><a href=\"http:\/\/magnet.cat\/\">Programa Magnet<\/a><\/li>\n<li aria-level=\"1\"><a href=\"http:\/\/xtec.gencat.cat\/ca\/comunitat\/salutescola\/programa-salut-integral\/\">Programa SI<\/a><\/li>\n<li aria-level=\"1\"><a href=\"http:\/\/www.fundaciocatalunya-lapedrera.com\/ca\/content\/escoles-t%C3%A0ndem\">Programa T\u00e0ndem<\/a><\/li>\n<li aria-level=\"1\"><a href=\"http:\/\/xtec.gencat.cat\/ca\/innovacio\/programes_innovacio\/programa-steamcat\/\">STEAMcat<\/a><\/li>\n<li aria-level=\"1\"><a href=\"https:\/\/innovacio.xtec.gencat.cat\/programa\/57\">Programa Tecnologies Digitals per a l&#8217;Aprenentatge<\/a><\/li>\n<\/ul>\n<p>Impulsats per la Direcci\u00f3 General d\u2019Atenci\u00f3 a la fam\u00edlia i Comunitat Educativa<\/p>\n<ul>\n<li aria-level=\"1\"><a href=\"http:\/\/xtec.gencat.cat\/ca\/centres\/projeducatiu\/convivencia\/aquiproubullying\/\">#aquiproubullying<\/a><\/li>\n<\/ul>\n<h3><b>Programes vigents per a Formaci\u00f3 Professional i R\u00e8gim Especial<\/b><\/h3>\n<p>Impulsats per la Direcci\u00f3 General de Formaci\u00f3 Professional Inicial i Ensenyaments de R\u00e8gim Especial<\/p>\n<ul>\n<li aria-level=\"1\"><a href=\"http:\/\/xtec.gencat.cat\/ca\/innovacio\/programes_innovacio\/acceleracio-de-la-transformacio-educativa\/\">Acceleraci\u00f3 de la transformaci\u00f3 educativa<\/a><\/li>\n<li aria-level=\"1\"><a href=\"https:\/\/innovacio.xtec.gencat.cat\/programa\/63\">ActivaFP<\/a><\/li>\n<li aria-level=\"1\"><a href=\"http:\/\/catskills.gencat.cat\/ca\/\">Campionat de Catalunya de la FP i proves t\u00e8cniques de les olimp\u00edades d&#8217;FP Skills<\/a><\/li>\n<li aria-level=\"1\"><a href=\"https:\/\/ec.europa.eu\/programmes\/erasmus-plus\/opportunities\/vocational-education-and-training-0_es\">Erasmus + i projectes de mobilitat formativa i de cooperaci\u00f3 europea<\/a><\/li>\n<li aria-level=\"1\"><a href=\"https:\/\/innovacio.xtec.gencat.cat\/programa\/37\">Programa de foment i suport de l&#8217;emprenedoria en els ensenyaments professionals<\/a><\/li>\n<li aria-level=\"1\"><a href=\"https:\/\/projectes.xtec.cat\/impulsfp\/innovafp\/\">Programa d&#8217;innovaci\u00f3 i transfer\u00e8ncia de coneixement InnovaFP<\/a><\/li>\n<li aria-level=\"1\"><a href=\"https:\/\/projectes.xtec.cat\/mobilitatfp\/ca\/inici\/?_ga=2.257098243.944762598.1583132289-490588994.1583132289\">Programa de mobilitat formativa i cooperaci\u00f3 europea i internacional en els ensenyaments professionals<\/a><\/li>\n<li aria-level=\"1\"><a href=\"https:\/\/projectes.xtec.cat\/fpdual\/\">Programa d&#8217;organitzaci\u00f3 de la formaci\u00f3 en alternan\u00e7a en els ensenyaments de formaci\u00f3 professional inicial<\/a><\/li>\n<li aria-level=\"1\"><a href=\"http:\/\/xtec.gencat.cat\/ca\/innovacio\/programes_innovacio\/fp\/pqmc\/\">Programa de Qualitat i Millora cont\u00ednua<\/a><\/li>\n<li aria-level=\"1\"><a href=\"https:\/\/innovacio.xtec.gencat.cat\/programa\/56\">Talent creatiu i empresa<\/a><\/li>\n<li aria-level=\"1\"><a href=\"https:\/\/projectes.xtec.cat\/empresafp\/\">EmpresaFP<\/a><\/li>\n<li aria-level=\"1\"><a href=\"https:\/\/projectes.xtec.cat\/impulsfp\/categoria\/impulsfp\/orientafp\/\">OrientaFP<\/a><\/li>\n<\/ul>\n<p>Impulsats per la Direcci\u00f3 General d\u2019Innovaci\u00f3, Recerca i Cultura Digital<\/p>\n<ul>\n<li aria-level=\"1\"><a href=\"https:\/\/innovacio.xtec.gencat.cat\/programa\/57\">Programa Tecnologies Digitals per a l&#8217;Aprenentatge<\/a><\/li>\n<\/ul>\n<p>Impulsats per la Direcci\u00f3 General de Curr\u00edculum i Personalitzaci\u00f3<\/p>\n<ul>\n<li aria-level=\"1\"><a href=\"http:\/\/xtec.gencat.cat\/ca\/projectes\/plurilinguisme\/programes\/institucionals\/gep\/\">Generaci\u00f3 Pluriling\u00fce (GEP)<\/a><\/li>\n<\/ul>\n<h3><b>Programes vigents per a Centres de Formaci\u00f3 d\u2019Adults<\/b><\/h3>\n<p>Impulsats per la Direcci\u00f3 General d\u2019Innovaci\u00f3, Recerca i Cultura Digital<\/p>\n<ul>\n<li aria-level=\"1\"><a href=\"http:\/\/xtec.gencat.cat\/ca\/innovacio\/programes_innovacio\/acceleracio-de-la-transformacio-educativa\/\">Acceleraci\u00f3 de la transformaci\u00f3 educativa<\/a><\/li>\n<li aria-level=\"1\"><a href=\"https:\/\/innovacio.xtec.gencat.cat\/programa\/66\">L&#8217;Art de parlar<\/a><\/li>\n<li aria-level=\"1\"><a href=\"https:\/\/innovacio.xtec.gencat.cat\/programa\/57\">Programa Tecnologies Digitals per a l&#8217;Aprenentatge<\/a><\/li>\n<\/ul>\n","protected":false},"excerpt":{"rendered":"<p>Els programes d\u2019innovaci\u00f3 educativa consisteixen en plans d\u2019acci\u00f3 que el Departament d\u2019Educaci\u00f3 prioritza i impulsa, i que tenen com a [&hellip;]<\/p>\n","protected":false},"author":1,"featured_media":0,"parent":14952,"menu_order":3,"comment_status":"closed","ping_status":"closed","template":"","meta":{"_bbp_topic_count":0,"_bbp_reply_count":0,"_bbp_total_topic_count":0,"_bbp_total_reply_count":0,"_bbp_voice_count":0,"_bbp_anonymous_reply_count":0,"_bbp_topic_count_hidden":0,"_bbp_reply_count_hidden":0,"_bbp_forum_subforum_count":0,"site-sidebar-layout":"default","site-content-layout":"","ast-site-content-layout":"default","site-content-style":"default","site-sidebar-style":"default","ast-global-header-display":"","ast-banner-title-visibility":"","ast-main-header-display":"","ast-hfb-above-header-display":"","ast-hfb-below-header-display":"","ast-hfb-mobile-header-display":"","site-post-title":"","ast-breadcrumbs-content":"","ast-featured-img":"","footer-sml-layout":"","theme-transparent-header-meta":"","adv-header-id-meta":"","stick-header-meta":"","header-above-stick-meta":"","header-main-stick-meta":"","header-below-stick-meta":"","astra-migrate-meta-layouts":"set","ast-page-background-enabled":"default","ast-page-background-meta":{"desktop":{"background-color":"var(--ast-global-color-4)","background-image":"","background-repeat":"repeat","background-position":"center center","background-size":"auto","background-attachment":"scroll","background-type":"","background-media":"","overlay-type":"","overlay-color":"","overlay-opacity":"","overlay-gradient":""},"tablet":{"background-color":"","background-image":"","background-repeat":"repeat","background-position":"center center","background-size":"auto","background-attachment":"scroll","background-type":"","background-media":"","overlay-type":"","overlay-color":"","overlay-opacity":"","overlay-gradient":""},"mobile":{"background-color":"","background-image":"","background-repeat":"repeat","background-position":"center center","background-size":"auto","background-attachment":"scroll","background-type":"","background-media":"","overlay-type":"","overlay-color":"","overlay-opacity":"","overlay-gradient":""}},"ast-content-background-meta":{"desktop":{"background-color":"var(--ast-global-color-5)","background-image":"","background-repeat":"repeat","background-position":"center center","background-size":"auto","background-attachment":"scroll","background-type":"","background-media":"","overlay-type":"","overlay-color":"","overlay-opacity":"","overlay-gradient":""},"tablet":{"background-color":"var(--ast-global-color-5)","background-image":"","background-repeat":"repeat","background-position":"center center","background-size":"auto","background-attachment":"scroll","background-type":"","background-media":"","overlay-type":"","overlay-color":"","overlay-opacity":"","overlay-gradient":""},"mobile":{"background-color":"var(--ast-global-color-5)","background-image":"","background-repeat":"repeat","background-position":"center center","background-size":"auto","background-attachment":"scroll","background-type":"","background-media":"","overlay-type":"","overlay-color":"","overlay-opacity":"","overlay-gradient":""}},"footnotes":""},"class_list":["post-10084","page","type-page","status-publish","hentry"],"post_mailing_queue_ids":[],"_links":{"self":[{"href":"https:\/\/serveiseducatius.xtec.cat\/montsia\/wp-json\/wp\/v2\/pages\/10084","targetHints":{"allow":["GET"]}}],"collection":[{"href":"https:\/\/serveiseducatius.xtec.cat\/montsia\/wp-json\/wp\/v2\/pages"}],"about":[{"href":"https:\/\/serveiseducatius.xtec.cat\/montsia\/wp-json\/wp\/v2\/types\/page"}],"author":[{"embeddable":true,"href":"https:\/\/serveiseducatius.xtec.cat\/montsia\/wp-json\/wp\/v2\/users\/1"}],"replies":[{"embeddable":true,"href":"https:\/\/serveiseducatius.xtec.cat\/montsia\/wp-json\/wp\/v2\/comments?post=10084"}],"version-history":[{"count":5,"href":"https:\/\/serveiseducatius.xtec.cat\/montsia\/wp-json\/wp\/v2\/pages\/10084\/revisions"}],"predecessor-version":[{"id":16383,"href":"https:\/\/serveiseducatius.xtec.cat\/montsia\/wp-json\/wp\/v2\/pages\/10084\/revisions\/16383"}],"up":[{"embeddable":true,"href":"https:\/\/serveiseducatius.xtec.cat\/montsia\/wp-json\/wp\/v2\/pages\/14952"}],"wp:attachment":[{"href":"https:\/\/serveiseducatius.xtec.cat\/montsia\/wp-json\/wp\/v2\/media?parent=10084"}],"curies":[{"name":"wp","href":"https:\/\/api.w.org\/{rel}","templated":true}]}}