{"id":8515,"date":"2021-05-06T12:55:30","date_gmt":"2021-05-06T10:55:30","guid":{"rendered":"http:\/\/serveiseducatius.xtec.cat\/mataro\/?page_id=8515"},"modified":"2026-03-17T13:06:13","modified_gmt":"2026-03-17T12:06:13","slug":"matematiques","status":"publish","type":"page","link":"https:\/\/serveiseducatius.xtec.cat\/mataro\/matematiques\/","title":{"rendered":"Matem\u00e0tiques"},"content":{"rendered":"\n<p class=\"has-white-color has-ast-global-color-1-background-color has-text-color has-background has-link-color has-medium-font-size wp-elements-cc059e583e0745fac586367a96f915b9\"><strong>A la ciutat de Matar\u00f3, les matem\u00e0tiques tenen un paper clau en el desenvolupament educatiu, cient\u00edfic i competencial de l\u2019alumnat. A trav\u00e9s de diferents iniciatives, projectes i propostes formatives, es promou l\u2019aprenentatge de les matem\u00e0tiques des d\u2019una perspectiva competencial, inclusiva i connectada amb la realitat. Aquest apartat recull recursos, activitats i accions que es duen a terme a Matar\u00f3 per potenciar el pensament matem\u00e0tic, donar suport al professorat i enriquir l\u2019ensenyament de les matem\u00e0tiques en totes les etapes educatives.<\/strong><\/p>\n\n\n\n<p><a href=\"https:\/\/feemcat.org\/anem-x-matematiques\/\" target=\"_blank\" rel=\"noreferrer noopener\">Anem x + matem\u00e0tiques\u00a0<\/a><\/p>\n\n\n\n<p>CESIRE: <a href=\"https:\/\/serveiseducatius.xtec.cat\/cesire\/category\/matematiques\/\" target=\"_blank\" rel=\"noreferrer noopener\">CreaMat<\/a><\/p>\n\n\n\n<p>CESIRE: <a href=\"https:\/\/sites.google.com\/xtec.cat\/cesire-matematiques-campanyes\/laboratori-de-matem%C3%A0tiques\" target=\"_blank\" rel=\"noreferrer noopener\">Laboratori de Matem\u00e0tiques<\/a><\/p>\n\n\n\n<p><a href=\"https:\/\/www.youtube.com\/watch?v=i8iXORqJMts\" target=\"_blank\" rel=\"noreferrer noopener\">Festa de les Matem\u00e0tiques 2021<\/a><\/p>\n\n\n\n<p><a href=\"https:\/\/serveiseducatius.xtec.cat\/mataro\/general\/matmat-mataro-estrena-la-primera-gimcana-matematica-al-carrer-amb-la-participacio-de-150-alumnes-de-primaria\/\" target=\"_blank\" rel=\"noreferrer noopener\">matMAT<\/a><\/p>\n\n\n\n<p><a href=\"https:\/\/www.tvmataro.cat\/ca\/una-gimcana-matematica-que-forma-part-del-projecte-maquetem-mataro-omple-la-ciutat-dalumnes-i-activitats\" target=\"_blank\" rel=\"noreferrer noopener\">Maquetem Matar\u00f3<\/a><\/p>\n\n\n\n<p><a href=\"https:\/\/scm.iec.cat\/concurs-presencial\/cangur\/\" target=\"_blank\" rel=\"noreferrer noopener\">Proves Cangur<\/a><\/p>\n\n\n\n<p><a href=\"https:\/\/videomat.cat\/\" target=\"_blank\" rel=\"noreferrer noopener\">v\u00eddeoMAT<\/a><\/p>\n\n\n\n<p><\/p>\n","protected":false},"excerpt":{"rendered":"<p>A la ciutat de Matar\u00f3, les matem\u00e0tiques tenen un paper clau en el desenvolupament educatiu, cient\u00edfic i competencial de l\u2019alumnat. [&hellip;]<\/p>\n","protected":false},"author":1,"featured_media":0,"parent":0,"menu_order":0,"comment_status":"closed","ping_status":"closed","template":"","meta":{"_bbp_topic_count":0,"_bbp_reply_count":0,"_bbp_total_topic_count":0,"_bbp_total_reply_count":0,"_bbp_voice_count":0,"_bbp_anonymous_reply_count":0,"_bbp_topic_count_hidden":0,"_bbp_reply_count_hidden":0,"_bbp_forum_subforum_count":0,"site-sidebar-layout":"default","site-content-layout":"","ast-site-content-layout":"default","site-content-style":"default","site-sidebar-style":"default","ast-global-header-display":"","ast-banner-title-visibility":"","ast-main-header-display":"","ast-hfb-above-header-display":"","ast-hfb-below-header-display":"","ast-hfb-mobile-header-display":"","site-post-title":"","ast-breadcrumbs-content":"","ast-featured-img":"","footer-sml-layout":"","theme-transparent-header-meta":"","adv-header-id-meta":"","stick-header-meta":"","header-above-stick-meta":"","header-main-stick-meta":"","header-below-stick-meta":"","astra-migrate-meta-layouts":"set","ast-page-background-enabled":"default","ast-page-background-meta":{"desktop":{"background-color":"var(--ast-global-color-4)","background-image":"","background-repeat":"repeat","background-position":"center center","background-size":"auto","background-attachment":"scroll","background-type":"","background-media":"","overlay-type":"","overlay-color":"","overlay-opacity":"","overlay-gradient":""},"tablet":{"background-color":"","background-image":"","background-repeat":"repeat","background-position":"center center","background-size":"auto","background-attachment":"scroll","background-type":"","background-media":"","overlay-type":"","overlay-color":"","overlay-opacity":"","overlay-gradient":""},"mobile":{"background-color":"","background-image":"","background-repeat":"repeat","background-position":"center center","background-size":"auto","background-attachment":"scroll","background-type":"","background-media":"","overlay-type":"","overlay-color":"","overlay-opacity":"","overlay-gradient":""}},"ast-content-background-meta":{"desktop":{"background-color":"var(--ast-global-color-5)","background-image":"","background-repeat":"repeat","background-position":"center center","background-size":"auto","background-attachment":"scroll","background-type":"","background-media":"","overlay-type":"","overlay-color":"","overlay-opacity":"","overlay-gradient":""},"tablet":{"background-color":"var(--ast-global-color-5)","background-image":"","background-repeat":"repeat","background-position":"center center","background-size":"auto","background-attachment":"scroll","background-type":"","background-media":"","overlay-type":"","overlay-color":"","overlay-opacity":"","overlay-gradient":""},"mobile":{"background-color":"var(--ast-global-color-5)","background-image":"","background-repeat":"repeat","background-position":"center center","background-size":"auto","background-attachment":"scroll","background-type":"","background-media":"","overlay-type":"","overlay-color":"","overlay-opacity":"","overlay-gradient":""}},"footnotes":""},"class_list":["post-8515","page","type-page","status-publish","hentry"],"post_mailing_queue_ids":[],"_links":{"self":[{"href":"https:\/\/serveiseducatius.xtec.cat\/mataro\/wp-json\/wp\/v2\/pages\/8515","targetHints":{"allow":["GET"]}}],"collection":[{"href":"https:\/\/serveiseducatius.xtec.cat\/mataro\/wp-json\/wp\/v2\/pages"}],"about":[{"href":"https:\/\/serveiseducatius.xtec.cat\/mataro\/wp-json\/wp\/v2\/types\/page"}],"author":[{"embeddable":true,"href":"https:\/\/serveiseducatius.xtec.cat\/mataro\/wp-json\/wp\/v2\/users\/1"}],"replies":[{"embeddable":true,"href":"https:\/\/serveiseducatius.xtec.cat\/mataro\/wp-json\/wp\/v2\/comments?post=8515"}],"version-history":[{"count":5,"href":"https:\/\/serveiseducatius.xtec.cat\/mataro\/wp-json\/wp\/v2\/pages\/8515\/revisions"}],"predecessor-version":[{"id":13738,"href":"https:\/\/serveiseducatius.xtec.cat\/mataro\/wp-json\/wp\/v2\/pages\/8515\/revisions\/13738"}],"wp:attachment":[{"href":"https:\/\/serveiseducatius.xtec.cat\/mataro\/wp-json\/wp\/v2\/media?parent=8515"}],"curies":[{"name":"wp","href":"https:\/\/api.w.org\/{rel}","templated":true}]}}