{"id":8492,"date":"2021-04-23T13:32:44","date_gmt":"2021-04-23T11:32:44","guid":{"rendered":"http:\/\/serveiseducatius.xtec.cat\/mataro\/?page_id=8492"},"modified":"2026-03-20T13:16:31","modified_gmt":"2026-03-20T12:16:31","slug":"recursos-en-linia","status":"publish","type":"page","link":"https:\/\/serveiseducatius.xtec.cat\/mataro\/recursos-en-linia\/","title":{"rendered":"Recursos en l\u00ednia"},"content":{"rendered":"\n<p class=\"has-text-align-center has-white-color has-ast-global-color-1-background-color has-text-color has-background has-link-color has-large-font-size wp-elements-80f23e6f5ed1ac7467e1f91a5f156d75\"><strong>RECURSOS GENERALS<\/strong><\/p>\n\n\n\n<ul class=\"wp-block-list\">\n<li><a href=\"https:\/\/agora.xtec.cat\/cesire\/\" target=\"_blank\" rel=\"noreferrer noopener\">CESIRE <\/a>&nbsp;&#8211; Suport a la Innovaci\u00f3 i la Recerca educativa<\/li>\n\n\n\n<li><a href=\"http:\/\/xtec.gencat.cat\/ca\/recursos\/\" target=\"_blank\" rel=\"noreferrer noopener\">Recursos XTEC<\/a><\/li>\n\n\n\n<li><a href=\"https:\/\/www.mataro.cat\/ca\/temes\/educacio\/16\/pla-educatiu\/guia-dactivitats-i-serveis-per-als-centres-educatius-docents-families-i-ampa-afa\" target=\"_blank\" rel=\"noreferrer noopener\">Activitats i serveis per als centres educatius<\/a> &#8211; Ajuntament de Matar\u00f3<\/li>\n\n\n\n<li><a href=\"https:\/\/apliense.xtec.cat\/arc\/\" target=\"_blank\" rel=\"noreferrer noopener\">ARC<\/a><\/li>\n\n\n\n<li><a href=\"https:\/\/www.edu365.cat\/\" target=\"_blank\" rel=\"noreferrer noopener\">Edu365.cat<\/a><\/li>\n\n\n\n<li><a href=\"https:\/\/projectes.xtec.cat\/clic\/ca\/\" target=\"_blank\" rel=\"noreferrer noopener\">JClic<\/a><\/li>\n\n\n\n<li><a href=\"https:\/\/toolbox.mobileworldcapital.com\/\" target=\"_blank\" rel=\"noreferrer noopener\">Toolbox<\/a><\/li>\n\n\n\n<li><a href=\"https:\/\/www.3cat.cat\/tv3\/sx3\/supercampus\/\">SuperCampus <\/a><\/li>\n\n\n\n<li><a href=\"https:\/\/tresorderecursos.com\/\">Tresor de recursos<\/a><\/li>\n\n\n\n<li><a href=\"https:\/\/sites.google.com\/a\/xtec.cat\/se-mataro-publicacions\/\" target=\"_blank\" rel=\"noreferrer noopener\">Publicacions Digitals del SE Matar\u00f3<\/a>&nbsp;<\/li>\n\n\n\n<li>Mediateca Servei Educatiu: Polaris (pr\u00f2ximament)<\/li>\n<\/ul>\n\n\n\n<p class=\"has-text-align-center has-white-color has-ast-global-color-1-background-color has-text-color has-background has-link-color has-large-font-size wp-elements-6dc5fe7a5d1975669ef5e9a80f9c78fa\"><strong>RECURSOS ESPEC\u00cdFICS<\/strong><\/p>\n\n\n\n<p class=\"has-white-color has-ast-global-color-1-background-color has-text-color has-background has-link-color wp-elements-89478a5e0da0c829ff19c9aff517cf84\"><strong>PATRIMONI CULTURAL <\/strong><\/p>\n\n\n\n<ul class=\"wp-block-list\">\n<li><a href=\"https:\/\/xtec.gencat.cat\/web\/.content\/curriculum\/orientacioeducativa\/model-competencial-orientador\/Model-competencial-orientador.pdf\" target=\"_blank\" rel=\"noreferrer noopener\">Model competencial orientador<\/a><\/li>\n\n\n\n<li><a href=\"https:\/\/www.culturamataro.cat\/\" target=\"_blank\" rel=\"noreferrer noopener\">Activitats de Cultura<\/a> <\/li>\n\n\n\n<li><a href=\"https:\/\/sites.google.com\/xtec.cat\/maletescrpmataro\/p%C3%A0gina-principal#h.d1pvdt4dlvf1\">Maletes en pr\u00e9stec<\/a><\/li>\n<\/ul>\n\n\n\n<p class=\"has-white-color has-ast-global-color-1-background-color has-text-color has-background has-link-color wp-elements-b449cb2aabba197db6ea30a4f502adcb\"><strong>AUDIOVISUALS, PL\u00c0STICA, M\u00daSICA I DANSA<\/strong><\/p>\n\n\n\n<ul class=\"wp-block-list\">\n<li><a href=\"https:\/\/museudelcinema.girona.cat\/cat\/educacio_professorat_recursos.php\" target=\"_blank\" rel=\"noreferrer noopener\">Museu del Cinema<\/a><\/li>\n\n\n\n<li><a href=\"https:\/\/projectes.xtec.cat\/focus\/recursos\/\" target=\"_blank\" rel=\"noreferrer noopener\">FOCUS &#8211; Recursos audiovisuals<\/a><\/li>\n\n\n\n<li><a href=\"https:\/\/sites.google.com\/xtec.cat\/maletescrpmataro\/p%C3%A0gina-principal#h.sdrcjwzcf6a9\">Maletes en pr\u00e9stec<\/a><\/li>\n<\/ul>\n\n\n\n<p class=\"has-white-color has-ast-global-color-1-background-color has-text-color has-background has-link-color wp-elements-789265ec2f03d408aa1940207eaadde4\"><strong>INTERCULTURALITAT<\/strong><\/p>\n\n\n\n<ul class=\"wp-block-list\">\n<li><a href=\"https:\/\/xtec.gencat.cat\/ca\/projectes\/intercultural\/\" target=\"_blank\" rel=\"noreferrer noopener\">Educaci\u00f3 Intercultural XTEC<\/a><\/li>\n\n\n\n<li><a href=\"https:\/\/xtec.gencat.cat\/ca\/projectes\/alumnat-origen-estranger\/alumnatnou\/\" target=\"_blank\" rel=\"noreferrer noopener\">Alumnat Nouvingut<\/a>\n<ul class=\"wp-block-list\">\n<li><strong><a href=\"https:\/\/www.symbaloo.com\/mix\/aa-slsmaterialsdocents\" target=\"_blank\" rel=\"noreferrer noopener\">Materials per als docents.<\/a><\/strong><\/li>\n\n\n\n<li><strong><a href=\"https:\/\/www.symbaloo.com\/mix\/aa-slsactivitatsalumnes1\" target=\"_blank\" rel=\"noreferrer noopener\">Activitats per als alumnes.<\/a><\/strong><\/li>\n<\/ul>\n<\/li>\n\n\n\n<li><a href=\"https:\/\/sites.google.com\/xtec.cat\/maletescrpmataro\/p%C3%A0gina-principal#h.sq6cjz22bvqf\">Maletes en pr\u00e9stec<\/a><\/li>\n<\/ul>\n\n\n\n<p class=\"has-white-color has-ast-global-color-1-background-color has-text-color has-background has-link-color wp-elements-c6e7ec792479978535b5658deda93c6d\"><strong>INCLUSI\u00d3 I BENESTAR<\/strong><\/p>\n\n\n\n<ul class=\"wp-block-list\">\n<li><a href=\"http:\/\/xtec.gencat.cat\/ca\/curriculum\/diversitat-i-inclusio\/\" target=\"_blank\" rel=\"noreferrer noopener\">Diversitat i Inclusi\u00f3 XTEC<\/a><\/li>\n\n\n\n<li><a href=\"https:\/\/blocs.xtec.cat\/mobilsperlainclusio\/\">Dispositius m\u00f2bils per a la inclus<\/a><a href=\"https:\/\/blocs.xtec.cat\/mobilsperlainclusio\/\" target=\"_blank\" rel=\"noreferrer noopener\">i<\/a><a href=\"https:\/\/blocs.xtec.cat\/mobilsperlainclusio\/\">\u00f3 educativa<\/a><\/li>\n\n\n\n<li><a href=\"https:\/\/serveiseducatius.xtec.cat\/mataro\/categoria\/coeducacio\/\">Articles i recursos de coeducaci\u00f3<\/a><\/li>\n\n\n\n<li><a href=\"https:\/\/educacio.gencat.cat\/ca\/departament\/linies-estrategiques\/coeducacio\/\" target=\"_blank\" rel=\"noreferrer noopener\">Coeducaci\u00f3 i perspectiva de g\u00e8nere&nbsp;<\/a><\/li>\n\n\n\n<li><a href=\"https:\/\/objenv.gencat.cat\/v4\/public\/estadisticas\/link\/gencat_educacio\/412\/1\/245\/a063153fb1daad571ef51d4e724a0013\/\" target=\"_blank\" rel=\"noreferrer noopener\">El benestar de l\u2019alumnat i les situacions de viol\u00e8ncia<\/a>&nbsp;(document)<\/li>\n\n\n\n<li><a href=\"https:\/\/objenv.gencat.cat\/v4\/public\/estadisticas\/link\/gencat_educacio\/412\/2\/245\/a063153fb1daad571ef51d4e724a0013\/\" target=\"_blank\" rel=\"noreferrer noopener\">Conversa amb Fran Villar \u201cEl benestar de l&#8217;alumnat i les situacions de viol\u00e8ncia\u201d<\/a>&nbsp;(v\u00eddeo)<\/li>\n\n\n\n<li><a href=\"http:\/\/xtec.gencat.cat\/ca\/centres\/projeducatiu\/convivencia\/aquiproubullying\/\" target=\"_blank\" rel=\"noreferrer noopener\">Aqu\u00ed prou bullying!<\/a><\/li>\n\n\n\n<li><a href=\"http:\/\/xtec.gencat.cat\/ca\/centres\/projeducatiu\/convivencia\/recursos\/valorsiactituds\/educacio-per-la-pau\/\" target=\"_blank\" rel=\"noreferrer noopener\">Educaci\u00f3 per la Pau<\/a><\/li>\n\n\n\n<li><a href=\"http:\/\/xtec.gencat.cat\/ca\/centres\/projeducatiu\/convivencia\/recursos\/valorsiactituds\/gestio-positiva\/\" target=\"_blank\" rel=\"noreferrer noopener\">Educaci\u00f3 en el Respecte i Gesti\u00f3 positiva dels conflictes<\/a><\/li>\n\n\n\n<li><a href=\"http:\/\/xtec.gencat.cat\/ca\/centres\/projeducatiu\/convivencia\/recursos\/valorsiactituds\/socioemocional\/\" target=\"_blank\" rel=\"noreferrer noopener\">Educaci\u00f3 Socioemocional<\/a><\/li>\n\n\n\n<li><a href=\"https:\/\/educacio.gencat.cat\/ca\/arees-actuacio\/families\/\" target=\"_blank\" rel=\"noreferrer noopener\">Fam\u00edlia i escola<\/a><\/li>\n\n\n\n<li><a href=\"http:\/\/xtec.gencat.cat\/ca\/comunitat\/salutescola\" target=\"_blank\" rel=\"noreferrer noopener\">Salut a l&#8217;escola<\/a>\n<ul class=\"wp-block-list\">\n<li><a href=\"https:\/\/canalsalut.gencat.cat\/ca\/inici\">Canal Salut<\/a><\/li>\n<\/ul>\n<\/li>\n\n\n\n<li><a href=\"https:\/\/sites.google.com\/xtec.cat\/maletescrpmataro\/p%C3%A0gina-principal#h.ydyqe0amoa5b\">Maletes en pr\u00e9stec<\/a><\/li>\n<\/ul>\n\n\n\n<p class=\"has-white-color has-ast-global-color-1-background-color has-text-color has-background has-link-color wp-elements-d985c0685f037e690ddc782e717fa92f\"><strong>CI\u00c8NCIES SOCIALS<\/strong><\/p>\n\n\n\n<ul class=\"wp-block-list\">\n<li><a href=\"http:\/\/edums.gencat.cat\/ca\/inici\" target=\"_blank\" rel=\"noreferrer noopener\">Educaci\u00f3 per a la mobilitat segura<\/a>&nbsp;<\/li>\n\n\n\n<li><a href=\"https:\/\/anc.gencat.cat\/ca\/aprendre\/\" target=\"_blank\" rel=\"noreferrer noopener\">Arxiu Nacional de Catalunya. Recursos did\u00e0ctics<\/a><\/li>\n\n\n\n<li><a href=\"https:\/\/sites.google.com\/xtec.cat\/maletescrpmataro\/p%C3%A0gina-principal#h.1c5ah21glse\">Maletes en pr\u00e9stec<\/a><\/li>\n<\/ul>\n\n\n\n<p class=\"has-white-color has-ast-global-color-1-background-color has-text-color has-background has-link-color wp-elements-7e11d0596de5c87aabeeca7e4a84d924\"><strong>CI\u00c8NCIES NATURALS I EXPERIMENTALS<\/strong><\/p>\n\n\n\n<ul class=\"wp-block-list\">\n<li><a href=\"https:\/\/sites.google.com\/xtec.cat\/maletescrpmataro\/p%C3%A0gina-principal#h.opxu50ddmgkx\">Maletes en pr\u00e9stec<\/a><\/li>\n<\/ul>\n\n\n\n<p class=\"has-white-color has-ast-global-color-1-background-color has-text-color has-background has-link-color wp-elements-5393a1508940119f3f3e65ff862c3203\"><strong>LLENG\u00dcES  ESTRANGERES<\/strong><\/p>\n\n\n\n<ul class=\"wp-block-list\">\n<li><a href=\"https:\/\/sites.google.com\/xtec.cat\/maletescrpmataro\/p%C3%A0gina-principal#h.r20ogn2cmbpk\">Maletes en pr\u00e9stec<\/a><\/li>\n<\/ul>\n\n\n\n<p class=\"has-white-color has-ast-global-color-1-background-color has-text-color has-background has-link-color wp-elements-61d63b1d223092ffab807839cd61782d\"><strong>LLENGUA CATALANA I CASTELLANA<\/strong><\/p>\n\n\n\n<ul class=\"wp-block-list\">\n<li><a href=\"https:\/\/drive.google.com\/drive\/folders\/1YzgGd3sjOn64-vRdSDlp3AcVMF7wWJ-F\" target=\"_blank\" rel=\"noreferrer noopener\">Repositori DOCENTS.CAT Activitats Llengua Catalana i Literatura<\/a><\/li>\n\n\n\n<li><a href=\"https:\/\/drive.google.com\/drive\/folders\/1j2-ikrNdR6ie-2oDi3quinHfEM80ZzpG\" target=\"_blank\" rel=\"noreferrer noopener\">Repositori DOCENTS.CAST Activitats Llengua Castellana i Literatura<\/a><\/li>\n\n\n\n<li><a href=\"https:\/\/serveiseducatius.xtec.cat\/bdrlectura\/\">Banc de Recursos (BDR) <\/a><\/li>\n\n\n\n<li><a href=\"https:\/\/sites.google.com\/xtec.cat\/maletescrpmataro\/p%C3%A0gina-principal#h.ni3pv8qojzw\">Maletes en pr\u00e9stec<\/a><\/li>\n<\/ul>\n\n\n\n<p class=\"has-white-color has-ast-global-color-1-background-color has-text-color has-background has-link-color wp-elements-daae7280dad0b2d8a94532105dc893da\"><strong>MATEM\u00c0TIQUES<\/strong><\/p>\n\n\n\n<ul class=\"wp-block-list\">\n<li><a href=\"https:\/\/feemcat.org\/anem-x-matematiques\/\" target=\"_blank\" rel=\"noreferrer noopener\">Anem x + matem\u00e0tiques&nbsp;<\/a><\/li>\n\n\n\n<li>CESIRE: <a href=\"https:\/\/serveiseducatius.xtec.cat\/cesire\/category\/matematiques\/\" target=\"_blank\" rel=\"noreferrer noopener\">CreaMat<\/a><\/li>\n\n\n\n<li>CESIRE: <a href=\"https:\/\/sites.google.com\/xtec.cat\/cesire-matematiques-campanyes\/laboratori-de-matem%C3%A0tiques\" target=\"_blank\" rel=\"noreferrer noopener\">Laboratori de Matem\u00e0tiques<\/a><\/li>\n\n\n\n<li><a href=\"https:\/\/scm.iec.cat\/concurs-presencial\/cangur\/\" target=\"_blank\" rel=\"noreferrer noopener\">Proves Cangur<\/a><\/li>\n\n\n\n<li><a href=\"https:\/\/videomat.cat\/\" target=\"_blank\" rel=\"noreferrer noopener\">v\u00eddeoMAT<\/a><\/li>\n\n\n\n<li><a href=\"https:\/\/sites.google.com\/xtec.cat\/maletescrpmataro\/p%C3%A0gina-principal#h.zcehe7eq39ib\">Maletes en pr\u00e9stec<\/a><\/li>\n<\/ul>\n\n\n\n<p class=\"has-white-color has-ast-global-color-1-background-color has-text-color has-background has-link-color wp-elements-e8043ac72798156fef8a61a8ce3c5a94\"><strong>ROB\u00d2TICA I TECNOLOGIA<\/strong><\/p>\n\n\n\n<ul class=\"wp-block-list\">\n<li><a href=\"https:\/\/serveiseducatius.xtec.cat\/cesire\/category\/einesfaig\/\" target=\"_blank\" rel=\"noreferrer noopener\">Eines FAIG &#8211; CESIRE<\/a><\/li>\n\n\n\n<li><a href=\"https:\/\/sites.google.com\/xtec.cat\/maletescrpmataro\/p%C3%A0gina-principal#h.rjb7enjh5vn\">Maletes en pr\u00e9stec<\/a><\/li>\n<\/ul>\n\n\n\n<p class=\"has-white-color has-ast-global-color-1-background-color has-text-color has-background has-link-color wp-elements-169665c9f94ea5818bf096f97f14aadd\"><strong>EDUCACI\u00d3 F\u00cdSICA<\/strong><\/p>\n\n\n\n<ul class=\"wp-block-list\">\n<li><a href=\"https:\/\/sites.google.com\/xtec.cat\/maletescrpmataro\/p%C3%A0gina-principal#h.1cs9zv6baph5\">Maletes en pr\u00e9stec<\/a><\/li>\n<\/ul>\n\n\n\n<p><\/p>\n","protected":false},"excerpt":{"rendered":"<p>RECURSOS GENERALS RECURSOS ESPEC\u00cdFICS PATRIMONI CULTURAL AUDIOVISUALS, PL\u00c0STICA, M\u00daSICA I DANSA INTERCULTURALITAT INCLUSI\u00d3 I BENESTAR CI\u00c8NCIES SOCIALS CI\u00c8NCIES NATURALS I [&hellip;]<\/p>\n","protected":false},"author":1,"featured_media":0,"parent":0,"menu_order":0,"comment_status":"closed","ping_status":"closed","template":"","meta":{"_bbp_topic_count":0,"_bbp_reply_count":0,"_bbp_total_topic_count":0,"_bbp_total_reply_count":0,"_bbp_voice_count":0,"_bbp_anonymous_reply_count":0,"_bbp_topic_count_hidden":0,"_bbp_reply_count_hidden":0,"_bbp_forum_subforum_count":0,"site-sidebar-layout":"default","site-content-layout":"","ast-site-content-layout":"default","site-content-style":"default","site-sidebar-style":"default","ast-global-header-display":"","ast-banner-title-visibility":"","ast-main-header-display":"","ast-hfb-above-header-display":"","ast-hfb-below-header-display":"","ast-hfb-mobile-header-display":"","site-post-title":"","ast-breadcrumbs-content":"","ast-featured-img":"","footer-sml-layout":"","theme-transparent-header-meta":"","adv-header-id-meta":"","stick-header-meta":"","header-above-stick-meta":"","header-main-stick-meta":"","header-below-stick-meta":"","astra-migrate-meta-layouts":"set","ast-page-background-enabled":"default","ast-page-background-meta":{"desktop":{"background-color":"var(--ast-global-color-4)","background-image":"","background-repeat":"repeat","background-position":"center center","background-size":"auto","background-attachment":"scroll","background-type":"","background-media":"","overlay-type":"","overlay-color":"","overlay-opacity":"","overlay-gradient":""},"tablet":{"background-color":"","background-image":"","background-repeat":"repeat","background-position":"center center","background-size":"auto","background-attachment":"scroll","background-type":"","background-media":"","overlay-type":"","overlay-color":"","overlay-opacity":"","overlay-gradient":""},"mobile":{"background-color":"","background-image":"","background-repeat":"repeat","background-position":"center center","background-size":"auto","background-attachment":"scroll","background-type":"","background-media":"","overlay-type":"","overlay-color":"","overlay-opacity":"","overlay-gradient":""}},"ast-content-background-meta":{"desktop":{"background-color":"var(--ast-global-color-5)","background-image":"","background-repeat":"repeat","background-position":"center center","background-size":"auto","background-attachment":"scroll","background-type":"","background-media":"","overlay-type":"","overlay-color":"","overlay-opacity":"","overlay-gradient":""},"tablet":{"background-color":"var(--ast-global-color-5)","background-image":"","background-repeat":"repeat","background-position":"center center","background-size":"auto","background-attachment":"scroll","background-type":"","background-media":"","overlay-type":"","overlay-color":"","overlay-opacity":"","overlay-gradient":""},"mobile":{"background-color":"var(--ast-global-color-5)","background-image":"","background-repeat":"repeat","background-position":"center center","background-size":"auto","background-attachment":"scroll","background-type":"","background-media":"","overlay-type":"","overlay-color":"","overlay-opacity":"","overlay-gradient":""}},"footnotes":""},"class_list":["post-8492","page","type-page","status-publish","hentry"],"post_mailing_queue_ids":[],"_links":{"self":[{"href":"https:\/\/serveiseducatius.xtec.cat\/mataro\/wp-json\/wp\/v2\/pages\/8492","targetHints":{"allow":["GET"]}}],"collection":[{"href":"https:\/\/serveiseducatius.xtec.cat\/mataro\/wp-json\/wp\/v2\/pages"}],"about":[{"href":"https:\/\/serveiseducatius.xtec.cat\/mataro\/wp-json\/wp\/v2\/types\/page"}],"author":[{"embeddable":true,"href":"https:\/\/serveiseducatius.xtec.cat\/mataro\/wp-json\/wp\/v2\/users\/1"}],"replies":[{"embeddable":true,"href":"https:\/\/serveiseducatius.xtec.cat\/mataro\/wp-json\/wp\/v2\/comments?post=8492"}],"version-history":[{"count":5,"href":"https:\/\/serveiseducatius.xtec.cat\/mataro\/wp-json\/wp\/v2\/pages\/8492\/revisions"}],"predecessor-version":[{"id":13774,"href":"https:\/\/serveiseducatius.xtec.cat\/mataro\/wp-json\/wp\/v2\/pages\/8492\/revisions\/13774"}],"wp:attachment":[{"href":"https:\/\/serveiseducatius.xtec.cat\/mataro\/wp-json\/wp\/v2\/media?parent=8492"}],"curies":[{"name":"wp","href":"https:\/\/api.w.org\/{rel}","templated":true}]}}