{"id":8440,"date":"2020-11-26T13:14:07","date_gmt":"2020-11-26T12:14:07","guid":{"rendered":"http:\/\/serveiseducatius.xtec.cat\/mataro\/?page_id=8440"},"modified":"2026-01-22T10:38:05","modified_gmt":"2026-01-22T09:38:05","slug":"altres-centres-formadors","status":"publish","type":"page","link":"https:\/\/serveiseducatius.xtec.cat\/mataro\/altres-centres-formadors\/","title":{"rendered":"Altres opcions formatives"},"content":{"rendered":"\n<p class=\"has-white-color has-ast-global-color-1-background-color has-text-color has-background has-link-color has-medium-font-size wp-elements-87516036d2d3d997c9ac0e071bd9dfb8\"><strong>A Matar\u00f3, a m\u00e9s dels Serveis Educatius, existeixen diversos centres formadors que ofereixen una \u00e0mplia gamma d&#8217;opcions formatives. Aquests centres proporcionen programes d&#8217;ensenyament i formaci\u00f3 en diferents \u00e0rees, contribuint al desenvolupament professional i acad\u00e8mic. Aqu\u00ed podreu trobar informaci\u00f3 sobre aquestes institucions i els serveis que ofereixen per complementar l&#8217;educaci\u00f3 a Matar\u00f3.<\/strong><\/p>\n\n\n\n<div class=\"wp-block-group is-vertical is-layout-flex wp-container-core-group-is-layout-1 wp-block-group-is-layout-flex\">\n<div class=\"wp-block-media-text is-stacked-on-mobile\"><figure class=\"wp-block-media-text__media\"><img loading=\"lazy\" decoding=\"async\" width=\"1003\" height=\"738\" src=\"https:\/\/serveiseducatius.xtec.cat\/mataro\/wp-content\/uploads\/usu1139\/2026\/01\/Captura-de-pantalla-2026-01-12-160948-2.jpg\" alt=\"\" class=\"wp-image-13350 size-full\" srcset=\"https:\/\/serveiseducatius.xtec.cat\/mataro\/wp-content\/uploads\/usu1139\/2026\/01\/Captura-de-pantalla-2026-01-12-160948-2.jpg 1003w, https:\/\/serveiseducatius.xtec.cat\/mataro\/wp-content\/uploads\/usu1139\/2026\/01\/Captura-de-pantalla-2026-01-12-160948-2-300x221.jpg 300w, https:\/\/serveiseducatius.xtec.cat\/mataro\/wp-content\/uploads\/usu1139\/2026\/01\/Captura-de-pantalla-2026-01-12-160948-2-768x565.jpg 768w\" sizes=\"auto, (max-width: 1003px) 100vw, 1003px\" \/><\/figure><div class=\"wp-block-media-text__content\">\n<p><a href=\"https:\/\/www.memcat.org\/\"><strong>Moviment Educatiu del Maresme<\/strong><\/a><\/p>\n<\/div><\/div>\n<\/div>\n\n\n\n<div class=\"wp-block-group is-vertical is-layout-flex wp-container-core-group-is-layout-2 wp-block-group-is-layout-flex\">\n<div class=\"wp-block-media-text is-stacked-on-mobile\" style=\"grid-template-columns:42% auto\"><figure class=\"wp-block-media-text__media\"><img loading=\"lazy\" decoding=\"async\" width=\"1024\" height=\"734\" src=\"https:\/\/serveiseducatius.xtec.cat\/mataro\/wp-content\/uploads\/usu1139\/2026\/01\/Captura-de-pantalla-2026-01-12-160744-2-1024x734.jpg\" alt=\"\" class=\"wp-image-13351 size-full\" srcset=\"https:\/\/serveiseducatius.xtec.cat\/mataro\/wp-content\/uploads\/usu1139\/2026\/01\/Captura-de-pantalla-2026-01-12-160744-2-1024x734.jpg 1024w, https:\/\/serveiseducatius.xtec.cat\/mataro\/wp-content\/uploads\/usu1139\/2026\/01\/Captura-de-pantalla-2026-01-12-160744-2-300x215.jpg 300w, https:\/\/serveiseducatius.xtec.cat\/mataro\/wp-content\/uploads\/usu1139\/2026\/01\/Captura-de-pantalla-2026-01-12-160744-2-768x550.jpg 768w, https:\/\/serveiseducatius.xtec.cat\/mataro\/wp-content\/uploads\/usu1139\/2026\/01\/Captura-de-pantalla-2026-01-12-160744-2.jpg 1048w\" sizes=\"auto, (max-width: 1024px) 100vw, 1024px\" \/><\/figure><div class=\"wp-block-media-text__content\">\n<p><a href=\"http:\/\/xtec.gencat.cat\/ca\/formacio\/formacio-altres-institucions\/instituts-ciencies-educacio\/\" target=\"_blank\" rel=\"noreferrer noopener\"><strong>Instituts de Ci\u00e8ncies de l&#8217;Educaci\u00f3<\/strong><\/a><\/p>\n<\/div><\/div>\n<\/div>\n\n\n\n<div class=\"wp-block-group is-vertical is-layout-flex wp-container-core-group-is-layout-3 wp-block-group-is-layout-flex\">\n<div class=\"wp-block-media-text is-stacked-on-mobile\" style=\"grid-template-columns:42% auto\"><figure class=\"wp-block-media-text__media\"><img loading=\"lazy\" decoding=\"async\" width=\"1024\" height=\"431\" src=\"https:\/\/serveiseducatius.xtec.cat\/mataro\/wp-content\/uploads\/usu1139\/2026\/01\/Captura-de-pantalla-2026-01-12-132418-7-1024x431.jpg\" alt=\"\" class=\"wp-image-13371 size-full\" srcset=\"https:\/\/serveiseducatius.xtec.cat\/mataro\/wp-content\/uploads\/usu1139\/2026\/01\/Captura-de-pantalla-2026-01-12-132418-7-1024x431.jpg 1024w, https:\/\/serveiseducatius.xtec.cat\/mataro\/wp-content\/uploads\/usu1139\/2026\/01\/Captura-de-pantalla-2026-01-12-132418-7-300x126.jpg 300w, https:\/\/serveiseducatius.xtec.cat\/mataro\/wp-content\/uploads\/usu1139\/2026\/01\/Captura-de-pantalla-2026-01-12-132418-7-768x323.jpg 768w, https:\/\/serveiseducatius.xtec.cat\/mataro\/wp-content\/uploads\/usu1139\/2026\/01\/Captura-de-pantalla-2026-01-12-132418-7.jpg 1465w\" sizes=\"auto, (max-width: 1024px) 100vw, 1024px\" \/><\/figure><div class=\"wp-block-media-text__content\">\n<p><a href=\"http:\/\/xtec.gencat.cat\/ca\/formacio\/formacio-altres-institucions\/activitats-reconegudes\/\" target=\"_blank\" rel=\"noreferrer noopener\"><strong>Institucions reconegudes pel Departament <\/strong><\/a><\/p>\n\n\n\n<p><\/p>\n<\/div><\/div>\n<\/div>\n\n\n\n<div class=\"wp-block-group is-vertical is-layout-flex wp-container-core-group-is-layout-4 wp-block-group-is-layout-flex\">\n<div class=\"wp-block-media-text is-stacked-on-mobile\" style=\"grid-template-columns:40% auto\"><figure class=\"wp-block-media-text__media\"><img loading=\"lazy\" decoding=\"async\" width=\"1024\" height=\"650\" src=\"https:\/\/serveiseducatius.xtec.cat\/mataro\/wp-content\/uploads\/usu1139\/2026\/01\/Captura-de-pantalla-2026-01-12-133714-4-1024x650.jpg\" alt=\"\" class=\"wp-image-13370 size-full\" srcset=\"https:\/\/serveiseducatius.xtec.cat\/mataro\/wp-content\/uploads\/usu1139\/2026\/01\/Captura-de-pantalla-2026-01-12-133714-4-1024x650.jpg 1024w, https:\/\/serveiseducatius.xtec.cat\/mataro\/wp-content\/uploads\/usu1139\/2026\/01\/Captura-de-pantalla-2026-01-12-133714-4-300x190.jpg 300w, https:\/\/serveiseducatius.xtec.cat\/mataro\/wp-content\/uploads\/usu1139\/2026\/01\/Captura-de-pantalla-2026-01-12-133714-4-768x487.jpg 768w, https:\/\/serveiseducatius.xtec.cat\/mataro\/wp-content\/uploads\/usu1139\/2026\/01\/Captura-de-pantalla-2026-01-12-133714-4.jpg 1411w\" sizes=\"auto, (max-width: 1024px) 100vw, 1024px\" \/><\/figure><div class=\"wp-block-media-text__content\">\n<p><a href=\"https:\/\/www.eoimaresme.cat\/\" target=\"_blank\" rel=\"noreferrer noopener\"><strong>Escola Oficial d&#8217;Idiomes del Maresme<\/strong><\/a><\/p>\n\n\n\n<p><\/p>\n<\/div><\/div>\n<\/div>\n\n\n\n<div class=\"wp-block-group alignwide is-vertical is-layout-flex wp-container-core-group-is-layout-5 wp-block-group-is-layout-flex\">\n<div class=\"wp-block-media-text is-stacked-on-mobile\" style=\"grid-template-columns:40% auto\"><figure class=\"wp-block-media-text__media\"><img loading=\"lazy\" decoding=\"async\" width=\"1024\" height=\"484\" src=\"https:\/\/serveiseducatius.xtec.cat\/mataro\/wp-content\/uploads\/usu1139\/2026\/01\/Captura-de-pantalla-2026-01-12-132546-4-1024x484.jpg\" alt=\"\" class=\"wp-image-13364 size-full\" srcset=\"https:\/\/serveiseducatius.xtec.cat\/mataro\/wp-content\/uploads\/usu1139\/2026\/01\/Captura-de-pantalla-2026-01-12-132546-4-1024x484.jpg 1024w, https:\/\/serveiseducatius.xtec.cat\/mataro\/wp-content\/uploads\/usu1139\/2026\/01\/Captura-de-pantalla-2026-01-12-132546-4-300x142.jpg 300w, https:\/\/serveiseducatius.xtec.cat\/mataro\/wp-content\/uploads\/usu1139\/2026\/01\/Captura-de-pantalla-2026-01-12-132546-4-768x363.jpg 768w, https:\/\/serveiseducatius.xtec.cat\/mataro\/wp-content\/uploads\/usu1139\/2026\/01\/Captura-de-pantalla-2026-01-12-132546-4-1536x725.jpg 1536w, https:\/\/serveiseducatius.xtec.cat\/mataro\/wp-content\/uploads\/usu1139\/2026\/01\/Captura-de-pantalla-2026-01-12-132546-4.jpg 1825w\" sizes=\"auto, (max-width: 1024px) 100vw, 1024px\" \/><\/figure><div class=\"wp-block-media-text__content\">\n<p><strong><a href=\"https:\/\/projectes.xtec.cat\/xarxadults\/\" target=\"_blank\" rel=\"noreferrer noopener\">Centres de formaci\u00f3 d\u2019Adults<\/a><\/strong><\/p>\n\n\n\n<ul class=\"wp-block-list\">\n<li class=\"has-small-font-size\"><a href=\"https:\/\/agora.xtec.cat\/afaalarona\/\" target=\"_blank\" rel=\"noreferrer noopener\">CFA Alarona<\/a><\/li>\n\n\n\n<li class=\"has-small-font-size\"><a href=\"http:\/\/elstarongers.cat\/\" target=\"_blank\" rel=\"noreferrer noopener\">CFA Els Tarongers<\/a><\/li>\n\n\n\n<li class=\"has-small-font-size\"><a href=\"https:\/\/cfacanmarfa.cat\/\" target=\"_blank\" rel=\"noreferrer noopener\">CFA Can Marf\u00e0<\/a><\/li>\n<\/ul>\n<\/div><\/div>\n<\/div>\n\n\n\n<div class=\"wp-block-group alignfull is-vertical is-layout-flex wp-container-core-group-is-layout-6 wp-block-group-is-layout-flex\">\n<div class=\"wp-block-media-text is-stacked-on-mobile\" style=\"grid-template-columns:39% auto\"><figure class=\"wp-block-media-text__media\"><img loading=\"lazy\" decoding=\"async\" width=\"1024\" height=\"646\" src=\"https:\/\/serveiseducatius.xtec.cat\/mataro\/wp-content\/uploads\/usu1139\/2026\/01\/Captura-de-pantalla-2026-01-12-132943-3-1024x646.jpg\" alt=\"\" class=\"wp-image-13356 size-full\" srcset=\"https:\/\/serveiseducatius.xtec.cat\/mataro\/wp-content\/uploads\/usu1139\/2026\/01\/Captura-de-pantalla-2026-01-12-132943-3-1024x646.jpg 1024w, https:\/\/serveiseducatius.xtec.cat\/mataro\/wp-content\/uploads\/usu1139\/2026\/01\/Captura-de-pantalla-2026-01-12-132943-3-300x189.jpg 300w, https:\/\/serveiseducatius.xtec.cat\/mataro\/wp-content\/uploads\/usu1139\/2026\/01\/Captura-de-pantalla-2026-01-12-132943-3-768x485.jpg 768w, https:\/\/serveiseducatius.xtec.cat\/mataro\/wp-content\/uploads\/usu1139\/2026\/01\/Captura-de-pantalla-2026-01-12-132943-3.jpg 1123w\" sizes=\"auto, (max-width: 1024px) 100vw, 1024px\" \/><\/figure><div class=\"wp-block-media-text__content\">\n<p><a href=\"https:\/\/estudiaramataro.cat\/\" target=\"_blank\" rel=\"noreferrer noopener\"><strong>Estudiar a Matar\u00f3<\/strong><\/a><\/p>\n<\/div><\/div>\n<\/div>\n\n\n\n<div class=\"wp-block-group is-vertical is-layout-flex wp-container-core-group-is-layout-7 wp-block-group-is-layout-flex\">\n<div class=\"wp-block-media-text is-stacked-on-mobile\" style=\"grid-template-columns:39% auto\"><figure class=\"wp-block-media-text__media\"><img loading=\"lazy\" decoding=\"async\" width=\"1024\" height=\"562\" src=\"https:\/\/serveiseducatius.xtec.cat\/mataro\/wp-content\/uploads\/usu1139\/2026\/01\/Captura-de-pantalla-2026-01-12-132710-3-1024x562.jpg\" alt=\"\" class=\"wp-image-13358 size-full\" srcset=\"https:\/\/serveiseducatius.xtec.cat\/mataro\/wp-content\/uploads\/usu1139\/2026\/01\/Captura-de-pantalla-2026-01-12-132710-3-1024x562.jpg 1024w, https:\/\/serveiseducatius.xtec.cat\/mataro\/wp-content\/uploads\/usu1139\/2026\/01\/Captura-de-pantalla-2026-01-12-132710-3-300x165.jpg 300w, https:\/\/serveiseducatius.xtec.cat\/mataro\/wp-content\/uploads\/usu1139\/2026\/01\/Captura-de-pantalla-2026-01-12-132710-3-768x422.jpg 768w, https:\/\/serveiseducatius.xtec.cat\/mataro\/wp-content\/uploads\/usu1139\/2026\/01\/Captura-de-pantalla-2026-01-12-132710-3.jpg 1308w\" sizes=\"auto, (max-width: 1024px) 100vw, 1024px\" \/><\/figure><div class=\"wp-block-media-text__content\">\n<p><a href=\"https:\/\/www.cpnl.cat\/xarxa\/cnlmaresme\/\" target=\"_blank\" rel=\"noreferrer noopener\"><strong>CNL del Maresme<\/strong><\/a><\/p>\n<\/div><\/div>\n<\/div>\n\n\n\n<div class=\"wp-block-group is-vertical is-layout-flex wp-container-core-group-is-layout-8 wp-block-group-is-layout-flex\">\n<div class=\"wp-block-media-text is-stacked-on-mobile\"><figure class=\"wp-block-media-text__media\"><img loading=\"lazy\" decoding=\"async\" width=\"538\" height=\"367\" src=\"https:\/\/serveiseducatius.xtec.cat\/mataro\/wp-content\/uploads\/usu1139\/2026\/01\/Captura-de-pantalla-2026-01-12-133103-4.jpg\" alt=\"\" class=\"wp-image-13368 size-full\" srcset=\"https:\/\/serveiseducatius.xtec.cat\/mataro\/wp-content\/uploads\/usu1139\/2026\/01\/Captura-de-pantalla-2026-01-12-133103-4.jpg 538w, https:\/\/serveiseducatius.xtec.cat\/mataro\/wp-content\/uploads\/usu1139\/2026\/01\/Captura-de-pantalla-2026-01-12-133103-4-300x205.jpg 300w\" sizes=\"auto, (max-width: 538px) 100vw, 538px\" \/><\/figure><div class=\"wp-block-media-text__content\">\n<p><a href=\"https:\/\/www.mataro.cat\/sites\/xarxa-dequipaments-civics-xec\/centres-civics\"><strong>Centres C\u00edvics<\/strong><\/a><\/p>\n\n\n\n<p><\/p>\n<\/div><\/div>\n<\/div>\n\n\n\n<div class=\"wp-block-group alignwide is-vertical is-layout-flex wp-container-core-group-is-layout-9 wp-block-group-is-layout-flex\">\n<div class=\"wp-block-media-text is-stacked-on-mobile\" style=\"grid-template-columns:40% auto\"><figure class=\"wp-block-media-text__media\"><img loading=\"lazy\" decoding=\"async\" width=\"1024\" height=\"454\" src=\"https:\/\/serveiseducatius.xtec.cat\/mataro\/wp-content\/uploads\/usu1139\/2026\/01\/Captura-de-pantalla-2026-01-12-133220-3-1024x454.jpg\" alt=\"\" class=\"wp-image-13354 size-full\" srcset=\"https:\/\/serveiseducatius.xtec.cat\/mataro\/wp-content\/uploads\/usu1139\/2026\/01\/Captura-de-pantalla-2026-01-12-133220-3-1024x454.jpg 1024w, https:\/\/serveiseducatius.xtec.cat\/mataro\/wp-content\/uploads\/usu1139\/2026\/01\/Captura-de-pantalla-2026-01-12-133220-3-300x133.jpg 300w, https:\/\/serveiseducatius.xtec.cat\/mataro\/wp-content\/uploads\/usu1139\/2026\/01\/Captura-de-pantalla-2026-01-12-133220-3-768x340.jpg 768w, https:\/\/serveiseducatius.xtec.cat\/mataro\/wp-content\/uploads\/usu1139\/2026\/01\/Captura-de-pantalla-2026-01-12-133220-3-1536x681.jpg 1536w, https:\/\/serveiseducatius.xtec.cat\/mataro\/wp-content\/uploads\/usu1139\/2026\/01\/Captura-de-pantalla-2026-01-12-133220-3.jpg 1828w\" sizes=\"auto, (max-width: 1024px) 100vw, 1024px\" \/><\/figure><div class=\"wp-block-media-text__content\">\n<p><a href=\"https:\/\/www.culturamataro.cat\/ambits-1\/aula-de-teatre\/laula\"><strong>Aula de Teatre<\/strong><\/a><\/p>\n<\/div><\/div>\n<\/div>\n\n\n\n<div class=\"wp-block-group is-vertical is-layout-flex wp-container-core-group-is-layout-10 wp-block-group-is-layout-flex\">\n<div class=\"wp-block-media-text is-stacked-on-mobile\" style=\"grid-template-columns:41% auto\"><figure class=\"wp-block-media-text__media\"><img loading=\"lazy\" decoding=\"async\" width=\"1024\" height=\"551\" src=\"https:\/\/serveiseducatius.xtec.cat\/mataro\/wp-content\/uploads\/usu1139\/2026\/01\/Captura-de-pantalla-2026-01-12-161108-4-1024x551.jpg\" alt=\"\" class=\"wp-image-13367 size-full\" srcset=\"https:\/\/serveiseducatius.xtec.cat\/mataro\/wp-content\/uploads\/usu1139\/2026\/01\/Captura-de-pantalla-2026-01-12-161108-4-1024x551.jpg 1024w, https:\/\/serveiseducatius.xtec.cat\/mataro\/wp-content\/uploads\/usu1139\/2026\/01\/Captura-de-pantalla-2026-01-12-161108-4-300x161.jpg 300w, https:\/\/serveiseducatius.xtec.cat\/mataro\/wp-content\/uploads\/usu1139\/2026\/01\/Captura-de-pantalla-2026-01-12-161108-4-768x413.jpg 768w, https:\/\/serveiseducatius.xtec.cat\/mataro\/wp-content\/uploads\/usu1139\/2026\/01\/Captura-de-pantalla-2026-01-12-161108-4.jpg 1302w\" sizes=\"auto, (max-width: 1024px) 100vw, 1024px\" \/><\/figure><div class=\"wp-block-media-text__content\">\n<p><\/p>\n\n\n\n<p><a href=\"https:\/\/www.emmmataro.cat\/\"><strong>Escola Municipal de M\u00fasica<\/strong><\/a><\/p>\n\n\n\n<p><\/p>\n<\/div><\/div>\n<\/div>\n","protected":false},"excerpt":{"rendered":"<p>A Matar\u00f3, a m\u00e9s dels Serveis Educatius, existeixen diversos centres formadors que ofereixen una \u00e0mplia gamma d&#8217;opcions formatives. Aquests centres [&hellip;]<\/p>\n","protected":false},"author":1,"featured_media":0,"parent":0,"menu_order":0,"comment_status":"closed","ping_status":"closed","template":"","meta":{"_bbp_topic_count":0,"_bbp_reply_count":0,"_bbp_total_topic_count":0,"_bbp_total_reply_count":0,"_bbp_voice_count":0,"_bbp_anonymous_reply_count":0,"_bbp_topic_count_hidden":0,"_bbp_reply_count_hidden":0,"_bbp_forum_subforum_count":0,"site-sidebar-layout":"default","site-content-layout":"","ast-site-content-layout":"default","site-content-style":"default","site-sidebar-style":"default","ast-global-header-display":"","ast-banner-title-visibility":"","ast-main-header-display":"","ast-hfb-above-header-display":"","ast-hfb-below-header-display":"","ast-hfb-mobile-header-display":"","site-post-title":"","ast-breadcrumbs-content":"","ast-featured-img":"","footer-sml-layout":"","theme-transparent-header-meta":"","adv-header-id-meta":"","stick-header-meta":"","header-above-stick-meta":"","header-main-stick-meta":"","header-below-stick-meta":"","astra-migrate-meta-layouts":"set","ast-page-background-enabled":"default","ast-page-background-meta":{"desktop":{"background-color":"var(--ast-global-color-4)","background-image":"","background-repeat":"repeat","background-position":"center center","background-size":"auto","background-attachment":"scroll","background-type":"","background-media":"","overlay-type":"","overlay-color":"","overlay-opacity":"","overlay-gradient":""},"tablet":{"background-color":"","background-image":"","background-repeat":"repeat","background-position":"center center","background-size":"auto","background-attachment":"scroll","background-type":"","background-media":"","overlay-type":"","overlay-color":"","overlay-opacity":"","overlay-gradient":""},"mobile":{"background-color":"","background-image":"","background-repeat":"repeat","background-position":"center center","background-size":"auto","background-attachment":"scroll","background-type":"","background-media":"","overlay-type":"","overlay-color":"","overlay-opacity":"","overlay-gradient":""}},"ast-content-background-meta":{"desktop":{"background-color":"var(--ast-global-color-5)","background-image":"","background-repeat":"repeat","background-position":"center center","background-size":"auto","background-attachment":"scroll","background-type":"","background-media":"","overlay-type":"","overlay-color":"","overlay-opacity":"","overlay-gradient":""},"tablet":{"background-color":"var(--ast-global-color-5)","background-image":"","background-repeat":"repeat","background-position":"center center","background-size":"auto","background-attachment":"scroll","background-type":"","background-media":"","overlay-type":"","overlay-color":"","overlay-opacity":"","overlay-gradient":""},"mobile":{"background-color":"var(--ast-global-color-5)","background-image":"","background-repeat":"repeat","background-position":"center center","background-size":"auto","background-attachment":"scroll","background-type":"","background-media":"","overlay-type":"","overlay-color":"","overlay-opacity":"","overlay-gradient":""}},"footnotes":""},"class_list":["post-8440","page","type-page","status-publish","hentry"],"post_mailing_queue_ids":[],"_links":{"self":[{"href":"https:\/\/serveiseducatius.xtec.cat\/mataro\/wp-json\/wp\/v2\/pages\/8440","targetHints":{"allow":["GET"]}}],"collection":[{"href":"https:\/\/serveiseducatius.xtec.cat\/mataro\/wp-json\/wp\/v2\/pages"}],"about":[{"href":"https:\/\/serveiseducatius.xtec.cat\/mataro\/wp-json\/wp\/v2\/types\/page"}],"author":[{"embeddable":true,"href":"https:\/\/serveiseducatius.xtec.cat\/mataro\/wp-json\/wp\/v2\/users\/1"}],"replies":[{"embeddable":true,"href":"https:\/\/serveiseducatius.xtec.cat\/mataro\/wp-json\/wp\/v2\/comments?post=8440"}],"version-history":[{"count":6,"href":"https:\/\/serveiseducatius.xtec.cat\/mataro\/wp-json\/wp\/v2\/pages\/8440\/revisions"}],"predecessor-version":[{"id":13454,"href":"https:\/\/serveiseducatius.xtec.cat\/mataro\/wp-json\/wp\/v2\/pages\/8440\/revisions\/13454"}],"wp:attachment":[{"href":"https:\/\/serveiseducatius.xtec.cat\/mataro\/wp-json\/wp\/v2\/media?parent=8440"}],"curies":[{"name":"wp","href":"https:\/\/api.w.org\/{rel}","templated":true}]}}