{"id":8366,"date":"2020-10-26T12:31:33","date_gmt":"2020-10-26T11:31:33","guid":{"rendered":"http:\/\/serveiseducatius.xtec.cat\/mataro\/?page_id=8366"},"modified":"2026-03-17T12:55:22","modified_gmt":"2026-03-17T11:55:22","slug":"pfz-mataro","status":"publish","type":"page","link":"https:\/\/serveiseducatius.xtec.cat\/mataro\/pfz-mataro\/","title":{"rendered":"Qu\u00e8 \u00e9s el Pla de Formaci\u00f3 de Zona?"},"content":{"rendered":"\n<p>El Departament d\u2019Ensenyament ha establert un conjunt de l\u00ednies de formaci\u00f3 permanent per donar resposta a les necessitats de formaci\u00f3 permanent dels centres educatius i dels docents de Catalunya. El<strong>&nbsp;<a href=\"https:\/\/aplicacions.gestioeducativa.gencat.cat\/ords\/pls\/soloas\/pk_for_mod_ins.p_for_cons_activitats?p_crp=A09&amp;p_any=2025-2026&amp;p_totes=S&amp;p_inici=1&amp;p_excloure_crp_rec=T\">Pla de Formaci\u00f3 de Zona (PFZ) de Matar\u00f3<\/a> <\/strong>contempla activitats formatives de diferents tipus:<\/p>\n\n\n\n<ul class=\"wp-block-list\">\n<li>Seminaris MEX (Matar\u00f3 Educa en Xarxa) per compartir amb els altres centres i cr\u00e9ixer com a ciutat.<\/li>\n\n\n\n<li>Seminaris de coordinaci\u00f3.<\/li>\n\n\n\n<li>Seminaris adre\u00e7ats a especialistes.<\/li>\n\n\n\n<li>Formaci\u00f3 adre\u00e7ada a docents de la zona.<\/li>\n\n\n\n<li>Grups de treball.<\/li>\n\n\n\n<li>Formacions en centre<\/li>\n<\/ul>\n\n\n\n<p>El professorat participa en el disseny del PFZ a trav\u00e9s del proc\u00e9s de detecci\u00f3 de necessitats (<a href=\"https:\/\/drive.google.com\/drive\/folders\/1cheN8nSHF79xRVm_SPqgkLrEsUNj9oBV?usp=sharing\">demandes formatives<\/a>) i mitjan\u00e7ant la seva representaci\u00f3 en la comissi\u00f3 del PFZ de Matar\u00f3. <\/p>\n\n\n\n<p>Informaci\u00f3 detallada sobre les<strong> <\/strong><a href=\"https:\/\/docs.google.com\/document\/d\/1OA42heKQDbgZfiLhuyybDlJAG3wleLMwDKt6-AlLocY\/edit?tab=t.0#heading=h.667lee8sxqn5\" target=\"_blank\" rel=\"noreferrer noopener\"><strong>modalitats formatives<\/strong>.<\/a><\/p>\n\n\n\n<p><\/p>\n","protected":false},"excerpt":{"rendered":"<p>El Departament d\u2019Ensenyament ha establert un conjunt de l\u00ednies de formaci\u00f3 permanent per donar resposta a les necessitats de formaci\u00f3 [&hellip;]<\/p>\n","protected":false},"author":1,"featured_media":0,"parent":0,"menu_order":0,"comment_status":"closed","ping_status":"closed","template":"","meta":{"_bbp_topic_count":0,"_bbp_reply_count":0,"_bbp_total_topic_count":0,"_bbp_total_reply_count":0,"_bbp_voice_count":0,"_bbp_anonymous_reply_count":0,"_bbp_topic_count_hidden":0,"_bbp_reply_count_hidden":0,"_bbp_forum_subforum_count":0,"site-sidebar-layout":"default","site-content-layout":"","ast-site-content-layout":"default","site-content-style":"default","site-sidebar-style":"default","ast-global-header-display":"","ast-banner-title-visibility":"","ast-main-header-display":"","ast-hfb-above-header-display":"","ast-hfb-below-header-display":"","ast-hfb-mobile-header-display":"","site-post-title":"","ast-breadcrumbs-content":"","ast-featured-img":"","footer-sml-layout":"","theme-transparent-header-meta":"","adv-header-id-meta":"","stick-header-meta":"","header-above-stick-meta":"","header-main-stick-meta":"","header-below-stick-meta":"","astra-migrate-meta-layouts":"set","ast-page-background-enabled":"default","ast-page-background-meta":{"desktop":{"background-color":"var(--ast-global-color-4)","background-image":"","background-repeat":"repeat","background-position":"center center","background-size":"auto","background-attachment":"scroll","background-type":"","background-media":"","overlay-type":"","overlay-color":"","overlay-opacity":"","overlay-gradient":""},"tablet":{"background-color":"","background-image":"","background-repeat":"repeat","background-position":"center center","background-size":"auto","background-attachment":"scroll","background-type":"","background-media":"","overlay-type":"","overlay-color":"","overlay-opacity":"","overlay-gradient":""},"mobile":{"background-color":"","background-image":"","background-repeat":"repeat","background-position":"center center","background-size":"auto","background-attachment":"scroll","background-type":"","background-media":"","overlay-type":"","overlay-color":"","overlay-opacity":"","overlay-gradient":""}},"ast-content-background-meta":{"desktop":{"background-color":"var(--ast-global-color-5)","background-image":"","background-repeat":"repeat","background-position":"center center","background-size":"auto","background-attachment":"scroll","background-type":"","background-media":"","overlay-type":"","overlay-color":"","overlay-opacity":"","overlay-gradient":""},"tablet":{"background-color":"var(--ast-global-color-5)","background-image":"","background-repeat":"repeat","background-position":"center center","background-size":"auto","background-attachment":"scroll","background-type":"","background-media":"","overlay-type":"","overlay-color":"","overlay-opacity":"","overlay-gradient":""},"mobile":{"background-color":"var(--ast-global-color-5)","background-image":"","background-repeat":"repeat","background-position":"center center","background-size":"auto","background-attachment":"scroll","background-type":"","background-media":"","overlay-type":"","overlay-color":"","overlay-opacity":"","overlay-gradient":""}},"footnotes":""},"class_list":["post-8366","page","type-page","status-publish","hentry"],"post_mailing_queue_ids":[],"_links":{"self":[{"href":"https:\/\/serveiseducatius.xtec.cat\/mataro\/wp-json\/wp\/v2\/pages\/8366","targetHints":{"allow":["GET"]}}],"collection":[{"href":"https:\/\/serveiseducatius.xtec.cat\/mataro\/wp-json\/wp\/v2\/pages"}],"about":[{"href":"https:\/\/serveiseducatius.xtec.cat\/mataro\/wp-json\/wp\/v2\/types\/page"}],"author":[{"embeddable":true,"href":"https:\/\/serveiseducatius.xtec.cat\/mataro\/wp-json\/wp\/v2\/users\/1"}],"replies":[{"embeddable":true,"href":"https:\/\/serveiseducatius.xtec.cat\/mataro\/wp-json\/wp\/v2\/comments?post=8366"}],"version-history":[{"count":6,"href":"https:\/\/serveiseducatius.xtec.cat\/mataro\/wp-json\/wp\/v2\/pages\/8366\/revisions"}],"predecessor-version":[{"id":13735,"href":"https:\/\/serveiseducatius.xtec.cat\/mataro\/wp-json\/wp\/v2\/pages\/8366\/revisions\/13735"}],"wp:attachment":[{"href":"https:\/\/serveiseducatius.xtec.cat\/mataro\/wp-json\/wp\/v2\/media?parent=8366"}],"curies":[{"name":"wp","href":"https:\/\/api.w.org\/{rel}","templated":true}]}}