{"id":8343,"date":"2020-10-15T16:18:03","date_gmt":"2020-10-15T14:18:03","guid":{"rendered":"http:\/\/serveiseducatius.xtec.cat\/mataro\/?page_id=8343"},"modified":"2026-01-22T10:36:08","modified_gmt":"2026-01-22T09:36:08","slug":"serveis-educatius-especifics","status":"publish","type":"page","link":"https:\/\/serveiseducatius.xtec.cat\/mataro\/serveis-educatius-especifics\/","title":{"rendered":"CREDA, CREDV i CRETDIC"},"content":{"rendered":"\n<p class=\"has-white-color has-ast-global-color-1-background-color has-text-color has-background has-link-color has-medium-font-size wp-elements-178211331bec4ea375591d1453124990\"><strong>S\u00f3n Serveis Educatius Espec\u00edfics que donen suport a l\u2019activitat pedag\u00f2gica dels centres, amb l\u2019objectiu d\u2019adequar l\u2019actuaci\u00f3 educativa a l\u2019alumnat amb necessitats m\u00e9s espec\u00edfiques. Els Serveis Educatius Espec\u00edfics que intervenen a Matar\u00f3 s\u00f3n:<\/strong><\/p>\n\n\n\n<ul class=\"wp-block-list\">\n<li><strong><a href=\"http:\/\/xtec.gencat.cat\/ca\/serveis\/see\/creda\/\" target=\"_blank\" rel=\"noreferrer noopener\">CREDA<\/a><\/strong>: \u00c9s el centre de Recursos Educatius per a alumnes amb Discapacitat Auditiva i alumnes amb trastorns greus del llenguatge i\/o la comunicaci\u00f3. <a href=\"https:\/\/serveiseducatius.xtec.cat\/creda-mvo\/\" target=\"_blank\" rel=\"noreferrer noopener\">CREDA Maresme-Vall\u00e8s Oriental<\/a>.<\/li>\n\n\n\n<li><strong><a href=\"http:\/\/xtec.gencat.cat\/ca\/serveis\/see\/credv\/\" target=\"_blank\" rel=\"noreferrer noopener\">CREDV<\/a><\/strong>: \u00c9s el Centre de Recursos Educatius per a alumnes amb ceguesa i Discapacitat Visual greu.<\/li>\n\n\n\n<li><strong><a href=\"http:\/\/xtec.gencat.cat\/ca\/serveis\/see\/cretdic\/\" target=\"_blank\" rel=\"noreferrer noopener\">CRETDIC<\/a><\/strong>: \u00c9s el Centre de Recursos per a l\u2019atenci\u00f3 Educativa a l\u2019alumnat amb Trastorns greus del Desenvolupament I de la Conducta. <a href=\"https:\/\/sites.google.com\/xtec.cat\/web-cretdic-mvo\/inici?authuser=0\" target=\"_blank\" rel=\"noreferrer noopener\">CRETDIC Maresme-Vall\u00e8s Oriental<\/a>.<\/li>\n<\/ul>\n\n\n\n<p><\/p>\n","protected":false},"excerpt":{"rendered":"<p>S\u00f3n Serveis Educatius Espec\u00edfics que donen suport a l\u2019activitat pedag\u00f2gica dels centres, amb l\u2019objectiu d\u2019adequar l\u2019actuaci\u00f3 educativa a l\u2019alumnat amb [&hellip;]<\/p>\n","protected":false},"author":1,"featured_media":0,"parent":0,"menu_order":30,"comment_status":"closed","ping_status":"closed","template":"","meta":{"_bbp_topic_count":0,"_bbp_reply_count":0,"_bbp_total_topic_count":0,"_bbp_total_reply_count":0,"_bbp_voice_count":0,"_bbp_anonymous_reply_count":0,"_bbp_topic_count_hidden":0,"_bbp_reply_count_hidden":0,"_bbp_forum_subforum_count":0,"site-sidebar-layout":"default","site-content-layout":"","ast-site-content-layout":"default","site-content-style":"default","site-sidebar-style":"default","ast-global-header-display":"","ast-banner-title-visibility":"","ast-main-header-display":"","ast-hfb-above-header-display":"","ast-hfb-below-header-display":"","ast-hfb-mobile-header-display":"","site-post-title":"","ast-breadcrumbs-content":"","ast-featured-img":"","footer-sml-layout":"","theme-transparent-header-meta":"","adv-header-id-meta":"","stick-header-meta":"","header-above-stick-meta":"","header-main-stick-meta":"","header-below-stick-meta":"","astra-migrate-meta-layouts":"set","ast-page-background-enabled":"default","ast-page-background-meta":{"desktop":{"background-color":"var(--ast-global-color-4)","background-image":"","background-repeat":"repeat","background-position":"center center","background-size":"auto","background-attachment":"scroll","background-type":"","background-media":"","overlay-type":"","overlay-color":"","overlay-opacity":"","overlay-gradient":""},"tablet":{"background-color":"","background-image":"","background-repeat":"repeat","background-position":"center center","background-size":"auto","background-attachment":"scroll","background-type":"","background-media":"","overlay-type":"","overlay-color":"","overlay-opacity":"","overlay-gradient":""},"mobile":{"background-color":"","background-image":"","background-repeat":"repeat","background-position":"center center","background-size":"auto","background-attachment":"scroll","background-type":"","background-media":"","overlay-type":"","overlay-color":"","overlay-opacity":"","overlay-gradient":""}},"ast-content-background-meta":{"desktop":{"background-color":"var(--ast-global-color-5)","background-image":"","background-repeat":"repeat","background-position":"center center","background-size":"auto","background-attachment":"scroll","background-type":"","background-media":"","overlay-type":"","overlay-color":"","overlay-opacity":"","overlay-gradient":""},"tablet":{"background-color":"var(--ast-global-color-5)","background-image":"","background-repeat":"repeat","background-position":"center center","background-size":"auto","background-attachment":"scroll","background-type":"","background-media":"","overlay-type":"","overlay-color":"","overlay-opacity":"","overlay-gradient":""},"mobile":{"background-color":"var(--ast-global-color-5)","background-image":"","background-repeat":"repeat","background-position":"center center","background-size":"auto","background-attachment":"scroll","background-type":"","background-media":"","overlay-type":"","overlay-color":"","overlay-opacity":"","overlay-gradient":""}},"footnotes":""},"class_list":["post-8343","page","type-page","status-publish","hentry"],"post_mailing_queue_ids":[],"_links":{"self":[{"href":"https:\/\/serveiseducatius.xtec.cat\/mataro\/wp-json\/wp\/v2\/pages\/8343","targetHints":{"allow":["GET"]}}],"collection":[{"href":"https:\/\/serveiseducatius.xtec.cat\/mataro\/wp-json\/wp\/v2\/pages"}],"about":[{"href":"https:\/\/serveiseducatius.xtec.cat\/mataro\/wp-json\/wp\/v2\/types\/page"}],"author":[{"embeddable":true,"href":"https:\/\/serveiseducatius.xtec.cat\/mataro\/wp-json\/wp\/v2\/users\/1"}],"replies":[{"embeddable":true,"href":"https:\/\/serveiseducatius.xtec.cat\/mataro\/wp-json\/wp\/v2\/comments?post=8343"}],"version-history":[{"count":6,"href":"https:\/\/serveiseducatius.xtec.cat\/mataro\/wp-json\/wp\/v2\/pages\/8343\/revisions"}],"predecessor-version":[{"id":13452,"href":"https:\/\/serveiseducatius.xtec.cat\/mataro\/wp-json\/wp\/v2\/pages\/8343\/revisions\/13452"}],"wp:attachment":[{"href":"https:\/\/serveiseducatius.xtec.cat\/mataro\/wp-json\/wp\/v2\/media?parent=8343"}],"curies":[{"name":"wp","href":"https:\/\/api.w.org\/{rel}","templated":true}]}}