{"id":797,"date":"2015-11-28T21:06:57","date_gmt":"2015-11-28T20:06:57","guid":{"rendered":"http:\/\/serveiseducatius.xtec.cat\/mataro\/?page_id=797"},"modified":"2026-01-13T12:09:12","modified_gmt":"2026-01-13T11:09:12","slug":"presentacio","status":"publish","type":"page","link":"https:\/\/serveiseducatius.xtec.cat\/mataro\/presentacio\/","title":{"rendered":"Els serveis educatius: EAP, CRP i LIC"},"content":{"rendered":"\n<h2 class=\"wp-block-heading has-white-color has-ast-global-color-1-background-color has-text-color has-background has-link-color has-medium-font-size wp-elements-8c0b05e76b4767a18cb1afbc16044f36\">Serveis Educatius de Matar\u00f3<\/h2>\n\n\n\n<p>Els Serveis Educatius del Departament d&#8217;Educaci\u00f3 s\u00f3n equips multiprofessionals (EAP, CRP i LIC) \u00a0que donen suport i assessorament als centres educatius p\u00fablics i privats concertats de nivells educatius no universitaris. Cada servei educatiu est\u00e0 format per un equip multidisciplinar que t\u00e9 com a objectiu\u00a0contribuir a la millora de la qualitat educativa, afavorir l\u2019\u00e8xit de l\u2019alumnat i promoure una escola inclusiva, diversa i cohesionada socialment.<\/p>\n\n\n\n<p class=\"has-white-color has-ast-global-color-1-background-color has-text-color has-background has-link-color has-medium-font-size wp-elements-e401e34f04ec3e9a7974478dc60befd7\"><strong>Equip d&#8217;Assessorament i Orientaci\u00f3 Psicopedag\u00f2gica (EAP)<\/strong><\/p>\n\n\n\n<p>L\u2019EAP \u00e9s un equip especialitzat que treballa en assessorament psicopedag\u00f2gic i orientador format per psicopedagogues, fisioterapeutes i treballadores socials. La seva finalitat \u00e9s&nbsp;donar suport als centres educatius, al professorat, a l\u2019alumnat i a les fam\u00edlies en la atenci\u00f3 a la diversitat i a les necessitats educatives espec\u00edfiques. Tamb\u00e9 acompanya en aspectes d\u2019orientaci\u00f3 personal, acad\u00e8mica i professional, i col\u00b7labora amb altres serveis i recursos per articular una resposta educativa global.<\/p>\n\n\n\n<p class=\"has-white-color has-ast-global-color-1-background-color has-text-color has-background has-link-color has-medium-font-size wp-elements-1e2ee0b381c425551ef70a92f2e463c5\"><strong>Centre de Recursos Pedag\u00f2gics (CRP)<\/strong><\/p>\n\n\n\n<p>El CRP t\u00e9 com a objectiu donar suport a la tasca pedag\u00f2gica dels centres i del professorat. Ho fa mitjan\u00e7ant assessorament metodol\u00f2gic, recursos did\u00e0ctics, formaci\u00f3 permanent i dinamitzaci\u00f3 de projectes educatius, promovent la innovaci\u00f3 educativa i l\u2019intercanvi de bones pr\u00e0ctiques. Aquest servei facilita eines perqu\u00e8 els equips docents puguin desenvolupar activitats de qualitat i respondre a les necessitats de l\u2019alumnat des d\u2019un enfocament reflexiu i actualitzat.<\/p>\n\n\n\n<p class=\"has-white-color has-ast-global-color-1-background-color has-text-color has-background has-link-color has-medium-font-size wp-elements-aa78262f97abf5fc9c2103ab73ac1d1c\"><strong>Equip d\u2019Assessorament en Llengua, Interculturalitat i Cohesi\u00f3 Social (LIC)<\/strong><\/p>\n\n\n\n<p>L\u2019equip LIC, Llengua, Interculturalitat i Cohesi\u00f3 Social, acompanya els centres educatius en l\u2019atenci\u00f3 a la diversitat ling\u00fc\u00edstica, cultural i social de l\u2019alumnat. Assessoren i donen suport en l\u2019acollida de l\u2019alumnat nouvingut i en l\u2019adequaci\u00f3 d\u2019estrat\u00e8gies educatives que afavoreixin la conviv\u00e8ncia, la participaci\u00f3 i la igualtat d\u2019oportunitats, promovent la cohesi\u00f3 social dins de la comunitat educativa.<\/p>\n\n\n\n<p class=\"has-white-color has-ast-global-color-1-background-color has-text-color has-background has-link-color has-medium-font-size wp-elements-1b2d70c7f16baa14340091ccb3edd720\"><strong>Qui pot fer la demanda dels serveis?<\/strong><\/p>\n\n\n\n<ul class=\"wp-block-list\">\n<li>Els centres, mitjan\u00e7ant els seus equips de direcci\u00f3.<\/li>\n\n\n\n<li>Col\u00b7lectius de docents, d\u2019especialitat, de nivell, d\u2019interessos, etc.<\/li>\n\n\n\n<li>Els docents directament.<\/li>\n\n\n\n<li>Altres entitats vinculades a l\u2019Educaci\u00f3.<\/li>\n<\/ul>\n\n\n\n<p class=\"has-white-color has-ast-global-color-1-background-color has-text-color has-background has-link-color has-medium-font-size wp-elements-d403828a15487a3845fb1bcad2016f97\"><strong>Com es fa la demanda?<\/strong><\/p>\n\n\n\n<p>Trucant al tel\u00e8fon&nbsp;<strong>935516989 <\/strong>o enviant un correu electr\u00f2nic a <strong>a8870207@xtec.cat<\/strong><\/p>\n\n\n\n<p>L\u2019\u00e0mbit d\u2019actuaci\u00f3 d\u2019aquest servei educatiu \u00e9s la ciutat de Matar\u00f3.<\/p>\n\n\n\n<p><\/p>\n","protected":false},"excerpt":{"rendered":"<p>Serveis Educatius de Matar\u00f3 Els Serveis Educatius del Departament d&#8217;Educaci\u00f3 s\u00f3n equips multiprofessionals (EAP, CRP i LIC) \u00a0que donen suport [&hellip;]<\/p>\n","protected":false},"author":1,"featured_media":0,"parent":0,"menu_order":10,"comment_status":"closed","ping_status":"closed","template":"","meta":{"_bbp_topic_count":0,"_bbp_reply_count":0,"_bbp_total_topic_count":0,"_bbp_total_reply_count":0,"_bbp_voice_count":0,"_bbp_anonymous_reply_count":0,"_bbp_topic_count_hidden":0,"_bbp_reply_count_hidden":0,"_bbp_forum_subforum_count":0,"site-sidebar-layout":"default","site-content-layout":"","ast-site-content-layout":"default","site-content-style":"default","site-sidebar-style":"default","ast-global-header-display":"","ast-banner-title-visibility":"","ast-main-header-display":"","ast-hfb-above-header-display":"","ast-hfb-below-header-display":"","ast-hfb-mobile-header-display":"","site-post-title":"","ast-breadcrumbs-content":"","ast-featured-img":"","footer-sml-layout":"","theme-transparent-header-meta":"","adv-header-id-meta":"","stick-header-meta":"","header-above-stick-meta":"","header-main-stick-meta":"","header-below-stick-meta":"","astra-migrate-meta-layouts":"set","ast-page-background-enabled":"default","ast-page-background-meta":{"desktop":{"background-color":"var(--ast-global-color-4)","background-image":"","background-repeat":"repeat","background-position":"center center","background-size":"auto","background-attachment":"scroll","background-type":"","background-media":"","overlay-type":"","overlay-color":"","overlay-opacity":"","overlay-gradient":""},"tablet":{"background-color":"","background-image":"","background-repeat":"repeat","background-position":"center center","background-size":"auto","background-attachment":"scroll","background-type":"","background-media":"","overlay-type":"","overlay-color":"","overlay-opacity":"","overlay-gradient":""},"mobile":{"background-color":"","background-image":"","background-repeat":"repeat","background-position":"center center","background-size":"auto","background-attachment":"scroll","background-type":"","background-media":"","overlay-type":"","overlay-color":"","overlay-opacity":"","overlay-gradient":""}},"ast-content-background-meta":{"desktop":{"background-color":"var(--ast-global-color-5)","background-image":"","background-repeat":"repeat","background-position":"center center","background-size":"auto","background-attachment":"scroll","background-type":"","background-media":"","overlay-type":"","overlay-color":"","overlay-opacity":"","overlay-gradient":""},"tablet":{"background-color":"var(--ast-global-color-5)","background-image":"","background-repeat":"repeat","background-position":"center center","background-size":"auto","background-attachment":"scroll","background-type":"","background-media":"","overlay-type":"","overlay-color":"","overlay-opacity":"","overlay-gradient":""},"mobile":{"background-color":"var(--ast-global-color-5)","background-image":"","background-repeat":"repeat","background-position":"center center","background-size":"auto","background-attachment":"scroll","background-type":"","background-media":"","overlay-type":"","overlay-color":"","overlay-opacity":"","overlay-gradient":""}},"footnotes":""},"class_list":["post-797","page","type-page","status-publish","hentry"],"post_mailing_queue_ids":[],"_links":{"self":[{"href":"https:\/\/serveiseducatius.xtec.cat\/mataro\/wp-json\/wp\/v2\/pages\/797","targetHints":{"allow":["GET"]}}],"collection":[{"href":"https:\/\/serveiseducatius.xtec.cat\/mataro\/wp-json\/wp\/v2\/pages"}],"about":[{"href":"https:\/\/serveiseducatius.xtec.cat\/mataro\/wp-json\/wp\/v2\/types\/page"}],"author":[{"embeddable":true,"href":"https:\/\/serveiseducatius.xtec.cat\/mataro\/wp-json\/wp\/v2\/users\/1"}],"replies":[{"embeddable":true,"href":"https:\/\/serveiseducatius.xtec.cat\/mataro\/wp-json\/wp\/v2\/comments?post=797"}],"version-history":[{"count":6,"href":"https:\/\/serveiseducatius.xtec.cat\/mataro\/wp-json\/wp\/v2\/pages\/797\/revisions"}],"predecessor-version":[{"id":13381,"href":"https:\/\/serveiseducatius.xtec.cat\/mataro\/wp-json\/wp\/v2\/pages\/797\/revisions\/13381"}],"wp:attachment":[{"href":"https:\/\/serveiseducatius.xtec.cat\/mataro\/wp-json\/wp\/v2\/media?parent=797"}],"curies":[{"name":"wp","href":"https:\/\/api.w.org\/{rel}","templated":true}]}}