{"id":13474,"date":"2026-01-26T11:39:10","date_gmt":"2026-01-26T10:39:10","guid":{"rendered":"https:\/\/serveiseducatius.xtec.cat\/mataro\/?page_id=13474"},"modified":"2026-03-17T13:10:38","modified_gmt":"2026-03-17T12:10:38","slug":"mostra-de-projectes-steam","status":"publish","type":"page","link":"https:\/\/serveiseducatius.xtec.cat\/mataro\/mostra-de-projectes-steam\/","title":{"rendered":"Mostra de Projectes STEAM"},"content":{"rendered":"\n<p>El taller <strong>Mostra de Projectes STEAM<\/strong> t\u00e9 com a finalitat principal dissenyar i desenvolupar projectes STEAM i, alhora, reflexionar sobre el seu \u00fas pedag\u00f2gic a trav\u00e9s de la rob\u00f2tica, la programaci\u00f3 i el pensament computacional. L\u2019objectiu \u00e9s que els participants puguin crear propostes educatives significatives, compartir experi\u00e8ncies i generar recursos que posteriorment es puguin presentar a la Mostra de Projectes STEAM, que se celebra des de l\u2019any 2019 en el marc de l\u2019STEAM Party.<\/p>\n\n\n\n<p class=\"has-white-color has-ast-global-color-1-background-color has-text-color has-background has-link-color wp-elements-b113f55b66982aac6413446617fa9528\"><strong>L\u2019<a href=\"https:\/\/xnergic.org\/steam-party\/\" target=\"_blank\" rel=\"noreferrer noopener\">STEAM Party<\/a><\/strong> \u00e9s una iniciativa organitzada pel TecnoCampus Matar\u00f3 que inclou diverses activitats adre\u00e7ades tant a alumnat com a docents de totes les etapes educatives, amb la voluntat de promoure l\u2019aprenentatge actiu i la innovaci\u00f3. En aquest context, la Mostra esdev\u00e9 un espai de trobada i intercanvi on es posen en valor projectes que integren ci\u00e8ncia, tecnologia, enginyeria, arts i matem\u00e0tiques, i que fomenten la creativitat, la resoluci\u00f3 de problemes i el treball en equip.<\/p>\n\n\n\n<p>La metodologia del taller \u00e9s pr\u00e0ctica, participativa i col\u00b7laborativa, basada en la creaci\u00f3 i l\u2019experimentaci\u00f3 directa. Es treballa a partir de propostes reals i din\u00e0miques de cooperaci\u00f3, amb l\u2019objectiu que els projectes resultants siguin transferibles a l\u2019aula i adaptables a diferents nivells educatius. D\u2019aquesta manera, el taller no nom\u00e9s ofereix eines i idees per aplicar en el dia a dia docent, sin\u00f3 que tamb\u00e9 impulsa una reflexi\u00f3 compartida sobre com integrar aquestes tecnologies i enfocaments de manera efectiva i significativa dins del proc\u00e9s d\u2019ensenyament i aprenentatge.<\/p>\n\n\n\n<p><\/p>\n","protected":false},"excerpt":{"rendered":"<p>El taller Mostra de Projectes STEAM t\u00e9 com a finalitat principal dissenyar i desenvolupar projectes STEAM i, alhora, reflexionar sobre [&hellip;]<\/p>\n","protected":false},"author":1,"featured_media":0,"parent":0,"menu_order":0,"comment_status":"closed","ping_status":"close","template":"","meta":{"_bbp_topic_count":0,"_bbp_reply_count":0,"_bbp_total_topic_count":0,"_bbp_total_reply_count":0,"_bbp_voice_count":0,"_bbp_anonymous_reply_count":0,"_bbp_topic_count_hidden":0,"_bbp_reply_count_hidden":0,"_bbp_forum_subforum_count":0,"site-sidebar-layout":"default","site-content-layout":"","ast-site-content-layout":"default","site-content-style":"default","site-sidebar-style":"default","ast-global-header-display":"","ast-banner-title-visibility":"","ast-main-header-display":"","ast-hfb-above-header-display":"","ast-hfb-below-header-display":"","ast-hfb-mobile-header-display":"","site-post-title":"","ast-breadcrumbs-content":"","ast-featured-img":"","footer-sml-layout":"","theme-transparent-header-meta":"","adv-header-id-meta":"","stick-header-meta":"","header-above-stick-meta":"","header-main-stick-meta":"","header-below-stick-meta":"","astra-migrate-meta-layouts":"set","ast-page-background-enabled":"default","ast-page-background-meta":{"desktop":{"background-color":"var(--ast-global-color-4)","background-image":"","background-repeat":"repeat","background-position":"center center","background-size":"auto","background-attachment":"scroll","background-type":"","background-media":"","overlay-type":"","overlay-color":"","overlay-opacity":"","overlay-gradient":""},"tablet":{"background-color":"","background-image":"","background-repeat":"repeat","background-position":"center center","background-size":"auto","background-attachment":"scroll","background-type":"","background-media":"","overlay-type":"","overlay-color":"","overlay-opacity":"","overlay-gradient":""},"mobile":{"background-color":"","background-image":"","background-repeat":"repeat","background-position":"center center","background-size":"auto","background-attachment":"scroll","background-type":"","background-media":"","overlay-type":"","overlay-color":"","overlay-opacity":"","overlay-gradient":""}},"ast-content-background-meta":{"desktop":{"background-color":"var(--ast-global-color-5)","background-image":"","background-repeat":"repeat","background-position":"center center","background-size":"auto","background-attachment":"scroll","background-type":"","background-media":"","overlay-type":"","overlay-color":"","overlay-opacity":"","overlay-gradient":""},"tablet":{"background-color":"var(--ast-global-color-5)","background-image":"","background-repeat":"repeat","background-position":"center center","background-size":"auto","background-attachment":"scroll","background-type":"","background-media":"","overlay-type":"","overlay-color":"","overlay-opacity":"","overlay-gradient":""},"mobile":{"background-color":"var(--ast-global-color-5)","background-image":"","background-repeat":"repeat","background-position":"center center","background-size":"auto","background-attachment":"scroll","background-type":"","background-media":"","overlay-type":"","overlay-color":"","overlay-opacity":"","overlay-gradient":""}},"footnotes":""},"class_list":["post-13474","page","type-page","status-publish","hentry"],"post_mailing_queue_ids":[],"_links":{"self":[{"href":"https:\/\/serveiseducatius.xtec.cat\/mataro\/wp-json\/wp\/v2\/pages\/13474","targetHints":{"allow":["GET"]}}],"collection":[{"href":"https:\/\/serveiseducatius.xtec.cat\/mataro\/wp-json\/wp\/v2\/pages"}],"about":[{"href":"https:\/\/serveiseducatius.xtec.cat\/mataro\/wp-json\/wp\/v2\/types\/page"}],"author":[{"embeddable":true,"href":"https:\/\/serveiseducatius.xtec.cat\/mataro\/wp-json\/wp\/v2\/users\/1"}],"replies":[{"embeddable":true,"href":"https:\/\/serveiseducatius.xtec.cat\/mataro\/wp-json\/wp\/v2\/comments?post=13474"}],"version-history":[{"count":2,"href":"https:\/\/serveiseducatius.xtec.cat\/mataro\/wp-json\/wp\/v2\/pages\/13474\/revisions"}],"predecessor-version":[{"id":13740,"href":"https:\/\/serveiseducatius.xtec.cat\/mataro\/wp-json\/wp\/v2\/pages\/13474\/revisions\/13740"}],"wp:attachment":[{"href":"https:\/\/serveiseducatius.xtec.cat\/mataro\/wp-json\/wp\/v2\/media?parent=13474"}],"curies":[{"name":"wp","href":"https:\/\/api.w.org\/{rel}","templated":true}]}}