{"id":12239,"date":"2025-03-07T08:50:59","date_gmt":"2025-03-07T07:50:59","guid":{"rendered":"https:\/\/serveiseducatius.xtec.cat\/mataro\/?page_id=12239"},"modified":"2025-03-07T08:51:01","modified_gmt":"2025-03-07T07:51:01","slug":"nou-curriculum","status":"publish","type":"page","link":"https:\/\/serveiseducatius.xtec.cat\/mataro\/nou-curriculum\/","title":{"rendered":"Nou curr\u00edculum"},"content":{"rendered":"\n<figure class=\"wp-block-image size-full\"><a href=\"https:\/\/projectes.xtec.cat\/nou-curriculum\/educacio-basica\/\"><img loading=\"lazy\" decoding=\"async\" width=\"353\" height=\"89\" src=\"https:\/\/serveiseducatius.xtec.cat\/mataro\/wp-content\/uploads\/usu1139\/2025\/03\/Captura-2.jpg\" alt=\"\" class=\"wp-image-12242\" srcset=\"https:\/\/serveiseducatius.xtec.cat\/mataro\/wp-content\/uploads\/usu1139\/2025\/03\/Captura-2.jpg 353w, https:\/\/serveiseducatius.xtec.cat\/mataro\/wp-content\/uploads\/usu1139\/2025\/03\/Captura-2-300x76.jpg 300w\" sizes=\"auto, (max-width: 353px) 100vw, 353px\" \/><\/a><\/figure>\n\n\n\n<figure class=\"wp-block-table\"><table><tbody><tr><td><strong>En aquest <a href=\"https:\/\/projectes.xtec.cat\/nou-curriculum\/educacio-basica\/\">web<\/a> es poden consultar:<\/strong><br><br>&#8211; Decrets \/ Curr\u00edculum<br>&#8211; Guies<br>&#8211; Elements curriculars: vectors, compet\u00e8ncies espec\u00edfiques, compet\u00e8ncies transversals, sabers<br>&#8211; Eines per programar: mapa curricular, situaci\u00f3 d&#8217;aprenentatge, Pla de suport individualitzat<br>&#8211; Programes d&#8217;innovaci\u00f3<\/td><td><a href=\"https:\/\/docs.google.com\/spreadsheets\/d\/1YqE2dxt-rwHMCHcNSGDevR2-BMecBN0oDePGEgRY4sk\/edit#gid=335157450\"><strong>Model diari d&#8217;educaci\u00f3 infantil\u00a0<\/strong><\/a><br><strong>Models diari curricular<\/strong> (SE VOIII):\u00a0<br><a href=\"https:\/\/docs.google.com\/spreadsheets\/d\/1ZK1Jv0OrWDoyCo59hnI5B_Ik_-RRdg79KHmn6A4DOWE\/copy#gid=335157450\">E. Infantil<\/a>\u00a0(feb. 24)<br><a href=\"https:\/\/docs.google.com\/spreadsheets\/d\/1G4rGRIZO9RQmLx_O6OQT_18Pdl0XJsra1XLkMs_du-E\/copy#gid=1817821536\">E. Prim\u00e0ria<\/a>\u00a0(feb.24)<br><a href=\"https:\/\/docs.google.com\/spreadsheets\/d\/1XvCkb-swmzLQG8avsqNr4VoFRHFhR3JheywDtgMSY-c\/copy#gid=1817821536\">ESO<\/a>\u00a0(feb. 24)<br><a href=\"https:\/\/serveiseducatius.xtec.cat\/garrotxa\/diaris-curriculars-crpga\/\"><strong>Registres curriculars CRPGA<\/strong><\/a><br><strong>Eina per programar Situacions d\u2019Aprenentatge<\/strong>:<br><a href=\"https:\/\/serveiseducatius.xtec.cat\/mataro\/general\/eina-per-programar-situacions-daprenentatge-ei-ep-i-eso\/\">EI, EP i ESO (model SE de l\u2019Alt Urgell)<\/a><\/td><\/tr><\/tbody><\/table><\/figure>\n","protected":false},"excerpt":{"rendered":"<p>En aquest web es poden consultar: &#8211; Decrets \/ Curr\u00edculum&#8211; Guies&#8211; Elements curriculars: vectors, compet\u00e8ncies espec\u00edfiques, compet\u00e8ncies transversals, sabers&#8211; Eines [&hellip;]<\/p>\n","protected":false},"author":1,"featured_media":0,"parent":0,"menu_order":0,"comment_status":"closed","ping_status":"close","template":"","meta":{"_bbp_topic_count":0,"_bbp_reply_count":0,"_bbp_total_topic_count":0,"_bbp_total_reply_count":0,"_bbp_voice_count":0,"_bbp_anonymous_reply_count":0,"_bbp_topic_count_hidden":0,"_bbp_reply_count_hidden":0,"_bbp_forum_subforum_count":0,"site-sidebar-layout":"default","site-content-layout":"","ast-site-content-layout":"default","site-content-style":"default","site-sidebar-style":"default","ast-global-header-display":"","ast-banner-title-visibility":"","ast-main-header-display":"","ast-hfb-above-header-display":"","ast-hfb-below-header-display":"","ast-hfb-mobile-header-display":"","site-post-title":"","ast-breadcrumbs-content":"","ast-featured-img":"","footer-sml-layout":"","theme-transparent-header-meta":"","adv-header-id-meta":"","stick-header-meta":"","header-above-stick-meta":"","header-main-stick-meta":"","header-below-stick-meta":"","astra-migrate-meta-layouts":"set","ast-page-background-enabled":"default","ast-page-background-meta":{"desktop":{"background-color":"var(--ast-global-color-4)","background-image":"","background-repeat":"repeat","background-position":"center center","background-size":"auto","background-attachment":"scroll","background-type":"","background-media":"","overlay-type":"","overlay-color":"","overlay-opacity":"","overlay-gradient":""},"tablet":{"background-color":"","background-image":"","background-repeat":"repeat","background-position":"center center","background-size":"auto","background-attachment":"scroll","background-type":"","background-media":"","overlay-type":"","overlay-color":"","overlay-opacity":"","overlay-gradient":""},"mobile":{"background-color":"","background-image":"","background-repeat":"repeat","background-position":"center center","background-size":"auto","background-attachment":"scroll","background-type":"","background-media":"","overlay-type":"","overlay-color":"","overlay-opacity":"","overlay-gradient":""}},"ast-content-background-meta":{"desktop":{"background-color":"var(--ast-global-color-5)","background-image":"","background-repeat":"repeat","background-position":"center center","background-size":"auto","background-attachment":"scroll","background-type":"","background-media":"","overlay-type":"","overlay-color":"","overlay-opacity":"","overlay-gradient":""},"tablet":{"background-color":"var(--ast-global-color-5)","background-image":"","background-repeat":"repeat","background-position":"center center","background-size":"auto","background-attachment":"scroll","background-type":"","background-media":"","overlay-type":"","overlay-color":"","overlay-opacity":"","overlay-gradient":""},"mobile":{"background-color":"var(--ast-global-color-5)","background-image":"","background-repeat":"repeat","background-position":"center center","background-size":"auto","background-attachment":"scroll","background-type":"","background-media":"","overlay-type":"","overlay-color":"","overlay-opacity":"","overlay-gradient":""}},"footnotes":""},"class_list":["post-12239","page","type-page","status-publish","hentry"],"post_mailing_queue_ids":[],"_links":{"self":[{"href":"https:\/\/serveiseducatius.xtec.cat\/mataro\/wp-json\/wp\/v2\/pages\/12239","targetHints":{"allow":["GET"]}}],"collection":[{"href":"https:\/\/serveiseducatius.xtec.cat\/mataro\/wp-json\/wp\/v2\/pages"}],"about":[{"href":"https:\/\/serveiseducatius.xtec.cat\/mataro\/wp-json\/wp\/v2\/types\/page"}],"author":[{"embeddable":true,"href":"https:\/\/serveiseducatius.xtec.cat\/mataro\/wp-json\/wp\/v2\/users\/1"}],"replies":[{"embeddable":true,"href":"https:\/\/serveiseducatius.xtec.cat\/mataro\/wp-json\/wp\/v2\/comments?post=12239"}],"version-history":[{"count":1,"href":"https:\/\/serveiseducatius.xtec.cat\/mataro\/wp-json\/wp\/v2\/pages\/12239\/revisions"}],"predecessor-version":[{"id":12248,"href":"https:\/\/serveiseducatius.xtec.cat\/mataro\/wp-json\/wp\/v2\/pages\/12239\/revisions\/12248"}],"wp:attachment":[{"href":"https:\/\/serveiseducatius.xtec.cat\/mataro\/wp-json\/wp\/v2\/media?parent=12239"}],"curies":[{"name":"wp","href":"https:\/\/api.w.org\/{rel}","templated":true}]}}