{"id":11914,"date":"2025-01-21T13:03:22","date_gmt":"2025-01-21T12:03:22","guid":{"rendered":"https:\/\/serveiseducatius.xtec.cat\/mataro\/?page_id=11914"},"modified":"2026-01-22T10:37:11","modified_gmt":"2026-01-22T09:37:11","slug":"calendari-anual-dactivitats","status":"publish","type":"page","link":"https:\/\/serveiseducatius.xtec.cat\/mataro\/calendari-anual-dactivitats\/","title":{"rendered":"Calendari anual d&#8217;activitats"},"content":{"rendered":"\n<p class=\"has-white-color has-ast-global-color-1-background-color has-text-color has-background has-link-color has-medium-font-size wp-elements-c3f1a593aced3331dee9f1eb39e40999\"><strong>A la ciutat de Matar\u00f3, es duen a terme diferents activitats educatives amb l&#8217;objectiu de promoure l&#8217;aprenentatge i el desenvolupament dels alumnes en diversos \u00e0mbits. Aquestes activitats compten amb la implicaci\u00f3 del Servei Educatiu de Matar\u00f3 i de diverses institucions com el MEM, l\u2019Ajuntament i el Pla Educatiu d\u2019Entorn. <\/strong><\/p>\n\n\n\n<p>El calendari inferior us dona acc\u00e9s a l&#8217;agenda d&#8217;aquestes activitats amb implicaci\u00f3 del Servei Educatiu de Matar\u00f3 i d\u2019altres organitzades pel MEM, l\u2019Ajuntament o el Pla Educatiu d\u2019Entorn.<\/p>\n\n\n\n<p><strong><a href=\"https:\/\/calendar.google.com\/calendar\/embed?src=iqihgqaksq7d2ue48pt8vjf8d0%40group.calendar.google.com&amp;ctz=Europe%2FMadrid\" target=\"_blank\" rel=\"noreferrer noopener\">CALENDARI COMPARTIT ACTIVITATS OBERTES<\/a><\/strong><\/p>\n\n\n\n<p>En aquesta graella podeu trobar les activitats amb implicaci\u00f3 del Servei Educatiu de Matar\u00f3 que es duen a terme cada curs. <\/p>\n\n\n\n<figure class=\"wp-block-image size-large\"><a href=\"https:\/\/serveiseducatius.xtec.cat\/mataro\/wp-content\/uploads\/usu1139\/2026\/01\/Calendari-dactivitats-anuals.png\"><img loading=\"lazy\" decoding=\"async\" width=\"1024\" height=\"1024\" src=\"https:\/\/serveiseducatius.xtec.cat\/mataro\/wp-content\/uploads\/usu1139\/2026\/01\/Calendari-dactivitats-anuals-1024x1024.png\" alt=\"\" class=\"wp-image-13385\" srcset=\"https:\/\/serveiseducatius.xtec.cat\/mataro\/wp-content\/uploads\/usu1139\/2026\/01\/Calendari-dactivitats-anuals-1024x1024.png 1024w, https:\/\/serveiseducatius.xtec.cat\/mataro\/wp-content\/uploads\/usu1139\/2026\/01\/Calendari-dactivitats-anuals-300x300.png 300w, https:\/\/serveiseducatius.xtec.cat\/mataro\/wp-content\/uploads\/usu1139\/2026\/01\/Calendari-dactivitats-anuals-150x150.png 150w, https:\/\/serveiseducatius.xtec.cat\/mataro\/wp-content\/uploads\/usu1139\/2026\/01\/Calendari-dactivitats-anuals-768x768.png 768w, https:\/\/serveiseducatius.xtec.cat\/mataro\/wp-content\/uploads\/usu1139\/2026\/01\/Calendari-dactivitats-anuals.png 1500w\" sizes=\"auto, (max-width: 1024px) 100vw, 1024px\" \/><\/a><\/figure>\n","protected":false},"excerpt":{"rendered":"<p>A la ciutat de Matar\u00f3, es duen a terme diferents activitats educatives amb l&#8217;objectiu de promoure l&#8217;aprenentatge i el desenvolupament [&hellip;]<\/p>\n","protected":false},"author":1,"featured_media":0,"parent":0,"menu_order":0,"comment_status":"closed","ping_status":"closed","template":"","meta":{"_bbp_topic_count":0,"_bbp_reply_count":0,"_bbp_total_topic_count":0,"_bbp_total_reply_count":0,"_bbp_voice_count":0,"_bbp_anonymous_reply_count":0,"_bbp_topic_count_hidden":0,"_bbp_reply_count_hidden":0,"_bbp_forum_subforum_count":0,"site-sidebar-layout":"default","site-content-layout":"","ast-site-content-layout":"default","site-content-style":"default","site-sidebar-style":"default","ast-global-header-display":"","ast-banner-title-visibility":"","ast-main-header-display":"","ast-hfb-above-header-display":"","ast-hfb-below-header-display":"","ast-hfb-mobile-header-display":"","site-post-title":"","ast-breadcrumbs-content":"","ast-featured-img":"","footer-sml-layout":"","theme-transparent-header-meta":"","adv-header-id-meta":"","stick-header-meta":"","header-above-stick-meta":"","header-main-stick-meta":"","header-below-stick-meta":"","astra-migrate-meta-layouts":"set","ast-page-background-enabled":"default","ast-page-background-meta":{"desktop":{"background-color":"var(--ast-global-color-4)","background-image":"","background-repeat":"repeat","background-position":"center center","background-size":"auto","background-attachment":"scroll","background-type":"","background-media":"","overlay-type":"","overlay-color":"","overlay-opacity":"","overlay-gradient":""},"tablet":{"background-color":"","background-image":"","background-repeat":"repeat","background-position":"center center","background-size":"auto","background-attachment":"scroll","background-type":"","background-media":"","overlay-type":"","overlay-color":"","overlay-opacity":"","overlay-gradient":""},"mobile":{"background-color":"","background-image":"","background-repeat":"repeat","background-position":"center center","background-size":"auto","background-attachment":"scroll","background-type":"","background-media":"","overlay-type":"","overlay-color":"","overlay-opacity":"","overlay-gradient":""}},"ast-content-background-meta":{"desktop":{"background-color":"var(--ast-global-color-5)","background-image":"","background-repeat":"repeat","background-position":"center center","background-size":"auto","background-attachment":"scroll","background-type":"","background-media":"","overlay-type":"","overlay-color":"","overlay-opacity":"","overlay-gradient":""},"tablet":{"background-color":"var(--ast-global-color-5)","background-image":"","background-repeat":"repeat","background-position":"center center","background-size":"auto","background-attachment":"scroll","background-type":"","background-media":"","overlay-type":"","overlay-color":"","overlay-opacity":"","overlay-gradient":""},"mobile":{"background-color":"var(--ast-global-color-5)","background-image":"","background-repeat":"repeat","background-position":"center center","background-size":"auto","background-attachment":"scroll","background-type":"","background-media":"","overlay-type":"","overlay-color":"","overlay-opacity":"","overlay-gradient":""}},"footnotes":""},"class_list":["post-11914","page","type-page","status-publish","hentry"],"post_mailing_queue_ids":[],"_links":{"self":[{"href":"https:\/\/serveiseducatius.xtec.cat\/mataro\/wp-json\/wp\/v2\/pages\/11914","targetHints":{"allow":["GET"]}}],"collection":[{"href":"https:\/\/serveiseducatius.xtec.cat\/mataro\/wp-json\/wp\/v2\/pages"}],"about":[{"href":"https:\/\/serveiseducatius.xtec.cat\/mataro\/wp-json\/wp\/v2\/types\/page"}],"author":[{"embeddable":true,"href":"https:\/\/serveiseducatius.xtec.cat\/mataro\/wp-json\/wp\/v2\/users\/1"}],"replies":[{"embeddable":true,"href":"https:\/\/serveiseducatius.xtec.cat\/mataro\/wp-json\/wp\/v2\/comments?post=11914"}],"version-history":[{"count":6,"href":"https:\/\/serveiseducatius.xtec.cat\/mataro\/wp-json\/wp\/v2\/pages\/11914\/revisions"}],"predecessor-version":[{"id":13453,"href":"https:\/\/serveiseducatius.xtec.cat\/mataro\/wp-json\/wp\/v2\/pages\/11914\/revisions\/13453"}],"wp:attachment":[{"href":"https:\/\/serveiseducatius.xtec.cat\/mataro\/wp-json\/wp\/v2\/media?parent=11914"}],"curies":[{"name":"wp","href":"https:\/\/api.w.org\/{rel}","templated":true}]}}