{"id":9739,"date":"2025-11-19T13:05:58","date_gmt":"2025-11-19T12:05:58","guid":{"rendered":"https:\/\/serveiseducatius.xtec.cat\/lleida\/?page_id=9739"},"modified":"2025-11-20T12:27:50","modified_gmt":"2025-11-20T11:27:50","slug":"dei-dinamitzadores-deducacio-inclusiva","status":"publish","type":"page","link":"https:\/\/serveiseducatius.xtec.cat\/lleida\/dei-dinamitzadores-deducacio-inclusiva\/","title":{"rendered":"DEI (Dinamitzadores d&#8217;Educaci\u00f3 Inclusiva)"},"content":{"rendered":"<p><span style=\"font-family: inherit; font-size: 1em;\">Actualment, el Departament d\u2019Educaci\u00f3 disposa de l\u2019Equip DEI, <\/span><strong style=\"font-family: inherit; font-size: 1em;\">Dinamitzadores d\u2019Educaci\u00f3 Inclusiva<\/strong><span style=\"font-family: inherit; font-size: 1em;\">, unes figures amb l\u2019enc\u00e0rrec de formar i acompanyar els centres en la inclusi\u00f3 educativa. Som <\/span><strong style=\"font-family: inherit; font-size: 1em;\">33 DEI a tot Catalunya<\/strong><span style=\"font-family: inherit; font-size: 1em;\">, distribu\u00efdes pels diferents Serveis Territorials i pel Consorci d\u2019Educaci\u00f3 de Barcelona.<\/span><\/p>\n<p>Als <strong>Serveis Territorials de Lleida<\/strong>, la <strong>Patr\u00edcia Elvira<\/strong>, la <strong>Miriam Hidalgo<\/strong> i la <strong>M\u00f2nica Figueras<\/strong> som les responsables de dur a terme aquesta tasca d\u2019acompanyament als centres educatius del territori.<\/p>\n<section><\/section>\n<section>\n<h3>Les nostres funcions<\/h3>\n<ul>\n<li>Acompanyar, juntament amb la persona referent d\u2019inclusi\u00f3 del territori, els centres educatius i els i les professionals dels Serveis Educatius en una mirada inclusiva.<\/li>\n<li>Acompanyar i assessorar els centres educatius perqu\u00e8 incorporin pr\u00e0ctiques inclusives que fomentin la igualtat d\u2019oportunitats i l\u2019equitat per a tothom.<\/li>\n<li>Col\u00b7laborar en el disseny i l\u2019elaboraci\u00f3 de documents, materials i difusi\u00f3 de recursos inclusius d\u2019acord amb les directrius del Servei de suports i mesures per a la inclusi\u00f3 de la Direcci\u00f3 General d\u2019Educaci\u00f3 Inclusiva.<\/li>\n<li>Portar a terme actuacions formatives en mesures i suports universals i detecci\u00f3 de barreres des del DUA (Disseny Universal per a l\u2019Aprenentatge).<\/li>\n<li>Col\u00b7laborar en la recollida de dades de la realitat del territori en termes d\u2019inclusi\u00f3.<\/li>\n<li>Atendre altres demandes del territori.<\/li>\n<\/ul>\n<h3>Serveis que oferim<\/h3>\n<ul>\n<li><strong>C\u00e0psula de sensibilitzaci\u00f3 d\u2019Educaci\u00f3 Inclusiva<\/strong> (Decret 150\/2017, de 17 d\u2019octubre, de l\u2019atenci\u00f3 educativa a l\u2019alumnat en el marc d\u2019un sistema educatiu inclusiu, Document de Mesures i Suports universals i DUA).<\/li>\n<li><strong>Taller MISU (Mesures i Suports Universals) per a una escola inclusiva<\/strong>, en format telem\u00e0tic i a centre educatiu (Personalitzaci\u00f3 dels aprenentatges, Organitzaci\u00f3 flexible del centre, Avaluaci\u00f3 formativa i formadora, i Orientaci\u00f3 Educativa i Acci\u00f3 Tutorial).<\/li>\n<li><strong>Projecte \u201cCentres en dansa per la inclusi\u00f3\u201d<\/strong>, que neix de la Taula de Participaci\u00f3 per un Sistema Educatiu Inclusiu (TAPSEI) i que t\u00e9 com a objectiu fonamental introduir din\u00e0miques d&#8217;acci\u00f3 que no nom\u00e9s afavoreixin la reflexi\u00f3, sin\u00f3 que tamb\u00e9 permetin transformar els centres educatius en espais m\u00e9s inclusius.<\/li>\n<li><strong>Detecci\u00f3 de barreres<\/strong>, acompanyament a centres educatius amb l\u2019objectiu d\u2019eliminar i\/o minimitzar barreres per a l\u2019aprenentatge i la participaci\u00f3 des del marc DUA.<\/li>\n<li><strong>Programa d\u2019innovaci\u00f3 Centres Referents en Educaci\u00f3 Inclusiva<\/strong>.<\/li>\n<li><strong>Novetat a partir del 2n trimestre:<\/strong><br \/>\n<em>Acompanyament a centre en l\u2019autoformaci\u00f3<\/em><br \/>\n\u201c<strong>Intensitat de mesures i suports i Disseny Universal per a l\u2019Aprenentatge (DUA)<\/strong>\u201d<br \/>\nFormat: Autoformaci\u00f3 Odissea.<\/li>\n<li><strong>Altres acompanyaments<\/strong>, segons demanda.<\/li>\n<\/ul>\n<p>La nostra principal fita \u00e9s ampliar la mirada cap a una educaci\u00f3 per a tots i totes, perqu\u00e8 all\u00f2 que \u00e9s essencial per a alg\u00fa pot esdevenir bo per a tothom.<\/p>\n<h3>Contacte \u2013 Equip DEI Lleida<\/h3>\n<p><strong>Patr\u00edcia Elvira Ter\u00e9s<\/strong><br \/>\n<a href=\"mailto:pelvira@xtec.cat\">pelvira@xtec.cat<\/a><\/p>\n<p><strong>Miriam Hidalgo Calatayud<\/strong><br \/>\n<a href=\"mailto:mhidal13@xtec.cat\">mhidal13@xtec.cat<\/a><\/p>\n<p><strong>M\u00f2nica Figueras Jov\u00e9<\/strong><br \/>\n<a href=\"mailto:mfigue66@xtec.cat\">mfigue66@xtec.cat<\/a><\/p>\n<p><strong style=\"font-family: inherit; font-size: 1em;\">EQUIP DEI LLEIDA<\/strong><\/p>\n<p><a href=\"https:\/\/serveiseducatius.xtec.cat\/lleida\/wp-content\/uploads\/usu2525\/2025\/11\/DEI-1.png\"><img loading=\"lazy\" decoding=\"async\" class=\"alignnone wp-image-9749 size-full\" src=\"https:\/\/serveiseducatius.xtec.cat\/lleida\/wp-content\/uploads\/usu2525\/2025\/11\/DEI-1.png\" alt=\"\" width=\"3000\" height=\"1447\" srcset=\"https:\/\/serveiseducatius.xtec.cat\/lleida\/wp-content\/uploads\/usu2525\/2025\/11\/DEI-1.png 3000w, https:\/\/serveiseducatius.xtec.cat\/lleida\/wp-content\/uploads\/usu2525\/2025\/11\/DEI-1-300x145.png 300w, https:\/\/serveiseducatius.xtec.cat\/lleida\/wp-content\/uploads\/usu2525\/2025\/11\/DEI-1-1024x494.png 1024w, https:\/\/serveiseducatius.xtec.cat\/lleida\/wp-content\/uploads\/usu2525\/2025\/11\/DEI-1-768x370.png 768w, https:\/\/serveiseducatius.xtec.cat\/lleida\/wp-content\/uploads\/usu2525\/2025\/11\/DEI-1-1536x741.png 1536w, https:\/\/serveiseducatius.xtec.cat\/lleida\/wp-content\/uploads\/usu2525\/2025\/11\/DEI-1-2048x988.png 2048w\" sizes=\"auto, (max-width: 3000px) 100vw, 3000px\" \/><\/a><\/p>\n<\/section>\n<p>&nbsp;<\/p>\n<p>&nbsp;<\/p>\n","protected":false},"excerpt":{"rendered":"<p>Actualment, el Departament d\u2019Educaci\u00f3 disposa de l\u2019Equip DEI, Dinamitzadores d\u2019Educaci\u00f3 Inclusiva, unes figures amb l\u2019enc\u00e0rrec de formar i acompanyar els centres en la inclusi\u00f3 educativa. Som 33 DEI a tot Catalunya, distribu\u00efdes pels diferents Serveis Territorials i pel Consorci d\u2019Educaci\u00f3 de Barcelona.<br \/>\nAls Serveis Territorials de&hellip;  <a href=\"https:\/\/serveiseducatius.xtec.cat\/lleida\/dei-dinamitzadores-deducacio-inclusiva\/\" title=\"Read DEI (Dinamitzadores d&#8217;Educaci\u00f3 Inclusiva)\">Llegeix m\u00e9s\u00bb<\/a><\/p>\n","protected":false},"author":5,"featured_media":0,"parent":0,"menu_order":0,"comment_status":"closed","ping_status":"closed","template":"","meta":{"_bbp_topic_count":0,"_bbp_reply_count":0,"_bbp_total_topic_count":0,"_bbp_total_reply_count":0,"_bbp_voice_count":0,"_bbp_anonymous_reply_count":0,"_bbp_topic_count_hidden":0,"_bbp_reply_count_hidden":0,"_bbp_forum_subforum_count":0,"footnotes":""},"class_list":["post-9739","page","type-page","status-publish","hentry"],"post_mailing_queue_ids":[],"_links":{"self":[{"href":"https:\/\/serveiseducatius.xtec.cat\/lleida\/wp-json\/wp\/v2\/pages\/9739","targetHints":{"allow":["GET"]}}],"collection":[{"href":"https:\/\/serveiseducatius.xtec.cat\/lleida\/wp-json\/wp\/v2\/pages"}],"about":[{"href":"https:\/\/serveiseducatius.xtec.cat\/lleida\/wp-json\/wp\/v2\/types\/page"}],"author":[{"embeddable":true,"href":"https:\/\/serveiseducatius.xtec.cat\/lleida\/wp-json\/wp\/v2\/users\/5"}],"replies":[{"embeddable":true,"href":"https:\/\/serveiseducatius.xtec.cat\/lleida\/wp-json\/wp\/v2\/comments?post=9739"}],"version-history":[{"count":6,"href":"https:\/\/serveiseducatius.xtec.cat\/lleida\/wp-json\/wp\/v2\/pages\/9739\/revisions"}],"predecessor-version":[{"id":9752,"href":"https:\/\/serveiseducatius.xtec.cat\/lleida\/wp-json\/wp\/v2\/pages\/9739\/revisions\/9752"}],"wp:attachment":[{"href":"https:\/\/serveiseducatius.xtec.cat\/lleida\/wp-json\/wp\/v2\/media?parent=9739"}],"curies":[{"name":"wp","href":"https:\/\/api.w.org\/{rel}","templated":true}]}}