{"id":8363,"date":"2021-08-30T10:29:58","date_gmt":"2021-08-30T08:29:58","guid":{"rendered":"https:\/\/serveiseducatius.xtec.cat\/lleida\/?page_id=8363"},"modified":"2024-01-16T13:07:09","modified_gmt":"2024-01-16T12:07:09","slug":"practiques-educatives-de-referencia","status":"publish","type":"page","link":"https:\/\/serveiseducatius.xtec.cat\/lleida\/innovacio-educativa\/practiques-educatives-de-referencia\/","title":{"rendered":"Pr\u00e0ctiques educatives de refer\u00e8ncia"},"content":{"rendered":"<p>&nbsp;<\/p>\n<div class=\"entry-content\">\n<p>Les pr\u00e0ctiques educatives de refer\u00e8ncia, consisteixen en iniciatives del professorat vinculades al projecte educatiu del centre que evidencien una millora educativa, aix\u00ed com els materials i recursos educatius elaborats pel professorat, un cop han estat implementats i sempre que aportin millores per a l\u2019aprenentatge. (Article 2 Ordre ENS\/303\/2015)<\/p>\n<p>El Departament d\u2019Educaci\u00f3 vol promoure, recon\u00e8ixer i certificar les pr\u00e0ctiques educatives de refer\u00e8ncia impulsades des del professorat dels centres educatius per millorar la qualitat de l\u2019aprenentatge i contribuint a la millora del sistema educatiu.<\/p>\n<\/div>\n","protected":false},"excerpt":{"rendered":"<p>&nbsp;<\/p>\n<p>Les pr\u00e0ctiques educatives de refer\u00e8ncia, consisteixen en iniciatives del professorat vinculades al projecte educatiu del centre que evidencien una millora educativa, aix\u00ed com els materials i recursos educatius elaborats pel professorat, un cop han estat implementats i sempre que aportin millores per a l\u2019aprenentatge. (Article&hellip;  <a href=\"https:\/\/serveiseducatius.xtec.cat\/lleida\/innovacio-educativa\/practiques-educatives-de-referencia\/\" title=\"Read Pr\u00e0ctiques educatives de refer\u00e8ncia\">Llegeix m\u00e9s\u00bb<\/a><\/p>\n","protected":false},"author":11,"featured_media":0,"parent":8357,"menu_order":0,"comment_status":"closed","ping_status":"closed","template":"","meta":{"_bbp_topic_count":0,"_bbp_reply_count":0,"_bbp_total_topic_count":0,"_bbp_total_reply_count":0,"_bbp_voice_count":0,"_bbp_anonymous_reply_count":0,"_bbp_topic_count_hidden":0,"_bbp_reply_count_hidden":0,"_bbp_forum_subforum_count":0,"footnotes":""},"class_list":["post-8363","page","type-page","status-publish","hentry"],"post_mailing_queue_ids":[],"_links":{"self":[{"href":"https:\/\/serveiseducatius.xtec.cat\/lleida\/wp-json\/wp\/v2\/pages\/8363","targetHints":{"allow":["GET"]}}],"collection":[{"href":"https:\/\/serveiseducatius.xtec.cat\/lleida\/wp-json\/wp\/v2\/pages"}],"about":[{"href":"https:\/\/serveiseducatius.xtec.cat\/lleida\/wp-json\/wp\/v2\/types\/page"}],"author":[{"embeddable":true,"href":"https:\/\/serveiseducatius.xtec.cat\/lleida\/wp-json\/wp\/v2\/users\/11"}],"replies":[{"embeddable":true,"href":"https:\/\/serveiseducatius.xtec.cat\/lleida\/wp-json\/wp\/v2\/comments?post=8363"}],"version-history":[{"count":3,"href":"https:\/\/serveiseducatius.xtec.cat\/lleida\/wp-json\/wp\/v2\/pages\/8363\/revisions"}],"predecessor-version":[{"id":8419,"href":"https:\/\/serveiseducatius.xtec.cat\/lleida\/wp-json\/wp\/v2\/pages\/8363\/revisions\/8419"}],"up":[{"embeddable":true,"href":"https:\/\/serveiseducatius.xtec.cat\/lleida\/wp-json\/wp\/v2\/pages\/8357"}],"wp:attachment":[{"href":"https:\/\/serveiseducatius.xtec.cat\/lleida\/wp-json\/wp\/v2\/media?parent=8363"}],"curies":[{"name":"wp","href":"https:\/\/api.w.org\/{rel}","templated":true}]}}