{"id":8357,"date":"2021-08-30T10:23:05","date_gmt":"2021-08-30T08:23:05","guid":{"rendered":"https:\/\/serveiseducatius.xtec.cat\/lleida\/?page_id=8357"},"modified":"2021-08-30T10:26:47","modified_gmt":"2021-08-30T08:26:47","slug":"innovacio-educativa","status":"publish","type":"page","link":"https:\/\/serveiseducatius.xtec.cat\/lleida\/innovacio-educativa\/","title":{"rendered":"Innovaci\u00f3 Educativa"},"content":{"rendered":"<p>Innovaci\u00f3 Educativa: Projectes d&#8217;Innovaci\u00f3 Educativa, pr\u00e0ctiques educatives de refer\u00e8ncia i programes d&#8217;Innovaci\u00f3.<\/p>\n","protected":false},"excerpt":{"rendered":"<p>Innovaci\u00f3 Educativa: Projectes d&#8217;Innovaci\u00f3 Educativa, pr\u00e0ctiques educatives de refer\u00e8ncia i programes d&#8217;Innovaci\u00f3.<\/p>\n","protected":false},"author":11,"featured_media":0,"parent":0,"menu_order":0,"comment_status":"closed","ping_status":"closed","template":"","meta":{"_bbp_topic_count":0,"_bbp_reply_count":0,"_bbp_total_topic_count":0,"_bbp_total_reply_count":0,"_bbp_voice_count":0,"_bbp_anonymous_reply_count":0,"_bbp_topic_count_hidden":0,"_bbp_reply_count_hidden":0,"_bbp_forum_subforum_count":0,"footnotes":""},"class_list":["post-8357","page","type-page","status-publish","hentry"],"post_mailing_queue_ids":[],"_links":{"self":[{"href":"https:\/\/serveiseducatius.xtec.cat\/lleida\/wp-json\/wp\/v2\/pages\/8357","targetHints":{"allow":["GET"]}}],"collection":[{"href":"https:\/\/serveiseducatius.xtec.cat\/lleida\/wp-json\/wp\/v2\/pages"}],"about":[{"href":"https:\/\/serveiseducatius.xtec.cat\/lleida\/wp-json\/wp\/v2\/types\/page"}],"author":[{"embeddable":true,"href":"https:\/\/serveiseducatius.xtec.cat\/lleida\/wp-json\/wp\/v2\/users\/11"}],"replies":[{"embeddable":true,"href":"https:\/\/serveiseducatius.xtec.cat\/lleida\/wp-json\/wp\/v2\/comments?post=8357"}],"version-history":[{"count":2,"href":"https:\/\/serveiseducatius.xtec.cat\/lleida\/wp-json\/wp\/v2\/pages\/8357\/revisions"}],"predecessor-version":[{"id":8359,"href":"https:\/\/serveiseducatius.xtec.cat\/lleida\/wp-json\/wp\/v2\/pages\/8357\/revisions\/8359"}],"wp:attachment":[{"href":"https:\/\/serveiseducatius.xtec.cat\/lleida\/wp-json\/wp\/v2\/media?parent=8357"}],"curies":[{"name":"wp","href":"https:\/\/api.w.org\/{rel}","templated":true}]}}