{"id":8250,"date":"2021-07-08T13:00:59","date_gmt":"2021-07-08T11:00:59","guid":{"rendered":"https:\/\/serveiseducatius.xtec.cat\/lleida\/?page_id=8250"},"modified":"2021-07-20T10:27:28","modified_gmt":"2021-07-20T08:27:28","slug":"formacio-de-llengues-estrangeres","status":"publish","type":"page","link":"https:\/\/serveiseducatius.xtec.cat\/lleida\/llengues-estrangeres\/formacio-de-llengues-estrangeres\/","title":{"rendered":"Formaci\u00f3 de lleng\u00fces estrangeres"},"content":{"rendered":"<p><img loading=\"lazy\" decoding=\"async\" class=\"wp-image-8264 size-medium alignleft\" style=\"border: none; color: #2795b6;\" src=\"https:\/\/serveiseducatius.xtec.cat\/lleida\/wp-content\/uploads\/usu2525\/2021\/07\/2-300x53.jpg\" alt=\"\" width=\"300\" height=\"53\" srcset=\"https:\/\/serveiseducatius.xtec.cat\/lleida\/wp-content\/uploads\/usu2525\/2021\/07\/2-300x53.jpg 300w, https:\/\/serveiseducatius.xtec.cat\/lleida\/wp-content\/uploads\/usu2525\/2021\/07\/2-768x137.jpg 768w, https:\/\/serveiseducatius.xtec.cat\/lleida\/wp-content\/uploads\/usu2525\/2021\/07\/2.jpg 1022w\" sizes=\"auto, (max-width: 300px) 100vw, 300px\" \/><\/p>\n<p>&nbsp;<\/p>\n<p>&nbsp;<\/p>\n<p>L&#8217;oferta formativa en lleng\u00fces estrangeres\u00a0 pret\u00e9n oferir al professorat estrat\u00e8gies i eines que els siguin \u00fatils i del seu inter\u00e8s. L\u2019objectiu principal d\u2019aquests cursos ser\u00e0 ajudar als docents a preparar-se per un ensenyament m\u00e9s digitalitzat, utilitzant una metodologia competencial i motivadora, i tenint sempre present a l\u2019alumnat com a centre del proc\u00e9s d\u2019aprenentatge.<\/p>\n<p>D\u2019aquesta manera, es proposen diferents cursos telem\u00e0tics de metodologia en angl\u00e8s, franc\u00e8s, alemany i itali\u00e0 i tamb\u00e9 alguns cursos d\u2019AICLE\/CLIL en llengua anglesa, generals i especialitzats en algunes mat\u00e8ries.<\/p>\n","protected":false},"excerpt":{"rendered":"<p>&nbsp;<br \/>\n&nbsp;<br \/>\nL&#8217;oferta formativa en lleng\u00fces estrangeres\u00a0 pret\u00e9n oferir al professorat estrat\u00e8gies i eines que els siguin \u00fatils i del seu inter\u00e8s. L\u2019objectiu principal d\u2019aquests cursos ser\u00e0 ajudar als docents a preparar-se per un ensenyament m\u00e9s digitalitzat, utilitzant una metodologia competencial i motivadora, i tenint sempre present&hellip;  <a href=\"https:\/\/serveiseducatius.xtec.cat\/lleida\/llengues-estrangeres\/formacio-de-llengues-estrangeres\/\" title=\"Read Formaci\u00f3 de lleng\u00fces estrangeres\">Llegeix m\u00e9s\u00bb<\/a><\/p>\n","protected":false},"author":6,"featured_media":0,"parent":8230,"menu_order":0,"comment_status":"closed","ping_status":"closed","template":"","meta":{"_bbp_topic_count":0,"_bbp_reply_count":0,"_bbp_total_topic_count":0,"_bbp_total_reply_count":0,"_bbp_voice_count":0,"_bbp_anonymous_reply_count":0,"_bbp_topic_count_hidden":0,"_bbp_reply_count_hidden":0,"_bbp_forum_subforum_count":0,"footnotes":""},"class_list":["post-8250","page","type-page","status-publish","hentry"],"post_mailing_queue_ids":[],"_links":{"self":[{"href":"https:\/\/serveiseducatius.xtec.cat\/lleida\/wp-json\/wp\/v2\/pages\/8250","targetHints":{"allow":["GET"]}}],"collection":[{"href":"https:\/\/serveiseducatius.xtec.cat\/lleida\/wp-json\/wp\/v2\/pages"}],"about":[{"href":"https:\/\/serveiseducatius.xtec.cat\/lleida\/wp-json\/wp\/v2\/types\/page"}],"author":[{"embeddable":true,"href":"https:\/\/serveiseducatius.xtec.cat\/lleida\/wp-json\/wp\/v2\/users\/6"}],"replies":[{"embeddable":true,"href":"https:\/\/serveiseducatius.xtec.cat\/lleida\/wp-json\/wp\/v2\/comments?post=8250"}],"version-history":[{"count":3,"href":"https:\/\/serveiseducatius.xtec.cat\/lleida\/wp-json\/wp\/v2\/pages\/8250\/revisions"}],"predecessor-version":[{"id":8265,"href":"https:\/\/serveiseducatius.xtec.cat\/lleida\/wp-json\/wp\/v2\/pages\/8250\/revisions\/8265"}],"up":[{"embeddable":true,"href":"https:\/\/serveiseducatius.xtec.cat\/lleida\/wp-json\/wp\/v2\/pages\/8230"}],"wp:attachment":[{"href":"https:\/\/serveiseducatius.xtec.cat\/lleida\/wp-json\/wp\/v2\/media?parent=8250"}],"curies":[{"name":"wp","href":"https:\/\/api.w.org\/{rel}","templated":true}]}}