{"id":8248,"date":"2021-07-08T13:00:32","date_gmt":"2021-07-08T11:00:32","guid":{"rendered":"https:\/\/serveiseducatius.xtec.cat\/lleida\/?page_id=8248"},"modified":"2021-07-20T10:28:38","modified_gmt":"2021-07-20T08:28:38","slug":"plurilinguisme","status":"publish","type":"page","link":"https:\/\/serveiseducatius.xtec.cat\/lleida\/llengues-estrangeres\/plurilinguisme\/","title":{"rendered":"Pluriling\u00fcisme"},"content":{"rendered":"<p><strong>El tractament i l&#8217;\u00fas de les lleng\u00fces al sistema educatiu: el projecte ling\u00fc\u00edstic<\/strong><\/p>\n<p>En un m\u00f3n cada ve<a href=\"http:\/\/xtec.gencat.cat\/ca\/projectes\/plurilinguisme\/\"><img loading=\"lazy\" decoding=\"async\" class=\" wp-image-8261 alignleft\" src=\"https:\/\/serveiseducatius.xtec.cat\/lleida\/wp-content\/uploads\/usu2525\/2021\/07\/1.jpg\" alt=\"\" width=\"189\" height=\"190\" srcset=\"https:\/\/serveiseducatius.xtec.cat\/lleida\/wp-content\/uploads\/usu2525\/2021\/07\/1.jpg 326w, https:\/\/serveiseducatius.xtec.cat\/lleida\/wp-content\/uploads\/usu2525\/2021\/07\/1-150x150.jpg 150w, https:\/\/serveiseducatius.xtec.cat\/lleida\/wp-content\/uploads\/usu2525\/2021\/07\/1-300x300.jpg 300w\" sizes=\"auto, (max-width: 189px) 100vw, 189px\" \/><\/a>gada m\u00e9s complex, en el qual s\u2019evidencia una forta transformaci\u00f3 de la societat, el domini de diverses lleng\u00fces i el seu \u00fas comunicatiu, acad\u00e8mic i professional \u00e9s, no \u00fanicament necessari, sin\u00f3 gaireb\u00e9 imprescindible i, per tant, el sistema educatiu ha de poder formar parlants pluriling\u00fces, amb diferents graus de domini de les lleng\u00fces que coneixen, capa\u00e7os d&#8217;interactuar en un context ling\u00fc\u00edstic i cultural complex, oberts al m\u00f3n i capacitats per accedir al mercat laboral amb garanties d\u2019\u00e8xit.<\/p>\n<p>El Pla de Govern 2013-2016, identifica com a repte de pa\u00eds la millora de l&#8217;educaci\u00f3 i la formaci\u00f3 al llarg de la vida, i en l&#8217;eix 2, relatiu a l&#8217;ensenyament, estableix que cal\u00a0<strong>enfortir el sistema educatiu catal\u00e0 i la immersi\u00f3 ling\u00fc\u00edstica<\/strong>\u00a0com un pilar fonamental de la societat catalana i millorar la compet\u00e8ncia ling\u00fc\u00edstica i comunicativa de l\u2019alumnat a partir d\u2019un model d\u2019ensenyament pluriling\u00fce propi del sistema educatiu a Catalunya.<\/p>\n<p>\u00c9s en aquest context que el Govern de Catalunya desenvolupa l\u2019estrat\u00e8gia\u00a0<em><strong>L\u2019escola catalana, un marc per al pluriling\u00fcisme<\/strong><\/em>, que t\u00e9 com a objectiu definir un model propi d&#8217;educaci\u00f3 pluriling\u00fce que garanteixi que tot alumne, independentment del seu origen ling\u00fc\u00edstic familiar, <strong>tingui un ple domini de les lleng\u00fces oficials i de, com a m\u00ednim, una llengua estrangera a m\u00e9s de refor\u00e7ar la introducci\u00f3 d&#8217;una segona llengua estrangera<\/strong> amb la finalitat que els alumnes assoleixin les compet\u00e8ncies b\u00e0siques que s\u2019estableixen en el curr\u00edculum de Catalunya basades en el Marc europeu com\u00fa de refer\u00e8ncia per a les lleng\u00fces.<\/p>\n","protected":false},"excerpt":{"rendered":"<p>El tractament i l&#8217;\u00fas de les lleng\u00fces al sistema educatiu: el projecte ling\u00fc\u00edstic<br \/>\nEn un m\u00f3n cada ve<a href=\"http:\/\/xtec.gencat.cat\/ca\/projectes\/plurilinguisme\/\"><\/a>gada m\u00e9s complex, en el qual s\u2019evidencia una forta transformaci\u00f3 de la societat, el domini de diverses lleng\u00fces i el seu \u00fas comunicatiu, acad\u00e8mic i professional \u00e9s, no&hellip;  <a href=\"https:\/\/serveiseducatius.xtec.cat\/lleida\/llengues-estrangeres\/plurilinguisme\/\" title=\"Read Pluriling\u00fcisme\">Llegeix m\u00e9s\u00bb<\/a><\/p>\n","protected":false},"author":6,"featured_media":0,"parent":8230,"menu_order":0,"comment_status":"closed","ping_status":"closed","template":"","meta":{"_bbp_topic_count":0,"_bbp_reply_count":0,"_bbp_total_topic_count":0,"_bbp_total_reply_count":0,"_bbp_voice_count":0,"_bbp_anonymous_reply_count":0,"_bbp_topic_count_hidden":0,"_bbp_reply_count_hidden":0,"_bbp_forum_subforum_count":0,"footnotes":""},"class_list":["post-8248","page","type-page","status-publish","hentry"],"post_mailing_queue_ids":[],"_links":{"self":[{"href":"https:\/\/serveiseducatius.xtec.cat\/lleida\/wp-json\/wp\/v2\/pages\/8248","targetHints":{"allow":["GET"]}}],"collection":[{"href":"https:\/\/serveiseducatius.xtec.cat\/lleida\/wp-json\/wp\/v2\/pages"}],"about":[{"href":"https:\/\/serveiseducatius.xtec.cat\/lleida\/wp-json\/wp\/v2\/types\/page"}],"author":[{"embeddable":true,"href":"https:\/\/serveiseducatius.xtec.cat\/lleida\/wp-json\/wp\/v2\/users\/6"}],"replies":[{"embeddable":true,"href":"https:\/\/serveiseducatius.xtec.cat\/lleida\/wp-json\/wp\/v2\/comments?post=8248"}],"version-history":[{"count":3,"href":"https:\/\/serveiseducatius.xtec.cat\/lleida\/wp-json\/wp\/v2\/pages\/8248\/revisions"}],"predecessor-version":[{"id":8266,"href":"https:\/\/serveiseducatius.xtec.cat\/lleida\/wp-json\/wp\/v2\/pages\/8248\/revisions\/8266"}],"up":[{"embeddable":true,"href":"https:\/\/serveiseducatius.xtec.cat\/lleida\/wp-json\/wp\/v2\/pages\/8230"}],"wp:attachment":[{"href":"https:\/\/serveiseducatius.xtec.cat\/lleida\/wp-json\/wp\/v2\/media?parent=8248"}],"curies":[{"name":"wp","href":"https:\/\/api.w.org\/{rel}","templated":true}]}}