{"id":797,"date":"2015-11-28T21:06:57","date_gmt":"2015-11-28T20:06:57","guid":{"rendered":"http:\/\/serveiseducatius.xtec.cat\/lleida\/?page_id=797"},"modified":"2024-01-11T09:41:49","modified_gmt":"2024-01-11T08:41:49","slug":"presentacio","status":"publish","type":"page","link":"https:\/\/serveiseducatius.xtec.cat\/lleida\/el-projecte\/presentacio\/","title":{"rendered":"Presentaci\u00f3"},"content":{"rendered":"<p>Som la Secci\u00f3 de Serveis Educatius i Formaci\u00f3 Permanent dels Serveis Territorials d&#8217;Educaci\u00f3 a Lleida.<\/p>\n","protected":false},"excerpt":{"rendered":"<p>Som la Secci\u00f3 de Serveis Educatius i Formaci\u00f3 Permanent dels Serveis Territorials d&#8217;Educaci\u00f3 a Lleida.<\/p>\n","protected":false},"author":1,"featured_media":0,"parent":806,"menu_order":10,"comment_status":"closed","ping_status":"closed","template":"page-templates\/side-menu.php","meta":{"_bbp_topic_count":0,"_bbp_reply_count":0,"_bbp_total_topic_count":0,"_bbp_total_reply_count":0,"_bbp_voice_count":0,"_bbp_anonymous_reply_count":0,"_bbp_topic_count_hidden":0,"_bbp_reply_count_hidden":0,"_bbp_forum_subforum_count":0,"footnotes":""},"class_list":["post-797","page","type-page","status-publish","hentry"],"post_mailing_queue_ids":[],"_links":{"self":[{"href":"https:\/\/serveiseducatius.xtec.cat\/lleida\/wp-json\/wp\/v2\/pages\/797","targetHints":{"allow":["GET"]}}],"collection":[{"href":"https:\/\/serveiseducatius.xtec.cat\/lleida\/wp-json\/wp\/v2\/pages"}],"about":[{"href":"https:\/\/serveiseducatius.xtec.cat\/lleida\/wp-json\/wp\/v2\/types\/page"}],"author":[{"embeddable":true,"href":"https:\/\/serveiseducatius.xtec.cat\/lleida\/wp-json\/wp\/v2\/users\/1"}],"replies":[{"embeddable":true,"href":"https:\/\/serveiseducatius.xtec.cat\/lleida\/wp-json\/wp\/v2\/comments?post=797"}],"version-history":[{"count":1,"href":"https:\/\/serveiseducatius.xtec.cat\/lleida\/wp-json\/wp\/v2\/pages\/797\/revisions"}],"predecessor-version":[{"id":8653,"href":"https:\/\/serveiseducatius.xtec.cat\/lleida\/wp-json\/wp\/v2\/pages\/797\/revisions\/8653"}],"up":[{"embeddable":true,"href":"https:\/\/serveiseducatius.xtec.cat\/lleida\/wp-json\/wp\/v2\/pages\/806"}],"wp:attachment":[{"href":"https:\/\/serveiseducatius.xtec.cat\/lleida\/wp-json\/wp\/v2\/media?parent=797"}],"curies":[{"name":"wp","href":"https:\/\/api.w.org\/{rel}","templated":true}]}}