{"id":9430,"date":"2017-04-18T12:55:15","date_gmt":"2017-04-18T10:55:15","guid":{"rendered":"http:\/\/serveiseducatius.xtec.cat\/lescorts\/?page_id=9430"},"modified":"2022-07-15T10:39:22","modified_gmt":"2022-07-15T08:39:22","slug":"modalitats-de-formacio","status":"publish","type":"page","link":"https:\/\/serveiseducatius.xtec.cat\/lescorts\/formacio\/modalitats-de-formacio\/","title":{"rendered":"Modalitats de formaci\u00f3"},"content":{"rendered":"<div class=\"entry-content\">\n<p>&nbsp;<\/p>\n<p>Les diferents modalitats de formaci\u00f3 han de respondre a la finalitat de l\u2019acci\u00f3 formativa i impliquen una din\u00e0mica espec\u00edfica de treball del professorat participant.<\/p>\n<p>Les activitats de formaci\u00f3 es poden classificar en les modalitats seg\u00fcents:<\/p>\n<ol>\n<li><strong>Formaci\u00f3 en centre: <\/strong>Assessorament, Formaci\u00f3 interna de centre (FIC), Taller a centre i Visita formativa a centre.<\/li>\n<li><strong>Formaci\u00f3 per a centres:<\/strong>\u00a0Seminari de coordinaci\u00f3, Curs\/seminari d\u2019equips de centre, Taller d\u2019equips de centre.<\/li>\n<li><strong>Formaci\u00f3 individual:<\/strong>\u00a0Taller, Curs, Seminari, Grup de treball, Confer\u00e8ncia, taula rodona, trobada pedag\u00f2gica, intercanvi d\u2019experi\u00e8ncies, jornades i cicle de confer\u00e8ncies, Estada formativa a l\u2019empresa, Estada formativa a l\u2019estranger.<\/li>\n<\/ol>\n<p>Les activitats de formaci\u00f3 es poden organitzar en tres formats:<\/p>\n<ul>\n<li><strong>Presencials:<\/strong> activitats amb un percentatge important de l\u2019assist\u00e8ncia a les sessions de formaci\u00f3. En funci\u00f3 de les diferents modalitats, aquestes activitats destinen una part del seu temps a la realitzaci\u00f3 de tasques individuals o grupals.<\/li>\n<li><strong>Semipresencials:<\/strong> activitats que combinen el treball a l\u2019entorn virtual amb sessions presencials.<\/li>\n<li><strong>No presencials:<\/strong>\u00a0activitats realitzades totalment a l\u2019entorn virtual.<\/li>\n<\/ul>\n<\/div>\n<p>&nbsp;<\/p>\n<p>&nbsp;<\/p>\n","protected":false},"excerpt":{"rendered":"<p>&nbsp; Les diferents modalitats de formaci\u00f3 han de respondre a la finalitat de l\u2019acci\u00f3 formativa i impliquen una din\u00e0mica espec\u00edfica de treball del professorat participant. Les activitats de formaci\u00f3 es poden classificar en les modalitats seg\u00fcents: Formaci\u00f3 en centre: Assessorament, Formaci\u00f3 interna de centre (FIC), Taller a centre i Visita formativa a centre. Formaci\u00f3 per [&hellip;]<\/p>\n","protected":false},"author":1,"featured_media":0,"parent":416,"menu_order":4,"comment_status":"closed","ping_status":"closed","template":"page-templates\/side-menu.php","meta":{"_bbp_topic_count":0,"_bbp_reply_count":0,"_bbp_total_topic_count":0,"_bbp_total_reply_count":0,"_bbp_voice_count":0,"_bbp_anonymous_reply_count":0,"_bbp_topic_count_hidden":0,"_bbp_reply_count_hidden":0,"_bbp_forum_subforum_count":0,"site-sidebar-layout":"default","site-content-layout":"","ast-site-content-layout":"","site-content-style":"default","site-sidebar-style":"default","ast-global-header-display":"","ast-banner-title-visibility":"","ast-main-header-display":"","ast-hfb-above-header-display":"","ast-hfb-below-header-display":"","ast-hfb-mobile-header-display":"","site-post-title":"","ast-breadcrumbs-content":"","ast-featured-img":"","footer-sml-layout":"","theme-transparent-header-meta":"","adv-header-id-meta":"","stick-header-meta":"","header-above-stick-meta":"","header-main-stick-meta":"","header-below-stick-meta":"","astra-migrate-meta-layouts":"default","ast-page-background-enabled":"default","ast-page-background-meta":{"desktop":{"background-color":"var(--ast-global-color-4)","background-image":"","background-repeat":"repeat","background-position":"center center","background-size":"auto","background-attachment":"scroll","background-type":"","background-media":"","overlay-type":"","overlay-color":"","overlay-opacity":"","overlay-gradient":""},"tablet":{"background-color":"","background-image":"","background-repeat":"repeat","background-position":"center center","background-size":"auto","background-attachment":"scroll","background-type":"","background-media":"","overlay-type":"","overlay-color":"","overlay-opacity":"","overlay-gradient":""},"mobile":{"background-color":"","background-image":"","background-repeat":"repeat","background-position":"center center","background-size":"auto","background-attachment":"scroll","background-type":"","background-media":"","overlay-type":"","overlay-color":"","overlay-opacity":"","overlay-gradient":""}},"ast-content-background-meta":{"desktop":{"background-color":"var(--ast-global-color-5)","background-image":"","background-repeat":"repeat","background-position":"center center","background-size":"auto","background-attachment":"scroll","background-type":"","background-media":"","overlay-type":"","overlay-color":"","overlay-opacity":"","overlay-gradient":""},"tablet":{"background-color":"var(--ast-global-color-5)","background-image":"","background-repeat":"repeat","background-position":"center center","background-size":"auto","background-attachment":"scroll","background-type":"","background-media":"","overlay-type":"","overlay-color":"","overlay-opacity":"","overlay-gradient":""},"mobile":{"background-color":"var(--ast-global-color-5)","background-image":"","background-repeat":"repeat","background-position":"center center","background-size":"auto","background-attachment":"scroll","background-type":"","background-media":"","overlay-type":"","overlay-color":"","overlay-opacity":"","overlay-gradient":""}},"footnotes":""},"class_list":["post-9430","page","type-page","status-publish","hentry"],"post_mailing_queue_ids":[],"_links":{"self":[{"href":"https:\/\/serveiseducatius.xtec.cat\/lescorts\/wp-json\/wp\/v2\/pages\/9430","targetHints":{"allow":["GET"]}}],"collection":[{"href":"https:\/\/serveiseducatius.xtec.cat\/lescorts\/wp-json\/wp\/v2\/pages"}],"about":[{"href":"https:\/\/serveiseducatius.xtec.cat\/lescorts\/wp-json\/wp\/v2\/types\/page"}],"author":[{"embeddable":true,"href":"https:\/\/serveiseducatius.xtec.cat\/lescorts\/wp-json\/wp\/v2\/users\/1"}],"replies":[{"embeddable":true,"href":"https:\/\/serveiseducatius.xtec.cat\/lescorts\/wp-json\/wp\/v2\/comments?post=9430"}],"version-history":[{"count":3,"href":"https:\/\/serveiseducatius.xtec.cat\/lescorts\/wp-json\/wp\/v2\/pages\/9430\/revisions"}],"predecessor-version":[{"id":14894,"href":"https:\/\/serveiseducatius.xtec.cat\/lescorts\/wp-json\/wp\/v2\/pages\/9430\/revisions\/14894"}],"up":[{"embeddable":true,"href":"https:\/\/serveiseducatius.xtec.cat\/lescorts\/wp-json\/wp\/v2\/pages\/416"}],"wp:attachment":[{"href":"https:\/\/serveiseducatius.xtec.cat\/lescorts\/wp-json\/wp\/v2\/media?parent=9430"}],"curies":[{"name":"wp","href":"https:\/\/api.w.org\/{rel}","templated":true}]}}