{"id":9026,"date":"2017-02-10T13:04:02","date_gmt":"2017-02-10T12:04:02","guid":{"rendered":"http:\/\/serveiseducatius.xtec.cat\/lescorts\/?page_id=9026"},"modified":"2025-11-07T09:29:39","modified_gmt":"2025-11-07T08:29:39","slug":"bibliomaletes","status":"publish","type":"page","link":"https:\/\/serveiseducatius.xtec.cat\/lescorts\/bibliomaletes\/","title":{"rendered":"Bibliomaletes"},"content":{"rendered":"<p><a href=\"http:\/\/serveiseducatius.xtec.cat\/lescorts\/wp-content\/uploads\/usu1169\/2017\/03\/Imatge-bibliomaleta-real.jpg\"><img loading=\"lazy\" decoding=\"async\" class=\"wp-image-9354 alignleft\" src=\"http:\/\/serveiseducatius.xtec.cat\/lescorts\/wp-content\/uploads\/usu1169\/2017\/03\/Imatge-bibliomaleta-real.jpg\" alt=\"imatge-bibliomaleta-real\" width=\"258\" height=\"236\" srcset=\"https:\/\/serveiseducatius.xtec.cat\/lescorts\/wp-content\/uploads\/usu1169\/2017\/03\/Imatge-bibliomaleta-real.jpg 605w, https:\/\/serveiseducatius.xtec.cat\/lescorts\/wp-content\/uploads\/usu1169\/2017\/03\/Imatge-bibliomaleta-real-300x275.jpg 300w\" sizes=\"auto, (max-width: 258px) 100vw, 258px\" \/><\/a> \u00a0 El Centre de Recursos Pedag\u00f2gics de Les Corts\u00a0ofereix un ampli ventall de materials i recursos did\u00e0ctics i pedag\u00f2gics per treballar diferents habilitats, valors i compet\u00e8ncies en els diferents nivells educatius. <span style=\"color: #000000;\">Si algun centre est\u00e0 interessat a fer servir qualsevol <span class=\"hiddenSpellError\">Bibliomaleta<\/span>, ha de trucar al <span class=\"hiddenSpellError\">CRP<\/span> per fer la reserva. Es deixar\u00e0 per un temps de tres setmanes.<\/span> <strong><span style=\"color: #000000;\">TELF: 93 409 43 72 (Marta Ponti)<\/span><\/strong><\/p>\n<table style=\"height: 694px; width: 69.361%;\" width=\"877\">\n<tbody>\n<tr style=\"height: 31px;\">\n<td style=\"width: 49.1369%; text-align: center; height: 31px;\"><strong>NOM<\/strong><\/td>\n<td style=\"width: 49.8274%; text-align: center; height: 31px;\"><strong>ETAPA\u00a0<\/strong><\/td>\n<\/tr>\n<tr style=\"height: 23px;\">\n<td style=\"width: 49.1369%; height: 23px;\"><a href=\"https:\/\/drive.google.com\/file\/d\/1JtKaOO4sDpumBFMJziA9Ud9af84fxQgn\/view?usp=sharing\" target=\"_blank\" rel=\"noopener\"><strong>Maleta poesia Infantil<\/strong><\/a><\/td>\n<td style=\"width: 49.8274%; height: 23px;\">Educaci\u00f3 Infantil<\/td>\n<\/tr>\n<tr style=\"height: 23px;\">\n<td style=\"width: 49.1369%; height: 23px;\"><a href=\"https:\/\/drive.google.com\/file\/d\/19OuO_kgv9p2pd1P0vvtrUmBlYfKfJNPB\/view?usp=sharing\" target=\"_blank\" rel=\"noopener\"><strong>Maleta poesia Prim\u00e0ria-Secund\u00e0ria<\/strong><\/a><\/td>\n<td style=\"width: 49.8274%; height: 23px;\">Educaci\u00f3 Prim\u00e0ria i Secund\u00e0ria<\/td>\n<\/tr>\n<tr style=\"height: 31px;\">\n<td style=\"width: 49.1369%; height: 31px;\"><strong><a href=\"https:\/\/drive.google.com\/file\/d\/1OGmUV8SZKqHbGO2pGCY-s94fXKEUHegR\/view?usp=sharing\" target=\"_blank\" rel=\"noopener noreferrer\">Coeducaci\u00f3 Infantil<\/a><\/strong><\/td>\n<td style=\"width: 49.8274%; height: 31px;\">Educaci\u00f3 Infantil<\/td>\n<\/tr>\n<tr style=\"height: 31px;\">\n<td style=\"width: 49.1369%; height: 31px;\"><strong><a href=\"https:\/\/drive.google.com\/file\/d\/1mfRCLotgypKFNdCSQdv-_0MBDzuJLB7t\/view?usp=sharing\" target=\"_blank\" rel=\"noopener noreferrer\">Coeducaci\u00f3 Infantil Llengua anglesa<\/a><\/strong><\/td>\n<td style=\"width: 49.8274%; height: 31px;\">Educaci\u00f3 Infantil<\/td>\n<\/tr>\n<tr style=\"height: 31px;\">\n<td style=\"width: 49.1369%; height: 31px;\"><strong><a href=\"https:\/\/drive.google.com\/file\/d\/1_fxNz4AvXEvfu3BhJBQDvrwGDwQRKBcE\/view?usp=sharing\" target=\"_blank\" rel=\"noopener noreferrer\">Coeducaci\u00f3 Prim\u00e0ria<\/a><\/strong><\/td>\n<td style=\"width: 49.8274%; height: 31px;\">Educaci\u00f3 Prim\u00e0ria<\/td>\n<\/tr>\n<tr style=\"height: 31px;\">\n<td style=\"width: 49.1369%; height: 31px;\"><strong><a href=\"https:\/\/drive.google.com\/file\/d\/14xSBPDPIxa8AGaj7Grzu-Rxxf6W8kqjx\/view?usp=sharing\" target=\"_blank\" rel=\"noopener noreferrer\">Coeducaci\u00f3 Prim\u00e0ria Llengua anglesa<\/a><\/strong><\/td>\n<td style=\"width: 49.8274%; height: 31px;\">Educaci\u00f3 Prim\u00e0ria<\/td>\n<\/tr>\n<tr style=\"height: 31px;\">\n<td style=\"width: 49.1369%; height: 31px;\"><strong><a href=\"https:\/\/drive.google.com\/file\/d\/13v-MU-iG1Uk4ZjUy5Kr9hliHvvU6Lin7\/view?usp=sharing\" target=\"_blank\" rel=\"noopener noreferrer\">Coeducaci\u00f3 Secund\u00e0ria<\/a><\/strong><\/td>\n<td style=\"width: 49.8274%; height: 31px;\">Educaci\u00f3 Secund\u00e0ria<\/td>\n<\/tr>\n<tr style=\"height: 31px;\">\n<td style=\"width: 49.1369%; height: 31px;\"><strong><a href=\"https:\/\/drive.google.com\/file\/d\/1BDzHx0dMCrTl6cHgM9s1zPx9ohy4X917\/view?usp=sharing\" target=\"_blank\" rel=\"noopener noreferrer\">Coeducaci\u00f3 Secund\u00e0ria Llengua Anglesa<\/a><\/strong><\/td>\n<td style=\"width: 49.8274%; height: 31px;\">Educaci\u00f3 Secund\u00e0ria<\/td>\n<\/tr>\n<tr style=\"height: 31px;\">\n<td style=\"width: 49.1369%; height: 31px;\"><strong><a href=\"https:\/\/drive.google.com\/file\/d\/1bZZ9TL8agiFgXIVCmY_YkJjWhB27p0Gp\/view?usp=sharing\" target=\"_blank\" rel=\"noopener noreferrer\">Contes per pensar<\/a><\/strong><\/td>\n<td style=\"width: 49.8274%; height: 31px;\">Educaci\u00f3 Infantil, Prim\u00e0ria i Secund\u00e0ria<\/td>\n<\/tr>\n<tr style=\"height: 31px;\">\n<td style=\"width: 49.1369%; height: 31px;\"><strong><a href=\"https:\/\/drive.google.com\/file\/d\/1dpIBi3pbVW3BnUTLOu6lsKeyJX8UNBbJ\/view?usp=sharing\" target=\"_blank\" rel=\"noopener noreferrer\">Cient\u00edfiques<\/a><\/strong><\/td>\n<td style=\"width: 49.8274%; height: 31px;\">Educaci\u00f3 Infantil, Prim\u00e0ria i Secund\u00e0ria<\/td>\n<\/tr>\n<tr style=\"height: 31px;\">\n<td style=\"width: 49.1369%; height: 31px;\"><strong><a href=\"https:\/\/drive.google.com\/file\/d\/1G4nsCZZJXrx7TDhJgbC5wpilM_raN9Au\/view?usp=sharing\" target=\"_blank\" rel=\"noopener noreferrer\">Vet aqu\u00ed una vegada<\/a><\/strong><\/td>\n<td style=\"width: 49.8274%; height: 31px;\">Educaci\u00f3 Infantil i Prim\u00e0ria<\/td>\n<\/tr>\n<tr style=\"height: 31px;\">\n<td style=\"width: 49.1369%; height: 31px;\"><strong><a href=\"https:\/\/drive.google.com\/file\/d\/1lgCJRibVB5oo0J2_N7AH6-IbC9l8P8tZ\/view?usp=sharing\" target=\"_blank\" rel=\"noopener noreferrer\">Llibres per abordar un conflicte<\/a><\/strong><\/td>\n<td style=\"width: 49.8274%; height: 31px;\">Educaci\u00f3\u00a0 Prim\u00e0ria<\/td>\n<\/tr>\n<tr style=\"height: 31px;\">\n<td style=\"width: 49.1369%; height: 31px;\"><strong><a href=\"https:\/\/drive.google.com\/file\/d\/122HQq2ivBv-oJa_eKthhkU-hA1krPEE5\/view?usp=sharing\" target=\"_blank\" rel=\"noopener noreferrer\">Jocs de taula i m\u00e9s<\/a><\/strong><\/td>\n<td style=\"width: 49.8274%; height: 31px;\">Educaci\u00f3 Infantil, Prim\u00e0ria i Secund\u00e0ria<\/td>\n<\/tr>\n<tr style=\"height: 31px;\">\n<td style=\"width: 49.1369%; height: 31px;\"><strong><a href=\"http:\/\/serveiseducatius.xtec.cat\/lescorts\/wp-content\/uploads\/usu1169\/2017\/02\/Bibliomaleta-Poesia-Plouen-poemes.pdf\" target=\"_blank\" rel=\"noopener noreferrer\">Bibliomaleta Poesia- Plouen poemes<\/a><\/strong><\/td>\n<td style=\"width: 49.8274%; height: 31px;\">Educaci\u00f3 Infantil i Prim\u00e0ria<\/td>\n<\/tr>\n<tr style=\"height: 31px;\">\n<td style=\"width: 49.1369%; height: 31px;\"><strong><a href=\"https:\/\/serveiseducatius.xtec.cat\/lescorts\/general\/maleta-danimacio-lectora-kamishibai\/\">Maleta d&#8217;animaci\u00f3 lectora Kamishibai<\/a><\/strong><\/td>\n<td style=\"width: 49.8274%; height: 31px;\">Educaci\u00f3 Infantil i Prim\u00e0ria<\/td>\n<\/tr>\n<tr style=\"height: 31px;\">\n<td style=\"width: 49.1369%; height: 31px;\"><strong><a href=\"https:\/\/drive.google.com\/drive\/folders\/1Vtg6gx5tlA7B9-jrXFNU3_OzLAgChQ0D?usp=sharing\" target=\"_blank\" rel=\"noopener\">Laboratori dels Ratolins<\/a><\/strong><\/td>\n<td style=\"width: 49.8274%; height: 31px;\">Educaci\u00f3\u00a0 Prim\u00e0ria<\/td>\n<\/tr>\n<tr style=\"height: 33px;\">\n<td style=\"width: 49.1369%; height: 33px;\"><strong><a href=\"https:\/\/drive.google.com\/file\/d\/1wKljTOk0Ag8RAsq5SMPAPj2ZUIpXv3R2\/view?usp=sharing\" target=\"_blank\" rel=\"noopener\">Laboratori dels Pirates<\/a><br \/>\n<\/strong><\/td>\n<td style=\"width: 49.8274%; height: 33px;\">Educaci\u00f3\u00a0 Prim\u00e0ria<\/td>\n<\/tr>\n<tr style=\"height: 31px;\">\n<td style=\"width: 49.1369%; height: 31px;\"><strong><a href=\"http:\/\/serveiseducatius.xtec.cat\/lescorts\/wp-content\/uploads\/usu1169\/2017\/02\/Petit-Pr\u00edncep-Educaci\u00f3-Secund\u00e0ria.pdf\">Bibliomaleta Petit Pr\u00edncep (opcional: Taller en centre)<\/a><\/strong><\/td>\n<td style=\"width: 49.8274%; height: 31px;\">Educaci\u00f3 Prim\u00e0ria (5\u00e8 i 6\u00e8) i Educaci\u00f3 Secund\u00e0ria<\/td>\n<\/tr>\n<tr style=\"height: 31px;\">\n<td style=\"width: 49.1369%; height: 32px;\"><strong><a href=\"http:\/\/serveiseducatius.xtec.cat\/lescorts\/wp-content\/uploads\/usu1169\/2017\/02\/Petit-Pr\u00edncep-Educaci\u00f3-Secund\u00e0ria.pdf\">Bibliomaleta\u00a0Com es pot llegir El Petit Pr\u00edncep. Filosofia per a infants i joves<\/a><\/strong><\/td>\n<td style=\"width: 49.8274%; height: 32px;\">Educaci\u00f3 Secund\u00e0ria<\/td>\n<\/tr>\n<tr style=\"height: 31px;\">\n<td style=\"width: 49.1369%; height: 31px;\"><strong><a href=\"https:\/\/drive.google.com\/file\/d\/1E93IvwYtOgCWlMLjCVAsV6PUpZIFRLTW\/\" target=\"_blank\" rel=\"noopener\">Llibres del dol (INF. i PRIM.) <\/a><\/strong>&#8211; <a href=\"https:\/\/drive.google.com\/file\/d\/1sMMoieYi2xI_ZPXBWsUKQ2t6a2Q_NhAP\/view?usp=sharing\" target=\"_blank\" rel=\"noopener\"><em>guia did\u00e0ctica<\/em><\/a><\/td>\n<td style=\"width: 49.8274%; height: 31px;\">Educaci\u00f3 Infantil i Prim\u00e0ria<\/td>\n<\/tr>\n<tr style=\"height: 33px;\">\n<td style=\"width: 49.1369%; height: 33px;\"><strong><a href=\"https:\/\/drive.google.com\/file\/d\/1_QZTF1f89ltaOfe3HpeYemY-aIhJMBKo\/view\" target=\"_blank\" rel=\"noopener\">Llibres del dol (SEC.) <\/a><\/strong>&#8211;<a href=\"https:\/\/drive.google.com\/file\/d\/1sMMoieYi2xI_ZPXBWsUKQ2t6a2Q_NhAP\/view?usp=sharing\"><em> guia did\u00e0ctica<\/em><\/a><\/td>\n<td style=\"width: 49.8274%; height: 33px;\">Educaci\u00f3 Secund\u00e0ria<\/td>\n<\/tr>\n<tr style=\"height: 23px;\">\n<td style=\"width: 49.1369%; height: 23px;\"><strong><a href=\"https:\/\/drive.google.com\/file\/d\/180nV6oPiU-QAGRO6cdxQ2tN15J6HCy6F\/view?usp=sharing\" target=\"_blank\" rel=\"noopener\">Llibres de coneixements<\/a>\u00a0<\/strong><\/td>\n<td style=\"width: 49.8274%; height: 23px;\">Educaci\u00f3 Prim\u00e0ria<\/td>\n<\/tr>\n<\/tbody>\n<\/table>\n<p><!--a=1--><\/p>\n","protected":false},"excerpt":{"rendered":"<p>\u00a0 El Centre de Recursos Pedag\u00f2gics de Les Corts\u00a0ofereix un ampli ventall de materials i recursos did\u00e0ctics i pedag\u00f2gics per treballar diferents habilitats, valors i compet\u00e8ncies en els diferents nivells educatius. Si algun centre est\u00e0 interessat a fer servir qualsevol Bibliomaleta, ha de trucar al CRP per fer la reserva. Es deixar\u00e0 per un temps [&hellip;]<\/p>\n","protected":false},"author":1,"featured_media":0,"parent":0,"menu_order":0,"comment_status":"closed","ping_status":"closed","template":"","meta":{"_bbp_topic_count":0,"_bbp_reply_count":0,"_bbp_total_topic_count":0,"_bbp_total_reply_count":0,"_bbp_voice_count":0,"_bbp_anonymous_reply_count":0,"_bbp_topic_count_hidden":0,"_bbp_reply_count_hidden":0,"_bbp_forum_subforum_count":0,"site-sidebar-layout":"default","site-content-layout":"","ast-site-content-layout":"default","site-content-style":"default","site-sidebar-style":"default","ast-global-header-display":"","ast-banner-title-visibility":"","ast-main-header-display":"","ast-hfb-above-header-display":"","ast-hfb-below-header-display":"","ast-hfb-mobile-header-display":"","site-post-title":"","ast-breadcrumbs-content":"","ast-featured-img":"","footer-sml-layout":"","theme-transparent-header-meta":"","adv-header-id-meta":"","stick-header-meta":"","header-above-stick-meta":"","header-main-stick-meta":"","header-below-stick-meta":"","astra-migrate-meta-layouts":"set","ast-page-background-enabled":"default","ast-page-background-meta":{"desktop":{"background-color":"var(--ast-global-color-4)","background-image":"","background-repeat":"repeat","background-position":"center center","background-size":"auto","background-attachment":"scroll","background-type":"","background-media":"","overlay-type":"","overlay-color":"","overlay-opacity":"","overlay-gradient":""},"tablet":{"background-color":"","background-image":"","background-repeat":"repeat","background-position":"center center","background-size":"auto","background-attachment":"scroll","background-type":"","background-media":"","overlay-type":"","overlay-color":"","overlay-opacity":"","overlay-gradient":""},"mobile":{"background-color":"","background-image":"","background-repeat":"repeat","background-position":"center center","background-size":"auto","background-attachment":"scroll","background-type":"","background-media":"","overlay-type":"","overlay-color":"","overlay-opacity":"","overlay-gradient":""}},"ast-content-background-meta":{"desktop":{"background-color":"var(--ast-global-color-5)","background-image":"","background-repeat":"repeat","background-position":"center center","background-size":"auto","background-attachment":"scroll","background-type":"","background-media":"","overlay-type":"","overlay-color":"","overlay-opacity":"","overlay-gradient":""},"tablet":{"background-color":"var(--ast-global-color-5)","background-image":"","background-repeat":"repeat","background-position":"center center","background-size":"auto","background-attachment":"scroll","background-type":"","background-media":"","overlay-type":"","overlay-color":"","overlay-opacity":"","overlay-gradient":""},"mobile":{"background-color":"var(--ast-global-color-5)","background-image":"","background-repeat":"repeat","background-position":"center center","background-size":"auto","background-attachment":"scroll","background-type":"","background-media":"","overlay-type":"","overlay-color":"","overlay-opacity":"","overlay-gradient":""}},"footnotes":""},"class_list":["post-9026","page","type-page","status-publish","hentry"],"post_mailing_queue_ids":[],"_links":{"self":[{"href":"https:\/\/serveiseducatius.xtec.cat\/lescorts\/wp-json\/wp\/v2\/pages\/9026","targetHints":{"allow":["GET"]}}],"collection":[{"href":"https:\/\/serveiseducatius.xtec.cat\/lescorts\/wp-json\/wp\/v2\/pages"}],"about":[{"href":"https:\/\/serveiseducatius.xtec.cat\/lescorts\/wp-json\/wp\/v2\/types\/page"}],"author":[{"embeddable":true,"href":"https:\/\/serveiseducatius.xtec.cat\/lescorts\/wp-json\/wp\/v2\/users\/1"}],"replies":[{"embeddable":true,"href":"https:\/\/serveiseducatius.xtec.cat\/lescorts\/wp-json\/wp\/v2\/comments?post=9026"}],"version-history":[{"count":5,"href":"https:\/\/serveiseducatius.xtec.cat\/lescorts\/wp-json\/wp\/v2\/pages\/9026\/revisions"}],"predecessor-version":[{"id":17533,"href":"https:\/\/serveiseducatius.xtec.cat\/lescorts\/wp-json\/wp\/v2\/pages\/9026\/revisions\/17533"}],"wp:attachment":[{"href":"https:\/\/serveiseducatius.xtec.cat\/lescorts\/wp-json\/wp\/v2\/media?parent=9026"}],"curies":[{"name":"wp","href":"https:\/\/api.w.org\/{rel}","templated":true}]}}