{"id":8668,"date":"2016-11-30T08:55:55","date_gmt":"2016-11-30T07:55:55","guid":{"rendered":"http:\/\/serveiseducatius.xtec.cat\/lescorts\/?page_id=8668"},"modified":"2017-01-16T08:40:41","modified_gmt":"2017-01-16T07:40:41","slug":"joc-del-robot","status":"publish","type":"page","link":"https:\/\/serveiseducatius.xtec.cat\/lescorts\/i-micro-first-lego-league\/joc-del-robot\/","title":{"rendered":"JOC DEL ROBOT"},"content":{"rendered":"<p>1\u00aa ronda<\/p>\n<table style=\"height: 200px;\" width=\"503\">\n<tbody>\n<tr>\n<td>Horari<\/td>\n<td style=\"text-align: center;\">Tauler A<\/td>\n<td style=\"text-align: center;\">Tauler B<\/td>\n<\/tr>\n<tr>\n<td>11.30<\/td>\n<td>Institut Ausi\u00e0s March &#8211; 1<\/td>\n<td>Escola Santa Teresa Lisieux &#8211; 1<\/td>\n<\/tr>\n<tr>\n<td>11.35<\/td>\n<td>Institut Ausi\u00e0s March &#8211; 2<\/td>\n<td>Escola Santa Teresa Lisieux &#8211; 2<\/td>\n<\/tr>\n<tr>\n<td>11.40<\/td>\n<td>Escola Lav\u00ednia<\/td>\n<td>Escola Les Corts<\/td>\n<\/tr>\n<tr>\n<td>11.45<\/td>\n<td>Escola Pau Romeva<\/td>\n<td>Escola Sant Ramon Nonat<\/td>\n<\/tr>\n<\/tbody>\n<\/table>\n<p>2\u00aa ronda<\/p>\n<table style=\"height: 100px;\" width=\"503\">\n<tbody>\n<tr style=\"height: 3px;\">\n<td>Horari<\/td>\n<td style=\"text-align: center;\">Tauler A<\/td>\n<td style=\"text-align: center;\">Tauler B<\/td>\n<\/tr>\n<tr style=\"height: 3px;\">\n<td>12.00<\/td>\n<td>Institut Ausi\u00e0s March &#8211; 1<\/td>\n<td>Escola Santa Teresa Lisieux &#8211; 1<\/td>\n<\/tr>\n<tr style=\"height: 3px;\">\n<td>12.05<\/td>\n<td>Institut Ausi\u00e0s March &#8211; 2<\/td>\n<td>Escola Santa Teresa Lisieux &#8211; 2<\/td>\n<\/tr>\n<\/tbody>\n<\/table>\n<p>Jurat \u00a0 Tauler \u00a0A : Jordi Gavald\u00e0<\/p>\n<p>Jurat \u00a0Tauler B : Ernest Tomas<\/p>\n","protected":false},"excerpt":{"rendered":"<p>1\u00aa ronda Horari Tauler A Tauler B 11.30 Institut Ausi\u00e0s March &#8211; 1 Escola Santa Teresa Lisieux &#8211; 1 11.35 Institut Ausi\u00e0s March &#8211; 2 Escola Santa Teresa Lisieux &#8211; 2 11.40 Escola Lav\u00ednia Escola Les Corts 11.45 Escola Pau Romeva Escola Sant Ramon Nonat 2\u00aa ronda Horari Tauler A Tauler B 12.00 Institut Ausi\u00e0s [&hellip;]<\/p>\n","protected":false},"author":1,"featured_media":0,"parent":8642,"menu_order":0,"comment_status":"closed","ping_status":"closed","template":"page-templates\/side-menu.php","meta":{"_bbp_topic_count":0,"_bbp_reply_count":0,"_bbp_total_topic_count":0,"_bbp_total_reply_count":0,"_bbp_voice_count":0,"_bbp_anonymous_reply_count":0,"_bbp_topic_count_hidden":0,"_bbp_reply_count_hidden":0,"_bbp_forum_subforum_count":0,"site-sidebar-layout":"default","site-content-layout":"","ast-site-content-layout":"","site-content-style":"default","site-sidebar-style":"default","ast-global-header-display":"","ast-banner-title-visibility":"","ast-main-header-display":"","ast-hfb-above-header-display":"","ast-hfb-below-header-display":"","ast-hfb-mobile-header-display":"","site-post-title":"","ast-breadcrumbs-content":"","ast-featured-img":"","footer-sml-layout":"","theme-transparent-header-meta":"","adv-header-id-meta":"","stick-header-meta":"","header-above-stick-meta":"","header-main-stick-meta":"","header-below-stick-meta":"","astra-migrate-meta-layouts":"default","ast-page-background-enabled":"default","ast-page-background-meta":{"desktop":{"background-color":"var(--ast-global-color-4)","background-image":"","background-repeat":"repeat","background-position":"center center","background-size":"auto","background-attachment":"scroll","background-type":"","background-media":"","overlay-type":"","overlay-color":"","overlay-opacity":"","overlay-gradient":""},"tablet":{"background-color":"","background-image":"","background-repeat":"repeat","background-position":"center center","background-size":"auto","background-attachment":"scroll","background-type":"","background-media":"","overlay-type":"","overlay-color":"","overlay-opacity":"","overlay-gradient":""},"mobile":{"background-color":"","background-image":"","background-repeat":"repeat","background-position":"center center","background-size":"auto","background-attachment":"scroll","background-type":"","background-media":"","overlay-type":"","overlay-color":"","overlay-opacity":"","overlay-gradient":""}},"ast-content-background-meta":{"desktop":{"background-color":"var(--ast-global-color-5)","background-image":"","background-repeat":"repeat","background-position":"center center","background-size":"auto","background-attachment":"scroll","background-type":"","background-media":"","overlay-type":"","overlay-color":"","overlay-opacity":"","overlay-gradient":""},"tablet":{"background-color":"var(--ast-global-color-5)","background-image":"","background-repeat":"repeat","background-position":"center center","background-size":"auto","background-attachment":"scroll","background-type":"","background-media":"","overlay-type":"","overlay-color":"","overlay-opacity":"","overlay-gradient":""},"mobile":{"background-color":"var(--ast-global-color-5)","background-image":"","background-repeat":"repeat","background-position":"center center","background-size":"auto","background-attachment":"scroll","background-type":"","background-media":"","overlay-type":"","overlay-color":"","overlay-opacity":"","overlay-gradient":""}},"footnotes":""},"class_list":["post-8668","page","type-page","status-publish","hentry"],"post_mailing_queue_ids":[],"_links":{"self":[{"href":"https:\/\/serveiseducatius.xtec.cat\/lescorts\/wp-json\/wp\/v2\/pages\/8668","targetHints":{"allow":["GET"]}}],"collection":[{"href":"https:\/\/serveiseducatius.xtec.cat\/lescorts\/wp-json\/wp\/v2\/pages"}],"about":[{"href":"https:\/\/serveiseducatius.xtec.cat\/lescorts\/wp-json\/wp\/v2\/types\/page"}],"author":[{"embeddable":true,"href":"https:\/\/serveiseducatius.xtec.cat\/lescorts\/wp-json\/wp\/v2\/users\/1"}],"replies":[{"embeddable":true,"href":"https:\/\/serveiseducatius.xtec.cat\/lescorts\/wp-json\/wp\/v2\/comments?post=8668"}],"version-history":[{"count":2,"href":"https:\/\/serveiseducatius.xtec.cat\/lescorts\/wp-json\/wp\/v2\/pages\/8668\/revisions"}],"predecessor-version":[{"id":8691,"href":"https:\/\/serveiseducatius.xtec.cat\/lescorts\/wp-json\/wp\/v2\/pages\/8668\/revisions\/8691"}],"up":[{"embeddable":true,"href":"https:\/\/serveiseducatius.xtec.cat\/lescorts\/wp-json\/wp\/v2\/pages\/8642"}],"wp:attachment":[{"href":"https:\/\/serveiseducatius.xtec.cat\/lescorts\/wp-json\/wp\/v2\/media?parent=8668"}],"curies":[{"name":"wp","href":"https:\/\/api.w.org\/{rel}","templated":true}]}}