{"id":8665,"date":"2016-11-30T08:43:05","date_gmt":"2016-11-30T07:43:05","guid":{"rendered":"http:\/\/serveiseducatius.xtec.cat\/lescorts\/?page_id=8665"},"modified":"2017-01-16T08:40:18","modified_gmt":"2017-01-16T07:40:18","slug":"projectes-cientifics-first-lego","status":"publish","type":"page","link":"https:\/\/serveiseducatius.xtec.cat\/lescorts\/i-micro-first-lego-league\/projectes-cientifics-first-lego\/","title":{"rendered":"PROJECTES CIENT\u00cdFICS-FIRST LEGO"},"content":{"rendered":"<p>Sala Gran<\/p>\n<table>\n<tbody>\n<tr>\n<td>Horari<\/td>\n<td>Centre Educatiu<\/td>\n<td>T\u00edtol del projecte<\/td>\n<td>Presentaci\u00f3 del projecte<\/td>\n<\/tr>\n<tr>\n<td>10,00<\/td>\n<td>Escola Lav\u00ednia<\/td>\n<td><\/td>\n<td><\/td>\n<\/tr>\n<tr>\n<td>10,15<\/td>\n<td>Escola Les Corts<\/td>\n<td><\/td>\n<td><\/td>\n<\/tr>\n<tr>\n<td>10,30<\/td>\n<td>Escola Pau Romeva<\/td>\n<td><\/td>\n<td><\/td>\n<\/tr>\n<tr>\n<td>10,45<\/td>\n<td>Escola Sant Ramon Nonat<\/td>\n<td><\/td>\n<td><\/td>\n<\/tr>\n<\/tbody>\n<\/table>\n<p>Jurat :<\/p>\n<p>Sala primer pis<\/p>\n<table>\n<tbody>\n<tr>\n<td>Horari<\/td>\n<td>Centre Educatiu<\/td>\n<td>T\u00edtol del projecte<\/td>\n<td>Presentaci\u00f3 del projecte<\/td>\n<\/tr>\n<tr>\n<td>10,00<\/td>\n<td>Escola Santa Teresa de Lisieux<\/td>\n<td><\/td>\n<td><\/td>\n<\/tr>\n<tr>\n<td>10,15<\/td>\n<td>Institut Ausi\u00e0s March<\/td>\n<td>\u00a0Nanomedicina<\/td>\n<td><\/td>\n<\/tr>\n<tr>\n<td>10,30<\/td>\n<td>Escola Santa Teresa de Lisieux<\/td>\n<td><\/td>\n<td><\/td>\n<\/tr>\n<tr>\n<td>10,45<\/td>\n<td>Institut Ausi\u00e0s March<\/td>\n<td>\u00a0DOGOOD<\/td>\n<td><\/td>\n<\/tr>\n<\/tbody>\n<\/table>\n<p>Jurat : David Massoni i Montse Buj<\/p>\n<p>&nbsp;<\/p>\n","protected":false},"excerpt":{"rendered":"<p>Sala Gran Horari Centre Educatiu T\u00edtol del projecte Presentaci\u00f3 del projecte 10,00 Escola Lav\u00ednia 10,15 Escola Les Corts 10,30 Escola Pau Romeva 10,45 Escola Sant Ramon Nonat Jurat : Sala primer pis Horari Centre Educatiu T\u00edtol del projecte Presentaci\u00f3 del projecte 10,00 Escola Santa Teresa de Lisieux 10,15 Institut Ausi\u00e0s March \u00a0Nanomedicina 10,30 Escola Santa [&hellip;]<\/p>\n","protected":false},"author":1,"featured_media":0,"parent":8642,"menu_order":0,"comment_status":"closed","ping_status":"closed","template":"page-templates\/side-menu.php","meta":{"_bbp_topic_count":0,"_bbp_reply_count":0,"_bbp_total_topic_count":0,"_bbp_total_reply_count":0,"_bbp_voice_count":0,"_bbp_anonymous_reply_count":0,"_bbp_topic_count_hidden":0,"_bbp_reply_count_hidden":0,"_bbp_forum_subforum_count":0,"site-sidebar-layout":"default","site-content-layout":"","ast-site-content-layout":"","site-content-style":"default","site-sidebar-style":"default","ast-global-header-display":"","ast-banner-title-visibility":"","ast-main-header-display":"","ast-hfb-above-header-display":"","ast-hfb-below-header-display":"","ast-hfb-mobile-header-display":"","site-post-title":"","ast-breadcrumbs-content":"","ast-featured-img":"","footer-sml-layout":"","theme-transparent-header-meta":"","adv-header-id-meta":"","stick-header-meta":"","header-above-stick-meta":"","header-main-stick-meta":"","header-below-stick-meta":"","astra-migrate-meta-layouts":"default","ast-page-background-enabled":"default","ast-page-background-meta":{"desktop":{"background-color":"var(--ast-global-color-4)","background-image":"","background-repeat":"repeat","background-position":"center center","background-size":"auto","background-attachment":"scroll","background-type":"","background-media":"","overlay-type":"","overlay-color":"","overlay-opacity":"","overlay-gradient":""},"tablet":{"background-color":"","background-image":"","background-repeat":"repeat","background-position":"center center","background-size":"auto","background-attachment":"scroll","background-type":"","background-media":"","overlay-type":"","overlay-color":"","overlay-opacity":"","overlay-gradient":""},"mobile":{"background-color":"","background-image":"","background-repeat":"repeat","background-position":"center center","background-size":"auto","background-attachment":"scroll","background-type":"","background-media":"","overlay-type":"","overlay-color":"","overlay-opacity":"","overlay-gradient":""}},"ast-content-background-meta":{"desktop":{"background-color":"var(--ast-global-color-5)","background-image":"","background-repeat":"repeat","background-position":"center center","background-size":"auto","background-attachment":"scroll","background-type":"","background-media":"","overlay-type":"","overlay-color":"","overlay-opacity":"","overlay-gradient":""},"tablet":{"background-color":"var(--ast-global-color-5)","background-image":"","background-repeat":"repeat","background-position":"center center","background-size":"auto","background-attachment":"scroll","background-type":"","background-media":"","overlay-type":"","overlay-color":"","overlay-opacity":"","overlay-gradient":""},"mobile":{"background-color":"var(--ast-global-color-5)","background-image":"","background-repeat":"repeat","background-position":"center center","background-size":"auto","background-attachment":"scroll","background-type":"","background-media":"","overlay-type":"","overlay-color":"","overlay-opacity":"","overlay-gradient":""}},"footnotes":""},"class_list":["post-8665","page","type-page","status-publish","hentry"],"post_mailing_queue_ids":[],"_links":{"self":[{"href":"https:\/\/serveiseducatius.xtec.cat\/lescorts\/wp-json\/wp\/v2\/pages\/8665","targetHints":{"allow":["GET"]}}],"collection":[{"href":"https:\/\/serveiseducatius.xtec.cat\/lescorts\/wp-json\/wp\/v2\/pages"}],"about":[{"href":"https:\/\/serveiseducatius.xtec.cat\/lescorts\/wp-json\/wp\/v2\/types\/page"}],"author":[{"embeddable":true,"href":"https:\/\/serveiseducatius.xtec.cat\/lescorts\/wp-json\/wp\/v2\/users\/1"}],"replies":[{"embeddable":true,"href":"https:\/\/serveiseducatius.xtec.cat\/lescorts\/wp-json\/wp\/v2\/comments?post=8665"}],"version-history":[{"count":3,"href":"https:\/\/serveiseducatius.xtec.cat\/lescorts\/wp-json\/wp\/v2\/pages\/8665\/revisions"}],"predecessor-version":[{"id":8690,"href":"https:\/\/serveiseducatius.xtec.cat\/lescorts\/wp-json\/wp\/v2\/pages\/8665\/revisions\/8690"}],"up":[{"embeddable":true,"href":"https:\/\/serveiseducatius.xtec.cat\/lescorts\/wp-json\/wp\/v2\/pages\/8642"}],"wp:attachment":[{"href":"https:\/\/serveiseducatius.xtec.cat\/lescorts\/wp-json\/wp\/v2\/media?parent=8665"}],"curies":[{"name":"wp","href":"https:\/\/api.w.org\/{rel}","templated":true}]}}