{"id":8642,"date":"2016-11-29T09:15:43","date_gmt":"2016-11-29T08:15:43","guid":{"rendered":"http:\/\/serveiseducatius.xtec.cat\/lescorts\/?page_id=8642"},"modified":"2018-11-15T17:48:36","modified_gmt":"2018-11-15T16:48:36","slug":"i-micro-first-lego-league","status":"publish","type":"page","link":"https:\/\/serveiseducatius.xtec.cat\/lescorts\/i-micro-first-lego-league\/","title":{"rendered":"I MICRO FIRST LEGO LEAGUE"},"content":{"rendered":"<p><code><\/code><code><\/code><img loading=\"lazy\" decoding=\"async\" class=\"\" src=\"http:\/\/www.firstlegoleague.es\/wp-content\/uploads\/2015\/07\/FIRST-FLL-IntoOrbit-color.png\" width=\"198\" height=\"198\" \/><\/p>\n<p>FIRST\u00a0LEGO League (FLL) \u00e9s un repte internacional que desperta l\u2019inter\u00e8s dels joves per la ci\u00e8ncia i la tecnologia.<\/p>\n<p>FLL utilitza desafiaments tem\u00e0tics per interessar\u00a0els joves, de 10 a 16 anys,\u00a0en la investigaci\u00f3, la resoluci\u00f3 de problemes, i la ci\u00e8ncia.<\/p>\n<p>Els pilars del programa s\u00f3n els\u00a0Valors FLL que emfatitzen l\u2019aprendre dels altres companys, la competici\u00f3 amistosa, l\u2019aprenentatge i la contribuci\u00f3 a la societat.<\/p>\n<p>Al districte de Les Corts participem per tercera vegada de forma col\u00b7lectiva .<\/p>\n<p>El dia <strong>divendres<\/strong>\u00a0<strong>11 de gener de 2019<\/strong> ens trobarem <strong>al centre c\u00edvic Joan Oliver &#8220;Pere Quart&#8221;, \u00a0carrer Comandant Ben\u00edtez 6<\/strong>, per compartir els nostres aven\u00e7os i els nostres neguits.<\/p>\n<p><strong>Properamen us informarem<\/strong> de la competici\u00f3 que organitza la UPC a l\u2019edifici V\u00e8rtex.<\/p>\n<p>Els alumnes guanyadors de la Lego del cur 2016\/2017 de l&#8217;institut Ausi\u00e0s March han anat a explicar el projecte a la classe de 5\u00e8 de l&#8217;Escola Ausi\u00e0s March.\u00a0<a href=\"http:\/\/beteve.cat\/escoles-first-lego-league\/\">Reportatge<\/a><\/p>\n<p>&nbsp;<\/p>\n<p><a href=\"http:\/\/serveiseducatius.xtec.cat\/lescorts\/activitats-de-dinamitzacio\/i-micro-first-lego-league\/jornada\/\">JORNADA<\/a><\/p>\n<p><a href=\"http:\/\/serveiseducatius.xtec.cat\/lescorts\/activitats-de-dinamitzacio\/i-micro-first-lego-league\/projectes-cientifics-first-lego\/\">PROJECTES CIENT\u00cdFICS<\/a><\/p>\n<p><a href=\"http:\/\/serveiseducatius.xtec.cat\/lescorts\/activitats-de-dinamitzacio\/i-micro-first-lego-league\/joc-del-robot\/\">JOC DEL ROBOT<\/a><\/p>\n<p><a href=\"https:\/\/goo.gl\/photos\/Ruto4Ri87AQDtYef6\">IMATGES<\/a><\/p>\n<p>Col\u00b7laboren<\/p>\n<p>Centre C\u00edvic Joan Oliver &#8220;Pere Quart&#8221;<\/p>\n<p><img loading=\"lazy\" decoding=\"async\" class=\"alignleft size-full wp-image-8600\" src=\"http:\/\/serveiseducatius.xtec.cat\/lescorts\/wp-content\/uploads\/usu1169\/2016\/11\/logodistrito.gif\" alt=\"logodistrito\" width=\"178\" height=\"60\" \/><\/p>\n<p><img loading=\"lazy\" decoding=\"async\" class=\"alignleft size-full wp-image-8607\" src=\"http:\/\/serveiseducatius.xtec.cat\/lescorts\/wp-content\/uploads\/usu1169\/2016\/11\/logo-upc-jpg.jpg\" alt=\"logo-upc-jpg\" width=\"223\" height=\"40\" \/><\/p>\n","protected":false},"excerpt":{"rendered":"<p>FIRST\u00a0LEGO League (FLL) \u00e9s un repte internacional que desperta l\u2019inter\u00e8s dels joves per la ci\u00e8ncia i la tecnologia. FLL utilitza desafiaments tem\u00e0tics per interessar\u00a0els joves, de 10 a 16 anys,\u00a0en la investigaci\u00f3, la resoluci\u00f3 de problemes, i la ci\u00e8ncia. Els pilars del programa s\u00f3n els\u00a0Valors FLL que emfatitzen l\u2019aprendre dels altres companys, la competici\u00f3 amistosa, [&hellip;]<\/p>\n","protected":false},"author":1,"featured_media":0,"parent":0,"menu_order":0,"comment_status":"closed","ping_status":"closed","template":"page-templates\/side-menu.php","meta":{"_bbp_topic_count":0,"_bbp_reply_count":0,"_bbp_total_topic_count":0,"_bbp_total_reply_count":0,"_bbp_voice_count":0,"_bbp_anonymous_reply_count":0,"_bbp_topic_count_hidden":0,"_bbp_reply_count_hidden":0,"_bbp_forum_subforum_count":0,"site-sidebar-layout":"default","site-content-layout":"","ast-site-content-layout":"","site-content-style":"default","site-sidebar-style":"default","ast-global-header-display":"","ast-banner-title-visibility":"","ast-main-header-display":"","ast-hfb-above-header-display":"","ast-hfb-below-header-display":"","ast-hfb-mobile-header-display":"","site-post-title":"","ast-breadcrumbs-content":"","ast-featured-img":"","footer-sml-layout":"","theme-transparent-header-meta":"","adv-header-id-meta":"","stick-header-meta":"","header-above-stick-meta":"","header-main-stick-meta":"","header-below-stick-meta":"","astra-migrate-meta-layouts":"default","ast-page-background-enabled":"default","ast-page-background-meta":{"desktop":{"background-color":"var(--ast-global-color-4)","background-image":"","background-repeat":"repeat","background-position":"center center","background-size":"auto","background-attachment":"scroll","background-type":"","background-media":"","overlay-type":"","overlay-color":"","overlay-opacity":"","overlay-gradient":""},"tablet":{"background-color":"","background-image":"","background-repeat":"repeat","background-position":"center center","background-size":"auto","background-attachment":"scroll","background-type":"","background-media":"","overlay-type":"","overlay-color":"","overlay-opacity":"","overlay-gradient":""},"mobile":{"background-color":"","background-image":"","background-repeat":"repeat","background-position":"center center","background-size":"auto","background-attachment":"scroll","background-type":"","background-media":"","overlay-type":"","overlay-color":"","overlay-opacity":"","overlay-gradient":""}},"ast-content-background-meta":{"desktop":{"background-color":"var(--ast-global-color-5)","background-image":"","background-repeat":"repeat","background-position":"center center","background-size":"auto","background-attachment":"scroll","background-type":"","background-media":"","overlay-type":"","overlay-color":"","overlay-opacity":"","overlay-gradient":""},"tablet":{"background-color":"var(--ast-global-color-5)","background-image":"","background-repeat":"repeat","background-position":"center center","background-size":"auto","background-attachment":"scroll","background-type":"","background-media":"","overlay-type":"","overlay-color":"","overlay-opacity":"","overlay-gradient":""},"mobile":{"background-color":"var(--ast-global-color-5)","background-image":"","background-repeat":"repeat","background-position":"center center","background-size":"auto","background-attachment":"scroll","background-type":"","background-media":"","overlay-type":"","overlay-color":"","overlay-opacity":"","overlay-gradient":""}},"footnotes":""},"class_list":["post-8642","page","type-page","status-publish","hentry"],"post_mailing_queue_ids":[],"_links":{"self":[{"href":"https:\/\/serveiseducatius.xtec.cat\/lescorts\/wp-json\/wp\/v2\/pages\/8642","targetHints":{"allow":["GET"]}}],"collection":[{"href":"https:\/\/serveiseducatius.xtec.cat\/lescorts\/wp-json\/wp\/v2\/pages"}],"about":[{"href":"https:\/\/serveiseducatius.xtec.cat\/lescorts\/wp-json\/wp\/v2\/types\/page"}],"author":[{"embeddable":true,"href":"https:\/\/serveiseducatius.xtec.cat\/lescorts\/wp-json\/wp\/v2\/users\/1"}],"replies":[{"embeddable":true,"href":"https:\/\/serveiseducatius.xtec.cat\/lescorts\/wp-json\/wp\/v2\/comments?post=8642"}],"version-history":[{"count":4,"href":"https:\/\/serveiseducatius.xtec.cat\/lescorts\/wp-json\/wp\/v2\/pages\/8642\/revisions"}],"predecessor-version":[{"id":10965,"href":"https:\/\/serveiseducatius.xtec.cat\/lescorts\/wp-json\/wp\/v2\/pages\/8642\/revisions\/10965"}],"wp:attachment":[{"href":"https:\/\/serveiseducatius.xtec.cat\/lescorts\/wp-json\/wp\/v2\/media?parent=8642"}],"curies":[{"name":"wp","href":"https:\/\/api.w.org\/{rel}","templated":true}]}}