{"id":8552,"date":"2016-11-17T10:18:09","date_gmt":"2016-11-17T09:18:09","guid":{"rendered":"http:\/\/serveiseducatius.xtec.cat\/lescorts\/?page_id=8552"},"modified":"2025-10-28T17:51:36","modified_gmt":"2025-10-28T16:51:36","slug":"robots-a-les-aules","status":"publish","type":"page","link":"https:\/\/serveiseducatius.xtec.cat\/lescorts\/prestec-de-material-tecnologic\/robots-a-les-aules\/","title":{"rendered":"ROBOTS A LES AULES"},"content":{"rendered":"<p style=\"text-align: justify;\">Per fer front als reptes professionals que ens plantegem avui dia, els aprenentatges <strong>STEAM (Science, Technology, Engineering, Art, Mathematics)<\/strong> aix\u00ed com la resoluci\u00f3 de problemes creatius a l&#8217;aula, s\u00f3n un punt fort per a treballar curricular i extra-circularment amb l&#8217;alumnat.<\/p>\n<p style=\"text-align: justify;\">Inicialment, la vessant STEAM no contemplava la &#8220;A&#8221; en refer\u00e8ncia a l&#8217;art (STEM). Es creia que per a que un alumne fos creatiu, s&#8217;havia de tenir un do per dibuixar, pintar o escriure relats. La rob\u00f2tica educativa va mostrar que la creativitat del proc\u00e9s de programaci\u00f3, muntatge i gesti\u00f3 tamb\u00e9 forma part d&#8217;una vessant altament art\u00edstica.<\/p>\n<p style=\"text-align: justify;\">Aix\u00ed doncs, dins el que considerem aprenentatge STEAM, un dels blocs que m\u00e9s ress\u00f2 t\u00e9 en l&#8217;educaci\u00f3 avui dia, \u00e9s el <strong>treball amb robots<\/strong>. Depenent de la complexitat del robot i de la proposta pedag\u00f2gica que en fem, podem adre\u00e7ar les activitats des d&#8217;educaci\u00f3 infantil a batxillerat. Aix\u00ed doncs, els nens i nenes s&#8217;introdueixen al m\u00f3n de la programaci\u00f3 amb un ampli treball en matem\u00e0tiques, ci\u00e8ncies, art i llengua.<\/p>\n<h4 style=\"text-align: center;\"><strong>Per fer la reserva de material poseu-vos en contacte: <a href=\"mailto:crp-lescorts@xtec.cat\" target=\"_blank\" rel=\"noopener\">crp-lescorts@xtec.cat<\/a> \/ 93 93 409 43 72<\/strong><\/h4>\n<p style=\"text-align: justify;\">Diposem de:<\/p>\n<h4 style=\"text-align: center;\"><strong>BEE-BOTS<\/strong><\/h4>\n<ul>\n<li id=\"tw-target-text\" class=\"tw-data-text tw-ta tw-text-small\" dir=\"ltr\" style=\"text-align: justify;\" data-placeholder=\"Traducci\u00f3\"><strong><span lang=\"ca\">Per qu\u00e8 ens agrada?<\/span><\/strong>\n<ul>\n<li class=\"tw-data-text tw-ta tw-text-small\" dir=\"ltr\" style=\"text-align: justify;\" data-placeholder=\"Traducci\u00f3\"><span lang=\"ca\">La seva simp\u00e0tica somriure ens ha conquistat. La seva senzillesa i robustesa el fa ideal per a nens i nenes d&#8217;entre 3 i 7 anys.<\/span><\/li>\n<li class=\"tw-data-text tw-ta tw-text-small\" dir=\"ltr\" style=\"text-align: justify;\" data-placeholder=\"Traducci\u00f3\"><span lang=\"ca\">No gasta piles: t\u00e9 bateria recarregable que dura hores i hores.<\/span><\/li>\n<li class=\"tw-data-text tw-ta tw-text-small\" dir=\"ltr\" style=\"text-align: justify;\" data-placeholder=\"Traducci\u00f3\"><span lang=\"ca\">Perqu\u00e8 els mestres ens heu sorpr\u00e8s amb les vostres propostes educatives.<\/span>\n<p style=\"text-align: start;\"><strong><img loading=\"lazy\" decoding=\"async\" class=\"aligncenter\" src=\"https:\/\/s3.eu-central-1.amazonaws.com\/robotica-es\/uploads\/items\/15169_5800.jpg\" alt=\"undefined\" width=\"268\" height=\"134\" \/><\/strong><\/p>\n<\/li>\n<\/ul>\n<\/li>\n<\/ul>\n<ul>\n<li class=\"tw-data-text tw-ta tw-text-small\" dir=\"ltr\" style=\"text-align: justify;\" data-placeholder=\"Traducci\u00f3\"><strong>Qu\u00e8 puc aprendre amb Bee-Bot?<\/strong>\n<ul>\n<li class=\"tw-data-text tw-ta tw-text-small\" dir=\"ltr\" style=\"text-align: justify;\" data-placeholder=\"Traducci\u00f3\">Esquerra, esquerra, dreta, dreta, endavant, enrere, 1, dos, tres &#8230; En altres paraules: el llenguatge direccional, girs, lateralitat i altres conceptes espacials b\u00e0sics. \u00c9s un fant\u00e0stic recurs per a activitats transdisciplinars i amb ella \u00e9s possible l&#8217;aprenentatge significatiu basat en el joc!<\/li>\n<\/ul>\n<\/li>\n<li id=\"tw-target-text\" class=\"tw-data-text tw-ta tw-text-small\" dir=\"ltr\" data-placeholder=\"Traducci\u00f3\"><strong><span lang=\"ca\">Com comen\u00e7o? Despr\u00e9s encendre-la, haurem de tenir en compte nom\u00e9s tres aspectes: <\/span><\/strong>\n<ul>\n<li class=\"tw-data-text tw-ta tw-text-small\" dir=\"ltr\" data-placeholder=\"Traducci\u00f3\"><span lang=\"ca\">Cada vegada que premem un bot\u00f3, els ulls de Bee-Bot parpellejaran i sentirem un so que confirma la instrucci\u00f3. <\/span><\/li>\n<li class=\"tw-data-text tw-ta tw-text-small\" dir=\"ltr\" data-placeholder=\"Traducci\u00f3\"><span lang=\"ca\">Bee-Bot sempre avan\u00e7a o retrocedeix 15 cm i gira sobre si mateixa 90\u00ba. La seq\u00fc\u00e8ncia la realitza pas a pas, marcant cada acci\u00f3 amb llum i so, animant-nos a acompanyar-la i comptar amb ella. <\/span><\/li>\n<li class=\"tw-data-text tw-ta tw-text-small\" dir=\"ltr\" data-placeholder=\"Traducci\u00f3\"><span lang=\"ca\">Bee-Bot pot realitzar fins a 40 moviments. El bot\u00f3 de la X esborra la mem\u00f2ria per comen\u00e7ar una nova seq\u00fc\u00e8ncia; en cas contrari repetir\u00e0 l&#8217;antiga seq\u00fc\u00e8ncia i tot seguit les noves instruccions<\/span><\/li>\n<\/ul>\n<\/li>\n<li><strong><span lang=\"ca\">Qu\u00e8 cont\u00e9 el kit?<\/span><\/strong>\n<ul>\n<li><span lang=\"ca\">1x Bee-Bot recarregable<\/span><\/li>\n<li><span lang=\"ca\">1x cable USB A-B<\/span><\/li>\n<li><span lang=\"ca\">1x guia d&#8217;usuari en angl\u00e8s: <a href=\"https:\/\/issuu.com\/ro-botica\/docs\/bee-bot-guia-usuario\">accedeix a la versi\u00f3 en espanyol.<\/a><\/span><\/li>\n<\/ul>\n<\/li>\n<\/ul>\n<h4 style=\"text-align: center;\"><strong>PROBOTS<\/strong><\/h4>\n<ul>\n<li id=\"tw-target-text\" class=\"tw-data-text tw-ta tw-text-small\" dir=\"ltr\" style=\"text-align: justify;\" data-placeholder=\"Traducci\u00f3\"><strong><span lang=\"ca\">Per qu\u00e8 ens agrada? <\/span><\/strong>\n<ul>\n<li class=\"tw-data-text tw-ta tw-text-small\" dir=\"ltr\" style=\"text-align: justify;\" data-placeholder=\"Traducci\u00f3\"><span lang=\"ca\">F\u00e0cil de crear m\u00faltiples activitats amb les catifes per a Pro-Bot. <\/span><\/li>\n<li class=\"tw-data-text tw-ta tw-text-small\" dir=\"ltr\" style=\"text-align: justify;\" data-placeholder=\"Traducci\u00f3\"><span lang=\"ca\">Representa un pas m\u00e9s enll\u00e0 de Bee-Bot i Blue-Bot i permet que els nostres alumnes creixin amb robots. <\/span><\/li>\n<li class=\"tw-data-text tw-ta tw-text-small\" dir=\"ltr\" style=\"text-align: justify;\" data-placeholder=\"Traducci\u00f3\"><span lang=\"ca\">Recupera la mateixa ess\u00e8ncia mateixa de LOGO: la tortuga de Papert torna a la vida!<\/span><\/li>\n<\/ul>\n<\/li>\n<\/ul>\n<p><img loading=\"lazy\" decoding=\"async\" class=\"aligncenter\" src=\"https:\/\/s3.eu-central-1.amazonaws.com\/robotica-es\/uploads\/items\/ITEM_10195_FOTOPROD.jpg\" alt=\"undefined\" width=\"248\" height=\"151\" \/><\/p>\n<ul>\n<li><span lang=\"ca\"><strong>Per qu\u00e8 \u00e9s \u00fanic?<\/strong> <\/span>\n<ul>\n<li><span lang=\"ca\">Pro-Bot \u00e9s ideal tant per a introduir els primers conceptes de programaci\u00f3 com si els nens i nenes ja han treballat anteriorment amb Bee-Bot o Blue-Bot. Gr\u00e0cies als seus precisos moviments, podem crear dibuixos i treballar, per exemple, els pol\u00edgons. <\/span><\/li>\n<\/ul>\n<\/li>\n<li><span lang=\"ca\"><strong>Com comen\u00e7o?<\/strong> Haurem de tenir en compte: <\/span>\n<ul>\n<li><span lang=\"ca\">En utilitzar nom\u00e9s les fletxes de programaci\u00f3 es comporta com Bee-Bot i Blue-Bot, per\u00f2 amb les tecles num\u00e8riques podem fer que avanci o retrocedeixi des d&#8217;1 cm fins a 5 m i que giri des de 1r fins a 500\u00ba. <\/span><\/li>\n<li><span lang=\"ca\">Podem fer que repeteixi una sola acci\u00f3 o un script. Tamb\u00e9 podem guardar programes en mem\u00f2ria per executar-los amb una sola instrucci\u00f3. <\/span><\/li>\n<li><span lang=\"ca\">Pro-Bot t\u00e9 sensors de llum, so i contacte, emet juliol sons diferents i enc\u00e9n i apaga els fars davanters. Tot \u00e9s programable: Aventureu-vos a explorar totes aquestes opcions! <\/span><\/li>\n<\/ul>\n<\/li>\n<li><strong><span lang=\"ca\">Programaci\u00f3 des de l&#8217;ordinador<\/span><\/strong>\n<ul>\n<li><span lang=\"ca\">Pro-Bot es connecta via USB amb l&#8217;ordinador i gr\u00e0cies al programari Probotix (llic\u00e8ncia individual i de centre, inclosa en el pack d&#8217;aula) podem transferir un programa del PC al robot oa l&#8217;inrev\u00e9s. Aix\u00f2 resulta especialment \u00fatil quan volem fer diverses proves abans de fer-ho: com les sessions d&#8217;entrenaments que realitzen els pilots abans de la cursa. undefined undefined <\/span><\/li>\n<\/ul>\n<\/li>\n<li><span lang=\"ca\"><strong>Qu\u00e8 cont\u00e9 el kit?<\/strong> <\/span>\n<ul>\n<li><span lang=\"ca\">1x Pro-Bot <\/span><\/li>\n<li><span lang=\"ca\">1x cable USB A-A <\/span><\/li>\n<li><span lang=\"ca\">1x pila de bot\u00f3 per a la pantalla LCD <\/span><\/li>\n<li><span lang=\"ca\">1x guia d&#8217;usuari (en angl\u00e8s) <\/span><\/li>\n<li><span lang=\"ca\">1x conjunt d&#8217;adhesius per a decoraci\u00f3 <\/span>\n<ul>\n<li><span lang=\"ca\">Novetat: Pro-Bot funciona amb bateria recarregable (ja inclosa).<\/span><\/li>\n<\/ul>\n<\/li>\n<\/ul>\n<\/li>\n<\/ul>\n<h4 style=\"text-align: center;\"><strong>OLLO ACTION<\/strong><\/h4>\n<p style=\"text-align: center;\"><img loading=\"lazy\" decoding=\"async\" class=\"aligncenter wp-image-15354\" src=\"https:\/\/serveiseducatius.xtec.cat\/lescorts\/wp-content\/uploads\/usu1169\/2023\/03\/ollo-action-1.jpg\" alt=\"\" width=\"229\" height=\"229\" srcset=\"https:\/\/serveiseducatius.xtec.cat\/lescorts\/wp-content\/uploads\/usu1169\/2023\/03\/ollo-action-1.jpg 500w, https:\/\/serveiseducatius.xtec.cat\/lescorts\/wp-content\/uploads\/usu1169\/2023\/03\/ollo-action-1-300x300.jpg 300w, https:\/\/serveiseducatius.xtec.cat\/lescorts\/wp-content\/uploads\/usu1169\/2023\/03\/ollo-action-1-150x150.jpg 150w\" sizes=\"auto, (max-width: 229px) 100vw, 229px\" \/><\/p>\n<p><strong>Robotis OLLO Starter<\/strong> \u00e9s un kit educatiu d\u2019iniciaci\u00f3 a la rob\u00f2tica a partir de 7 anys, refer\u00e8ncia a Corea del Sud. OLLO permet dissenyar i construir robots, jugant i despertant l\u2019inter\u00e8s per la ci\u00e8ncia i la tecnologia dels infants. OLLO Starter proporciona un <em>workbook<\/em> impr\u00e8s a color, en angl\u00e8s, de 12 cap\u00edtols amb continguts educatius, exercicis i activitats amb cada un dels 12 robots que construeixen els nens. Ara disponibles els PDF en espanyol.<\/p>\n<h4 style=\"text-align: center;\"><strong>LEGO START PACK 9689<\/strong><\/h4>\n<p><img loading=\"lazy\" decoding=\"async\" class=\"aligncenter\" src=\"https:\/\/img.bricklink.com\/ItemImage\/ON\/0\/9689-1.png\" alt=\"Resultat d'imatges de lego 9689\" width=\"214\" height=\"147\" \/><\/p>\n<p><strong>Set b\u00e0sic de LEGO<\/strong> (sense motors) per iniciar-se a la construcci\u00f3. Recomanat per a treballat el curr\u00edculum d&#8217;educaci\u00f3 prim\u00e0ria en l&#8217;\u00e0rea cient\u00edfico-tecnol\u00f2gica.<\/p>\n<ul>\n<li>Observaci\u00f3 i investigaci\u00f3 de m\u00e0quines simples: engranatges, rodes i eixos, palanques i politges<\/li>\n<li>Seguiment d&#8217;un informe de disseny de construcci\u00f3 per a donar suport durant el proc\u00e9s t\u00e8cnic<\/li>\n<li>Investigaci\u00f3 i treball a trav\u00e9s de l&#8217;observaci\u00f3, el raonament, la predicci\u00f3, la reflexi\u00f3 i el pensament cr\u00edtic<\/li>\n<li>Inclou 204 bricks i elements<\/li>\n<\/ul>\n<h4 style=\"text-align: center;\"><strong>LEGO WeDo 2.0<\/strong><\/h4>\n<p id=\"tw-target-text\" class=\"tw-data-text tw-ta tw-text-small\" dir=\"ltr\" style=\"text-align: justify;\" data-placeholder=\"Traducci\u00f3\"><span lang=\"ca\">Posant el descobriment cient\u00edfic en mans dels alumnes!<\/span><\/p>\n<p dir=\"ltr\" data-placeholder=\"Traducci\u00f3\"><img loading=\"lazy\" decoding=\"async\" class=\"aligncenter\" src=\"https:\/\/s3.eu-central-1.amazonaws.com\/robotica-es\/uploads\/items\/ITEM_10037_FOTOPROD.png\" alt=\"Pack LEGO Education WeDo con bater\u00c3\u00ada y cargador\" width=\"229\" height=\"163\" \/><\/p>\n<p class=\"tw-data-text tw-ta tw-text-small\" dir=\"ltr\" style=\"text-align: justify;\" data-placeholder=\"Traducci\u00f3\"><span lang=\"ca\"><strong>LEGO\u00ae Education WeDo 2.0<\/strong> fa que les ci\u00e8ncies de prim\u00e0ria cobrin vida. Aquesta soluci\u00f3 \u00fanica combina peces LEGO, un programari educatiu i projectes cient\u00edfics inspiradors que es corresponen amb el curr\u00edculum escolar, aix\u00ed com el desig dels alumnes de descobrir el m\u00f3n que els envolta. <\/span><\/p>\n<p class=\"tw-data-text tw-ta tw-text-small\" dir=\"ltr\" style=\"text-align: justify;\" data-placeholder=\"Traducci\u00f3\"><span lang=\"ca\">Amb WeDo 2.0, els alumnes exploren, creen i comparteixen els seus descobriments cient\u00edfics a mesura que construeixen, programen i modifiquen projectes. A l&#8217;col\u00b7laborar, s&#8217;involucren en profunditat amb les ci\u00e8ncies, l&#8217;enginyeria, la tecnologia i la inform\u00e0tica, la qual cosa els porta a aficionar per l&#8217;experimentaci\u00f3 i la investigaci\u00f3. <\/span><\/p>\n<p class=\"tw-data-text tw-ta tw-text-small\" dir=\"ltr\" style=\"text-align: justify;\" data-placeholder=\"Traducci\u00f3\"><span lang=\"ca\">Els docents disposen del suport que necessiten gr\u00e0cies a la formaci\u00f3, el curr\u00edculum escolar i l&#8217;avaluaci\u00f3 integrada. El resultat \u00e9s un recurs que desenvolupa la confian\u00e7a dels alumnes per formular preguntes, definir problemes i dissenyar les seves pr\u00f2pies solucions al posar el descobriment cient\u00edfic a les mans. Principals valors de l&#8217;aprenentatge <\/span><\/p>\n<p class=\"tw-data-text tw-ta tw-text-small\" dir=\"ltr\" style=\"text-align: justify;\" data-placeholder=\"Traducci\u00f3\"><strong><span lang=\"ca\">Nens i nenes a partir de 7 anys poden: <\/span><\/strong><\/p>\n<ul>\n<li class=\"tw-data-text tw-ta tw-text-small\" dir=\"ltr\" style=\"text-align: justify;\" data-placeholder=\"Traducci\u00f3\"><span lang=\"ca\">Investigar, crear models i dissenyar solucions<\/span><\/li>\n<li class=\"tw-data-text tw-ta tw-text-small\" dir=\"ltr\" style=\"text-align: justify;\" data-placeholder=\"Traducci\u00f3\"><span lang=\"ca\">Involucrar-se<\/span><span lang=\"ca\">\u00a0en les ci\u00e8ncies al convenrtir-les en alguna cosa real i rellevant<\/span><\/li>\n<li class=\"tw-data-text tw-ta tw-text-small\" dir=\"ltr\" style=\"text-align: justify;\" data-placeholder=\"Traducci\u00f3\"><span lang=\"ca\"> Habilitats b\u00e0siques de programaci\u00f3, pensament cr\u00edtic i resoluci\u00f3 de problemes<\/span><\/li>\n<li class=\"tw-data-text tw-ta tw-text-small\" dir=\"ltr\" style=\"text-align: justify;\" data-placeholder=\"Traducci\u00f3\"><span lang=\"ca\"> Habilitats de col\u00b7laboraci\u00f3 i presentaci\u00f3<\/span><\/li>\n<\/ul>\n<p dir=\"ltr\" data-placeholder=\"Traducci\u00f3\">Visita <a href=\"https:\/\/education.lego.com\/en-us\">la WEB oficial de LEGO<\/a> per a tenir m\u00e9s informaci\u00f3 sobre WeDo 2.0<\/p>\n<p dir=\"ltr\" data-placeholder=\"Traducci\u00f3\">Vols tenir algunes de les <a href=\"https:\/\/education.lego.com\/en-us\/support\/wedo\/building-instructions\">instruccions en PDF<\/a> per crear els teus primers LEGO WeDo 2.0?<\/p>\n<h4 style=\"text-align: center;\"><strong>LEGO MINDSTORMS<\/strong><\/h4>\n<p><img loading=\"lazy\" decoding=\"async\" class=\"aligncenter wp-image-14310\" src=\"https:\/\/serveiseducatius.xtec.cat\/lescorts\/wp-content\/uploads\/usu1169\/2022\/01\/LEGO-MINDSTORM.jpg\" alt=\"\" width=\"291\" height=\"291\" srcset=\"https:\/\/serveiseducatius.xtec.cat\/lescorts\/wp-content\/uploads\/usu1169\/2022\/01\/LEGO-MINDSTORM.jpg 1050w, https:\/\/serveiseducatius.xtec.cat\/lescorts\/wp-content\/uploads\/usu1169\/2022\/01\/LEGO-MINDSTORM-300x300.jpg 300w, https:\/\/serveiseducatius.xtec.cat\/lescorts\/wp-content\/uploads\/usu1169\/2022\/01\/LEGO-MINDSTORM-1024x1024.jpg 1024w, https:\/\/serveiseducatius.xtec.cat\/lescorts\/wp-content\/uploads\/usu1169\/2022\/01\/LEGO-MINDSTORM-150x150.jpg 150w, https:\/\/serveiseducatius.xtec.cat\/lescorts\/wp-content\/uploads\/usu1169\/2022\/01\/LEGO-MINDSTORM-768x768.jpg 768w\" sizes=\"auto, (max-width: 291px) 100vw, 291px\" \/><\/p>\n<p><strong>LEGO MINDSTORMS Educatio<\/strong>n \u00e9s el robot educatiu perfecte per tal que l&#8217;alumnat a partir de cicle superior de Prim\u00e0ria aprenguin STEAM amb \u00e8xit i d\u2019una forma divertida mitjan\u00e7ant la rob\u00f2tica.<\/p>\n<p>Material incl\u00f2s a cada kit:<\/p>\n<ul>\n<li>El\u00a0<em>brick<\/em> programable<\/li>\n<li>Sensor de color<\/li>\n<li>Sensor t\u00e0ctil<\/li>\n<li>Sensor d\u2019infrarojos<\/li>\n<li>Comandament d\u2019infrarojos<\/li>\n<li>Dos motors grans<\/li>\n<li>Motor petit<\/li>\n<li>Peces de construcci\u00f3<\/li>\n<li>Un carregador<\/li>\n<\/ul>\n<p><a href=\"https:\/\/www.lego.com\/es-es\/mindstorms?ignorereferer=true\">P\u00e0gina oficial de LEGO MINDSTORMS EV3<\/a><\/p>\n<p><a href=\"https:\/\/www.youtube.com\/channel\/UCm5LnQhKAJoGKtCFytVngQQ\">Tutorials a youtube sobre MINDSTORMS EV3<\/a><\/p>\n<h4><\/h4>\n<h4 style=\"text-align: center;\"><strong>MICRO:BIT<\/strong><\/h4>\n<p>El <strong>kit de Micro:bit<\/strong> est\u00e0 format per sis kits Micro:bit Go, que inclouen una placa Micro:bit, un cable USB i un alimentador de dues piles AA.<\/p>\n<p style=\"text-align: center;\"><img loading=\"lazy\" decoding=\"async\" class=\"wp-image-17491 aligncenter\" src=\"https:\/\/serveiseducatius.xtec.cat\/lescorts\/wp-content\/uploads\/usu1169\/2025\/10\/microbit.png\" alt=\"\" width=\"341\" height=\"237\" srcset=\"https:\/\/serveiseducatius.xtec.cat\/lescorts\/wp-content\/uploads\/usu1169\/2025\/10\/microbit.png 978w, https:\/\/serveiseducatius.xtec.cat\/lescorts\/wp-content\/uploads\/usu1169\/2025\/10\/microbit-300x208.png 300w, https:\/\/serveiseducatius.xtec.cat\/lescorts\/wp-content\/uploads\/usu1169\/2025\/10\/microbit-768x533.png 768w\" sizes=\"auto, (max-width: 341px) 100vw, 341px\" \/><\/p>\n<p>La placa Micro:bit \u00e9s una placa de mida molt petita i programable que permet introduir la programaci\u00f3, rob\u00f2tica i computaci\u00f3 f\u00edsica a infants a partir de cicle mitj\u00e0 de Prim\u00e0ria.<\/p>\n<p>La placa inclou:<\/p>\n<p>Una matriu de 5\u00d75 leds<br \/>\nDos botons programables<br \/>\nBr\u00faixola i acceler\u00f2metre<br \/>\nConnectors externs (3 pins anal\u00f2gics i digitals, un de 3V i un connector de terra)<br \/>\nBluetooth<\/p>\n<ul>\n<li class=\"level1\">\n<div class=\"li\"><a href=\"https:\/\/microbit.org\/\" target=\"_blank\" rel=\"noopener noreferrer\">Lloc oficial micro:bit<\/a><\/div>\n<\/li>\n<li class=\"level1\">\n<div class=\"li\"><a href=\"https:\/\/makecode.microbit.org\/\" target=\"_blank\" rel=\"noopener noreferrer\">Entorn de programaci\u00f3 MakeCode for micro:bit<\/a><\/div>\n<\/li>\n<\/ul>\n<h4 style=\"text-align: center;\"><strong>NOTA: Per fer la reserva de material poseu-vos en contacte: <a href=\"mailto:crp-lescorts@xtec.cat\" target=\"_blank\" rel=\"noopener\">crp-lescorts@xtec.cat<\/a> \/ 93 93 409 43 72<\/strong><\/h4>\n<p><strong>*El material es pot recollir i retornar de les 8.30 a les 17h del dia que indiqueu.<\/strong><\/p>\n<p><strong>**Recordeu que es pot reservar un m\u00e0xim de tres setmanes per centre i per\u00edode.<\/strong><\/p>\n<p><strong>***Consulteu el calendari per saber-ne la disponibilitat.<\/strong><\/p>\n<p><iframe loading=\"lazy\" style=\"border: 0;\" src=\"https:\/\/calendar.google.com\/calendar\/embed?src=c_oelishpltqtru3g8qhekhrkfok%40group.calendar.google.com&amp;ctz=Europe%2FMadrid\" width=\"800\" height=\"600\" frameborder=\"0\" scrolling=\"no\"><\/iframe><\/p>\n<p><!----comment node----><!--a=1--><\/p>\n","protected":false},"excerpt":{"rendered":"<p>Per fer front als reptes professionals que ens plantegem avui dia, els aprenentatges STEAM (Science, Technology, Engineering, Art, Mathematics) aix\u00ed com la resoluci\u00f3 de problemes creatius a l&#8217;aula, s\u00f3n un punt fort per a treballar curricular i extra-circularment amb l&#8217;alumnat. Inicialment, la vessant STEAM no contemplava la &#8220;A&#8221; en refer\u00e8ncia a l&#8217;art (STEM). Es creia [&hellip;]<\/p>\n","protected":false},"author":1,"featured_media":0,"parent":11921,"menu_order":16,"comment_status":"closed","ping_status":"closed","template":"","meta":{"_bbp_topic_count":0,"_bbp_reply_count":0,"_bbp_total_topic_count":0,"_bbp_total_reply_count":0,"_bbp_voice_count":0,"_bbp_anonymous_reply_count":0,"_bbp_topic_count_hidden":0,"_bbp_reply_count_hidden":0,"_bbp_forum_subforum_count":0,"site-sidebar-layout":"default","site-content-layout":"","ast-site-content-layout":"default","site-content-style":"default","site-sidebar-style":"default","ast-global-header-display":"","ast-banner-title-visibility":"","ast-main-header-display":"","ast-hfb-above-header-display":"","ast-hfb-below-header-display":"","ast-hfb-mobile-header-display":"","site-post-title":"","ast-breadcrumbs-content":"","ast-featured-img":"","footer-sml-layout":"","theme-transparent-header-meta":"default","adv-header-id-meta":"","stick-header-meta":"","header-above-stick-meta":"","header-main-stick-meta":"","header-below-stick-meta":"","astra-migrate-meta-layouts":"set","ast-page-background-enabled":"default","ast-page-background-meta":{"desktop":{"background-color":"var(--ast-global-color-4)","background-image":"","background-repeat":"repeat","background-position":"center center","background-size":"auto","background-attachment":"scroll","background-type":"","background-media":"","overlay-type":"","overlay-color":"","overlay-opacity":"","overlay-gradient":""},"tablet":{"background-color":"","background-image":"","background-repeat":"repeat","background-position":"center center","background-size":"auto","background-attachment":"scroll","background-type":"","background-media":"","overlay-type":"","overlay-color":"","overlay-opacity":"","overlay-gradient":""},"mobile":{"background-color":"","background-image":"","background-repeat":"repeat","background-position":"center center","background-size":"auto","background-attachment":"scroll","background-type":"","background-media":"","overlay-type":"","overlay-color":"","overlay-opacity":"","overlay-gradient":""}},"ast-content-background-meta":{"desktop":{"background-color":"var(--ast-global-color-5)","background-image":"","background-repeat":"repeat","background-position":"center center","background-size":"auto","background-attachment":"scroll","background-type":"","background-media":"","overlay-type":"","overlay-color":"","overlay-opacity":"","overlay-gradient":""},"tablet":{"background-color":"var(--ast-global-color-5)","background-image":"","background-repeat":"repeat","background-position":"center center","background-size":"auto","background-attachment":"scroll","background-type":"","background-media":"","overlay-type":"","overlay-color":"","overlay-opacity":"","overlay-gradient":""},"mobile":{"background-color":"var(--ast-global-color-5)","background-image":"","background-repeat":"repeat","background-position":"center center","background-size":"auto","background-attachment":"scroll","background-type":"","background-media":"","overlay-type":"","overlay-color":"","overlay-opacity":"","overlay-gradient":""}},"footnotes":""},"class_list":["post-8552","page","type-page","status-publish","hentry"],"post_mailing_queue_ids":[],"_links":{"self":[{"href":"https:\/\/serveiseducatius.xtec.cat\/lescorts\/wp-json\/wp\/v2\/pages\/8552","targetHints":{"allow":["GET"]}}],"collection":[{"href":"https:\/\/serveiseducatius.xtec.cat\/lescorts\/wp-json\/wp\/v2\/pages"}],"about":[{"href":"https:\/\/serveiseducatius.xtec.cat\/lescorts\/wp-json\/wp\/v2\/types\/page"}],"author":[{"embeddable":true,"href":"https:\/\/serveiseducatius.xtec.cat\/lescorts\/wp-json\/wp\/v2\/users\/1"}],"replies":[{"embeddable":true,"href":"https:\/\/serveiseducatius.xtec.cat\/lescorts\/wp-json\/wp\/v2\/comments?post=8552"}],"version-history":[{"count":4,"href":"https:\/\/serveiseducatius.xtec.cat\/lescorts\/wp-json\/wp\/v2\/pages\/8552\/revisions"}],"predecessor-version":[{"id":17492,"href":"https:\/\/serveiseducatius.xtec.cat\/lescorts\/wp-json\/wp\/v2\/pages\/8552\/revisions\/17492"}],"up":[{"embeddable":true,"href":"https:\/\/serveiseducatius.xtec.cat\/lescorts\/wp-json\/wp\/v2\/pages\/11921"}],"wp:attachment":[{"href":"https:\/\/serveiseducatius.xtec.cat\/lescorts\/wp-json\/wp\/v2\/media?parent=8552"}],"curies":[{"name":"wp","href":"https:\/\/api.w.org\/{rel}","templated":true}]}}