{"id":8534,"date":"2016-11-15T11:45:39","date_gmt":"2016-11-15T10:45:39","guid":{"rendered":"http:\/\/serveiseducatius.xtec.cat\/lescorts\/?page_id=8534"},"modified":"2026-02-02T11:17:55","modified_gmt":"2026-02-02T10:17:55","slug":"un-passeig-de-percepcions-monestir-de-pedralbes","status":"publish","type":"page","link":"https:\/\/serveiseducatius.xtec.cat\/lescorts\/activitats-de-dinamitzacio\/un-passeig-de-percepcions-monestir-de-pedralbes\/","title":{"rendered":"UN PASSEIG DE PERCEPCIONS-MONESTIR DE PEDRALBES 2026"},"content":{"rendered":"<p><strong>Referent de l\u2019activitat:\u00a0<\/strong>Marta Ponti<\/p>\n<h4><a href=\"https:\/\/forms.gle\/VtbaWSwzivaT9Jux7\" target=\"_blank\" rel=\"noopener\"><strong>FORMULARI D\u2019INSCRIPCI\u00d3<\/strong><\/a><\/h4>\n<p>(FINS EL 12 DE SETEMBRE DE 2025)<\/p>\n<pre><img loading=\"lazy\" decoding=\"async\" class=\"aligncenter wp-image-16472\" src=\"https:\/\/serveiseducatius.xtec.cat\/lescorts\/wp-content\/uploads\/usu1169\/2024\/07\/passeig-percepcions.jpg\" alt=\"\" width=\"510\" height=\"255\" srcset=\"https:\/\/serveiseducatius.xtec.cat\/lescorts\/wp-content\/uploads\/usu1169\/2024\/07\/passeig-percepcions.jpg 2000w, https:\/\/serveiseducatius.xtec.cat\/lescorts\/wp-content\/uploads\/usu1169\/2024\/07\/passeig-percepcions-300x150.jpg 300w, https:\/\/serveiseducatius.xtec.cat\/lescorts\/wp-content\/uploads\/usu1169\/2024\/07\/passeig-percepcions-1024x512.jpg 1024w, https:\/\/serveiseducatius.xtec.cat\/lescorts\/wp-content\/uploads\/usu1169\/2024\/07\/passeig-percepcions-768x384.jpg 768w, https:\/\/serveiseducatius.xtec.cat\/lescorts\/wp-content\/uploads\/usu1169\/2024\/07\/passeig-percepcions-1536x768.jpg 1536w\" sizes=\"auto, (max-width: 510px) 100vw, 510px\" \/><\/pre>\n<h6><span style=\"color: #ff0000;\"><strong>CALENDARI en 2 torns: de 10h a 11h\u00a0 i de 11&#8217;15h a 12&#8217;15h<\/strong><\/span><\/h6>\n<h6><span style=\"color: #ff0000;\"><strong>29 d&#8217;abril,\u00a0<\/strong><\/span><\/h6>\n<p><span style=\"color: #ff0000;\"><strong>6, 20, 27 maig<\/strong><\/span><\/p>\n<p><span style=\"color: #ff0000;\"><strong>3 juny<\/strong><\/span><\/p>\n<h1>Pedralbes, un passeig de percepcions<\/h1>\n<p><em>Visita-concert adre\u00e7ada als infants d\u2019I5 i a l\u2019alumnat d\u2019educaci\u00f3 especial.<\/em><\/p>\n<p style=\"font-weight: 400;\">L\u2019activitat \u00e9s un passeig multisensorial pel monestir en qu\u00e8 la m\u00fasica \u00e9s el fil conductor. La proposta est\u00e0 concebuda per treballar-se conjuntament al museu i a l\u2019escola, tot plantejant una acci\u00f3 que comen\u00e7a a les aules i finalitza amb la visita al Monestir de Pedralbes. Durant el recorregut al monestir es treballa especialment la percepci\u00f3 a trav\u00e9s dels sentits i l\u2019apreciaci\u00f3 del silenci.<\/p>\n<p style=\"font-weight: 400;\">Aix\u00ed, en primer lloc s\u2019imparteix una sessi\u00f3 de formaci\u00f3 pr\u00e8via al professorat que li proporcionar\u00e0 les eines i els recursos per al treball posterior a l\u2019aula amb els infants, la qual t\u00e9 com a base un repertori musical i una proposta d\u2019activitats d\u2019aprenentatge. El treball culmina amb la visita-concert al Monestir de Pedralbes, on es reconeixen els elements caracter\u00edstics del monestir, es treballa l\u2019apreciaci\u00f3 sensorial i es desenvolupa el repertori musical treballat a classe.<\/p>\n<h2>Objectius d\u2019aprenentatge de la visita<\/h2>\n<ul>\n<li>Fomentar la curiositat i la imaginaci\u00f3 a trav\u00e9s de diferents activitats d\u2019aprenentatge que tenen com a fil conductor el context que ofereix el Monestir de Pedralbes.<\/li>\n<li>Fomentar especialment l\u2019observaci\u00f3 i la percepci\u00f3 com a facultats clau per a la descoberta i la indagaci\u00f3.<\/li>\n<li>Contribuir a valorar el silenci com a facilitador de l\u2019escolta activa i l\u2019autoconeixement.<\/li>\n<li>Ajudar els infants a recon\u00e8ixer la m\u00fasica i el ball com a elements d\u2019expressi\u00f3 i de comunicaci\u00f3, i fomentar-ne la pr\u00e0ctica.<\/li>\n<li>Proporcionar material did\u00e0ctic a les escoles que els permeti treballar determinades compet\u00e8ncies clau i espec\u00edfiques a trav\u00e9s de diferents llenguatges: la m\u00fasica, la pl\u00e0stica i el moviment.<\/li>\n<li>Contribuir al desenvolupament de la consci\u00e8ncia cultural dels infants experimentant alguns entorns del Monestir de Pedralbes i identificant algun dels seus trets caracter\u00edstics.<\/li>\n<li>Sensibilitzar els infants davant espais, entorns i situacions diferents a les habituals i fomentar un comportament respectu\u00f3s.<\/li>\n<\/ul>\n<h2>Metodologia<\/h2>\n<p>Activitats d\u2019observaci\u00f3, experimentaci\u00f3 i escolta. Audici\u00f3 i interpretaci\u00f3 de peces musicals. Exposici\u00f3 de continguts.<\/p>\n<h2>Recursos<\/h2>\n<p>A l\u2019aula: proposta did\u00e0ctica per treballar amb els infants, especialment el recull de m\u00fasiques i partitures. Al monestir: m\u00fasica, instruments, poesies, rodolins i altres elements de suport per a la mediaci\u00f3.<\/p>\n<p><a href=\"https:\/\/drive.google.com\/drive\/folders\/1EYI_1JUmaLSRFd0Ig62fjkg9p06tgYj_\" target=\"_blank\" rel=\"noopener\">&#8211;&gt; Materials<\/a><\/p>\n<pre><\/pre>\n<p><strong>Amb la col\u00b7laboraci\u00f3 de \u00a0 \u00a0 \u00a0 \u00a0 \u00a0 \u00a0 \u00a0 \u00a0 \u00a0 \u00a0 \u00a0 \u00a0 \u00a0 \u00a0 \u00a0 \u00a0 Organitza<\/strong><\/p>\n<p><img loading=\"lazy\" decoding=\"async\" class=\"alignleft wp-image-17772 \" src=\"https:\/\/serveiseducatius.xtec.cat\/lescorts\/wp-content\/uploads\/usu1169\/2026\/01\/AJBCN_Sign_Com_LesCorts_Vermell_Blanc-scaled.jpg\" alt=\"\" width=\"232\" height=\"78\" srcset=\"https:\/\/serveiseducatius.xtec.cat\/lescorts\/wp-content\/uploads\/usu1169\/2026\/01\/AJBCN_Sign_Com_LesCorts_Vermell_Blanc-scaled.jpg 2560w, https:\/\/serveiseducatius.xtec.cat\/lescorts\/wp-content\/uploads\/usu1169\/2026\/01\/AJBCN_Sign_Com_LesCorts_Vermell_Blanc-300x101.jpg 300w, https:\/\/serveiseducatius.xtec.cat\/lescorts\/wp-content\/uploads\/usu1169\/2026\/01\/AJBCN_Sign_Com_LesCorts_Vermell_Blanc-1024x344.jpg 1024w, https:\/\/serveiseducatius.xtec.cat\/lescorts\/wp-content\/uploads\/usu1169\/2026\/01\/AJBCN_Sign_Com_LesCorts_Vermell_Blanc-768x258.jpg 768w, https:\/\/serveiseducatius.xtec.cat\/lescorts\/wp-content\/uploads\/usu1169\/2026\/01\/AJBCN_Sign_Com_LesCorts_Vermell_Blanc-1536x515.jpg 1536w, https:\/\/serveiseducatius.xtec.cat\/lescorts\/wp-content\/uploads\/usu1169\/2026\/01\/AJBCN_Sign_Com_LesCorts_Vermell_Blanc-2048x687.jpg 2048w\" sizes=\"auto, (max-width: 232px) 100vw, 232px\" \/>\u00a0 \u00a0 \u00a0 \u00a0 \u00a0 \u00a0 \u00a0 \u00a0\u00a0<b>\u00a0 \u00a0 \u00a0 \u00a0 \u00a0 \u00a0 \u00a0\u00a0<img loading=\"lazy\" decoding=\"async\" class=\"alignleft wp-image-17776 \" src=\"https:\/\/serveiseducatius.xtec.cat\/lescorts\/wp-content\/uploads\/usu1169\/2026\/01\/CEB_SE_Les_Corts_logo_color.png\" alt=\"\" width=\"225\" height=\"127\" srcset=\"https:\/\/serveiseducatius.xtec.cat\/lescorts\/wp-content\/uploads\/usu1169\/2026\/01\/CEB_SE_Les_Corts_logo_color.png 1958w, https:\/\/serveiseducatius.xtec.cat\/lescorts\/wp-content\/uploads\/usu1169\/2026\/01\/CEB_SE_Les_Corts_logo_color-300x169.png 300w, https:\/\/serveiseducatius.xtec.cat\/lescorts\/wp-content\/uploads\/usu1169\/2026\/01\/CEB_SE_Les_Corts_logo_color-1024x578.png 1024w, https:\/\/serveiseducatius.xtec.cat\/lescorts\/wp-content\/uploads\/usu1169\/2026\/01\/CEB_SE_Les_Corts_logo_color-768x433.png 768w, https:\/\/serveiseducatius.xtec.cat\/lescorts\/wp-content\/uploads\/usu1169\/2026\/01\/CEB_SE_Les_Corts_logo_color-1536x867.png 1536w\" sizes=\"auto, (max-width: 225px) 100vw, 225px\" \/><\/b><\/p>\n<p><!--a=1--><\/p>\n<p><!--a=1--><!--a=1--><\/p>\n<p><!--a=1--><\/p>\n","protected":false},"excerpt":{"rendered":"<p>Referent de l\u2019activitat:\u00a0Marta Ponti FORMULARI D\u2019INSCRIPCI\u00d3 (FINS EL 12 DE SETEMBRE DE 2025) CALENDARI en 2 torns: de 10h a 11h\u00a0 i de 11&#8217;15h a 12&#8217;15h 29 d&#8217;abril,\u00a0 6, 20, 27 maig 3 juny Pedralbes, un passeig de percepcions Visita-concert adre\u00e7ada als infants d\u2019I5 i a l\u2019alumnat d\u2019educaci\u00f3 especial. L\u2019activitat \u00e9s un passeig multisensorial pel [&hellip;]<\/p>\n","protected":false},"author":1,"featured_media":0,"parent":8142,"menu_order":18,"comment_status":"closed","ping_status":"closed","template":"","meta":{"_bbp_topic_count":0,"_bbp_reply_count":0,"_bbp_total_topic_count":0,"_bbp_total_reply_count":0,"_bbp_voice_count":0,"_bbp_anonymous_reply_count":0,"_bbp_topic_count_hidden":0,"_bbp_reply_count_hidden":0,"_bbp_forum_subforum_count":0,"site-sidebar-layout":"default","site-content-layout":"","ast-site-content-layout":"default","site-content-style":"default","site-sidebar-style":"default","ast-global-header-display":"","ast-banner-title-visibility":"","ast-main-header-display":"","ast-hfb-above-header-display":"","ast-hfb-below-header-display":"","ast-hfb-mobile-header-display":"","site-post-title":"","ast-breadcrumbs-content":"","ast-featured-img":"","footer-sml-layout":"","theme-transparent-header-meta":"default","adv-header-id-meta":"","stick-header-meta":"","header-above-stick-meta":"","header-main-stick-meta":"","header-below-stick-meta":"","astra-migrate-meta-layouts":"set","ast-page-background-enabled":"default","ast-page-background-meta":{"desktop":{"background-color":"var(--ast-global-color-4)","background-image":"","background-repeat":"repeat","background-position":"center center","background-size":"auto","background-attachment":"scroll","background-type":"","background-media":"","overlay-type":"","overlay-color":"","overlay-opacity":"","overlay-gradient":""},"tablet":{"background-color":"","background-image":"","background-repeat":"repeat","background-position":"center center","background-size":"auto","background-attachment":"scroll","background-type":"","background-media":"","overlay-type":"","overlay-color":"","overlay-opacity":"","overlay-gradient":""},"mobile":{"background-color":"","background-image":"","background-repeat":"repeat","background-position":"center center","background-size":"auto","background-attachment":"scroll","background-type":"","background-media":"","overlay-type":"","overlay-color":"","overlay-opacity":"","overlay-gradient":""}},"ast-content-background-meta":{"desktop":{"background-color":"var(--ast-global-color-5)","background-image":"","background-repeat":"repeat","background-position":"center center","background-size":"auto","background-attachment":"scroll","background-type":"","background-media":"","overlay-type":"","overlay-color":"","overlay-opacity":"","overlay-gradient":""},"tablet":{"background-color":"var(--ast-global-color-5)","background-image":"","background-repeat":"repeat","background-position":"center center","background-size":"auto","background-attachment":"scroll","background-type":"","background-media":"","overlay-type":"","overlay-color":"","overlay-opacity":"","overlay-gradient":""},"mobile":{"background-color":"var(--ast-global-color-5)","background-image":"","background-repeat":"repeat","background-position":"center center","background-size":"auto","background-attachment":"scroll","background-type":"","background-media":"","overlay-type":"","overlay-color":"","overlay-opacity":"","overlay-gradient":""}},"footnotes":""},"class_list":["post-8534","page","type-page","status-publish","hentry"],"post_mailing_queue_ids":[],"_links":{"self":[{"href":"https:\/\/serveiseducatius.xtec.cat\/lescorts\/wp-json\/wp\/v2\/pages\/8534","targetHints":{"allow":["GET"]}}],"collection":[{"href":"https:\/\/serveiseducatius.xtec.cat\/lescorts\/wp-json\/wp\/v2\/pages"}],"about":[{"href":"https:\/\/serveiseducatius.xtec.cat\/lescorts\/wp-json\/wp\/v2\/types\/page"}],"author":[{"embeddable":true,"href":"https:\/\/serveiseducatius.xtec.cat\/lescorts\/wp-json\/wp\/v2\/users\/1"}],"replies":[{"embeddable":true,"href":"https:\/\/serveiseducatius.xtec.cat\/lescorts\/wp-json\/wp\/v2\/comments?post=8534"}],"version-history":[{"count":6,"href":"https:\/\/serveiseducatius.xtec.cat\/lescorts\/wp-json\/wp\/v2\/pages\/8534\/revisions"}],"predecessor-version":[{"id":17780,"href":"https:\/\/serveiseducatius.xtec.cat\/lescorts\/wp-json\/wp\/v2\/pages\/8534\/revisions\/17780"}],"up":[{"embeddable":true,"href":"https:\/\/serveiseducatius.xtec.cat\/lescorts\/wp-json\/wp\/v2\/pages\/8142"}],"wp:attachment":[{"href":"https:\/\/serveiseducatius.xtec.cat\/lescorts\/wp-json\/wp\/v2\/media?parent=8534"}],"curies":[{"name":"wp","href":"https:\/\/api.w.org\/{rel}","templated":true}]}}