{"id":8512,"date":"2016-11-15T11:03:22","date_gmt":"2016-11-15T10:03:22","guid":{"rendered":"http:\/\/serveiseducatius.xtec.cat\/lescorts\/?page_id=8512"},"modified":"2026-01-30T17:36:11","modified_gmt":"2026-01-30T16:36:11","slug":"jornada-de-musica","status":"publish","type":"page","link":"https:\/\/serveiseducatius.xtec.cat\/lescorts\/jornada-de-musica\/","title":{"rendered":"A RITME DE CL\u00c0SSICA!"},"content":{"rendered":"<p><strong>Referent de l\u2019activitat: <\/strong>Gemma Martret<\/p>\n<header class=\"entry-header\">\n<h4><a href=\"https:\/\/forms.gle\/VtbaWSwzivaT9Jux7\" target=\"_blank\" rel=\"noopener\"><strong>FORMULARI D\u2019INSCRIPCI\u00d3\u00a0<\/strong><\/a><\/h4>\n<h4>(FINS EL 12 DE SETEMBRE DE 2025)<\/h4>\n<\/header>\n<h2 style=\"text-align: center;\"><img loading=\"lazy\" decoding=\"async\" class=\"aligncenter size-full wp-image-16463\" src=\"https:\/\/serveiseducatius.xtec.cat\/lescorts\/wp-content\/uploads\/usu1169\/2024\/07\/a-ritme-de-classica.png\" alt=\"\" width=\"534\" height=\"297\" srcset=\"https:\/\/serveiseducatius.xtec.cat\/lescorts\/wp-content\/uploads\/usu1169\/2024\/07\/a-ritme-de-classica.png 534w, https:\/\/serveiseducatius.xtec.cat\/lescorts\/wp-content\/uploads\/usu1169\/2024\/07\/a-ritme-de-classica-300x167.png 300w\" sizes=\"auto, (max-width: 534px) 100vw, 534px\" \/><\/h2>\n<h2><strong>INCORPORANT LA M\u00daSICA CL\u00c0SSICA A TRAV\u00c9S DE LA PERCUSSI\u00d3 CORPORAL<\/strong><\/h2>\n<p><strong><u>DESCRIPCI\u00d3 GENERAL<\/u><\/strong><\/p>\n<p>Els i les especialistes de m\u00fasica dels centres educatius de Les Corts, el Centre C\u00edvic Josep M. Trias i Peix i el CRP de Les Corts organitzem la \u201cJornada de M\u00fasica de les Corts\u201d, com a expressi\u00f3 del treball conjunt que realitzen les i els professionals d\u2019aquesta \u00e0rea amb el seu alumnat.<\/p>\n<p>La proposta \u00e9s adaptar l&#8217;experi\u00e8ncia viva i f\u00edsica que proporciona la percussi\u00f3 corporal a l&#8217;aprenentatge i aprofundiment de la m\u00fasica cl\u00e0ssica als centres educatius. La docent proposada \u00e9s l\u2019 Anna Llombart (<a href=\"http:\/\/www.annallombart.com\">http:\/\/www.annallombart.com<\/a>).<\/p>\n<p><strong><u>PER QU\u00c8 HO VOLEM FER?<\/u><\/strong><\/p>\n<p>Per tal que l&#8217;alumnat tingui una experi\u00e8ncia corporalitzada dels ritmes,\u00a0 melodies i la orquestraci\u00f3\u00a0 del g\u00e8nere cl\u00e0ssic que complementi la informaci\u00f3 te\u00f2rica.<\/p>\n<p><strong><u>A QUI S&#8217;ADRE\u00c7A<\/u><\/strong><\/p>\n<p>Alumnes de 6\u00e8 de Prim\u00e0ria i 1r ESO.<\/p>\n<p><strong><u>ON ES DESENVOLUPAR\u00c0<\/u><\/strong><\/p>\n<p>En instituts de Secund\u00e0ria i escoles de Prim\u00e0ria.<\/p>\n<p><strong><u>OBJECTIUS<\/u><\/strong><\/p>\n<p>Que l&#8217;alumnat tingui un angle diferent d&#8217;una mat\u00e8ria que tradicionalment i de forma gen\u00e8rica s&#8217;ha rebut amb escepticisme. Que puguin incorporar\u00a0 i empatitzar amb la m\u00fasica a trav\u00e9s d&#8217;un tipus de dansa que, a m\u00e9s de crear m\u00fasica amb el propi cos, \u00e9s inclusiva i neutra de g\u00e8neres <strong>(*)<\/strong><\/p>\n<p><strong><u>COM HO ASSOLIREM<\/u><\/strong><\/p>\n<p>A trav\u00e9s de sessions de percussi\u00f3 corporal que es focalitzaran en els diferents ritmes que es poden executar amb el cos i contextualitzant i hist\u00f2ricament\u00a0 la pe\u00e7a o peces que es treballin per tal d&#8217;empatitzar amb el context hist\u00f2ric actual.<\/p>\n<p>Les peces musicals a treballar es poden convenir amb cada centre per alinear les sessions amb el curr\u00edculum escolar d&#8217;educaci\u00f3 musical.<\/p>\n<p>Durant el primer trimestre es realitzar\u00e0 una formaci\u00f3 amb el professorat per treballar les coreografies.<\/p>\n<p><strong><u>QUAN HO FAREM<\/u><\/strong><\/p>\n<p>Les sessions estan pensades per ser desenvolupades a l\u2019aula dosificat segons convingui al centre. <strong>L&#8217;\u00f2ptim seria 1,5 hores setmanals o cada 15 dies.<\/strong>. Es recomana optar per 1,5 hores cada setmana durant les primeres sessions. Cada centre participant podr\u00e0 tenir una sessi\u00f3 de la formadora, Anna Llombart, amb l\u2019alumnat (en el Seminari de M\u00fasica es posar\u00e0 el calendari). Inscripci\u00f3 per a la formaci\u00f3: <a href=\"https:\/\/aplicacions.gestioeducativa.gencat.cat\/pls\/soloas\/inscripcionsnp?codi=1040091104&amp;curs=2023-2024\">Detall d&#8217;activitat (gencat.cat)<\/a><\/p>\n<p>Al mes de maig es far\u00e0 una Mostra conjunta entre els diferents centres.<\/p>\n<p><strong>EXEMPLES:<\/strong><\/p>\n<p><a href=\"https:\/\/youtu.be\/fvoE_rECuCc\">https:\/\/youtu.be\/fvoE_rECuCc<\/a><\/p>\n<p><a href=\"https:\/\/youtu.be\/cx-hHGoVJ4w\">https:\/\/youtu.be\/cx-hHGoVJ4w<\/a><\/p>\n<p><strong>(*) OBSERVACIONS:<\/strong><\/p>\n<p><em>Si s&#8217;escau, <strong>un dels objectius seria poder representar un fragment d&#8217;alguna pe\u00e7a de m\u00fasica cl\u00e0ssica<\/strong> fent xarxa amb m\u00e9s o menys grau de teatralitat depenent dels recursos del centre en aquest aspecte.<\/em><\/p>\n<table style=\"border-collapse: collapse; width: 100%;\">\n<tbody>\n<tr>\n<td style=\"width: 33.3333%; text-align: center;\"><strong>Una activitat de<\/strong><\/td>\n<td style=\"width: 33.3333%; text-align: center;\"><strong>Organitza\u00a0<\/strong><\/td>\n<td style=\"width: 33.3333%; text-align: center;\"><strong>Amb la col\u00b7laboraci\u00f3 de<\/strong><\/td>\n<\/tr>\n<tr>\n<td style=\"width: 33.3333%;\">\n<p style=\"text-align: center;\"><a href=\"https:\/\/serveiseducatius.xtec.cat\/lescorts\/wp-content\/uploads\/usu1169\/2022\/10\/cases-de-la-musica.png\"><img loading=\"lazy\" decoding=\"async\" class=\"aligncenter wp-image-15774 \" src=\"https:\/\/serveiseducatius.xtec.cat\/lescorts\/wp-content\/uploads\/usu1169\/2023\/09\/channels4_profile.jpg\" alt=\"\" width=\"155\" height=\"155\" srcset=\"https:\/\/serveiseducatius.xtec.cat\/lescorts\/wp-content\/uploads\/usu1169\/2023\/09\/channels4_profile.jpg 900w, https:\/\/serveiseducatius.xtec.cat\/lescorts\/wp-content\/uploads\/usu1169\/2023\/09\/channels4_profile-300x300.jpg 300w, https:\/\/serveiseducatius.xtec.cat\/lescorts\/wp-content\/uploads\/usu1169\/2023\/09\/channels4_profile-150x150.jpg 150w, https:\/\/serveiseducatius.xtec.cat\/lescorts\/wp-content\/uploads\/usu1169\/2023\/09\/channels4_profile-768x768.jpg 768w\" sizes=\"auto, (max-width: 155px) 100vw, 155px\" \/><\/a><\/p>\n<\/td>\n<td style=\"width: 33.3333%;\"><img loading=\"lazy\" decoding=\"async\" class=\"alignleft wp-image-17773 size-full\" src=\"https:\/\/serveiseducatius.xtec.cat\/lescorts\/wp-content\/uploads\/usu1169\/2026\/01\/baixa.png\" alt=\"\" width=\"416\" height=\"121\" srcset=\"https:\/\/serveiseducatius.xtec.cat\/lescorts\/wp-content\/uploads\/usu1169\/2026\/01\/baixa.png 416w, https:\/\/serveiseducatius.xtec.cat\/lescorts\/wp-content\/uploads\/usu1169\/2026\/01\/baixa-300x87.png 300w\" sizes=\"auto, (max-width: 416px) 100vw, 416px\" \/><\/td>\n<td style=\"width: 33.3333%;\"><b><img loading=\"lazy\" decoding=\"async\" class=\"alignleft wp-image-17772 size-full\" src=\"https:\/\/serveiseducatius.xtec.cat\/lescorts\/wp-content\/uploads\/usu1169\/2026\/01\/AJBCN_Sign_Com_LesCorts_Vermell_Blanc-scaled.jpg\" alt=\"\" width=\"2560\" height=\"859\" srcset=\"https:\/\/serveiseducatius.xtec.cat\/lescorts\/wp-content\/uploads\/usu1169\/2026\/01\/AJBCN_Sign_Com_LesCorts_Vermell_Blanc-scaled.jpg 2560w, https:\/\/serveiseducatius.xtec.cat\/lescorts\/wp-content\/uploads\/usu1169\/2026\/01\/AJBCN_Sign_Com_LesCorts_Vermell_Blanc-300x101.jpg 300w, https:\/\/serveiseducatius.xtec.cat\/lescorts\/wp-content\/uploads\/usu1169\/2026\/01\/AJBCN_Sign_Com_LesCorts_Vermell_Blanc-1024x344.jpg 1024w, https:\/\/serveiseducatius.xtec.cat\/lescorts\/wp-content\/uploads\/usu1169\/2026\/01\/AJBCN_Sign_Com_LesCorts_Vermell_Blanc-768x258.jpg 768w, https:\/\/serveiseducatius.xtec.cat\/lescorts\/wp-content\/uploads\/usu1169\/2026\/01\/AJBCN_Sign_Com_LesCorts_Vermell_Blanc-1536x515.jpg 1536w, https:\/\/serveiseducatius.xtec.cat\/lescorts\/wp-content\/uploads\/usu1169\/2026\/01\/AJBCN_Sign_Com_LesCorts_Vermell_Blanc-2048x687.jpg 2048w\" sizes=\"auto, (max-width: 2560px) 100vw, 2560px\" \/><\/b><\/td>\n<\/tr>\n<\/tbody>\n<\/table>\n<p><!--a=1--><\/p>\n<p><!--a=1--><!--a=1--><\/p>\n","protected":false},"excerpt":{"rendered":"<p>Referent de l\u2019activitat: Gemma Martret FORMULARI D\u2019INSCRIPCI\u00d3\u00a0 (FINS EL 12 DE SETEMBRE DE 2025) INCORPORANT LA M\u00daSICA CL\u00c0SSICA A TRAV\u00c9S DE LA PERCUSSI\u00d3 CORPORAL DESCRIPCI\u00d3 GENERAL Els i les especialistes de m\u00fasica dels centres educatius de Les Corts, el Centre C\u00edvic Josep M. Trias i Peix i el CRP de Les Corts organitzem la \u201cJornada [&hellip;]<\/p>\n","protected":false},"author":1,"featured_media":0,"parent":0,"menu_order":11,"comment_status":"closed","ping_status":"closed","template":"","meta":{"_bbp_topic_count":0,"_bbp_reply_count":0,"_bbp_total_topic_count":0,"_bbp_total_reply_count":0,"_bbp_voice_count":0,"_bbp_anonymous_reply_count":0,"_bbp_topic_count_hidden":0,"_bbp_reply_count_hidden":0,"_bbp_forum_subforum_count":0,"site-sidebar-layout":"default","site-content-layout":"","ast-site-content-layout":"default","site-content-style":"default","site-sidebar-style":"default","ast-global-header-display":"","ast-banner-title-visibility":"","ast-main-header-display":"","ast-hfb-above-header-display":"","ast-hfb-below-header-display":"","ast-hfb-mobile-header-display":"","site-post-title":"","ast-breadcrumbs-content":"","ast-featured-img":"","footer-sml-layout":"","theme-transparent-header-meta":"default","adv-header-id-meta":"","stick-header-meta":"","header-above-stick-meta":"","header-main-stick-meta":"","header-below-stick-meta":"","astra-migrate-meta-layouts":"set","ast-page-background-enabled":"default","ast-page-background-meta":{"desktop":{"background-color":"var(--ast-global-color-4)","background-image":"","background-repeat":"repeat","background-position":"center center","background-size":"auto","background-attachment":"scroll","background-type":"","background-media":"","overlay-type":"","overlay-color":"","overlay-opacity":"","overlay-gradient":""},"tablet":{"background-color":"","background-image":"","background-repeat":"repeat","background-position":"center center","background-size":"auto","background-attachment":"scroll","background-type":"","background-media":"","overlay-type":"","overlay-color":"","overlay-opacity":"","overlay-gradient":""},"mobile":{"background-color":"","background-image":"","background-repeat":"repeat","background-position":"center center","background-size":"auto","background-attachment":"scroll","background-type":"","background-media":"","overlay-type":"","overlay-color":"","overlay-opacity":"","overlay-gradient":""}},"ast-content-background-meta":{"desktop":{"background-color":"var(--ast-global-color-5)","background-image":"","background-repeat":"repeat","background-position":"center center","background-size":"auto","background-attachment":"scroll","background-type":"","background-media":"","overlay-type":"","overlay-color":"","overlay-opacity":"","overlay-gradient":""},"tablet":{"background-color":"var(--ast-global-color-5)","background-image":"","background-repeat":"repeat","background-position":"center center","background-size":"auto","background-attachment":"scroll","background-type":"","background-media":"","overlay-type":"","overlay-color":"","overlay-opacity":"","overlay-gradient":""},"mobile":{"background-color":"var(--ast-global-color-5)","background-image":"","background-repeat":"repeat","background-position":"center center","background-size":"auto","background-attachment":"scroll","background-type":"","background-media":"","overlay-type":"","overlay-color":"","overlay-opacity":"","overlay-gradient":""}},"footnotes":""},"class_list":["post-8512","page","type-page","status-publish","hentry"],"post_mailing_queue_ids":[],"_links":{"self":[{"href":"https:\/\/serveiseducatius.xtec.cat\/lescorts\/wp-json\/wp\/v2\/pages\/8512","targetHints":{"allow":["GET"]}}],"collection":[{"href":"https:\/\/serveiseducatius.xtec.cat\/lescorts\/wp-json\/wp\/v2\/pages"}],"about":[{"href":"https:\/\/serveiseducatius.xtec.cat\/lescorts\/wp-json\/wp\/v2\/types\/page"}],"author":[{"embeddable":true,"href":"https:\/\/serveiseducatius.xtec.cat\/lescorts\/wp-json\/wp\/v2\/users\/1"}],"replies":[{"embeddable":true,"href":"https:\/\/serveiseducatius.xtec.cat\/lescorts\/wp-json\/wp\/v2\/comments?post=8512"}],"version-history":[{"count":7,"href":"https:\/\/serveiseducatius.xtec.cat\/lescorts\/wp-json\/wp\/v2\/pages\/8512\/revisions"}],"predecessor-version":[{"id":17775,"href":"https:\/\/serveiseducatius.xtec.cat\/lescorts\/wp-json\/wp\/v2\/pages\/8512\/revisions\/17775"}],"wp:attachment":[{"href":"https:\/\/serveiseducatius.xtec.cat\/lescorts\/wp-json\/wp\/v2\/media?parent=8512"}],"curies":[{"name":"wp","href":"https:\/\/api.w.org\/{rel}","templated":true}]}}