{"id":8505,"date":"2016-11-15T10:28:30","date_gmt":"2016-11-15T09:28:30","guid":{"rendered":"http:\/\/serveiseducatius.xtec.cat\/lescorts\/?page_id=8505"},"modified":"2026-01-30T17:39:19","modified_gmt":"2026-01-30T16:39:19","slug":"gent-gran-i-contes","status":"publish","type":"page","link":"https:\/\/serveiseducatius.xtec.cat\/lescorts\/gent-gran-i-contes\/","title":{"rendered":"GENT GRAN: Hist\u00f2ries de vida il\u00b7lustrades per nens i nenes"},"content":{"rendered":"<p><strong>Referent de l\u2019activitat:\u00a0<\/strong>Marta Ponti<\/p>\n<h4><a href=\"https:\/\/forms.gle\/VtbaWSwzivaT9Jux7\" target=\"_blank\" rel=\"noopener\"><strong>FORMULARI D\u2019INSCRIPCI\u00d3<\/strong><\/a><\/h4>\n<h4>(FINS EL 12 DE SETEMBRE DE 2025)<\/h4>\n<p>Els relats curts d\u2019hist\u00f2ries viscudes que la gent escriur\u00e0, seran explicats als nens i les nenes de les escoles de prim\u00e0ria perqu\u00e8 en facin les il\u00b7lustracions.<\/p>\n<p><strong>Objectius:<\/strong><\/p>\n<ul>\n<li>Intercanvi intergeneracional<\/li>\n<li>Enfortir la mem\u00f2ria hist\u00f2rica a trav\u00e9s d\u2019experi\u00e8ncies de la gent gran<\/li>\n<li>Fomentar la lectura i escriptura tant per a la gent gran com per als infants<\/li>\n<li>Elaborar produccions art\u00edstiques<\/li>\n<\/ul>\n<p><strong>Fase I (gent gran)<\/strong><\/p>\n<p>Difusi\u00f3 de l&#8217;activitat a les escoles de Les Corts<\/p>\n<p>Els avis i \u00e0vies escriuen els contes de les seves viv\u00e8ncies . L\u2019escriptura esdev\u00e9 un mitj\u00e0 per explicar el fets viscuts, rescatar-los de la mem\u00f2ria i esdevenir font d&#8217;aprenentatge per als nens i nenes.<\/p>\n<p>Els avis i \u00e0vies envien els relats a <strong>gentgranlescorts@bcn.cat<\/strong><\/p>\n<p>Inici activitat : setembre \/ 27 febrer 2026<\/p>\n<p>Lloc: Casal de gent gran Can Novell<\/p>\n<p><strong>Fase II (gent gran i nens i nenes)<\/strong><\/p>\n<p>Els relats escrits pels avis, es llegiran a les escoles de prim\u00e0ria perqu\u00e8 els alumnes els il\u00b7lustrin despr\u00e9s que els autors dels relats hagin anat a les escoles a llegir-los.<\/p>\n<p><strong>Lectura a les escoles i\u00a0 il\u00b7lustracions fins el 27 de mar\u00e7<\/strong><\/p>\n<p><strong>Fase III (gent gran i nens i nenes)<\/strong><\/p>\n<p>Creaci\u00f3 del llibre amb tots els relats i presentaci\u00f3 conjunta a la Biblioteca Montserrat Abell\u00f3\u00a0 amb tots els agents implicats. Gent gran, alumnat i mestres.<\/p>\n<p>Lectura dels relats, lliurament del llibre amb el recull de contes il\u00b7lustrats i reconeixement a tots els participants el <strong>dimecres 13 de maig<\/strong> <strong>2026<\/strong>\u00a0de <strong>17:30h a 18:30h a la Biblioteca Montserrat Abell\u00f3.<\/strong><\/p>\n<p>* <strong><a href=\"https:\/\/drive.google.com\/file\/d\/1n9xYVthg2SU3w1GEMrcnmwX9qHc0b0ti\/view?usp=sharing\" target=\"_blank\" rel=\"noopener\">D\u00edptic informatiu<\/a><\/strong><\/p>\n<p>* <a href=\"https:\/\/drive.google.com\/file\/d\/1XYIPMH_mwNQ7I-h9lBmZD0C_6btbtWji\/view?usp=sharing\" target=\"_blank\" rel=\"noopener\">Relats Curts de Les Corts 2024-25<\/a><\/p>\n<p>* Relats Curts de Les Corts 2023-25<\/p>\n<p>* <a href=\"https:\/\/drive.google.com\/file\/d\/1njEYEwAA8XPuIAvN0GOQ9EEffVABU9uy\/view\" target=\"_blank\" rel=\"noopener\">Relats Curts de Les Corts 2022-23<\/a><\/p>\n<p>* <a href=\"https:\/\/drive.google.com\/file\/d\/13VPTSOtWKWymzJKvEyiG7gpDiHLNj7tl\/view?usp=sharing\" target=\"_blank\" rel=\"noopener\">Relats Curts de Les Corts 2021-22<\/a><\/p>\n<p style=\"text-align: center;\">\r\n\t<div class=\"slideshow_container slideshow_container_style-light\" style=\"height: 300px; \" data-slideshow-id=\"15512\" data-style-name=\"style-light\" data-style-version=\"2.3.1\" >\r\n\r\n\t\t\t\t\t<div class=\"slideshow_loading_icon\"><\/div>\r\n\t\t\r\n\t\t<div class=\"slideshow_content\" style=\"display: none;\">\r\n\r\n\t\t\t<div class=\"slideshow_view\">\r\n\t\t\t\t<div class=\"slideshow_slide slideshow_slide_image\">\r\n\t\t\t\t\t\t\t\t\t\t\t<img src=\"https:\/\/serveiseducatius.xtec.cat\/lescorts\/wp-content\/uploads\/usu1169\/2023\/05\/IMG-20230530-WA0010.jpg\" alt=\"IMG-20230530-WA0010\" width=\"2000\" height=\"1125\" \/>\r\n\t\t\t\t\t\t\t\t\t\t<div class=\"slideshow_description_box slideshow_transparent\">\r\n\t\t\t\t\t\t<div class=\"slideshow_title\">IMG-20230530-WA0010<\/div>\t\t\t\t\t\t\t\t\t\t\t<\/div>\r\n\t\t\t\t<\/div>\r\n\r\n\t\t\t\t\t\t<div style=\"clear: both;\"><\/div><\/div><div class=\"slideshow_view\">\r\n\t\t\t\t<div class=\"slideshow_slide slideshow_slide_image\">\r\n\t\t\t\t\t\t\t\t\t\t\t<img src=\"https:\/\/serveiseducatius.xtec.cat\/lescorts\/wp-content\/uploads\/usu1169\/2023\/05\/IMG-20230530-WA0009.jpg\" alt=\"IMG-20230530-WA0009\" width=\"2000\" height=\"1125\" \/>\r\n\t\t\t\t\t\t\t\t\t\t<div class=\"slideshow_description_box slideshow_transparent\">\r\n\t\t\t\t\t\t<div class=\"slideshow_title\">IMG-20230530-WA0009<\/div>\t\t\t\t\t\t\t\t\t\t\t<\/div>\r\n\t\t\t\t<\/div>\r\n\r\n\t\t\t\t\t\t<div style=\"clear: both;\"><\/div><\/div><div class=\"slideshow_view\">\r\n\t\t\t\t<div class=\"slideshow_slide slideshow_slide_image\">\r\n\t\t\t\t\t\t\t\t\t\t\t<img src=\"https:\/\/serveiseducatius.xtec.cat\/lescorts\/wp-content\/uploads\/usu1169\/2023\/05\/IMG-20230530-WA0008.jpg\" alt=\"IMG-20230530-WA0008\" width=\"1024\" height=\"576\" \/>\r\n\t\t\t\t\t\t\t\t\t\t<div class=\"slideshow_description_box slideshow_transparent\">\r\n\t\t\t\t\t\t<div class=\"slideshow_title\">IMG-20230530-WA0008<\/div>\t\t\t\t\t\t\t\t\t\t\t<\/div>\r\n\t\t\t\t<\/div>\r\n\r\n\t\t\t\t\t\t<div style=\"clear: both;\"><\/div><\/div><div class=\"slideshow_view\">\r\n\t\t\t\t<div class=\"slideshow_slide slideshow_slide_image\">\r\n\t\t\t\t\t\t\t\t\t\t\t<img src=\"https:\/\/serveiseducatius.xtec.cat\/lescorts\/wp-content\/uploads\/usu1169\/2023\/05\/IMG-20230530-WA0007.jpg\" alt=\"IMG-20230530-WA0007\" width=\"1024\" height=\"576\" \/>\r\n\t\t\t\t\t\t\t\t\t\t<div class=\"slideshow_description_box slideshow_transparent\">\r\n\t\t\t\t\t\t<div class=\"slideshow_title\">IMG-20230530-WA0007<\/div>\t\t\t\t\t\t\t\t\t\t\t<\/div>\r\n\t\t\t\t<\/div>\r\n\r\n\t\t\t\t\t\t<div style=\"clear: both;\"><\/div><\/div><div class=\"slideshow_view\">\r\n\t\t\t\t<div class=\"slideshow_slide slideshow_slide_image\">\r\n\t\t\t\t\t\t\t\t\t\t\t<img src=\"https:\/\/serveiseducatius.xtec.cat\/lescorts\/wp-content\/uploads\/usu1169\/2023\/05\/IMG-20230530-WA0006.jpg\" alt=\"IMG-20230530-WA0006\" width=\"2000\" height=\"1125\" \/>\r\n\t\t\t\t\t\t\t\t\t\t<div class=\"slideshow_description_box slideshow_transparent\">\r\n\t\t\t\t\t\t<div class=\"slideshow_title\">IMG-20230530-WA0006<\/div>\t\t\t\t\t\t\t\t\t\t\t<\/div>\r\n\t\t\t\t<\/div>\r\n\r\n\t\t\t\t\t\t<div style=\"clear: both;\"><\/div><\/div><div class=\"slideshow_view\">\r\n\t\t\t\t<div class=\"slideshow_slide slideshow_slide_image\">\r\n\t\t\t\t\t\t\t\t\t\t\t<img src=\"https:\/\/serveiseducatius.xtec.cat\/lescorts\/wp-content\/uploads\/usu1169\/2023\/05\/IMG-20230530-WA0005.jpg\" alt=\"IMG-20230530-WA0005\" width=\"2000\" height=\"1125\" \/>\r\n\t\t\t\t\t\t\t\t\t\t<div class=\"slideshow_description_box slideshow_transparent\">\r\n\t\t\t\t\t\t<div class=\"slideshow_title\">IMG-20230530-WA0005<\/div>\t\t\t\t\t\t\t\t\t\t\t<\/div>\r\n\t\t\t\t<\/div>\r\n\r\n\t\t\t\t\t\t<div style=\"clear: both;\"><\/div><\/div><div class=\"slideshow_view\">\r\n\t\t\t\t<div class=\"slideshow_slide slideshow_slide_image\">\r\n\t\t\t\t\t\t\t\t\t\t\t<img src=\"https:\/\/serveiseducatius.xtec.cat\/lescorts\/wp-content\/uploads\/usu1169\/2023\/05\/fotoefectos.com_.jpg\" alt=\"gent gran i contes\" width=\"1024\" height=\"576\" \/>\r\n\t\t\t\t\t\t\t\t\t\t<div class=\"slideshow_description_box slideshow_transparent\">\r\n\t\t\t\t\t\t<div class=\"slideshow_title\">gent gran i contes<\/div>\t\t\t\t\t\t\t\t\t\t\t<\/div>\r\n\t\t\t\t<\/div>\r\n\r\n\t\t\t\t\t\t<div style=\"clear: both;\"><\/div><\/div>\r\n\t\t<\/div>\r\n\r\n\t\t<div class=\"slideshow_controlPanel slideshow_transparent\" style=\"display: none;\"><ul><li class=\"slideshow_togglePlay\" data-play-text=\"Visualitza\" data-pause-text=\"Pausa\"><\/li><\/ul><\/div>\r\n\r\n\t\t<div class=\"slideshow_button slideshow_previous slideshow_transparent\" role=\"button\" data-previous-text=\"Anterior\" style=\"display: none;\"><\/div>\r\n\t\t<div class=\"slideshow_button slideshow_next slideshow_transparent\" role=\"button\" data-next-text=\"Seg\u00fcent\" style=\"display: none;\"><\/div>\r\n\r\n\t\t<div class=\"slideshow_pagination\" style=\"display: none;\" data-go-to-text=\"V\u00e9s a la diapositiva\"><div class=\"slideshow_pagination_center\"><\/div><\/div>\r\n\r\n\t\t<!-- WordPress Slideshow Version 2.3.1 -->\r\n\r\n\t\t\t<\/div>\r\n\r\n<\/p>\n<p style=\"text-align: left;\"><strong>Amb la col\u00b7laboraci\u00f3 de \u00a0 \u00a0 \u00a0 \u00a0 \u00a0 \u00a0 \u00a0 \u00a0 \u00a0 \u00a0<\/strong><strong>\u00a0 \u00a0 \u00a0 \u00a0 \u00a0Organitza<\/strong><\/p>\n<p><b>\u00a0 \u00a0 \u00a0 \u00a0 \u00a0 \u00a0 \u00a0 \u00a0<img loading=\"lazy\" decoding=\"async\" class=\"alignleft wp-image-17772 \" src=\"https:\/\/serveiseducatius.xtec.cat\/lescorts\/wp-content\/uploads\/usu1169\/2026\/01\/AJBCN_Sign_Com_LesCorts_Vermell_Blanc-scaled.jpg\" alt=\"\" width=\"238\" height=\"80\" srcset=\"https:\/\/serveiseducatius.xtec.cat\/lescorts\/wp-content\/uploads\/usu1169\/2026\/01\/AJBCN_Sign_Com_LesCorts_Vermell_Blanc-scaled.jpg 2560w, https:\/\/serveiseducatius.xtec.cat\/lescorts\/wp-content\/uploads\/usu1169\/2026\/01\/AJBCN_Sign_Com_LesCorts_Vermell_Blanc-300x101.jpg 300w, https:\/\/serveiseducatius.xtec.cat\/lescorts\/wp-content\/uploads\/usu1169\/2026\/01\/AJBCN_Sign_Com_LesCorts_Vermell_Blanc-1024x344.jpg 1024w, https:\/\/serveiseducatius.xtec.cat\/lescorts\/wp-content\/uploads\/usu1169\/2026\/01\/AJBCN_Sign_Com_LesCorts_Vermell_Blanc-768x258.jpg 768w, https:\/\/serveiseducatius.xtec.cat\/lescorts\/wp-content\/uploads\/usu1169\/2026\/01\/AJBCN_Sign_Com_LesCorts_Vermell_Blanc-1536x515.jpg 1536w, https:\/\/serveiseducatius.xtec.cat\/lescorts\/wp-content\/uploads\/usu1169\/2026\/01\/AJBCN_Sign_Com_LesCorts_Vermell_Blanc-2048x687.jpg 2048w\" sizes=\"auto, (max-width: 238px) 100vw, 238px\" \/> <img loading=\"lazy\" decoding=\"async\" class=\"wp-image-17776  alignleft\" src=\"https:\/\/serveiseducatius.xtec.cat\/lescorts\/wp-content\/uploads\/usu1169\/2026\/01\/CEB_SE_Les_Corts_logo_color.png\" alt=\"\" width=\"165\" height=\"93\" srcset=\"https:\/\/serveiseducatius.xtec.cat\/lescorts\/wp-content\/uploads\/usu1169\/2026\/01\/CEB_SE_Les_Corts_logo_color.png 1958w, https:\/\/serveiseducatius.xtec.cat\/lescorts\/wp-content\/uploads\/usu1169\/2026\/01\/CEB_SE_Les_Corts_logo_color-300x169.png 300w, https:\/\/serveiseducatius.xtec.cat\/lescorts\/wp-content\/uploads\/usu1169\/2026\/01\/CEB_SE_Les_Corts_logo_color-1024x578.png 1024w, https:\/\/serveiseducatius.xtec.cat\/lescorts\/wp-content\/uploads\/usu1169\/2026\/01\/CEB_SE_Les_Corts_logo_color-768x433.png 768w, https:\/\/serveiseducatius.xtec.cat\/lescorts\/wp-content\/uploads\/usu1169\/2026\/01\/CEB_SE_Les_Corts_logo_color-1536x867.png 1536w\" sizes=\"auto, (max-width: 165px) 100vw, 165px\" \/><\/b><\/p>\n<p><!--a=1--><!--a=1--><!--a=1--><!--a=1--><\/p>\n<p><!--a=1--><\/p>\n<p><!--a=1--><\/p>\n<p><!--a=1--><\/p>\n","protected":false},"excerpt":{"rendered":"<p>Referent de l\u2019activitat:\u00a0Marta Ponti FORMULARI D\u2019INSCRIPCI\u00d3 (FINS EL 12 DE SETEMBRE DE 2025) Els relats curts d\u2019hist\u00f2ries viscudes que la gent escriur\u00e0, seran explicats als nens i les nenes de les escoles de prim\u00e0ria perqu\u00e8 en facin les il\u00b7lustracions. Objectius: Intercanvi intergeneracional Enfortir la mem\u00f2ria hist\u00f2rica a trav\u00e9s d\u2019experi\u00e8ncies de la gent gran Fomentar la [&hellip;]<\/p>\n","protected":false},"author":1,"featured_media":0,"parent":0,"menu_order":7,"comment_status":"closed","ping_status":"closed","template":"","meta":{"_bbp_topic_count":0,"_bbp_reply_count":0,"_bbp_total_topic_count":0,"_bbp_total_reply_count":0,"_bbp_voice_count":0,"_bbp_anonymous_reply_count":0,"_bbp_topic_count_hidden":0,"_bbp_reply_count_hidden":0,"_bbp_forum_subforum_count":0,"site-sidebar-layout":"default","site-content-layout":"","ast-site-content-layout":"default","site-content-style":"default","site-sidebar-style":"default","ast-global-header-display":"","ast-banner-title-visibility":"","ast-main-header-display":"","ast-hfb-above-header-display":"","ast-hfb-below-header-display":"","ast-hfb-mobile-header-display":"","site-post-title":"","ast-breadcrumbs-content":"","ast-featured-img":"","footer-sml-layout":"","theme-transparent-header-meta":"default","adv-header-id-meta":"","stick-header-meta":"","header-above-stick-meta":"","header-main-stick-meta":"","header-below-stick-meta":"","astra-migrate-meta-layouts":"set","ast-page-background-enabled":"default","ast-page-background-meta":{"desktop":{"background-color":"var(--ast-global-color-4)","background-image":"","background-repeat":"repeat","background-position":"center center","background-size":"auto","background-attachment":"scroll","background-type":"","background-media":"","overlay-type":"","overlay-color":"","overlay-opacity":"","overlay-gradient":""},"tablet":{"background-color":"","background-image":"","background-repeat":"repeat","background-position":"center center","background-size":"auto","background-attachment":"scroll","background-type":"","background-media":"","overlay-type":"","overlay-color":"","overlay-opacity":"","overlay-gradient":""},"mobile":{"background-color":"","background-image":"","background-repeat":"repeat","background-position":"center center","background-size":"auto","background-attachment":"scroll","background-type":"","background-media":"","overlay-type":"","overlay-color":"","overlay-opacity":"","overlay-gradient":""}},"ast-content-background-meta":{"desktop":{"background-color":"var(--ast-global-color-5)","background-image":"","background-repeat":"repeat","background-position":"center center","background-size":"auto","background-attachment":"scroll","background-type":"","background-media":"","overlay-type":"","overlay-color":"","overlay-opacity":"","overlay-gradient":""},"tablet":{"background-color":"var(--ast-global-color-5)","background-image":"","background-repeat":"repeat","background-position":"center center","background-size":"auto","background-attachment":"scroll","background-type":"","background-media":"","overlay-type":"","overlay-color":"","overlay-opacity":"","overlay-gradient":""},"mobile":{"background-color":"var(--ast-global-color-5)","background-image":"","background-repeat":"repeat","background-position":"center center","background-size":"auto","background-attachment":"scroll","background-type":"","background-media":"","overlay-type":"","overlay-color":"","overlay-opacity":"","overlay-gradient":""}},"footnotes":""},"class_list":["post-8505","page","type-page","status-publish","hentry"],"post_mailing_queue_ids":[],"_links":{"self":[{"href":"https:\/\/serveiseducatius.xtec.cat\/lescorts\/wp-json\/wp\/v2\/pages\/8505","targetHints":{"allow":["GET"]}}],"collection":[{"href":"https:\/\/serveiseducatius.xtec.cat\/lescorts\/wp-json\/wp\/v2\/pages"}],"about":[{"href":"https:\/\/serveiseducatius.xtec.cat\/lescorts\/wp-json\/wp\/v2\/types\/page"}],"author":[{"embeddable":true,"href":"https:\/\/serveiseducatius.xtec.cat\/lescorts\/wp-json\/wp\/v2\/users\/1"}],"replies":[{"embeddable":true,"href":"https:\/\/serveiseducatius.xtec.cat\/lescorts\/wp-json\/wp\/v2\/comments?post=8505"}],"version-history":[{"count":6,"href":"https:\/\/serveiseducatius.xtec.cat\/lescorts\/wp-json\/wp\/v2\/pages\/8505\/revisions"}],"predecessor-version":[{"id":17777,"href":"https:\/\/serveiseducatius.xtec.cat\/lescorts\/wp-json\/wp\/v2\/pages\/8505\/revisions\/17777"}],"wp:attachment":[{"href":"https:\/\/serveiseducatius.xtec.cat\/lescorts\/wp-json\/wp\/v2\/media?parent=8505"}],"curies":[{"name":"wp","href":"https:\/\/api.w.org\/{rel}","templated":true}]}}