{"id":8349,"date":"2016-11-10T15:28:55","date_gmt":"2016-11-10T14:28:55","guid":{"rendered":"http:\/\/serveiseducatius.xtec.cat\/lescorts\/?page_id=8349"},"modified":"2021-09-09T11:35:20","modified_gmt":"2021-09-09T09:35:20","slug":"forum-de-recerca","status":"publish","type":"page","link":"https:\/\/serveiseducatius.xtec.cat\/lescorts\/forum-de-recerca\/","title":{"rendered":"F\u00d2RUM DE RECERCA BATXILLERAT 2022"},"content":{"rendered":"<p><strong><span style=\"text-decoration: underline;\">Referent de l&#8217;activitat<\/span>: Marta Ponti\u00a0<\/strong><\/p>\n<h4><a href=\"https:\/\/docs.google.com\/forms\/d\/e\/1FAIpQLSc4QYslPLk9Dyfrc3uEdL1uuannCSXg3R8xNo9IFvY5DhYREw\/viewform\"><strong>FORMULARI D\u2019INSCRIPCI\u00d3<\/strong><\/a><\/h4>\n<h5>(FINS EL 30 DE SETEMBRE)<\/h5>\n<h5><\/h5>\n<p>&nbsp;<\/p>\n<h5><span style=\"color: #000000;\"><strong>F\u00d2RUM DE RECERCA BATXILLERAT 2022<\/strong><\/span><\/h5>\n<p>Objectius:<\/p>\n<ol>\n<li>Acompanyar als tutors del treball de recerca a trav\u00e9s d&#8217;una formaci\u00f3 de ciutat i en format telem\u00e0tic.<\/li>\n<li>Transformar el F\u00f2rum de Batxillerat en una Mostra dels treballs que destaquin pel proc\u00e9s. Es convocar\u00e0 als coordinadors de Batxillerat a una reuni\u00f3 virtual per preparar la Mostra.<\/li>\n<\/ol>\n<p>&nbsp;<\/p>\n<p><strong>Enlla\u00e7os d&#8217;inter\u00e8s per fer un bon Treball de Recerca<\/strong><\/p>\n<h5><a href=\"https:\/\/www.edubcn.cat\/ca\/suport_educatiu_recursos\/plans_programes\/impuls_recerca\/recursos_tr\" target=\"_blank\" rel=\"noopener\">Recursos que us poden ajudar a planificar i a documentar el treball de recerca.<\/a><\/h5>\n<h5><a href=\"https:\/\/www.edubcn.cat\/ca\/suport_educatiu_recursos\/plans_programes\/impuls_recerca\/mostra_de_recerca_jove_bcn\" target=\"_blank\" rel=\"noopener\">Mostra de Recerca Jove ciutat 2021<\/a><\/h5>\n<h5 id=\"main-title\" class=\"supra-title \"><a href=\"https:\/\/www.edubcn.cat\/ca\/suport_educatiu_recursos\/esdeveniments\/historic_mostra_de_recerca_jove_bcn\" target=\"_blank\" rel=\"noopener\">Hist\u00f2ric d&#8217;edicions de la Mostra de Recerca Jove Barcelona<\/a><\/h5>\n<p>&nbsp;<\/p>\n<p><span style=\"color: #000000;\"><strong style=\"font-family: inherit; font-size: 1em;\">BASES I DOCUMENTACI\u00d3 DEL 21\u00e8 F\u00d2RUM DE RECERCA DE BATXILLERAT<\/strong><\/span><\/p>\n<p><a href=\"https:\/\/serveiseducatius.xtec.cat\/lescorts\/wp-content\/uploads\/usu1169\/2021\/02\/Bases_mostra_recerca-_jove_2020_2021.docx.pdf\">Bases_mostra_recerca _jove_2020_2021.docx<\/a><\/p>\n<p><a href=\"https:\/\/serveiseducatius.xtec.cat\/lescorts\/wp-content\/uploads\/usu1169\/2021\/02\/Formulari-en-Word.docx\">Formulari en Word<\/a><\/p>\n<p><a href=\"https:\/\/serveiseducatius.xtec.cat\/lescorts\/wp-content\/uploads\/usu1169\/2021\/02\/Autorizaci\u00f3_Nom-i-cognoms.doc\">Autorizaci\u00f3_Nom i cognoms<\/a><\/p>\n<p><a href=\"https:\/\/serveiseducatius.xtec.cat\/lescorts\/wp-content\/uploads\/usu1169\/2021\/01\/Guia-practica-per-fer-un-bon-TR-BTX-20-consells.pdf\">Guia practica per fer un bon TR <\/a><\/p>\n<p><a href=\"https:\/\/serveiseducatius.xtec.cat\/lescorts\/wp-content\/uploads\/usu1169\/2021\/02\/Fitxa-valoraci\u00f3-TR.docx\">Fitxa valoraci\u00f3 TR<\/a><\/p>\n<p>Horta-Guinard\u00f3:<br \/>\nIframe:<\/p>\n<div style=\"width: 100%;\">\n<div style=\"position: relative; padding-bottom: 141.40%; padding-top: 0; height: 0;\"><iframe loading=\"lazy\" src=\"https:\/\/view.genial.ly\/6078495657e6760d9cdacb29\" width=\"1241\" height=\"1754.774\" frameborder=\"0\"><\/iframe><\/div>\n<\/div>\n<p>Script:<\/p>\n<div class=\"container-wrapper-genially\" style=\"position: relative; min-height: 400px; max-width: 100%;\">\n<p><video class=\"loader-genially\" style=\"position: absolute; top: 45%; left: 50%; transform: translate(-50%, -50%); width: 80px; height: 80px; margin-bottom: 10%;\" autoplay=\"autoplay\" loop=\"loop\" muted=\"muted\" width=\"300\" height=\"150\"><source src=\"https:\/\/static.genial.ly\/resources\/panel-loader-low.mp4\" type=\"video\/mp4\" \/>Your browser does not support the video tag.<\/video><\/p>\n<div id=\"6078495657e6760d9cdacb29\" class=\"genially-embed\" style=\"margin: 0px auto; position: relative; height: auto; width: 100%;\"><\/div>\n<\/div>\n<p><script>(function (d) { var js, id = \"genially-embed-js\", ref = d.getElementsByTagName(\"script\")[0]; if (d.getElementById(id)) { return; } js = d.createElement(\"script\"); js.id = id; js.async = true; js.src = \"https:\/\/view.genial.ly\/static\/embed\/embed.js\"; ref.parentNode.insertBefore(js, ref); }(document));<\/script><\/p>\n<p>Gr\u00e0cia<br \/>\nIframe:<\/p>\n<div style=\"width: 100%;\">\n<div style=\"position: relative; padding-bottom: 141.40%; padding-top: 0; height: 0;\"><iframe loading=\"lazy\" src=\"https:\/\/view.genial.ly\/6078491c57e6760d9cdacb20\" width=\"1241\" height=\"1754.774\" frameborder=\"0\"><\/iframe><\/div>\n<\/div>\n<p>Script<\/p>\n<div class=\"container-wrapper-genially\" style=\"position: relative; min-height: 400px; max-width: 100%;\">\n<p><video class=\"loader-genially\" style=\"position: absolute; top: 45%; left: 50%; transform: translate(-50%, -50%); width: 80px; height: 80px; margin-bottom: 10%;\" autoplay=\"autoplay\" loop=\"loop\" muted=\"muted\" width=\"300\" height=\"150\"><source src=\"https:\/\/static.genial.ly\/resources\/panel-loader-low.mp4\" type=\"video\/mp4\" \/>Your browser does not support the video tag.<\/video><\/p>\n<div id=\"6078491c57e6760d9cdacb20\" class=\"genially-embed\" style=\"margin: 0px auto; position: relative; height: auto; width: 100%;\"><\/div>\n<\/div>\n<p><script>(function (d) { var js, id = \"genially-embed-js\", ref = d.getElementsByTagName(\"script\")[0]; if (d.getElementById(id)) { return; } js = d.createElement(\"script\"); js.id = id; js.async = true; js.src = \"https:\/\/view.genial.ly\/static\/embed\/embed.js\"; ref.parentNode.insertBefore(js, ref); }(document));<\/script><\/p>\n<p>Eixample<br \/>\nIframe:<\/p>\n<div style=\"width: 100%;\">\n<div style=\"position: relative; padding-bottom: 141.40%; padding-top: 0; height: 0;\"><iframe loading=\"lazy\" src=\"https:\/\/view.genial.ly\/6078490b57e6760d9cdacb1a\" width=\"1241\" height=\"1754.774\" frameborder=\"0\"><\/iframe><\/div>\n<\/div>\n<p>Script:<\/p>\n<div class=\"container-wrapper-genially\" style=\"position: relative; min-height: 400px; max-width: 100%;\">\n<p><video class=\"loader-genially\" style=\"position: absolute; top: 45%; left: 50%; transform: translate(-50%, -50%); width: 80px; height: 80px; margin-bottom: 10%;\" autoplay=\"autoplay\" loop=\"loop\" muted=\"muted\" width=\"300\" height=\"150\"><source src=\"https:\/\/static.genial.ly\/resources\/panel-loader-low.mp4\" type=\"video\/mp4\" \/>Your browser does not support the video tag.<\/video><\/p>\n<div id=\"6078490b57e6760d9cdacb1a\" class=\"genially-embed\" style=\"margin: 0px auto; position: relative; height: auto; width: 100%;\"><\/div>\n<\/div>\n<p><script>(function (d) { var js, id = \"genially-embed-js\", ref = d.getElementsByTagName(\"script\")[0]; if (d.getElementById(id)) { return; } js = d.createElement(\"script\"); js.id = id; js.async = true; js.src = \"https:\/\/view.genial.ly\/static\/embed\/embed.js\"; ref.parentNode.insertBefore(js, ref); }(document));<\/script><\/p>\n<p>Nou barris<br \/>\nIframe:<\/p>\n<div style=\"width: 100%;\">\n<div style=\"position: relative; padding-bottom: 141.40%; padding-top: 0; height: 0;\"><iframe loading=\"lazy\" src=\"https:\/\/view.genial.ly\/60784a924168a40dbedaf397\" width=\"1241\" height=\"1754.774\" frameborder=\"0\"><\/iframe><\/div>\n<\/div>\n<p>Script<\/p>\n<div class=\"container-wrapper-genially\" style=\"position: relative; min-height: 400px; max-width: 100%;\">\n<p><video class=\"loader-genially\" style=\"position: absolute; top: 45%; left: 50%; transform: translate(-50%, -50%); width: 80px; height: 80px; margin-bottom: 10%;\" autoplay=\"autoplay\" loop=\"loop\" muted=\"muted\" width=\"300\" height=\"150\"><source src=\"https:\/\/static.genial.ly\/resources\/panel-loader-low.mp4\" type=\"video\/mp4\" \/>Your browser does not support the video tag.<\/video><\/p>\n<div id=\"60784a924168a40dbedaf397\" class=\"genially-embed\" style=\"margin: 0px auto; position: relative; height: auto; width: 100%;\"><\/div>\n<\/div>\n<p><script>(function (d) { var js, id = \"genially-embed-js\", ref = d.getElementsByTagName(\"script\")[0]; if (d.getElementById(id)) { return; } js = d.createElement(\"script\"); js.id = id; js.async = true; js.src = \"https:\/\/view.genial.ly\/static\/embed\/embed.js\"; ref.parentNode.insertBefore(js, ref); }(document));<\/script><\/p>\n<p>Les Corts<br \/>\nIFrame:<\/p>\n<div style=\"width: 100%;\">\n<div style=\"position: relative; padding-bottom: 141.40%; padding-top: 0; height: 0;\"><iframe loading=\"lazy\" src=\"https:\/\/view.genial.ly\/6078493887e91c0da3131d68\" width=\"1241\" height=\"1754.774\" frameborder=\"0\"><\/iframe><\/div>\n<\/div>\n<p>Script<\/p>\n<div class=\"container-wrapper-genially\" style=\"position: relative; min-height: 400px; max-width: 100%;\">\n<p><video class=\"loader-genially\" style=\"position: absolute; top: 45%; left: 50%; transform: translate(-50%, -50%); width: 80px; height: 80px; margin-bottom: 10%;\" autoplay=\"autoplay\" loop=\"loop\" muted=\"muted\" width=\"300\" height=\"150\"><source src=\"https:\/\/static.genial.ly\/resources\/panel-loader-low.mp4\" type=\"video\/mp4\" \/>Your browser does not support the video tag.<\/video><\/p>\n<div id=\"6078493887e91c0da3131d68\" class=\"genially-embed\" style=\"margin: 0px auto; position: relative; height: auto; width: 100%;\"><\/div>\n<\/div>\n<p><script>(function (d) { var js, id = \"genially-embed-js\", ref = d.getElementsByTagName(\"script\")[0]; if (d.getElementById(id)) { return; } js = d.createElement(\"script\"); js.id = id; js.async = true; js.src = \"https:\/\/view.genial.ly\/static\/embed\/embed.js\"; ref.parentNode.insertBefore(js, ref); }(document));<\/script><\/p>\n<p>Sarri\u00e0-Sant Gervasi<br \/>\niFrame<\/p>\n<div style=\"width: 100%;\">\n<div style=\"position: relative; padding-bottom: 141.40%; padding-top: 0; height: 0;\"><iframe loading=\"lazy\" src=\"https:\/\/view.genial.ly\/6078496357e6760d9cdacb30\" width=\"1241\" height=\"1754.774\" frameborder=\"0\"><\/iframe><\/div>\n<\/div>\n<p>Script<\/p>\n<div class=\"container-wrapper-genially\" style=\"position: relative; min-height: 400px; max-width: 100%;\">\n<p><video class=\"loader-genially\" style=\"position: absolute; top: 45%; left: 50%; transform: translate(-50%, -50%); width: 80px; height: 80px; margin-bottom: 10%;\" autoplay=\"autoplay\" loop=\"loop\" muted=\"muted\" width=\"300\" height=\"150\"><source src=\"https:\/\/static.genial.ly\/resources\/panel-loader-low.mp4\" type=\"video\/mp4\" \/>Your browser does not support the video tag.<\/video><\/p>\n<div id=\"6078496357e6760d9cdacb30\" class=\"genially-embed\" style=\"margin: 0px auto; position: relative; height: auto; width: 100%;\"><\/div>\n<\/div>\n<p><script>(function (d) { var js, id = \"genially-embed-js\", ref = d.getElementsByTagName(\"script\")[0]; if (d.getElementById(id)) { return; } js = d.createElement(\"script\"); js.id = id; js.async = true; js.src = \"https:\/\/view.genial.ly\/static\/embed\/embed.js\"; ref.parentNode.insertBefore(js, ref); }(document));<\/script><\/p>\n<p>Sants-Montju\u00efc<br \/>\niFrame<\/p>\n<div style=\"width: 100%;\">\n<div style=\"position: relative; padding-bottom: 141.40%; padding-top: 0; height: 0;\"><iframe loading=\"lazy\" src=\"https:\/\/view.genial.ly\/6078492be9b5e00db703da37\" width=\"1241\" height=\"1754.774\" frameborder=\"0\"><\/iframe><\/div>\n<\/div>\n<p>Script<\/p>\n<div class=\"container-wrapper-genially\" style=\"position: relative; min-height: 400px; max-width: 100%;\">\n<p><video class=\"loader-genially\" style=\"position: absolute; top: 45%; left: 50%; transform: translate(-50%, -50%); width: 80px; height: 80px; margin-bottom: 10%;\" autoplay=\"autoplay\" loop=\"loop\" muted=\"muted\" width=\"300\" height=\"150\"><source src=\"https:\/\/static.genial.ly\/resources\/panel-loader-low.mp4\" type=\"video\/mp4\" \/>Your browser does not support the video tag.<\/video><\/p>\n<div id=\"6078492be9b5e00db703da37\" class=\"genially-embed\" style=\"margin: 0px auto; position: relative; height: auto; width: 100%;\"><\/div>\n<\/div>\n<p><script>(function (d) { var js, id = \"genially-embed-js\", ref = d.getElementsByTagName(\"script\")[0]; if (d.getElementById(id)) { return; } js = d.createElement(\"script\"); js.id = id; js.async = true; js.src = \"https:\/\/view.genial.ly\/static\/embed\/embed.js\"; ref.parentNode.insertBefore(js, ref); }(document));<\/script><\/p>\n<p>Sant Mart\u00ed<br \/>\niFrame<\/p>\n<div style=\"width: 100%;\">\n<div style=\"position: relative; padding-bottom: 141.40%; padding-top: 0; height: 0;\"><iframe loading=\"lazy\" src=\"https:\/\/view.genial.ly\/6078494d4168a40dbedaf365\" width=\"1241\" height=\"1754.774\" frameborder=\"0\"><\/iframe><\/div>\n<\/div>\n<p>Script<\/p>\n<div class=\"container-wrapper-genially\" style=\"position: relative; min-height: 400px; max-width: 100%;\">\n<p><video class=\"loader-genially\" style=\"position: absolute; top: 45%; left: 50%; transform: translate(-50%, -50%); width: 80px; height: 80px; margin-bottom: 10%;\" autoplay=\"autoplay\" loop=\"loop\" muted=\"muted\" width=\"300\" height=\"150\"><source src=\"https:\/\/static.genial.ly\/resources\/panel-loader-low.mp4\" type=\"video\/mp4\" \/>Your browser does not support the video tag.<\/video><\/p>\n<div id=\"6078494d4168a40dbedaf365\" class=\"genially-embed\" style=\"margin: 0px auto; position: relative; height: auto; width: 100%;\"><\/div>\n<\/div>\n<p><script>(function (d) { var js, id = \"genially-embed-js\", ref = d.getElementsByTagName(\"script\")[0]; if (d.getElementById(id)) { return; } js = d.createElement(\"script\"); js.id = id; js.async = true; js.src = \"https:\/\/view.genial.ly\/static\/embed\/embed.js\"; ref.parentNode.insertBefore(js, ref); }(document));<\/script><\/p>\n<p>Sant Andreu<br \/>\niFrame<\/p>\n<div style=\"width: 100%;\">\n<div style=\"position: relative; padding-bottom: 141.40%; padding-top: 0; height: 0;\"><iframe loading=\"lazy\" src=\"https:\/\/view.genial.ly\/6078494587e91c0da3131d6b\" width=\"1241\" height=\"1754.774\" frameborder=\"0\"><\/iframe><\/div>\n<\/div>\n<p>Script<\/p>\n<div class=\"container-wrapper-genially\" style=\"position: relative; min-height: 400px; max-width: 100%;\">\n<p><video class=\"loader-genially\" style=\"position: absolute; top: 45%; left: 50%; transform: translate(-50%, -50%); width: 80px; height: 80px; margin-bottom: 10%;\" autoplay=\"autoplay\" loop=\"loop\" muted=\"muted\" width=\"300\" height=\"150\"><source src=\"https:\/\/static.genial.ly\/resources\/panel-loader-low.mp4\" type=\"video\/mp4\" \/>Your browser does not support the video tag.<\/video><\/p>\n<div id=\"6078494587e91c0da3131d6b\" class=\"genially-embed\" style=\"margin: 0px auto; position: relative; height: auto; width: 100%;\"><\/div>\n<\/div>\n<p><script>(function (d) { var js, id = \"genially-embed-js\", ref = d.getElementsByTagName(\"script\")[0]; if (d.getElementById(id)) { return; } js = d.createElement(\"script\"); js.id = id; js.async = true; js.src = \"https:\/\/view.genial.ly\/static\/embed\/embed.js\"; ref.parentNode.insertBefore(js, ref); }(document));<\/script><\/p>\n<p>Ciutat Vella<br \/>\niFrame<\/p>\n<div style=\"width: 100%;\">\n<div style=\"position: relative; padding-bottom: 141.40%; padding-top: 0; height: 0;\"><iframe loading=\"lazy\" src=\"https:\/\/view.genial.ly\/607848ffe9b5e00db703da33\" width=\"1241\" height=\"1754.774\" frameborder=\"0\"><\/iframe><\/div>\n<\/div>\n<p>Script<\/p>\n<div class=\"container-wrapper-genially\" style=\"position: relative; min-height: 400px; max-width: 100%;\">\n<p><video class=\"loader-genially\" style=\"position: absolute; top: 45%; left: 50%; transform: translate(-50%, -50%); width: 80px; height: 80px; margin-bottom: 10%;\" autoplay=\"autoplay\" loop=\"loop\" muted=\"muted\" width=\"300\" height=\"150\"><source src=\"https:\/\/static.genial.ly\/resources\/panel-loader-low.mp4\" type=\"video\/mp4\" \/>Your browser does not support the video tag.<\/video><\/p>\n<div id=\"607848ffe9b5e00db703da33\" class=\"genially-embed\" style=\"margin: 0px auto; position: relative; height: auto; width: 100%;\"><\/div>\n<\/div>\n<p><script>(function (d) { var js, id = \"genially-embed-js\", ref = d.getElementsByTagName(\"script\")[0]; if (d.getElementById(id)) { return; } js = d.createElement(\"script\"); js.id = id; js.async = true; js.src = \"https:\/\/view.genial.ly\/static\/embed\/embed.js\"; ref.parentNode.insertBefore(js, ref); }(document));<\/script><br \/>\n<strong>Organitzaci\u00f3<\/strong><\/p>\n<p><img loading=\"lazy\" decoding=\"async\" class=\"alignleft size-full wp-image-8599\" src=\"http:\/\/serveiseducatius.xtec.cat\/lescorts\/wp-content\/uploads\/usu1169\/2016\/11\/logocrp.png\" alt=\"logocrp\" width=\"177\" height=\"65\" \/><\/p>\n<p>&nbsp;<\/p>\n<p>&nbsp;<\/p>\n<p><strong>Amb la col\u00b7laboraci\u00f3 de<\/strong><\/p>\n<p><img loading=\"lazy\" decoding=\"async\" class=\"alignleft size-full wp-image-8600\" src=\"http:\/\/serveiseducatius.xtec.cat\/lescorts\/wp-content\/uploads\/usu1169\/2016\/11\/logodistrito.gif\" alt=\"logodistrito\" width=\"178\" height=\"60\" \/>\u00a0 \u00a0 \u00a0 \u00a0 \u00a0 \u00a0<img loading=\"lazy\" decoding=\"async\" class=\"size-medium wp-image-8607 alignnone\" src=\"http:\/\/serveiseducatius.xtec.cat\/lescorts\/wp-content\/uploads\/usu1169\/2016\/11\/logo-upc-jpg.jpg\" alt=\"logo-upc-jpg\" width=\"223\" height=\"40\" \/>\u00a0 \u00a0<img loading=\"lazy\" decoding=\"async\" class=\"size-full wp-image-8606 alignnone\" src=\"http:\/\/serveiseducatius.xtec.cat\/lescorts\/wp-content\/uploads\/usu1169\/2016\/11\/logo-etseib.jpg\" alt=\"logo-etseib\" width=\"225\" height=\"46\" \/><\/p>\n","protected":false},"excerpt":{"rendered":"<p>Referent de l&#8217;activitat: Marta Ponti\u00a0 FORMULARI D\u2019INSCRIPCI\u00d3 (FINS EL 30 DE SETEMBRE) &nbsp; F\u00d2RUM DE RECERCA BATXILLERAT 2022 Objectius: Acompanyar als tutors del treball de recerca a trav\u00e9s d&#8217;una formaci\u00f3 de ciutat i en format telem\u00e0tic. Transformar el F\u00f2rum de Batxillerat en una Mostra dels treballs que destaquin pel proc\u00e9s. Es convocar\u00e0 als coordinadors de [&hellip;]<\/p>\n","protected":false},"author":1,"featured_media":0,"parent":0,"menu_order":6,"comment_status":"closed","ping_status":"closed","template":"page-templates\/side-menu.php","meta":{"_bbp_topic_count":0,"_bbp_reply_count":0,"_bbp_total_topic_count":0,"_bbp_total_reply_count":0,"_bbp_voice_count":0,"_bbp_anonymous_reply_count":0,"_bbp_topic_count_hidden":0,"_bbp_reply_count_hidden":0,"_bbp_forum_subforum_count":0,"site-sidebar-layout":"default","site-content-layout":"","ast-site-content-layout":"","site-content-style":"default","site-sidebar-style":"default","ast-global-header-display":"","ast-banner-title-visibility":"","ast-main-header-display":"","ast-hfb-above-header-display":"","ast-hfb-below-header-display":"","ast-hfb-mobile-header-display":"","site-post-title":"","ast-breadcrumbs-content":"","ast-featured-img":"","footer-sml-layout":"","theme-transparent-header-meta":"","adv-header-id-meta":"","stick-header-meta":"","header-above-stick-meta":"","header-main-stick-meta":"","header-below-stick-meta":"","astra-migrate-meta-layouts":"default","ast-page-background-enabled":"default","ast-page-background-meta":{"desktop":{"background-color":"var(--ast-global-color-4)","background-image":"","background-repeat":"repeat","background-position":"center center","background-size":"auto","background-attachment":"scroll","background-type":"","background-media":"","overlay-type":"","overlay-color":"","overlay-opacity":"","overlay-gradient":""},"tablet":{"background-color":"","background-image":"","background-repeat":"repeat","background-position":"center center","background-size":"auto","background-attachment":"scroll","background-type":"","background-media":"","overlay-type":"","overlay-color":"","overlay-opacity":"","overlay-gradient":""},"mobile":{"background-color":"","background-image":"","background-repeat":"repeat","background-position":"center center","background-size":"auto","background-attachment":"scroll","background-type":"","background-media":"","overlay-type":"","overlay-color":"","overlay-opacity":"","overlay-gradient":""}},"ast-content-background-meta":{"desktop":{"background-color":"var(--ast-global-color-5)","background-image":"","background-repeat":"repeat","background-position":"center center","background-size":"auto","background-attachment":"scroll","background-type":"","background-media":"","overlay-type":"","overlay-color":"","overlay-opacity":"","overlay-gradient":""},"tablet":{"background-color":"var(--ast-global-color-5)","background-image":"","background-repeat":"repeat","background-position":"center center","background-size":"auto","background-attachment":"scroll","background-type":"","background-media":"","overlay-type":"","overlay-color":"","overlay-opacity":"","overlay-gradient":""},"mobile":{"background-color":"var(--ast-global-color-5)","background-image":"","background-repeat":"repeat","background-position":"center center","background-size":"auto","background-attachment":"scroll","background-type":"","background-media":"","overlay-type":"","overlay-color":"","overlay-opacity":"","overlay-gradient":""}},"footnotes":""},"class_list":["post-8349","page","type-page","status-publish","hentry"],"post_mailing_queue_ids":[],"_links":{"self":[{"href":"https:\/\/serveiseducatius.xtec.cat\/lescorts\/wp-json\/wp\/v2\/pages\/8349","targetHints":{"allow":["GET"]}}],"collection":[{"href":"https:\/\/serveiseducatius.xtec.cat\/lescorts\/wp-json\/wp\/v2\/pages"}],"about":[{"href":"https:\/\/serveiseducatius.xtec.cat\/lescorts\/wp-json\/wp\/v2\/types\/page"}],"author":[{"embeddable":true,"href":"https:\/\/serveiseducatius.xtec.cat\/lescorts\/wp-json\/wp\/v2\/users\/1"}],"replies":[{"embeddable":true,"href":"https:\/\/serveiseducatius.xtec.cat\/lescorts\/wp-json\/wp\/v2\/comments?post=8349"}],"version-history":[{"count":4,"href":"https:\/\/serveiseducatius.xtec.cat\/lescorts\/wp-json\/wp\/v2\/pages\/8349\/revisions"}],"predecessor-version":[{"id":13981,"href":"https:\/\/serveiseducatius.xtec.cat\/lescorts\/wp-json\/wp\/v2\/pages\/8349\/revisions\/13981"}],"wp:attachment":[{"href":"https:\/\/serveiseducatius.xtec.cat\/lescorts\/wp-json\/wp\/v2\/media?parent=8349"}],"curies":[{"name":"wp","href":"https:\/\/api.w.org\/{rel}","templated":true}]}}