{"id":8336,"date":"2016-11-09T13:11:11","date_gmt":"2016-11-09T12:11:11","guid":{"rendered":"http:\/\/serveiseducatius.xtec.cat\/lescorts\/?page_id=8336"},"modified":"2025-07-13T09:59:45","modified_gmt":"2025-07-13T07:59:45","slug":"radio-escolar","status":"publish","type":"page","link":"https:\/\/serveiseducatius.xtec.cat\/lescorts\/recursos\/radio-escolar\/","title":{"rendered":"BENVINGUTS\/DES A LA R\u00c0DIO SERVEI EDUCATIU LES CORTS!"},"content":{"rendered":"<p style=\"text-align: justify;\"><strong>R\u00e0dio SE Les Corts<\/strong> t\u00e9 com a origen l\u2019experi\u00e8ncia radiof\u00f2nica portada a terme el curs 2007-2008 amb les aules d\u2019acollida de la zona. Actualment, disposem d&#8217;una cabina de gravaci\u00f3 amb <strong>micr\u00f2fons i auriculars <\/strong>d&#8217;alta qualitat, <strong>un controlador MIDI i un ordinador<\/strong> on els nois i noies poden gravar els seus programes, xerrades, entrevistes, projectes curriculars i experi\u00e8ncies de centre.<span style=\"font-family: inherit; font-size: 1em;\"> Els <strong>objectius principals<\/strong> que ens proposem amb la cessi\u00f3 de la r\u00e0dio s\u00f3n:<\/span><\/p>\n<ul style=\"list-style-type: circle;\">\n<li>Fomentar l\u2019\u00fas de la r\u00e0dio com a element d\u2019integraci\u00f3 social i d\u2019aprenentatge de les lleng\u00fces. Potenciar la seva expressi\u00f3 (dicci\u00f3, entonaci\u00f3, vocabulari).<\/li>\n<li>Potenciar la dimensi\u00f3 liter\u00e0ria del curr\u00edculum. Difondre i escoltar autors i obres del patrimoni literari, d&#8217;una manera vivencial i propera.<\/li>\n<li>Desenvolupar la compet\u00e8ncia digital. Iniciaci\u00f3 a la pr\u00e0ctica radiof\u00f2nica (emissions en directe \/ p\u00f2dcasts).<\/li>\n<li>Treballar en equip. La tria consensuada de decisions i l&#8217;esperit cr\u00edtic.<\/li>\n<li>Visibilitat la tasca docent que es fa als centres educatius per apropar-la a les fam\u00edlies i a tota la comunitat educativa.<\/li>\n<li>Compartir experi\u00e8ncies i projectes de tots els sectors de la comunitat educativa. Relacionar l&#8217;escola o institut i l&#8217;entorn.<\/li>\n<li>Tractar temes relacionats amb l\u2019educaci\u00f3 dels infants i joves.<\/li>\n<\/ul>\n<p style=\"text-align: justify;\">Considerem que l&#8217;experi\u00e8ncia radiof\u00f2nica fa que els infants i adolescents tinguin un <strong>extra de motivaci\u00f3<\/strong> a l&#8217;hora d&#8217;emprar la llengua i es sentin veritables locutors de r\u00e0dio quan venen a la nostra cabina de gravaci\u00f3. A m\u00e9s a m\u00e9s, potencia que <strong>respectin el torn de paraula, el silenci i que participin activament<\/strong> en l&#8217;activitat proposada.<\/p>\n<h3 class=\"Estilo35\" style=\"text-align: center;\"><a href=\"http:\/\/serveiseducatius.xtec.cat\/lescorts\/wp-content\/uploads\/usu1169\/2017\/01\/DSC_0370.jpg\"><img loading=\"lazy\" decoding=\"async\" class=\"wp-image-8785 alignnone\" src=\"http:\/\/serveiseducatius.xtec.cat\/lescorts\/wp-content\/uploads\/usu1169\/2017\/01\/DSC_0370.jpg\" alt=\"????????????????????????????????????\" width=\"322\" height=\"214\" srcset=\"https:\/\/serveiseducatius.xtec.cat\/lescorts\/wp-content\/uploads\/usu1169\/2017\/01\/DSC_0370.jpg 768w, https:\/\/serveiseducatius.xtec.cat\/lescorts\/wp-content\/uploads\/usu1169\/2017\/01\/DSC_0370-300x199.jpg 300w\" sizes=\"auto, (max-width: 322px) 100vw, 322px\" \/><\/a><\/h3>\n<p style=\"text-align: justify;\"><em>Voleu saber-ne m\u00e9s sobre el funcionament de la r\u00e0dio? Voleu que els i les vostres alumnes vinguin a portar la cabina radiof\u00f2nica i es sentin veritables contribu\u00efdors d&#8217;aquesta experi\u00e8ncia?<\/em><\/p>\n<h3 style=\"text-align: center;\"><strong>Reserva per tel\u00e8fon al 93 409 43 72 <\/strong><\/h3>\n<h3 style=\"text-align: center;\"><strong>o a crp-lescorts@xtec.cat<\/strong><\/h3>\n<p>&nbsp;<\/p>\n<table class=\" aligncenter\" style=\"width: 85.6162%; height: 514px; margin-left: auto; margin-right: auto;\">\n<tbody>\n<tr style=\"height: 31px;\">\n<td style=\"height: 31px; text-align: center; width: 10.6593%;\" colspan=\"2\">\n<h3>\u00a0PROGRAMES EMESOS<\/h3>\n<\/td>\n<\/tr>\n<tr>\n<td style=\"width: 10.6593%; text-align: left;\" colspan=\"2\">\n<p style=\"text-align: center;\"><iframe loading=\"lazy\" src=\"https:\/\/www.ivoox.com\/player_es_podcast_677994_zp_1.html?c1=14516f\" width=\"100%\" height=\"400\" frameborder=\"0\" scrolling=\"no\" allowfullscreen=\"allowfullscreen\"><\/iframe><\/p>\n<\/td>\n<\/tr>\n<\/tbody>\n<\/table>\n<h4 style=\"text-align: center;\"><\/h4>\n<p><!--a=1--><\/p>\n<p><!--a=1--><\/p>\n<p><!--a=1--><\/p>\n","protected":false},"excerpt":{"rendered":"<p>R\u00e0dio SE Les Corts t\u00e9 com a origen l\u2019experi\u00e8ncia radiof\u00f2nica portada a terme el curs 2007-2008 amb les aules d\u2019acollida de la zona. Actualment, disposem d&#8217;una cabina de gravaci\u00f3 amb micr\u00f2fons i auriculars d&#8217;alta qualitat, un controlador MIDI i un ordinador on els nois i noies poden gravar els seus programes, xerrades, entrevistes, projectes curriculars [&hellip;]<\/p>\n","protected":false},"author":1,"featured_media":0,"parent":906,"menu_order":15,"comment_status":"closed","ping_status":"closed","template":"","meta":{"_bbp_topic_count":0,"_bbp_reply_count":0,"_bbp_total_topic_count":0,"_bbp_total_reply_count":0,"_bbp_voice_count":0,"_bbp_anonymous_reply_count":0,"_bbp_topic_count_hidden":0,"_bbp_reply_count_hidden":0,"_bbp_forum_subforum_count":0,"site-sidebar-layout":"default","site-content-layout":"","ast-site-content-layout":"default","site-content-style":"default","site-sidebar-style":"default","ast-global-header-display":"","ast-banner-title-visibility":"","ast-main-header-display":"","ast-hfb-above-header-display":"","ast-hfb-below-header-display":"","ast-hfb-mobile-header-display":"","site-post-title":"","ast-breadcrumbs-content":"","ast-featured-img":"","footer-sml-layout":"","theme-transparent-header-meta":"default","adv-header-id-meta":"","stick-header-meta":"","header-above-stick-meta":"","header-main-stick-meta":"","header-below-stick-meta":"","astra-migrate-meta-layouts":"set","ast-page-background-enabled":"default","ast-page-background-meta":{"desktop":{"background-color":"var(--ast-global-color-4)","background-image":"","background-repeat":"repeat","background-position":"center center","background-size":"auto","background-attachment":"scroll","background-type":"","background-media":"","overlay-type":"","overlay-color":"","overlay-opacity":"","overlay-gradient":""},"tablet":{"background-color":"","background-image":"","background-repeat":"repeat","background-position":"center center","background-size":"auto","background-attachment":"scroll","background-type":"","background-media":"","overlay-type":"","overlay-color":"","overlay-opacity":"","overlay-gradient":""},"mobile":{"background-color":"","background-image":"","background-repeat":"repeat","background-position":"center center","background-size":"auto","background-attachment":"scroll","background-type":"","background-media":"","overlay-type":"","overlay-color":"","overlay-opacity":"","overlay-gradient":""}},"ast-content-background-meta":{"desktop":{"background-color":"var(--ast-global-color-5)","background-image":"","background-repeat":"repeat","background-position":"center center","background-size":"auto","background-attachment":"scroll","background-type":"","background-media":"","overlay-type":"","overlay-color":"","overlay-opacity":"","overlay-gradient":""},"tablet":{"background-color":"var(--ast-global-color-5)","background-image":"","background-repeat":"repeat","background-position":"center center","background-size":"auto","background-attachment":"scroll","background-type":"","background-media":"","overlay-type":"","overlay-color":"","overlay-opacity":"","overlay-gradient":""},"mobile":{"background-color":"var(--ast-global-color-5)","background-image":"","background-repeat":"repeat","background-position":"center center","background-size":"auto","background-attachment":"scroll","background-type":"","background-media":"","overlay-type":"","overlay-color":"","overlay-opacity":"","overlay-gradient":""}},"footnotes":""},"class_list":["post-8336","page","type-page","status-publish","hentry"],"post_mailing_queue_ids":[],"_links":{"self":[{"href":"https:\/\/serveiseducatius.xtec.cat\/lescorts\/wp-json\/wp\/v2\/pages\/8336","targetHints":{"allow":["GET"]}}],"collection":[{"href":"https:\/\/serveiseducatius.xtec.cat\/lescorts\/wp-json\/wp\/v2\/pages"}],"about":[{"href":"https:\/\/serveiseducatius.xtec.cat\/lescorts\/wp-json\/wp\/v2\/types\/page"}],"author":[{"embeddable":true,"href":"https:\/\/serveiseducatius.xtec.cat\/lescorts\/wp-json\/wp\/v2\/users\/1"}],"replies":[{"embeddable":true,"href":"https:\/\/serveiseducatius.xtec.cat\/lescorts\/wp-json\/wp\/v2\/comments?post=8336"}],"version-history":[{"count":8,"href":"https:\/\/serveiseducatius.xtec.cat\/lescorts\/wp-json\/wp\/v2\/pages\/8336\/revisions"}],"predecessor-version":[{"id":17215,"href":"https:\/\/serveiseducatius.xtec.cat\/lescorts\/wp-json\/wp\/v2\/pages\/8336\/revisions\/17215"}],"up":[{"embeddable":true,"href":"https:\/\/serveiseducatius.xtec.cat\/lescorts\/wp-json\/wp\/v2\/pages\/906"}],"wp:attachment":[{"href":"https:\/\/serveiseducatius.xtec.cat\/lescorts\/wp-json\/wp\/v2\/media?parent=8336"}],"curies":[{"name":"wp","href":"https:\/\/api.w.org\/{rel}","templated":true}]}}