{"id":8239,"date":"2016-09-26T11:06:31","date_gmt":"2016-09-26T10:06:31","guid":{"rendered":"http:\/\/serveiseducatius.xtec.cat\/lescorts\/?page_id=8239"},"modified":"2018-07-14T10:23:00","modified_gmt":"2018-07-14T08:23:00","slug":"programa","status":"publish","type":"page","link":"https:\/\/serveiseducatius.xtec.cat\/lescorts\/lescola-dansa-per-la-festa-major\/programa\/","title":{"rendered":"Programa"},"content":{"rendered":"<div>\n<h1 style=\"text-align: center;\"><strong>DANSA ESCOLA 2018<\/strong><\/h1>\n<blockquote><p><strong>1. BALLADA DE GEGANTS, GEGANTONS, CAPGROSSOS I BESTIARI DE LES ESCOLES<\/strong><\/p><\/blockquote>\n<p>&#8211; Desfilada de gegants (<a href=\"http:\/\/sezlescorts.net\/images\/stories\/musiques\/pista03.mp3\">M\u00fasica Anem al pati, CD Corranda, 3<\/a>)<\/p>\n<p>&#8211; Ballada de gegants (<a href=\"http:\/\/sezlescorts.net\/images\/stories\/musiques\/pista06.mp3\">M\u00fasica Ball pla d\u2019Esterri,CD Corranda, 6<\/a>)<\/p>\n<\/div>\n<p><strong>\u00a0 \u00a0 \u00a02. DANSES DE LA FACTORIA MASCAR\u00d3 :\u00a0<\/strong><\/p>\n<p><strong>Coreografia:<\/strong>\u00a0 \u00a0\u00a0\u00a0\u00a0\u00a0\u00a0\u00a0\u00a0\u00a0\u00a0\u00a0\u00a0 Preludi per a ivan iv\u00e0novitx.<b><u><\/u><u><\/u><\/b><\/p>\n<p><strong>M\u00fasica<\/strong>:\u00a0 \u00a0\u00a0 \u00a0\u00a0\u00a0\u00a0\u00a0\u00a0\u00a0\u00a0\u00a0\u00a0\u00a0\u00a0\u00a0\u00a0\u00a0\u00a0\u00a0 Eduard Iniesta<\/p>\n<p>&nbsp;<\/p>\n<p><strong>Ballarins:<\/strong>\u00a0 \u00a0 \u00a0 \u00a0 \u00a0 \u00a0 \u00a0 \u00a0 \u00a0 \u00a0 LaidaTanco, Laia Mart\u00ednez, \u00a0Jordi Rubio, Llu\u00eds F\u00e0bregas<\/p>\n<p><strong>Direcci\u00f3<\/strong>:\u00a0 \u00a0 \u00a0 \u00a0 \u00a0 \u00a0 \u00a0 \u00a0 \u00a0 \u00a0 \u00a0Quim Serra i Puigvendrell\u00f3<\/p>\n<p><strong>Coreografies:<\/strong>\u00a0 \u00a0 \u00a0 \u00a0 \u00a0 \u00a0 \u00a0 Factoria Mascar\u00f3<\/p>\n<p>Agra\u00efm als autors de les m\u00fasiques la cessi\u00f3 d\u2019aquestes per a l\u2019activitat.<br \/>\n<strong>\u00a0 \u00a0 \u00a0 3. DANSES DE L\u2019ALUMNAT<\/strong><\/p>\n<p>1.\u00a0Entrada Inici.\u00a0 Blues brothers<\/p>\n<p>2. Preludi per a Ivan Iv\u00e0novitx. Eduard Iniesta<\/p>\n<p>3. Bourre\u00e9 Handel<\/p>\n<p>4. La Solipanta\u00a0 (popular)<\/p>\n<p>5. Banana boat song. Harry Belafonte<\/p>\n<p>6. Os\u00fa . Radio Tarifa<\/p>\n<p>7. Op.23- In The Hall of the Mountain King. Grieg: Peer Gynt<\/p>\n<p>8. Happy birthday<\/p>\n<p>9 Soul Bossanova. Els Francolins<\/p>\n","protected":false},"excerpt":{"rendered":"<p>DANSA ESCOLA 2018 1. BALLADA DE GEGANTS, GEGANTONS, CAPGROSSOS I BESTIARI DE LES ESCOLES &#8211; Desfilada de gegants (M\u00fasica Anem al pati, CD Corranda, 3) &#8211; Ballada de gegants (M\u00fasica Ball pla d\u2019Esterri,CD Corranda, 6) \u00a0 \u00a0 \u00a02. DANSES DE LA FACTORIA MASCAR\u00d3 :\u00a0 Coreografia:\u00a0 \u00a0\u00a0\u00a0\u00a0\u00a0\u00a0\u00a0\u00a0\u00a0\u00a0\u00a0\u00a0 Preludi per a ivan iv\u00e0novitx. M\u00fasica:\u00a0 \u00a0\u00a0 \u00a0\u00a0\u00a0\u00a0\u00a0\u00a0\u00a0\u00a0\u00a0\u00a0\u00a0\u00a0\u00a0\u00a0\u00a0\u00a0\u00a0 Eduard [&hellip;]<\/p>\n","protected":false},"author":1,"featured_media":0,"parent":8217,"menu_order":0,"comment_status":"closed","ping_status":"closed","template":"page-templates\/side-menu.php","meta":{"_bbp_topic_count":0,"_bbp_reply_count":0,"_bbp_total_topic_count":0,"_bbp_total_reply_count":0,"_bbp_voice_count":0,"_bbp_anonymous_reply_count":0,"_bbp_topic_count_hidden":0,"_bbp_reply_count_hidden":0,"_bbp_forum_subforum_count":0,"site-sidebar-layout":"default","site-content-layout":"","ast-site-content-layout":"","site-content-style":"default","site-sidebar-style":"default","ast-global-header-display":"","ast-banner-title-visibility":"","ast-main-header-display":"","ast-hfb-above-header-display":"","ast-hfb-below-header-display":"","ast-hfb-mobile-header-display":"","site-post-title":"","ast-breadcrumbs-content":"","ast-featured-img":"","footer-sml-layout":"","theme-transparent-header-meta":"","adv-header-id-meta":"","stick-header-meta":"","header-above-stick-meta":"","header-main-stick-meta":"","header-below-stick-meta":"","astra-migrate-meta-layouts":"default","ast-page-background-enabled":"default","ast-page-background-meta":{"desktop":{"background-color":"var(--ast-global-color-4)","background-image":"","background-repeat":"repeat","background-position":"center center","background-size":"auto","background-attachment":"scroll","background-type":"","background-media":"","overlay-type":"","overlay-color":"","overlay-opacity":"","overlay-gradient":""},"tablet":{"background-color":"","background-image":"","background-repeat":"repeat","background-position":"center center","background-size":"auto","background-attachment":"scroll","background-type":"","background-media":"","overlay-type":"","overlay-color":"","overlay-opacity":"","overlay-gradient":""},"mobile":{"background-color":"","background-image":"","background-repeat":"repeat","background-position":"center center","background-size":"auto","background-attachment":"scroll","background-type":"","background-media":"","overlay-type":"","overlay-color":"","overlay-opacity":"","overlay-gradient":""}},"ast-content-background-meta":{"desktop":{"background-color":"var(--ast-global-color-5)","background-image":"","background-repeat":"repeat","background-position":"center center","background-size":"auto","background-attachment":"scroll","background-type":"","background-media":"","overlay-type":"","overlay-color":"","overlay-opacity":"","overlay-gradient":""},"tablet":{"background-color":"var(--ast-global-color-5)","background-image":"","background-repeat":"repeat","background-position":"center center","background-size":"auto","background-attachment":"scroll","background-type":"","background-media":"","overlay-type":"","overlay-color":"","overlay-opacity":"","overlay-gradient":""},"mobile":{"background-color":"var(--ast-global-color-5)","background-image":"","background-repeat":"repeat","background-position":"center center","background-size":"auto","background-attachment":"scroll","background-type":"","background-media":"","overlay-type":"","overlay-color":"","overlay-opacity":"","overlay-gradient":""}},"footnotes":""},"class_list":["post-8239","page","type-page","status-publish","hentry"],"post_mailing_queue_ids":[],"_links":{"self":[{"href":"https:\/\/serveiseducatius.xtec.cat\/lescorts\/wp-json\/wp\/v2\/pages\/8239","targetHints":{"allow":["GET"]}}],"collection":[{"href":"https:\/\/serveiseducatius.xtec.cat\/lescorts\/wp-json\/wp\/v2\/pages"}],"about":[{"href":"https:\/\/serveiseducatius.xtec.cat\/lescorts\/wp-json\/wp\/v2\/types\/page"}],"author":[{"embeddable":true,"href":"https:\/\/serveiseducatius.xtec.cat\/lescorts\/wp-json\/wp\/v2\/users\/1"}],"replies":[{"embeddable":true,"href":"https:\/\/serveiseducatius.xtec.cat\/lescorts\/wp-json\/wp\/v2\/comments?post=8239"}],"version-history":[{"count":3,"href":"https:\/\/serveiseducatius.xtec.cat\/lescorts\/wp-json\/wp\/v2\/pages\/8239\/revisions"}],"predecessor-version":[{"id":10647,"href":"https:\/\/serveiseducatius.xtec.cat\/lescorts\/wp-json\/wp\/v2\/pages\/8239\/revisions\/10647"}],"up":[{"embeddable":true,"href":"https:\/\/serveiseducatius.xtec.cat\/lescorts\/wp-json\/wp\/v2\/pages\/8217"}],"wp:attachment":[{"href":"https:\/\/serveiseducatius.xtec.cat\/lescorts\/wp-json\/wp\/v2\/media?parent=8239"}],"curies":[{"name":"wp","href":"https:\/\/api.w.org\/{rel}","templated":true}]}}