{"id":8219,"date":"2016-09-26T10:48:38","date_gmt":"2016-09-26T09:48:38","guid":{"rendered":"http:\/\/serveiseducatius.xtec.cat\/lescorts\/?page_id=8219"},"modified":"2018-10-08T21:32:50","modified_gmt":"2018-10-08T19:32:50","slug":"presentacio-participacio","status":"publish","type":"page","link":"https:\/\/serveiseducatius.xtec.cat\/lescorts\/lescola-dansa-per-la-festa-major\/presentacio-participacio\/","title":{"rendered":"Presentaci\u00f3\/ Participaci\u00f3"},"content":{"rendered":"<p>Amb motiu de la celebraci\u00f3 de la Festa Major de les Corts un grup d&#8217;escoles del Districte es troben a la pla\u00e7a de la Conc\u00f2rdia per participar a l&#8217;activitat <strong>&#8220;L&#8217;escola dansa per la festa major&#8221;<\/strong>, que organitza el Centre de Recursos Pedag\u00f2gics de les Corts.<\/p>\n<p>\u00c9s una trobada on els nois i noies de tercer de prim\u00e0ria ballen unes danses apreses el curs anterior i uns ballarins professionals ens mostren el seu art, acompanyats pels gegants, capgrossos i bestiari de les escoles<\/p>\n<table>\n<tbody>\n<tr>\n<td><strong>escoles<\/strong><\/td>\n<td><strong>gegants, gegantons<\/strong><\/td>\n<\/tr>\n<tr>\n<td>Ausi\u00e0s March<\/td>\n<td>Pau, Ona<\/td>\n<\/tr>\n<tr>\n<td>Esclat<\/td>\n<td><\/td>\n<\/tr>\n<tr>\n<td>Itaca<\/td>\n<td>Galtones<\/td>\n<\/tr>\n<tr>\n<td>Lav\u00ednia<\/td>\n<td>El pag\u00e9s de can Vinyals<\/p>\n<p>Cinquantina<\/td>\n<\/tr>\n<tr>\n<td>Les Corts<\/td>\n<td>Guillemot<\/td>\n<\/tr>\n<tr>\n<td>Pau Romeva<\/td>\n<td>Pau, Rom, Eva i\u00a0 la granota Panxona<\/td>\n<\/tr>\n<tr>\n<td>Sta. Teresa de Lisieux<\/td>\n<td>\u00a0Teresa i Mag\u00ed<\/td>\n<\/tr>\n<\/tbody>\n<\/table>\n<div><\/div>\n<p>A c\u00e0rrec de\u00a0Factoria Mascar\u00f3<\/p>\n<p>Ballarins :\u00a0\u00a0Llu\u00eds\u00a0F\u00e0bregas, Laia Mart\u00ednez, Mag\u00ed Serra, Laida Tanco.<\/p>\n<p>Conducci\u00f3 de l&#8217;acte : Quim Serra<\/p>\n<p><strong>Amb la col\u00b7laboraci\u00f3 de \u00a0 \u00a0 \u00a0 \u00a0 \u00a0 \u00a0 \u00a0 \u00a0 \u00a0 \u00a0 \u00a0 \u00a0 \u00a0 \u00a0 \u00a0 \u00a0 Organitza<\/strong><\/p>\n<p><img loading=\"lazy\" decoding=\"async\" class=\"alignleft size-full wp-image-8600\" src=\"http:\/\/serveiseducatius.xtec.cat\/lescorts\/wp-content\/uploads\/usu1169\/2016\/11\/logodistrito.gif\" alt=\"logodistrito\" width=\"178\" height=\"60\" \/>\u00a0 \u00a0 \u00a0 \u00a0 \u00a0 \u00a0 \u00a0 \u00a0\u00a0<b>\u00a0 \u00a0 \u00a0 \u00a0 \u00a0 \u00a0 \u00a0\u00a0<img loading=\"lazy\" decoding=\"async\" class=\"size-full wp-image-8599 alignnone\" src=\"http:\/\/serveiseducatius.xtec.cat\/lescorts\/wp-content\/uploads\/usu1169\/2016\/11\/logocrp.png\" alt=\"logocrp\" width=\"177\" height=\"65\" \/><\/b><\/p>\n","protected":false},"excerpt":{"rendered":"<p>Amb motiu de la celebraci\u00f3 de la Festa Major de les Corts un grup d&#8217;escoles del Districte es troben a la pla\u00e7a de la Conc\u00f2rdia per participar a l&#8217;activitat &#8220;L&#8217;escola dansa per la festa major&#8221;, que organitza el Centre de Recursos Pedag\u00f2gics de les Corts. \u00c9s una trobada on els nois i noies de tercer [&hellip;]<\/p>\n","protected":false},"author":1,"featured_media":0,"parent":8217,"menu_order":0,"comment_status":"closed","ping_status":"closed","template":"page-templates\/side-menu.php","meta":{"_bbp_topic_count":0,"_bbp_reply_count":0,"_bbp_total_topic_count":0,"_bbp_total_reply_count":0,"_bbp_voice_count":0,"_bbp_anonymous_reply_count":0,"_bbp_topic_count_hidden":0,"_bbp_reply_count_hidden":0,"_bbp_forum_subforum_count":0,"site-sidebar-layout":"default","site-content-layout":"","ast-site-content-layout":"","site-content-style":"default","site-sidebar-style":"default","ast-global-header-display":"","ast-banner-title-visibility":"","ast-main-header-display":"","ast-hfb-above-header-display":"","ast-hfb-below-header-display":"","ast-hfb-mobile-header-display":"","site-post-title":"","ast-breadcrumbs-content":"","ast-featured-img":"","footer-sml-layout":"","theme-transparent-header-meta":"","adv-header-id-meta":"","stick-header-meta":"","header-above-stick-meta":"","header-main-stick-meta":"","header-below-stick-meta":"","astra-migrate-meta-layouts":"default","ast-page-background-enabled":"default","ast-page-background-meta":{"desktop":{"background-color":"var(--ast-global-color-4)","background-image":"","background-repeat":"repeat","background-position":"center center","background-size":"auto","background-attachment":"scroll","background-type":"","background-media":"","overlay-type":"","overlay-color":"","overlay-opacity":"","overlay-gradient":""},"tablet":{"background-color":"","background-image":"","background-repeat":"repeat","background-position":"center center","background-size":"auto","background-attachment":"scroll","background-type":"","background-media":"","overlay-type":"","overlay-color":"","overlay-opacity":"","overlay-gradient":""},"mobile":{"background-color":"","background-image":"","background-repeat":"repeat","background-position":"center center","background-size":"auto","background-attachment":"scroll","background-type":"","background-media":"","overlay-type":"","overlay-color":"","overlay-opacity":"","overlay-gradient":""}},"ast-content-background-meta":{"desktop":{"background-color":"var(--ast-global-color-5)","background-image":"","background-repeat":"repeat","background-position":"center center","background-size":"auto","background-attachment":"scroll","background-type":"","background-media":"","overlay-type":"","overlay-color":"","overlay-opacity":"","overlay-gradient":""},"tablet":{"background-color":"var(--ast-global-color-5)","background-image":"","background-repeat":"repeat","background-position":"center center","background-size":"auto","background-attachment":"scroll","background-type":"","background-media":"","overlay-type":"","overlay-color":"","overlay-opacity":"","overlay-gradient":""},"mobile":{"background-color":"var(--ast-global-color-5)","background-image":"","background-repeat":"repeat","background-position":"center center","background-size":"auto","background-attachment":"scroll","background-type":"","background-media":"","overlay-type":"","overlay-color":"","overlay-opacity":"","overlay-gradient":""}},"footnotes":""},"class_list":["post-8219","page","type-page","status-publish","hentry"],"post_mailing_queue_ids":[],"_links":{"self":[{"href":"https:\/\/serveiseducatius.xtec.cat\/lescorts\/wp-json\/wp\/v2\/pages\/8219","targetHints":{"allow":["GET"]}}],"collection":[{"href":"https:\/\/serveiseducatius.xtec.cat\/lescorts\/wp-json\/wp\/v2\/pages"}],"about":[{"href":"https:\/\/serveiseducatius.xtec.cat\/lescorts\/wp-json\/wp\/v2\/types\/page"}],"author":[{"embeddable":true,"href":"https:\/\/serveiseducatius.xtec.cat\/lescorts\/wp-json\/wp\/v2\/users\/1"}],"replies":[{"embeddable":true,"href":"https:\/\/serveiseducatius.xtec.cat\/lescorts\/wp-json\/wp\/v2\/comments?post=8219"}],"version-history":[{"count":3,"href":"https:\/\/serveiseducatius.xtec.cat\/lescorts\/wp-json\/wp\/v2\/pages\/8219\/revisions"}],"predecessor-version":[{"id":10891,"href":"https:\/\/serveiseducatius.xtec.cat\/lescorts\/wp-json\/wp\/v2\/pages\/8219\/revisions\/10891"}],"up":[{"embeddable":true,"href":"https:\/\/serveiseducatius.xtec.cat\/lescorts\/wp-json\/wp\/v2\/pages\/8217"}],"wp:attachment":[{"href":"https:\/\/serveiseducatius.xtec.cat\/lescorts\/wp-json\/wp\/v2\/media?parent=8219"}],"curies":[{"name":"wp","href":"https:\/\/api.w.org\/{rel}","templated":true}]}}