{"id":8217,"date":"2016-09-26T10:29:57","date_gmt":"2016-09-26T08:29:57","guid":{"rendered":"http:\/\/serveiseducatius.xtec.cat\/lescorts\/?page_id=8217"},"modified":"2018-10-11T12:18:30","modified_gmt":"2018-10-11T10:18:30","slug":"lescola-dansa-per-la-festa-major","status":"publish","type":"page","link":"https:\/\/serveiseducatius.xtec.cat\/lescorts\/lescola-dansa-per-la-festa-major\/","title":{"rendered":"L&#8217;ESCOLA DANSA PER LA FESTA MAJOR 2018"},"content":{"rendered":"<p>&nbsp;<\/p>\n<p>Divendres, <strong>26\u00a0d&#8217;octubre 2018<\/strong>,\u00a0 a les <strong>10 hores<\/strong> \/\u00a0<strong>Pla\u00e7a de la Conc\u00f2rdia<\/strong><\/p>\n<p><a href=\"http:\/\/serveiseducatius.xtec.cat\/lescorts\/activitats-de-dinamitzacio\/lescola-dansa-per-la-festa-major\/presentacio-participacio\/\">Presentaci\u00f3 \/ Participaci\u00f3<\/a><\/p>\n<div>\n<p><a href=\"http:\/\/serveiseducatius.xtec.cat\/lescorts\/activitats-de-dinamitzacio\/lescola-dansa-per-la-festa-major\/programa\/\">Programa<\/a><\/p>\n<\/div>\n<div>\n<p><a href=\"http:\/\/serveiseducatius.xtec.cat\/lescorts\/activitats-de-dinamitzacio\/lescola-dansa-per-la-festa-major\/ubicacio-de-les-escoles\/\">Ubicaci\u00f3 de les escoles<\/a><\/p>\n<\/div>\n<p>Fotos<\/p>\n<p><a href=\"https:\/\/docs.google.com\/a\/xtec.cat\/forms\/d\/e\/1FAIpQLSdTWtBpiE1A1ZPxAVMUJVTeetBUvuzVn-SpkWjvuCcQkJUUcQ\/viewform\" target=\"_blank\" rel=\"noopener noreferrer\">Q\u00fcestionari de valoraci\u00f3<\/a><\/p>\n<p>&nbsp;<\/p>\n<p><strong>Amb la col\u00b7laboraci\u00f3 de \u00a0 \u00a0 \u00a0 \u00a0 \u00a0 \u00a0 \u00a0 \u00a0 \u00a0 \u00a0 \u00a0 \u00a0 \u00a0 \u00a0 \u00a0 \u00a0 Organitza<\/strong><\/p>\n<p><img loading=\"lazy\" decoding=\"async\" class=\"alignleft size-full wp-image-8600\" src=\"http:\/\/serveiseducatius.xtec.cat\/lescorts\/wp-content\/uploads\/usu1169\/2016\/11\/logodistrito.gif\" alt=\"logodistrito\" width=\"178\" height=\"60\" \/>\u00a0 \u00a0 \u00a0 \u00a0 \u00a0 \u00a0 \u00a0 \u00a0\u00a0<b>\u00a0 \u00a0 \u00a0 \u00a0 \u00a0 \u00a0 \u00a0 \u00a0<img loading=\"lazy\" decoding=\"async\" class=\"size-full wp-image-8599 alignnone\" src=\"http:\/\/serveiseducatius.xtec.cat\/lescorts\/wp-content\/uploads\/usu1169\/2016\/11\/logocrp.png\" alt=\"logocrp\" width=\"177\" height=\"65\" \/><\/b><\/p>\n<p>&nbsp;<\/p>\n<p>&nbsp;<\/p>\n<h4><\/h4>\n","protected":false},"excerpt":{"rendered":"<p>&nbsp; Divendres, 26\u00a0d&#8217;octubre 2018,\u00a0 a les 10 hores \/\u00a0Pla\u00e7a de la Conc\u00f2rdia Presentaci\u00f3 \/ Participaci\u00f3 Programa Ubicaci\u00f3 de les escoles Fotos Q\u00fcestionari de valoraci\u00f3 &nbsp; Amb la col\u00b7laboraci\u00f3 de \u00a0 \u00a0 \u00a0 \u00a0 \u00a0 \u00a0 \u00a0 \u00a0 \u00a0 \u00a0 \u00a0 \u00a0 \u00a0 \u00a0 \u00a0 \u00a0 Organitza \u00a0 \u00a0 \u00a0 \u00a0 \u00a0 \u00a0 \u00a0 \u00a0\u00a0\u00a0 \u00a0 [&hellip;]<\/p>\n","protected":false},"author":1,"featured_media":0,"parent":0,"menu_order":13,"comment_status":"closed","ping_status":"closed","template":"page-templates\/side-menu.php","meta":{"_bbp_topic_count":0,"_bbp_reply_count":0,"_bbp_total_topic_count":0,"_bbp_total_reply_count":0,"_bbp_voice_count":0,"_bbp_anonymous_reply_count":0,"_bbp_topic_count_hidden":0,"_bbp_reply_count_hidden":0,"_bbp_forum_subforum_count":0,"site-sidebar-layout":"default","site-content-layout":"","ast-site-content-layout":"","site-content-style":"default","site-sidebar-style":"default","ast-global-header-display":"","ast-banner-title-visibility":"","ast-main-header-display":"","ast-hfb-above-header-display":"","ast-hfb-below-header-display":"","ast-hfb-mobile-header-display":"","site-post-title":"","ast-breadcrumbs-content":"","ast-featured-img":"","footer-sml-layout":"","theme-transparent-header-meta":"","adv-header-id-meta":"","stick-header-meta":"","header-above-stick-meta":"","header-main-stick-meta":"","header-below-stick-meta":"","astra-migrate-meta-layouts":"default","ast-page-background-enabled":"default","ast-page-background-meta":{"desktop":{"background-color":"var(--ast-global-color-4)","background-image":"","background-repeat":"repeat","background-position":"center center","background-size":"auto","background-attachment":"scroll","background-type":"","background-media":"","overlay-type":"","overlay-color":"","overlay-opacity":"","overlay-gradient":""},"tablet":{"background-color":"","background-image":"","background-repeat":"repeat","background-position":"center center","background-size":"auto","background-attachment":"scroll","background-type":"","background-media":"","overlay-type":"","overlay-color":"","overlay-opacity":"","overlay-gradient":""},"mobile":{"background-color":"","background-image":"","background-repeat":"repeat","background-position":"center center","background-size":"auto","background-attachment":"scroll","background-type":"","background-media":"","overlay-type":"","overlay-color":"","overlay-opacity":"","overlay-gradient":""}},"ast-content-background-meta":{"desktop":{"background-color":"var(--ast-global-color-5)","background-image":"","background-repeat":"repeat","background-position":"center center","background-size":"auto","background-attachment":"scroll","background-type":"","background-media":"","overlay-type":"","overlay-color":"","overlay-opacity":"","overlay-gradient":""},"tablet":{"background-color":"var(--ast-global-color-5)","background-image":"","background-repeat":"repeat","background-position":"center center","background-size":"auto","background-attachment":"scroll","background-type":"","background-media":"","overlay-type":"","overlay-color":"","overlay-opacity":"","overlay-gradient":""},"mobile":{"background-color":"var(--ast-global-color-5)","background-image":"","background-repeat":"repeat","background-position":"center center","background-size":"auto","background-attachment":"scroll","background-type":"","background-media":"","overlay-type":"","overlay-color":"","overlay-opacity":"","overlay-gradient":""}},"footnotes":""},"class_list":["post-8217","page","type-page","status-publish","hentry"],"post_mailing_queue_ids":[],"_links":{"self":[{"href":"https:\/\/serveiseducatius.xtec.cat\/lescorts\/wp-json\/wp\/v2\/pages\/8217","targetHints":{"allow":["GET"]}}],"collection":[{"href":"https:\/\/serveiseducatius.xtec.cat\/lescorts\/wp-json\/wp\/v2\/pages"}],"about":[{"href":"https:\/\/serveiseducatius.xtec.cat\/lescorts\/wp-json\/wp\/v2\/types\/page"}],"author":[{"embeddable":true,"href":"https:\/\/serveiseducatius.xtec.cat\/lescorts\/wp-json\/wp\/v2\/users\/1"}],"replies":[{"embeddable":true,"href":"https:\/\/serveiseducatius.xtec.cat\/lescorts\/wp-json\/wp\/v2\/comments?post=8217"}],"version-history":[{"count":6,"href":"https:\/\/serveiseducatius.xtec.cat\/lescorts\/wp-json\/wp\/v2\/pages\/8217\/revisions"}],"predecessor-version":[{"id":10894,"href":"https:\/\/serveiseducatius.xtec.cat\/lescorts\/wp-json\/wp\/v2\/pages\/8217\/revisions\/10894"}],"wp:attachment":[{"href":"https:\/\/serveiseducatius.xtec.cat\/lescorts\/wp-json\/wp\/v2\/media?parent=8217"}],"curies":[{"name":"wp","href":"https:\/\/api.w.org\/{rel}","templated":true}]}}