{"id":8180,"date":"2016-09-16T10:03:26","date_gmt":"2016-09-16T09:03:26","guid":{"rendered":"http:\/\/serveiseducatius.xtec.cat\/lescorts\/?page_id=8180"},"modified":"2022-10-26T09:28:01","modified_gmt":"2022-10-26T07:28:01","slug":"carta-als-reis-dorient","status":"publish","type":"page","link":"https:\/\/serveiseducatius.xtec.cat\/lescorts\/carta-als-reis-dorient\/","title":{"rendered":"CARTA ALS REIS D&#8217;ORIENT"},"content":{"rendered":"<p><strong>Referent de l\u2019activitat: Marti Boneta<\/strong><\/p>\n<h4><a href=\"https:\/\/forms.gle\/Bh6frhepU5BockcN7\" target=\"_blank\" rel=\"noopener\"><strong>FORMULARI D\u2019INSCRIPCI\u00d3<\/strong><\/a><\/h4>\n<pre>(FINS EL 30 DE SETEMBRE)<\/pre>\n<pre><\/pre>\n<pre><\/pre>\n<p>&nbsp;<\/p>\n<p>Els nens i nenes de cicle inicial de prim\u00e0ria o I5 <strong>escriuen la seva carta, una per aula,\u00a0 als Reis d&#8217;Orient i despr\u00e9s l&#8217;envien a Orient per correu electr\u00f2nic.\u00a0<\/strong><\/p>\n<p>Al cap de pocs dies, just abans de marxar de vacances de Nadal tothom rep una carta de Ses Majestats, en resposta a la que ells els havien escrit. L&#8217;\u00fanica cosa que ells no saben, ni han de saber, \u00e9s que els seus reis particulars han estat els nois i noies d&#8217;ESO de diversos centres de secund\u00e0ria que tamb\u00e9 hi participen des del m\u00e9s absolut anonimat.<\/p>\n<div><\/div>\n<div><\/div>\n<div><strong>TERMINIS:<\/strong><\/div>\n<div><\/div>\n<ul style=\"list-style-type: disc;\">\n<li>Les cartes s&#8217;han d&#8217;enviar abans 2<strong>\u00a0de desembre<\/strong> a: a8901109@xtec.cat<\/li>\n<\/ul>\n<p><b>OBJECTIUS DE L&#8217;ACTIVITAT:<\/b><\/p>\n<ul>\n<li>Impulsar l\u2019aprenentatge de la llengua.<\/li>\n<li>Fomentar el gust per l\u2019escriptura.<\/li>\n<li>Promoure l\u2019\u00fas de les eines web 2.0 entre els mes menuts.<\/li>\n<li>Fomentar les relacions entre els centres de prim\u00e0ria i secundaria per poder establir xarxes de cooperaci\u00f3.<\/li>\n<li>Estimular la creativitat i la imaginaci\u00f3 de l\u2019alumnat.<\/li>\n<li>Afavorir la transmissi\u00f3 cultural.<\/li>\n<\/ul>\n<p>A m\u00e9s a m\u00e9s&#8230;<\/p>\n<h5><strong>ELS REIS MAGS RESPONEN!<\/strong><\/h5>\n<h4>Aquest any 2022,\u00a0 els Reis Mags d\u2019Orient ens donaran resposta a les vostres cartes i sorpresa: <strong>el dia 16 de desembre els patges vindran a la vostra escola a repartir les cartes.<br \/>\n<\/strong><\/h4>\n<p><img loading=\"lazy\" decoding=\"async\" class=\"wp-image-11337 aligncenter\" src=\"https:\/\/serveiseducatius.xtec.cat\/lescorts\/wp-content\/uploads\/usu1169\/2018\/12\/Imatge-final-any-2018-1024x633.jpg\" alt=\"\" width=\"524\" height=\"324\" srcset=\"https:\/\/serveiseducatius.xtec.cat\/lescorts\/wp-content\/uploads\/usu1169\/2018\/12\/Imatge-final-any-2018-1024x633.jpg 1024w, https:\/\/serveiseducatius.xtec.cat\/lescorts\/wp-content\/uploads\/usu1169\/2018\/12\/Imatge-final-any-2018-300x185.jpg 300w, https:\/\/serveiseducatius.xtec.cat\/lescorts\/wp-content\/uploads\/usu1169\/2018\/12\/Imatge-final-any-2018-768x475.jpg 768w\" sizes=\"auto, (max-width: 524px) 100vw, 524px\" \/><\/p>\n<p>&nbsp;<\/p>\n<p><strong>Centres participants:<\/strong><\/p>\n<p>&nbsp;<\/p>\n<p><strong>Activitat que es pot realitzar gr\u00e0cies a:<\/strong><\/p>\n<ul>\n<li>Alumnat i professorat de 3r de l&#8217;ESO de l&#8217;Escola Sant Ramon Sagrat Cor.<\/li>\n<li>Associaci\u00f3 Cultural Vallespir.<\/li>\n<\/ul>\n<p>&nbsp;<\/p>\n<p>Organitza: <b><img loading=\"lazy\" decoding=\"async\" class=\"size-full wp-image-8599 alignnone\" src=\"http:\/\/serveiseducatius.xtec.cat\/lescorts\/wp-content\/uploads\/usu1169\/2016\/11\/logocrp.png\" alt=\"logocrp\" width=\"177\" height=\"65\" \/><\/b><\/p>\n","protected":false},"excerpt":{"rendered":"<p>Referent de l\u2019activitat: Marti Boneta FORMULARI D\u2019INSCRIPCI\u00d3 (FINS EL 30 DE SETEMBRE) &nbsp; Els nens i nenes de cicle inicial de prim\u00e0ria o I5 escriuen la seva carta, una per aula,\u00a0 als Reis d&#8217;Orient i despr\u00e9s l&#8217;envien a Orient per correu electr\u00f2nic.\u00a0 Al cap de pocs dies, just abans de marxar de vacances de Nadal [&hellip;]<\/p>\n","protected":false},"author":1,"featured_media":0,"parent":0,"menu_order":2,"comment_status":"closed","ping_status":"closed","template":"page-templates\/side-menu.php","meta":{"_bbp_topic_count":0,"_bbp_reply_count":0,"_bbp_total_topic_count":0,"_bbp_total_reply_count":0,"_bbp_voice_count":0,"_bbp_anonymous_reply_count":0,"_bbp_topic_count_hidden":0,"_bbp_reply_count_hidden":0,"_bbp_forum_subforum_count":0,"site-sidebar-layout":"default","site-content-layout":"","ast-site-content-layout":"","site-content-style":"default","site-sidebar-style":"default","ast-global-header-display":"","ast-banner-title-visibility":"","ast-main-header-display":"","ast-hfb-above-header-display":"","ast-hfb-below-header-display":"","ast-hfb-mobile-header-display":"","site-post-title":"","ast-breadcrumbs-content":"","ast-featured-img":"","footer-sml-layout":"","theme-transparent-header-meta":"","adv-header-id-meta":"","stick-header-meta":"","header-above-stick-meta":"","header-main-stick-meta":"","header-below-stick-meta":"","astra-migrate-meta-layouts":"default","ast-page-background-enabled":"default","ast-page-background-meta":{"desktop":{"background-color":"var(--ast-global-color-4)","background-image":"","background-repeat":"repeat","background-position":"center center","background-size":"auto","background-attachment":"scroll","background-type":"","background-media":"","overlay-type":"","overlay-color":"","overlay-opacity":"","overlay-gradient":""},"tablet":{"background-color":"","background-image":"","background-repeat":"repeat","background-position":"center center","background-size":"auto","background-attachment":"scroll","background-type":"","background-media":"","overlay-type":"","overlay-color":"","overlay-opacity":"","overlay-gradient":""},"mobile":{"background-color":"","background-image":"","background-repeat":"repeat","background-position":"center center","background-size":"auto","background-attachment":"scroll","background-type":"","background-media":"","overlay-type":"","overlay-color":"","overlay-opacity":"","overlay-gradient":""}},"ast-content-background-meta":{"desktop":{"background-color":"var(--ast-global-color-5)","background-image":"","background-repeat":"repeat","background-position":"center center","background-size":"auto","background-attachment":"scroll","background-type":"","background-media":"","overlay-type":"","overlay-color":"","overlay-opacity":"","overlay-gradient":""},"tablet":{"background-color":"var(--ast-global-color-5)","background-image":"","background-repeat":"repeat","background-position":"center center","background-size":"auto","background-attachment":"scroll","background-type":"","background-media":"","overlay-type":"","overlay-color":"","overlay-opacity":"","overlay-gradient":""},"mobile":{"background-color":"var(--ast-global-color-5)","background-image":"","background-repeat":"repeat","background-position":"center center","background-size":"auto","background-attachment":"scroll","background-type":"","background-media":"","overlay-type":"","overlay-color":"","overlay-opacity":"","overlay-gradient":""}},"footnotes":""},"class_list":["post-8180","page","type-page","status-publish","hentry"],"post_mailing_queue_ids":[],"_links":{"self":[{"href":"https:\/\/serveiseducatius.xtec.cat\/lescorts\/wp-json\/wp\/v2\/pages\/8180","targetHints":{"allow":["GET"]}}],"collection":[{"href":"https:\/\/serveiseducatius.xtec.cat\/lescorts\/wp-json\/wp\/v2\/pages"}],"about":[{"href":"https:\/\/serveiseducatius.xtec.cat\/lescorts\/wp-json\/wp\/v2\/types\/page"}],"author":[{"embeddable":true,"href":"https:\/\/serveiseducatius.xtec.cat\/lescorts\/wp-json\/wp\/v2\/users\/1"}],"replies":[{"embeddable":true,"href":"https:\/\/serveiseducatius.xtec.cat\/lescorts\/wp-json\/wp\/v2\/comments?post=8180"}],"version-history":[{"count":6,"href":"https:\/\/serveiseducatius.xtec.cat\/lescorts\/wp-json\/wp\/v2\/pages\/8180\/revisions"}],"predecessor-version":[{"id":15074,"href":"https:\/\/serveiseducatius.xtec.cat\/lescorts\/wp-json\/wp\/v2\/pages\/8180\/revisions\/15074"}],"wp:attachment":[{"href":"https:\/\/serveiseducatius.xtec.cat\/lescorts\/wp-json\/wp\/v2\/media?parent=8180"}],"curies":[{"name":"wp","href":"https:\/\/api.w.org\/{rel}","templated":true}]}}