{"id":8142,"date":"2016-09-01T12:57:47","date_gmt":"2016-09-01T11:57:47","guid":{"rendered":"http:\/\/serveiseducatius.xtec.cat\/lescorts\/?page_id=8142"},"modified":"2025-09-05T14:37:22","modified_gmt":"2025-09-05T12:37:22","slug":"activitats-de-dinamitzacio","status":"publish","type":"page","link":"https:\/\/serveiseducatius.xtec.cat\/lescorts\/activitats-de-dinamitzacio\/","title":{"rendered":"Activitats de dinamitzaci\u00f3"},"content":{"rendered":"<ul class=\"sub-menu menu-odd menu-depth-1 visible\">\n<li id=\"nav-menu-item-11759\" class=\"sub-menu-item menu-item-odd menu-item-depth-1 menu-item menu-item-type-custom menu-item-object-custom menu-item-has-children\"><span style=\"color: #000000;\"><a class=\"menu-link no-link sub-menu-link no-anchor\" style=\"color: #000000;\" href=\"https:\/\/serveiseducatius.xtec.cat\/lescorts\/activitats-de-dinamitzacio\/#\">CULTURA<\/a><\/span>\n<ul class=\"sub-menu menu-even sub-sub-menu menu-depth-2\">\n<li id=\"nav-menu-item-14785\" class=\"sub-menu-item sub-sub-menu-item menu-item-even menu-item-depth-2 menu-item menu-item-type-post_type menu-item-object-post\"><span style=\"color: #000000;\"><a class=\"menu-link sub-menu-link\" style=\"color: #000000;\" href=\"https:\/\/serveiseducatius.xtec.cat\/lescorts\/general\/art-a-la-carta\/\">Art a la Carta<\/a><\/span><\/li>\n<li id=\"nav-menu-item-14862\" class=\"sub-menu-item sub-sub-menu-item menu-item-even menu-item-depth-2 menu-item menu-item-type-post_type menu-item-object-page\"><span style=\"color: #000000;\"><a class=\"menu-link sub-menu-link\" style=\"color: #000000;\" href=\"https:\/\/serveiseducatius.xtec.cat\/lescorts\/gent-gran-i-contes\/\">Gent gran<\/a><\/span><\/li>\n<li id=\"nav-menu-item-13790\" class=\"sub-menu-item sub-sub-menu-item menu-item-even menu-item-depth-2 menu-item menu-item-type-post_type menu-item-object-page\"><span style=\"color: #000000;\"><a class=\"menu-link sub-menu-link\" style=\"color: #000000;\" href=\"https:\/\/serveiseducatius.xtec.cat\/lescorts\/un-passeig-de-percepcions-monestir-de-pedralbes\/\">Un passeig de percepcions: Monestir de Pedralbes<\/a><\/span><\/li>\n<li id=\"nav-menu-item-14812\" class=\"sub-menu-item sub-sub-menu-item menu-item-even menu-item-depth-2 menu-item menu-item-type-post_type menu-item-object-post\"><span style=\"color: #000000;\"><a class=\"menu-link sub-menu-link\" style=\"color: #000000;\" href=\"https:\/\/serveiseducatius.xtec.cat\/lescorts\/general\/jocs-florals\/\">Jocs Florals Escolars 2023<\/a><\/span><\/li>\n<li id=\"nav-menu-item-13751\" class=\"sub-menu-item sub-sub-menu-item menu-item-even menu-item-depth-2 menu-item menu-item-type-post_type menu-item-object-page\"><span style=\"color: #000000;\"><a class=\"menu-link sub-menu-link\" style=\"color: #000000;\" href=\"https:\/\/serveiseducatius.xtec.cat\/lescorts\/jornada-de-musica\/\">Jornada de la m\u00fasica 2023<\/a><\/span><\/li>\n<li id=\"nav-menu-item-13106\" class=\"sub-menu-item sub-sub-menu-item menu-item-even menu-item-depth-2 menu-item menu-item-type-post_type menu-item-object-page\"><span style=\"color: #000000;\"><a class=\"menu-link sub-menu-link\" style=\"color: #000000;\" href=\"https:\/\/serveiseducatius.xtec.cat\/lescorts\/dia-de-la-musica-2021\/\">Dia de la m\u00fasica 2022<\/a><\/span><\/li>\n<li id=\"nav-menu-item-13550\" class=\"sub-menu-item sub-sub-menu-item menu-item-even menu-item-depth-2 menu-item menu-item-type-post_type menu-item-object-page\"><span style=\"color: #000000;\"><a class=\"menu-link sub-menu-link\" style=\"color: #000000;\" href=\"https:\/\/serveiseducatius.xtec.cat\/lescorts\/cromatic\/\">Crom\u00e0tic 2023<\/a><\/span><\/li>\n<\/ul>\n<\/li>\n<\/ul>\n<ul class=\"sub-menu menu-odd menu-depth-1 visible\">\n<li id=\"nav-menu-item-11758\" class=\"sub-menu-item menu-item-odd menu-item-depth-1 menu-item menu-item-type-custom menu-item-object-custom menu-item-has-children\"><span style=\"color: #000000;\"><a class=\"menu-link no-link sub-menu-link no-anchor\" style=\"color: #000000;\" href=\"https:\/\/serveiseducatius.xtec.cat\/lescorts\/activitats-de-dinamitzacio\/#\">INNOVACI\u00d3 I RECERCA<\/a><\/span>\n<ul class=\"sub-menu menu-even sub-sub-menu menu-depth-2\">\n<li id=\"nav-menu-item-14806\" class=\"sub-menu-item sub-sub-menu-item menu-item-even menu-item-depth-2 menu-item menu-item-type-post_type menu-item-object-post\"><span style=\"color: #000000;\"><a class=\"menu-link sub-menu-link\" style=\"color: #000000;\" href=\"https:\/\/serveiseducatius.xtec.cat\/lescorts\/general\/fira-de-recerca-de-les-corts-2023\/\">Setmana de la Recerca a Les Corts 2023<\/a><\/span><\/li>\n<li id=\"nav-menu-item-13753\" class=\"sub-menu-item sub-sub-menu-item menu-item-even menu-item-depth-2 menu-item menu-item-type-post_type menu-item-object-page\"><span style=\"color: #000000;\"><a class=\"menu-link sub-menu-link\" style=\"color: #000000;\" href=\"https:\/\/serveiseducatius.xtec.cat\/lescorts\/micro-first-lego-league\/\">Micro First Lego League<\/a><\/span><\/li>\n<li id=\"nav-menu-item-14801\" class=\"sub-menu-item sub-sub-menu-item menu-item-even menu-item-depth-2 menu-item menu-item-type-post_type menu-item-object-page\"><span style=\"color: #000000;\"><a class=\"menu-link sub-menu-link\" style=\"color: #000000;\" href=\"https:\/\/serveiseducatius.xtec.cat\/lescorts\/robots-al-carrer\/\">Robots al carrer<\/a><\/span><\/li>\n<li id=\"nav-menu-item-14903\" class=\"sub-menu-item sub-sub-menu-item menu-item-even menu-item-depth-2 menu-item menu-item-type-post_type menu-item-object-post\"><span style=\"color: #000000;\"><a class=\"menu-link sub-menu-link\" style=\"color: #000000;\" href=\"https:\/\/serveiseducatius.xtec.cat\/lescorts\/activitats\/fisica-quantica\/\">F\u00edsica Qu\u00e0ntica<\/a><\/span><\/li>\n<\/ul>\n<\/li>\n<\/ul>\n<ul class=\"sub-menu menu-odd menu-depth-1 visible\">\n<li id=\"nav-menu-item-11760\" class=\"sub-menu-item menu-item-odd menu-item-depth-1 menu-item menu-item-type-custom menu-item-object-custom menu-item-has-children\"><span style=\"color: #000000;\"><a class=\"menu-link no-link sub-menu-link no-anchor\" style=\"color: #000000;\" href=\"https:\/\/serveiseducatius.xtec.cat\/lescorts\/activitats-de-dinamitzacio\/#\">ACTIVITATS F\u00cdSIQUES I ESPORTIVES<\/a><\/span>\n<ul class=\"sub-menu menu-even sub-sub-menu menu-depth-2\">\n<li id=\"nav-menu-item-13979\" class=\"sub-menu-item sub-sub-menu-item menu-item-even menu-item-depth-2 menu-item menu-item-type-post_type menu-item-object-page\"><span style=\"color: #000000;\"><a class=\"menu-link sub-menu-link\" style=\"color: #000000;\" href=\"https:\/\/serveiseducatius.xtec.cat\/lescorts\/activitats-de-dinamitzacio\/biciclot\/\">Biciclot<\/a><\/span><\/li>\n<li id=\"nav-menu-item-15449\" class=\"sub-menu-item sub-sub-menu-item menu-item-even menu-item-depth-2 menu-item menu-item-type-post_type menu-item-object-post\"><span style=\"color: #000000;\"><a class=\"menu-link sub-menu-link\" style=\"color: #000000;\" href=\"https:\/\/serveiseducatius.xtec.cat\/lescorts\/general\/dia-de-leducacio-fisica-al-carrer-defc2023\/\">Dia de l\u2019Educaci\u00f3 F\u00edsica al Carrer (DEFC)<\/a><\/span><\/li>\n<li id=\"nav-menu-item-15361\" class=\"sub-menu-item sub-sub-menu-item menu-item-even menu-item-depth-2 menu-item menu-item-type-post_type menu-item-object-post\"><span style=\"color: #000000;\"><a class=\"menu-link sub-menu-link\" style=\"color: #000000;\" href=\"https:\/\/serveiseducatius.xtec.cat\/lescorts\/general\/flashmob-inclusiva\/\">Flashmob inclusiva<\/a><\/span><\/li>\n<li id=\"nav-menu-item-14384\" class=\"sub-menu-item sub-sub-menu-item menu-item-even menu-item-depth-2 menu-item menu-item-type-post_type menu-item-object-post\"><span style=\"color: #000000;\"><a class=\"menu-link sub-menu-link\" style=\"color: #000000;\" href=\"https:\/\/serveiseducatius.xtec.cat\/lescorts\/portada\/lescola-dansa-per-la-festa-major\/\">L\u2019escola dansa per la festa major!<\/a><\/span><\/li>\n<li id=\"nav-menu-item-14502\" class=\"sub-menu-item sub-sub-menu-item menu-item-even menu-item-depth-2 menu-item menu-item-type-post_type menu-item-object-post\"><span style=\"color: #000000;\"><a class=\"menu-link sub-menu-link\" style=\"color: #000000;\" href=\"https:\/\/serveiseducatius.xtec.cat\/lescorts\/portada\/hem-tornat-a-celebrar-el-trotacorts\/\">Trotacorts<\/a><\/span><\/li>\n<\/ul>\n<\/li>\n<\/ul>\n<ul class=\"sub-menu menu-odd menu-depth-1 visible\">\n<li id=\"nav-menu-item-11755\" class=\"sub-menu-item menu-item-odd menu-item-depth-1 menu-item menu-item-type-custom menu-item-object-custom menu-item-has-children\"><span style=\"color: #000000;\"><a class=\"menu-link no-link sub-menu-link no-anchor\" style=\"color: #000000;\" href=\"https:\/\/serveiseducatius.xtec.cat\/lescorts\/activitats-de-dinamitzacio\/#\">PARTICIPACI\u00d3<\/a><\/span>\n<ul class=\"sub-menu menu-even sub-sub-menu menu-depth-2\">\n<li id=\"nav-menu-item-11122\" class=\"sub-menu-item sub-sub-menu-item menu-item-even menu-item-depth-2 menu-item menu-item-type-custom menu-item-object-custom\"><span style=\"color: #000000;\"><a class=\"menu-link sub-menu-link\" style=\"color: #000000;\" href=\"https:\/\/serveiseducatius.xtec.cat\/lescorts\/activitats-de-dinamitzacio\/carta-als-reis-dorient\/\">Carta als Reis d\u2019Orient<\/a><\/span><\/li>\n<li id=\"nav-menu-item-11131\" class=\"sub-menu-item sub-sub-menu-item menu-item-even menu-item-depth-2 menu-item menu-item-type-custom menu-item-object-custom\"><span style=\"color: #000000;\"><a class=\"menu-link sub-menu-link\" style=\"color: #000000;\" href=\"https:\/\/serveiseducatius.xtec.cat\/lescorts\/activitats-de-dinamitzacio\/larbre-de-les-escoles-solidaries\/\">L\u2019arbre de les escoles solid\u00e0ries<\/a><\/span><\/li>\n<\/ul>\n<\/li>\n<\/ul>\n","protected":false},"excerpt":{"rendered":"<p>CULTURA Art a la Carta Gent gran Un passeig de percepcions: Monestir de Pedralbes Jocs Florals Escolars 2023 Jornada de la m\u00fasica 2023 Dia de la m\u00fasica 2022 Crom\u00e0tic 2023 INNOVACI\u00d3 I RECERCA Setmana de la Recerca a Les Corts 2023 Micro First Lego League Robots al carrer F\u00edsica Qu\u00e0ntica ACTIVITATS F\u00cdSIQUES I ESPORTIVES Biciclot [&hellip;]<\/p>\n","protected":false},"author":1,"featured_media":0,"parent":0,"menu_order":0,"comment_status":"closed","ping_status":"closed","template":"","meta":{"_bbp_topic_count":0,"_bbp_reply_count":0,"_bbp_total_topic_count":0,"_bbp_total_reply_count":0,"_bbp_voice_count":0,"_bbp_anonymous_reply_count":0,"_bbp_topic_count_hidden":0,"_bbp_reply_count_hidden":0,"_bbp_forum_subforum_count":0,"site-sidebar-layout":"default","site-content-layout":"","ast-site-content-layout":"default","site-content-style":"default","site-sidebar-style":"default","ast-global-header-display":"","ast-banner-title-visibility":"","ast-main-header-display":"","ast-hfb-above-header-display":"","ast-hfb-below-header-display":"","ast-hfb-mobile-header-display":"","site-post-title":"","ast-breadcrumbs-content":"","ast-featured-img":"","footer-sml-layout":"","theme-transparent-header-meta":"","adv-header-id-meta":"","stick-header-meta":"","header-above-stick-meta":"","header-main-stick-meta":"","header-below-stick-meta":"","astra-migrate-meta-layouts":"set","ast-page-background-enabled":"default","ast-page-background-meta":{"desktop":{"background-color":"var(--ast-global-color-4)","background-image":"","background-repeat":"repeat","background-position":"center center","background-size":"auto","background-attachment":"scroll","background-type":"","background-media":"","overlay-type":"","overlay-color":"","overlay-opacity":"","overlay-gradient":""},"tablet":{"background-color":"","background-image":"","background-repeat":"repeat","background-position":"center center","background-size":"auto","background-attachment":"scroll","background-type":"","background-media":"","overlay-type":"","overlay-color":"","overlay-opacity":"","overlay-gradient":""},"mobile":{"background-color":"","background-image":"","background-repeat":"repeat","background-position":"center center","background-size":"auto","background-attachment":"scroll","background-type":"","background-media":"","overlay-type":"","overlay-color":"","overlay-opacity":"","overlay-gradient":""}},"ast-content-background-meta":{"desktop":{"background-color":"var(--ast-global-color-5)","background-image":"","background-repeat":"repeat","background-position":"center center","background-size":"auto","background-attachment":"scroll","background-type":"","background-media":"","overlay-type":"","overlay-color":"","overlay-opacity":"","overlay-gradient":""},"tablet":{"background-color":"var(--ast-global-color-5)","background-image":"","background-repeat":"repeat","background-position":"center center","background-size":"auto","background-attachment":"scroll","background-type":"","background-media":"","overlay-type":"","overlay-color":"","overlay-opacity":"","overlay-gradient":""},"mobile":{"background-color":"var(--ast-global-color-5)","background-image":"","background-repeat":"repeat","background-position":"center center","background-size":"auto","background-attachment":"scroll","background-type":"","background-media":"","overlay-type":"","overlay-color":"","overlay-opacity":"","overlay-gradient":""}},"footnotes":""},"class_list":["post-8142","page","type-page","status-publish","hentry"],"post_mailing_queue_ids":[],"_links":{"self":[{"href":"https:\/\/serveiseducatius.xtec.cat\/lescorts\/wp-json\/wp\/v2\/pages\/8142","targetHints":{"allow":["GET"]}}],"collection":[{"href":"https:\/\/serveiseducatius.xtec.cat\/lescorts\/wp-json\/wp\/v2\/pages"}],"about":[{"href":"https:\/\/serveiseducatius.xtec.cat\/lescorts\/wp-json\/wp\/v2\/types\/page"}],"author":[{"embeddable":true,"href":"https:\/\/serveiseducatius.xtec.cat\/lescorts\/wp-json\/wp\/v2\/users\/1"}],"replies":[{"embeddable":true,"href":"https:\/\/serveiseducatius.xtec.cat\/lescorts\/wp-json\/wp\/v2\/comments?post=8142"}],"version-history":[{"count":3,"href":"https:\/\/serveiseducatius.xtec.cat\/lescorts\/wp-json\/wp\/v2\/pages\/8142\/revisions"}],"predecessor-version":[{"id":17400,"href":"https:\/\/serveiseducatius.xtec.cat\/lescorts\/wp-json\/wp\/v2\/pages\/8142\/revisions\/17400"}],"wp:attachment":[{"href":"https:\/\/serveiseducatius.xtec.cat\/lescorts\/wp-json\/wp\/v2\/media?parent=8142"}],"curies":[{"name":"wp","href":"https:\/\/api.w.org\/{rel}","templated":true}]}}