{"id":797,"date":"2015-11-28T21:06:57","date_gmt":"2015-11-28T20:06:57","guid":{"rendered":"http:\/\/serveiseducatius.xtec.cat\/lescorts\/?page_id=797"},"modified":"2025-07-11T22:39:34","modified_gmt":"2025-07-11T20:39:34","slug":"presentacio","status":"publish","type":"page","link":"https:\/\/serveiseducatius.xtec.cat\/lescorts\/el-servei-educatiu\/presentacio\/","title":{"rendered":"Presentaci\u00f3"},"content":{"rendered":"<p><a href=\"https:\/\/serveiseducatius.xtec.cat\/lescorts\/wp-content\/uploads\/usu1169\/2021\/09\/IMG_20210902_130909-min-scaled-e1630584035939.jpg\"><img loading=\"lazy\" decoding=\"async\" class=\" wp-image-13870 alignright\" src=\"https:\/\/serveiseducatius.xtec.cat\/lescorts\/wp-content\/uploads\/usu1169\/2021\/09\/IMG_20210902_130909-min-scaled-e1630584035939-617x1024.jpg\" alt=\"\" width=\"351\" height=\"583\" srcset=\"https:\/\/serveiseducatius.xtec.cat\/lescorts\/wp-content\/uploads\/usu1169\/2021\/09\/IMG_20210902_130909-min-scaled-e1630584035939-617x1024.jpg 617w, https:\/\/serveiseducatius.xtec.cat\/lescorts\/wp-content\/uploads\/usu1169\/2021\/09\/IMG_20210902_130909-min-scaled-e1630584035939-181x300.jpg 181w, https:\/\/serveiseducatius.xtec.cat\/lescorts\/wp-content\/uploads\/usu1169\/2021\/09\/IMG_20210902_130909-min-scaled-e1630584035939-768x1274.jpg 768w, https:\/\/serveiseducatius.xtec.cat\/lescorts\/wp-content\/uploads\/usu1169\/2021\/09\/IMG_20210902_130909-min-scaled-e1630584035939-926x1536.jpg 926w, https:\/\/serveiseducatius.xtec.cat\/lescorts\/wp-content\/uploads\/usu1169\/2021\/09\/IMG_20210902_130909-min-scaled-e1630584035939-1235x2048.jpg 1235w, https:\/\/serveiseducatius.xtec.cat\/lescorts\/wp-content\/uploads\/usu1169\/2021\/09\/IMG_20210902_130909-min-scaled-e1630584035939.jpg 1420w\" sizes=\"auto, (max-width: 351px) 100vw, 351px\" \/><\/a>Des del <strong>Servei Educatiu de Les Corts<\/strong>, adscrit al <a href=\"https:\/\/www.edubcn.cat\/ca\/\" target=\"_blank\" rel=\"noopener\">Consorci d&#8217;Educaci\u00f3 de Barcelona<\/a>, donem suport i assessorament als centres educatius p\u00fablics i privats concertats de nivells educatius no universitaris del districte Les Corts. Cada servei educatiu est\u00e0 format per un equip multidisciplinari de t\u00e8cnics docents i socials.<\/p>\n<h3><span style=\"color: #993300;\">QU\u00c8 OFERIM?<\/span><\/h3>\n<ul>\n<li>Suport i assessorament en estrat\u00e8gies organitzatives, did\u00e0ctiques i metodol\u00f2giques per a l\u2019assoliment de les <strong>compet\u00e8ncies b\u00e0siques.<\/strong><\/li>\n<li>Suport en la <strong>tutoria i l\u2019orientaci\u00f3<\/strong> educativa.<\/li>\n<li><strong>Detecci\u00f3 preco\u00e7<\/strong> de les dificultats d\u2019aprenentatge, socials, motrius i fer avaluacions psicopedag\u00f2giques.<\/li>\n<li>Assessorament sobre el proc\u00e9s d\u2019escolaritzaci\u00f3 en <strong>necessitats educatives espec\u00edfiques i especials<\/strong> (NEE).<\/li>\n<li>Assessorament sobre <strong>adaptacions curriculars individuals<\/strong> (CI).<\/li>\n<li>Suport en la <strong>prevenci\u00f3 de l\u2019abandonament escolar<\/strong> prematur.<\/li>\n<li>Suport en el tractament integrat de <strong>llengua i continguts<\/strong>.<\/li>\n<li>Planificaci\u00f3 i gesti\u00f3 del cat\u00e0leg de <strong>formaci\u00f3 del professorat<\/strong> de la zona.<\/li>\n<li>Suport i assessorament en did\u00e0ctica, <strong>innovaci\u00f3<\/strong> i\/o <strong>planificaci\u00f3<\/strong>: plans de millora, TAC, suport a la lectura\u2026<\/li>\n<li><strong>Servei de pr\u00e9stec<\/strong> de maquinari, v\u00eddeos i textos especialitzats en temes educatius.<\/li>\n<li>Suport a <strong>projectes<\/strong>\u00a0pel desenvolupament del <strong>pluriling\u00fcisme<\/strong> i de les <strong>compet\u00e8ncies comunicatives<\/strong> de l&#8217;alumnat.<\/li>\n<\/ul>\n<p>&nbsp;<\/p>\n<hr \/>\n<p>&nbsp;<\/p>\n<p><!--a=1--><\/p>\n<p><!--a=1--><\/p>\n","protected":false},"excerpt":{"rendered":"<p>Des del Servei Educatiu de Les Corts, adscrit al Consorci d&#8217;Educaci\u00f3 de Barcelona, donem suport i assessorament als centres educatius p\u00fablics i privats concertats de nivells educatius no universitaris del districte Les Corts. Cada servei educatiu est\u00e0 format per un equip multidisciplinari de t\u00e8cnics docents i socials. QU\u00c8 OFERIM? Suport i assessorament en estrat\u00e8gies organitzatives, [&hellip;]<\/p>\n","protected":false},"author":1,"featured_media":0,"parent":806,"menu_order":10,"comment_status":"closed","ping_status":"closed","template":"page-templates\/side-menu.php","meta":{"_bbp_topic_count":0,"_bbp_reply_count":0,"_bbp_total_topic_count":0,"_bbp_total_reply_count":0,"_bbp_voice_count":0,"_bbp_anonymous_reply_count":0,"_bbp_topic_count_hidden":0,"_bbp_reply_count_hidden":0,"_bbp_forum_subforum_count":0,"site-sidebar-layout":"default","site-content-layout":"","ast-site-content-layout":"","site-content-style":"default","site-sidebar-style":"default","ast-global-header-display":"","ast-banner-title-visibility":"","ast-main-header-display":"","ast-hfb-above-header-display":"","ast-hfb-below-header-display":"","ast-hfb-mobile-header-display":"","site-post-title":"","ast-breadcrumbs-content":"","ast-featured-img":"","footer-sml-layout":"","theme-transparent-header-meta":"","adv-header-id-meta":"","stick-header-meta":"","header-above-stick-meta":"","header-main-stick-meta":"","header-below-stick-meta":"","astra-migrate-meta-layouts":"default","ast-page-background-enabled":"default","ast-page-background-meta":{"desktop":{"background-color":"var(--ast-global-color-4)","background-image":"","background-repeat":"repeat","background-position":"center center","background-size":"auto","background-attachment":"scroll","background-type":"","background-media":"","overlay-type":"","overlay-color":"","overlay-opacity":"","overlay-gradient":""},"tablet":{"background-color":"","background-image":"","background-repeat":"repeat","background-position":"center center","background-size":"auto","background-attachment":"scroll","background-type":"","background-media":"","overlay-type":"","overlay-color":"","overlay-opacity":"","overlay-gradient":""},"mobile":{"background-color":"","background-image":"","background-repeat":"repeat","background-position":"center center","background-size":"auto","background-attachment":"scroll","background-type":"","background-media":"","overlay-type":"","overlay-color":"","overlay-opacity":"","overlay-gradient":""}},"ast-content-background-meta":{"desktop":{"background-color":"var(--ast-global-color-5)","background-image":"","background-repeat":"repeat","background-position":"center center","background-size":"auto","background-attachment":"scroll","background-type":"","background-media":"","overlay-type":"","overlay-color":"","overlay-opacity":"","overlay-gradient":""},"tablet":{"background-color":"var(--ast-global-color-5)","background-image":"","background-repeat":"repeat","background-position":"center center","background-size":"auto","background-attachment":"scroll","background-type":"","background-media":"","overlay-type":"","overlay-color":"","overlay-opacity":"","overlay-gradient":""},"mobile":{"background-color":"var(--ast-global-color-5)","background-image":"","background-repeat":"repeat","background-position":"center center","background-size":"auto","background-attachment":"scroll","background-type":"","background-media":"","overlay-type":"","overlay-color":"","overlay-opacity":"","overlay-gradient":""}},"footnotes":""},"class_list":["post-797","page","type-page","status-publish","hentry"],"post_mailing_queue_ids":[],"_links":{"self":[{"href":"https:\/\/serveiseducatius.xtec.cat\/lescorts\/wp-json\/wp\/v2\/pages\/797","targetHints":{"allow":["GET"]}}],"collection":[{"href":"https:\/\/serveiseducatius.xtec.cat\/lescorts\/wp-json\/wp\/v2\/pages"}],"about":[{"href":"https:\/\/serveiseducatius.xtec.cat\/lescorts\/wp-json\/wp\/v2\/types\/page"}],"author":[{"embeddable":true,"href":"https:\/\/serveiseducatius.xtec.cat\/lescorts\/wp-json\/wp\/v2\/users\/1"}],"replies":[{"embeddable":true,"href":"https:\/\/serveiseducatius.xtec.cat\/lescorts\/wp-json\/wp\/v2\/comments?post=797"}],"version-history":[{"count":7,"href":"https:\/\/serveiseducatius.xtec.cat\/lescorts\/wp-json\/wp\/v2\/pages\/797\/revisions"}],"predecessor-version":[{"id":17112,"href":"https:\/\/serveiseducatius.xtec.cat\/lescorts\/wp-json\/wp\/v2\/pages\/797\/revisions\/17112"}],"up":[{"embeddable":true,"href":"https:\/\/serveiseducatius.xtec.cat\/lescorts\/wp-json\/wp\/v2\/pages\/806"}],"wp:attachment":[{"href":"https:\/\/serveiseducatius.xtec.cat\/lescorts\/wp-json\/wp\/v2\/media?parent=797"}],"curies":[{"name":"wp","href":"https:\/\/api.w.org\/{rel}","templated":true}]}}