{"id":608,"date":"2015-11-27T10:04:51","date_gmt":"2015-11-27T09:04:51","guid":{"rendered":"http:\/\/serveiseducatius.xtec.cat\/lescorts\/?page_id=608"},"modified":"2025-08-04T16:59:54","modified_gmt":"2025-08-04T14:59:54","slug":"horari-i-calendari","status":"publish","type":"page","link":"https:\/\/serveiseducatius.xtec.cat\/lescorts\/el-servei-educatiu\/horari-i-calendari\/","title":{"rendered":"Horari i calendari"},"content":{"rendered":"<p>De dilluns a dijous:<\/p>\n<ul>\n<li>Mat\u00ed: de<strong> 8h<\/strong>\u00a0a <strong>14h<\/strong><\/li>\n<li>Tarda: de<strong> 15h<\/strong>\u00a0a <strong>17.30h<\/strong><\/li>\n<\/ul>\n<p>Divendres:<\/p>\n<ul>\n<li>Mat\u00ed: de<strong> 8h<\/strong>\u00a0a <strong>14h<\/strong><\/li>\n<li>Tarda: amb <strong>cita pr\u00e8via<\/strong><\/li>\n<\/ul>\n<p>Horari intensiu, de <b>8h<\/b>\u00a0a <strong>15h<\/strong><\/p>\n<ul style=\"list-style-type: disc;\">\n<li>De l&#8217;1 de setembre al 5 de setembre de 2025<\/li>\n<li>Del 8 de juny al 15 de juliol de 2026<\/li>\n<\/ul>\n<p style=\"text-align: justify;\"><em><strong>\u00a0<\/strong><\/em><\/p>\n<p>El nostre servei educatiu romandr\u00e0 tancat al p\u00fablic, a part dels per\u00edodes de vacances escolars i dels dies de festes laborals oficials a Catalunya, els seg\u00fcents dies de lliure disposici\u00f3:<\/p>\n<ul>\n<li>Divendres,\u00a0<strong>10 d\u2019octubre<\/strong>\u00a0de 2025 (festivitat del 12 d\u2019octubre)<\/li>\n<li>Dilluns,<strong>\u00a03 de novembre\u00a0<\/strong>de 2025 (festivitat de la castanyada)<\/li>\n<li>Dilluns,\u00a0<strong>16 de febrer<\/strong>\u00a0de 2026 (festivitat de Carnaval)<\/li>\n<li>Divendres,\u00a0<strong>22 de maig<\/strong>\u00a0de 2026 (festivitat de Segona Pasqua)<\/li>\n<\/ul>\n","protected":false},"excerpt":{"rendered":"<p>De dilluns a dijous: Mat\u00ed: de 8h\u00a0a 14h Tarda: de 15h\u00a0a 17.30h Divendres: Mat\u00ed: de 8h\u00a0a 14h Tarda: amb cita pr\u00e8via Horari intensiu, de 8h\u00a0a 15h De l&#8217;1 de setembre al 5 de setembre de 2025 Del 8 de juny al 15 de juliol de 2026 \u00a0 El nostre servei educatiu romandr\u00e0 tancat al p\u00fablic, [&hellip;]<\/p>\n","protected":false},"author":1,"featured_media":0,"parent":806,"menu_order":30,"comment_status":"closed","ping_status":"closed","template":"","meta":{"_bbp_topic_count":0,"_bbp_reply_count":0,"_bbp_total_topic_count":0,"_bbp_total_reply_count":0,"_bbp_voice_count":0,"_bbp_anonymous_reply_count":0,"_bbp_topic_count_hidden":0,"_bbp_reply_count_hidden":0,"_bbp_forum_subforum_count":0,"site-sidebar-layout":"default","site-content-layout":"","ast-site-content-layout":"default","site-content-style":"default","site-sidebar-style":"default","ast-global-header-display":"","ast-banner-title-visibility":"","ast-main-header-display":"","ast-hfb-above-header-display":"","ast-hfb-below-header-display":"","ast-hfb-mobile-header-display":"","site-post-title":"","ast-breadcrumbs-content":"","ast-featured-img":"","footer-sml-layout":"","theme-transparent-header-meta":"","adv-header-id-meta":"","stick-header-meta":"","header-above-stick-meta":"","header-main-stick-meta":"","header-below-stick-meta":"","astra-migrate-meta-layouts":"set","ast-page-background-enabled":"default","ast-page-background-meta":{"desktop":{"background-color":"var(--ast-global-color-4)","background-image":"","background-repeat":"repeat","background-position":"center center","background-size":"auto","background-attachment":"scroll","background-type":"","background-media":"","overlay-type":"","overlay-color":"","overlay-opacity":"","overlay-gradient":""},"tablet":{"background-color":"","background-image":"","background-repeat":"repeat","background-position":"center center","background-size":"auto","background-attachment":"scroll","background-type":"","background-media":"","overlay-type":"","overlay-color":"","overlay-opacity":"","overlay-gradient":""},"mobile":{"background-color":"","background-image":"","background-repeat":"repeat","background-position":"center center","background-size":"auto","background-attachment":"scroll","background-type":"","background-media":"","overlay-type":"","overlay-color":"","overlay-opacity":"","overlay-gradient":""}},"ast-content-background-meta":{"desktop":{"background-color":"var(--ast-global-color-5)","background-image":"","background-repeat":"repeat","background-position":"center center","background-size":"auto","background-attachment":"scroll","background-type":"","background-media":"","overlay-type":"","overlay-color":"","overlay-opacity":"","overlay-gradient":""},"tablet":{"background-color":"var(--ast-global-color-5)","background-image":"","background-repeat":"repeat","background-position":"center center","background-size":"auto","background-attachment":"scroll","background-type":"","background-media":"","overlay-type":"","overlay-color":"","overlay-opacity":"","overlay-gradient":""},"mobile":{"background-color":"var(--ast-global-color-5)","background-image":"","background-repeat":"repeat","background-position":"center center","background-size":"auto","background-attachment":"scroll","background-type":"","background-media":"","overlay-type":"","overlay-color":"","overlay-opacity":"","overlay-gradient":""}},"footnotes":""},"class_list":["post-608","page","type-page","status-publish","hentry"],"post_mailing_queue_ids":[],"_links":{"self":[{"href":"https:\/\/serveiseducatius.xtec.cat\/lescorts\/wp-json\/wp\/v2\/pages\/608","targetHints":{"allow":["GET"]}}],"collection":[{"href":"https:\/\/serveiseducatius.xtec.cat\/lescorts\/wp-json\/wp\/v2\/pages"}],"about":[{"href":"https:\/\/serveiseducatius.xtec.cat\/lescorts\/wp-json\/wp\/v2\/types\/page"}],"author":[{"embeddable":true,"href":"https:\/\/serveiseducatius.xtec.cat\/lescorts\/wp-json\/wp\/v2\/users\/1"}],"replies":[{"embeddable":true,"href":"https:\/\/serveiseducatius.xtec.cat\/lescorts\/wp-json\/wp\/v2\/comments?post=608"}],"version-history":[{"count":5,"href":"https:\/\/serveiseducatius.xtec.cat\/lescorts\/wp-json\/wp\/v2\/pages\/608\/revisions"}],"predecessor-version":[{"id":17350,"href":"https:\/\/serveiseducatius.xtec.cat\/lescorts\/wp-json\/wp\/v2\/pages\/608\/revisions\/17350"}],"up":[{"embeddable":true,"href":"https:\/\/serveiseducatius.xtec.cat\/lescorts\/wp-json\/wp\/v2\/pages\/806"}],"wp:attachment":[{"href":"https:\/\/serveiseducatius.xtec.cat\/lescorts\/wp-json\/wp\/v2\/media?parent=608"}],"curies":[{"name":"wp","href":"https:\/\/api.w.org\/{rel}","templated":true}]}}