{"id":420,"date":"2015-11-25T16:06:29","date_gmt":"2015-11-25T15:06:29","guid":{"rendered":"http:\/\/serveiseducatius.xtec.cat\/lescorts\/?page_id=420"},"modified":"2026-01-08T11:10:29","modified_gmt":"2026-01-08T10:10:29","slug":"activitats","status":"publish","type":"page","link":"https:\/\/serveiseducatius.xtec.cat\/lescorts\/formacio\/activitats\/","title":{"rendered":"Oferta d&#8217;activitats de zona 2025-26"},"content":{"rendered":"<p>Instruccions:<\/p>\n<ul>\n<li>Cerca l\u2019activitat que t\u2019interessa.<\/li>\n<li>Algunes inscripcions estan limitades a centre.<\/li>\n<li data-wp-editing=\"1\"><img loading=\"lazy\" decoding=\"async\" class=\"\" src=\"https:\/\/serveiseducatius.xtec.cat\/eixample\/wp-content\/uploads\/usu1171\/2021\/04\/Captura-de-Pantalla-2021-04-28-a-les-11.23.49.png\" width=\"25\" height=\"20\" \/>Si apareix aquest <span style=\"font-family: inherit; font-size: 1em;\">s\u00edmbol davant el codi de l\u2019activitat pots inscriure\u2019t.<\/span><\/li>\n<\/ul>\n<h4>Llista d\u2019activitats a Les Corts:<\/h4>\n<p><iframe loading=\"lazy\" src=\"https:\/\/aplicacions.gestioeducativa.gencat.cat\/pls\/soloas\/pk_for_mod_ins.p_for_pre_cons_activitats?p_any=2025-2026&amp;p_crp=104&amp;p_totes=S\" width=\"100%\" height=\"600px\"><\/iframe><\/p>\n<h4>Llista d\u2019activitats a Barcelona:<\/h4>\n<p>A nivell de ciutat es far\u00e0 el seminari de coordinaci\u00f3 de <a href=\"https:\/\/aplicacions.gestioeducativa.gencat.cat\/ords\/pls\/soloas\/pk_for_mod_ins.p_for_cons_activitats?p_any=2025-2026&amp;p_codi=1020051102\" target=\"_blank\" rel=\"noopener\" data-saferedirecturl=\"https:\/\/www.google.com\/url?q=https:\/\/aplicacions.gestioeducativa.gencat.cat\/ords\/pls\/soloas\/pk_for_mod_ins.p_for_cons_activitats?p_any%3D2025-2026%26p_codi%3D1020051102&amp;source=gmail&amp;ust=1757158196748000&amp;usg=AOvVaw3OFDJWVPaVT4WX6jQ1m0pe\">Llengua anglesa<\/a>, seminari de <a href=\"https:\/\/aplicacions.ensenyament.gencat.cat\/pls\/soloas\/pk_for_mod_ins.p_for_detall_activitat?p_codi=1050101105&amp;p_curs=2025-2026&amp;p_es_inscr=S\">Coordinaci\u00f3 d&#8217;audici\u00f3 i llenguatge<\/a>, curs de <a href=\"https:\/\/aplicacions.gestioeducativa.gencat.cat\/ords\/pls\/soloas\/pk_for_mod_ins.p_for_cons_activitats?p_any=2025-2026&amp;p_codi=1040561104\" target=\"_blank\" rel=\"noopener\" data-saferedirecturl=\"https:\/\/www.google.com\/url?q=https:\/\/aplicacions.gestioeducativa.gencat.cat\/ords\/pls\/soloas\/pk_for_mod_ins.p_for_cons_activitats?p_any%3D2025-2026%26p_codi%3D1040561104&amp;source=gmail&amp;ust=1757158196748000&amp;usg=AOvVaw1A-doXBmm9B1-lWKo_7c5D\">R\u00e0dio a l&#8217;aula<\/a>, curs de <a href=\"https:\/\/aplicacions.ensenyament.gencat.cat\/pls\/soloas\/pk_for_mod_ins.p_for_detall_activitat?p_codi=1090020511&amp;p_curs=2025-2026&amp;p_es_inscr=S\">Les arts com a resposta<\/a> i curs d&#8217;<a href=\"https:\/\/aplicacions.gestioeducativa.gencat.cat\/ords\/pls\/soloas\/pk_for_mod_ins.p_for_detall_activitat?p_header=Llista%20d%27activitats^pk_for_mod_ins.p_for_cons_activitats?p_crp=104%26p_any=2025-2026%26p_totes=S%26p_inici=21%26p_excloure_crp_rec=T&amp;p_codi=1040810511&amp;p_curs=2025-2026&amp;p_excloure_crp_rec=T\">Antiracisme a l&#8217;escola.<\/a><\/p>\n<p><strong>De Cultura Digital a Barcelona:<\/strong><\/p>\n<p>&#8211; <a href=\"https:\/\/aplicacions.gestioeducativa.gencat.cat\/ords\/pls\/soloas\/pk_for_mod_ins.p_for_detall_activitat?p_codi=1082010529&amp;p_curs=2025-2026&amp;p_es_inscr=S\">Descobrir la rob\u00f2tica a infantil i cicle inicial: tallers pr\u00e0ctics amb robots educatius.\u00a0<\/a><\/p>\n<p>&#8211; <a href=\"https:\/\/aplicacions.gestioeducativa.gencat.cat\/ords\/pls\/soloas\/pk_for_mod_ins.p_for_detall_activitat?p_codi=1040540529&amp;p_curs=2025-2026&amp;p_es_inscr=S\">Explorant i construint amb LEGO SPIKE: aprenentatge creatiu a prim\u00e0ria.<\/a><\/p>\n<p>&#8211; <a href=\"https:\/\/aplicacions.gestioeducativa.gencat.cat\/ords\/pls\/soloas\/pk_for_mod_ins.p_for_detall_activitat?p_codi=1078010529&amp;p_curs=2025-2026&amp;p_es_inscr=S\">De la idea a l\u2019aula: programaci\u00f3 i transversalitat amb Codey Rocky.<\/a><\/p>\n<p><strong>\u2192 Podeu consultar el conjunt de l\u2019oferta de Barcelona ciutat\u00a0 <a href=\"https:\/\/www.edubcn.cat\/comunicats_centres\/20250910_Oferta_formacio_docent_ciutat_crp_1r_torn.xlsx\" target=\"_blank\" rel=\"noopener\">1r torn<\/a> i <a href=\"https:\/\/www.edubcn.cat\/comunicats_centres\/20251217_Oferta_formativa_per_docents_2n_torn.pdf\">2n torn<\/a>. <\/strong><\/p>\n<p><!--a=1--><\/p>\n\n\n<p><\/p>\n","protected":false},"excerpt":{"rendered":"<p>Instruccions: Cerca l\u2019activitat que t\u2019interessa. Algunes inscripcions estan limitades a centre. Si apareix aquest s\u00edmbol davant el codi de l\u2019activitat pots inscriure\u2019t. Llista d\u2019activitats a Les Corts: Llista d\u2019activitats a Barcelona: A nivell de ciutat es far\u00e0 el seminari de coordinaci\u00f3 de Llengua anglesa, seminari de Coordinaci\u00f3 d&#8217;audici\u00f3 i llenguatge, curs de R\u00e0dio a l&#8217;aula, [&hellip;]<\/p>\n","protected":false},"author":1,"featured_media":0,"parent":416,"menu_order":2,"comment_status":"closed","ping_status":"closed","template":"","meta":{"_bbp_topic_count":0,"_bbp_reply_count":0,"_bbp_total_topic_count":0,"_bbp_total_reply_count":0,"_bbp_voice_count":0,"_bbp_anonymous_reply_count":0,"_bbp_topic_count_hidden":0,"_bbp_reply_count_hidden":0,"_bbp_forum_subforum_count":0,"site-sidebar-layout":"default","site-content-layout":"","ast-site-content-layout":"default","site-content-style":"default","site-sidebar-style":"default","ast-global-header-display":"","ast-banner-title-visibility":"","ast-main-header-display":"","ast-hfb-above-header-display":"","ast-hfb-below-header-display":"","ast-hfb-mobile-header-display":"","site-post-title":"","ast-breadcrumbs-content":"","ast-featured-img":"","footer-sml-layout":"","theme-transparent-header-meta":"","adv-header-id-meta":"","stick-header-meta":"","header-above-stick-meta":"","header-main-stick-meta":"","header-below-stick-meta":"","astra-migrate-meta-layouts":"set","ast-page-background-enabled":"default","ast-page-background-meta":{"desktop":{"background-color":"var(--ast-global-color-4)","background-image":"","background-repeat":"repeat","background-position":"center center","background-size":"auto","background-attachment":"scroll","background-type":"","background-media":"","overlay-type":"","overlay-color":"","overlay-opacity":"","overlay-gradient":""},"tablet":{"background-color":"","background-image":"","background-repeat":"repeat","background-position":"center center","background-size":"auto","background-attachment":"scroll","background-type":"","background-media":"","overlay-type":"","overlay-color":"","overlay-opacity":"","overlay-gradient":""},"mobile":{"background-color":"","background-image":"","background-repeat":"repeat","background-position":"center center","background-size":"auto","background-attachment":"scroll","background-type":"","background-media":"","overlay-type":"","overlay-color":"","overlay-opacity":"","overlay-gradient":""}},"ast-content-background-meta":{"desktop":{"background-color":"var(--ast-global-color-5)","background-image":"","background-repeat":"repeat","background-position":"center center","background-size":"auto","background-attachment":"scroll","background-type":"","background-media":"","overlay-type":"","overlay-color":"","overlay-opacity":"","overlay-gradient":""},"tablet":{"background-color":"var(--ast-global-color-5)","background-image":"","background-repeat":"repeat","background-position":"center center","background-size":"auto","background-attachment":"scroll","background-type":"","background-media":"","overlay-type":"","overlay-color":"","overlay-opacity":"","overlay-gradient":""},"mobile":{"background-color":"var(--ast-global-color-5)","background-image":"","background-repeat":"repeat","background-position":"center center","background-size":"auto","background-attachment":"scroll","background-type":"","background-media":"","overlay-type":"","overlay-color":"","overlay-opacity":"","overlay-gradient":""}},"footnotes":""},"class_list":["post-420","page","type-page","status-publish","hentry"],"post_mailing_queue_ids":[],"_links":{"self":[{"href":"https:\/\/serveiseducatius.xtec.cat\/lescorts\/wp-json\/wp\/v2\/pages\/420","targetHints":{"allow":["GET"]}}],"collection":[{"href":"https:\/\/serveiseducatius.xtec.cat\/lescorts\/wp-json\/wp\/v2\/pages"}],"about":[{"href":"https:\/\/serveiseducatius.xtec.cat\/lescorts\/wp-json\/wp\/v2\/types\/page"}],"author":[{"embeddable":true,"href":"https:\/\/serveiseducatius.xtec.cat\/lescorts\/wp-json\/wp\/v2\/users\/1"}],"replies":[{"embeddable":true,"href":"https:\/\/serveiseducatius.xtec.cat\/lescorts\/wp-json\/wp\/v2\/comments?post=420"}],"version-history":[{"count":6,"href":"https:\/\/serveiseducatius.xtec.cat\/lescorts\/wp-json\/wp\/v2\/pages\/420\/revisions"}],"predecessor-version":[{"id":17714,"href":"https:\/\/serveiseducatius.xtec.cat\/lescorts\/wp-json\/wp\/v2\/pages\/420\/revisions\/17714"}],"up":[{"embeddable":true,"href":"https:\/\/serveiseducatius.xtec.cat\/lescorts\/wp-json\/wp\/v2\/pages\/416"}],"wp:attachment":[{"href":"https:\/\/serveiseducatius.xtec.cat\/lescorts\/wp-json\/wp\/v2\/media?parent=420"}],"curies":[{"name":"wp","href":"https:\/\/api.w.org\/{rel}","templated":true}]}}