{"id":379,"date":"2015-11-25T14:19:13","date_gmt":"2015-11-25T13:19:13","guid":{"rendered":"http:\/\/serveiseducatius.xtec.cat\/lescorts\/?page_id=379"},"modified":"2022-10-31T16:12:34","modified_gmt":"2022-10-31T15:12:34","slug":"educacio-infantil-i-primaria","status":"publish","type":"page","link":"https:\/\/serveiseducatius.xtec.cat\/lescorts\/comunitat\/centres-educatius\/educacio-infantil-i-primaria\/","title":{"rendered":"Educaci\u00f3 infantil i prim\u00e0ria"},"content":{"rendered":"<table style=\"border-style: none; width: 100%; height: 670px;\" width=\"100%\">\n<tbody>\n<tr style=\"height: 33px;\">\n<td style=\"height: 33px;\"><strong>Titularitat p\u00fablica<\/strong><\/td>\n<td style=\"height: 33px;\"><\/td>\n<td style=\"height: 33px;\"><\/td>\n<td style=\"height: 33px;\"><\/td>\n<\/tr>\n<tr style=\"height: 33px;\">\n<td style=\"height: 33px;\"><a href=\"https:\/\/escolaanglesolalescorts.wordpress.com\/\">ESC ANGLESOLA<\/a><\/td>\n<td style=\"height: 33px;\">Carrer D\u00e9u i Mata, 57<\/td>\n<td style=\"height: 33px;\">937 065 160<\/td>\n<td style=\"height: 33px;\"><a href=\"mailto:a8075633@xtec.cat\">a8075633@xtec.cat<\/a><\/td>\n<\/tr>\n<tr style=\"height: 33px;\">\n<td style=\"height: 33px;\"><a href=\"http:\/\/www.xtec.es\/centres\/a8013408\/\">ESC BARCELONA<\/a><\/td>\n<td style=\"height: 33px;\">Carrer Joan G\u00fcell, 126<\/td>\n<td style=\"height: 33px;\">933 300 650<\/td>\n<td style=\"height: 33px;\"><a href=\"mailto:escolabarcelona@xtec.cat\">escolabarcelona@xtec.cat<\/a><\/td>\n<\/tr>\n<tr style=\"height: 33px;\">\n<td style=\"height: 33px;\"><a href=\"http:\/\/www.escoladuranibas.org\/\">ESC DURAN I BAS<\/a><\/td>\n<td style=\"height: 33px;\">Carrer Vallespir, 198<\/td>\n<td style=\"height: 33px;\">934 908 159<\/td>\n<td style=\"height: 33px;\"><a href=\"mailto:a8002681@xtec.cat\">a8002681@xtec.cat<\/a><\/td>\n<\/tr>\n<tr style=\"height: 33px;\">\n<td style=\"height: 33px;\"><a href=\"http:\/\/www.xtec.es\/centres\/a8043255\/\">ESC ITACA<\/a><\/td>\n<td style=\"height: 33px;\">Carrer Num\u00e0ncia, 140<\/td>\n<td style=\"height: 33px;\">934 303 404<\/td>\n<td style=\"height: 33px;\"><a href=\"mailto:a8043255@xtec.cat\">a8043255@xtec.cat<\/a><\/td>\n<\/tr>\n<tr style=\"height: 33px;\">\n<td style=\"height: 33px;\"><a href=\"http:\/\/escolalavinia.com\/\">ESC LAVINIA<\/a><\/td>\n<td style=\"height: 33px;\">Carrer F\u00edgols, 20-24<\/td>\n<td style=\"height: 33px;\">933 395 433<\/td>\n<td style=\"height: 33px;\"><a href=\"mailto:a8043841@xtec.cat\">a8043841@xtec.cat<\/a><\/td>\n<\/tr>\n<tr style=\"height: 33px;\">\n<td style=\"height: 33px;\"><a class=\"Estilo2 Estilo3 Estilo1\" href=\"http:\/\/www.xtec.es\/centres\/a8037802\/\" target=\"_blank\" rel=\"noopener noreferrer\">INS ESC TRES FONTS DE LES CORTS<\/a><\/td>\n<td style=\"height: 33px;\">Carrer Eugeni d&#8217;Ors, 2<\/td>\n<td style=\"height: 33px;\">933 307 451<\/td>\n<td style=\"height: 33px;\"><a href=\"mailto:ietfc@xtec.cat\">ietfc@xtec.cat <\/a><\/td>\n<\/tr>\n<tr style=\"height: 33px;\">\n<td style=\"height: 33px;\" width=\"27%\"><a href=\"http:\/\/www.xtec.es\/centres\/a8052621\/\">ESC PAU ROMEVA<\/a><\/td>\n<td style=\"height: 33px;\" width=\"27%\">Carrer Pisuerga, 1<\/td>\n<td style=\"height: 33px;\" width=\"13%\">934 406 790<\/td>\n<td style=\"height: 33px;\" width=\"32%\"><a href=\"mailto:a8052621@xtec.cat\">a8052621@xtec.cat<\/a><\/td>\n<\/tr>\n<tr style=\"height: 33px;\">\n<td style=\"height: 33px;\"><strong>Titularitat privada \/ concertada<\/strong><\/td>\n<td style=\"height: 33px;\"><\/td>\n<td style=\"height: 33px;\"><\/td>\n<td style=\"height: 33px;\"><\/td>\n<\/tr>\n<tr style=\"height: 33px;\">\n<td style=\"height: 33px;\" width=\"27%\"><a href=\"http:\/\/www.aula-ee.com\/\">AULA<\/a><\/td>\n<td style=\"height: 33px;\" width=\"27%\">A. Mare D\u00e9u de Lorda,34<\/td>\n<td style=\"height: 33px;\" width=\"13%\">932 030 354<\/td>\n<td style=\"height: 33px;\" width=\"32%\"><a href=\"mailto:secretaria@aula-ee.com\">secretaria@aula-ee.com<\/a><\/td>\n<\/tr>\n<tr style=\"height: 33px;\">\n<td style=\"height: 33px;\" width=\"27%\"><a href=\"http:\/\/loreto.abatoliba.edu\/cream\/\">C. LORETO ABAT OLIBA<\/a><\/td>\n<td style=\"height: 33px;\" width=\"27%\">Avda. Pearson, 22-26<\/td>\n<td style=\"height: 33px;\" width=\"13%\">932 040 816<\/td>\n<td style=\"height: 33px;\" width=\"32%\"><a href=\"mailto:loreto@abatoliba.edu\">loreto@abatoliba.edu<\/a><\/td>\n<\/tr>\n<tr style=\"height: 33px;\">\n<td style=\"height: 33px;\" width=\"27%\"><a href=\"http:\/\/www.lescorts.manyanet.org\/\">C. PARE MANYANET<\/a><\/td>\n<td style=\"height: 33px;\" width=\"27%\">Travessera de ls Corts , 331<\/td>\n<td style=\"height: 33px;\" width=\"13%\">934 396 700<\/td>\n<td style=\"height: 33px;\" width=\"32%\"><\/td>\n<\/tr>\n<tr style=\"height: 33px;\">\n<td style=\"height: 33px;\"><a href=\"http:\/\/www.santramonnonat.org\/\">C. SANT RAMON NONAT<\/a><\/td>\n<td style=\"height: 33px;\">Ctra. Collblanc , 72<\/td>\n<td style=\"height: 33px;\">933 339 972<\/td>\n<td style=\"height: 33px;\"><a href=\"mailto:a8009454@xtec.cat\">a8009454@xtec.cat<\/a><\/td>\n<\/tr>\n<tr style=\"height: 10px;\">\n<td style=\"height: 10px;\"><a href=\"http:\/\/www.stlisieux.org\/\">C. SANTA TERESA LISIEUX<\/a><\/td>\n<td style=\"height: 10px;\">Carrer D\u00e9u i Mata, 67<\/td>\n<td style=\"height: 10px;\">934 309 318 (PRIM)<\/p>\n<p>934 101 153 (INF)<\/td>\n<td style=\"height: 10px;\"><a href=\"mailto:escola@stlisieux.org\">escola@stlisieux.org<\/a><\/td>\n<\/tr>\n<tr style=\"height: 33px;\">\n<td style=\"height: 33px;\"><a href=\"http:\/\/www.santramonsagratcor.cat\/\">SANT RAMON NONAT-SC<\/a><\/td>\n<td style=\"height: 33px;\">Ctra. Collblanc , 86<\/td>\n<td style=\"height: 33px;\">934 490 570<\/td>\n<td style=\"height: 33px;\"><\/td>\n<\/tr>\n<tr style=\"height: 33px;\">\n<td style=\"height: 33px;\"><a href=\"http:\/\/www.xtec.es\/centres\/a8042664\/\">ESCOLA SOLC<\/a><\/td>\n<td style=\"height: 33px;\">Carrer Ardena, 36-38<\/td>\n<td style=\"height: 33px;\">932 061 313<\/td>\n<td style=\"height: 33px;\"><a href=\"mailto:escolasolc@escolasolc.cat\">escolasolc@escolasolc.cat<\/a><\/td>\n<\/tr>\n<tr style=\"height: 33px;\">\n<td style=\"height: 33px;\"><a href=\"http:\/\/www.iccic.edu\/thaubcn\/\">ESCOLA THAU<\/a><\/td>\n<td style=\"height: 33px;\">Av. d&#8217;Esplugues ,49-53<\/td>\n<td style=\"height: 33px;\">932 030 154<\/td>\n<td style=\"height: 33px;\"><a href=\"mailto:thaubcn@thaubcn.iccic.edu\">thaubcn@thaubcn.iccic.edu<\/a><\/td>\n<\/tr>\n<tr style=\"height: 33px;\">\n<td style=\"height: 33px;\"><a href=\"http:\/\/www.kensingtonschoolbcn.com\/\">KENSINGTON SCHOOL<\/a><\/td>\n<td style=\"height: 33px;\">Carrer Cavallers, 31-33<\/td>\n<td style=\"height: 33px;\">932 035 457<\/td>\n<td style=\"height: 33px;\"><\/td>\n<\/tr>\n<tr style=\"height: 33px;\">\n<td style=\"height: 33px;\"><a href=\"http:\/\/www.stpauls.es\/\">ST. PAUL&#8217;S SCHOOL<\/a><\/td>\n<td style=\"height: 33px;\">Avda. Pearson, 35-45<\/td>\n<td style=\"height: 33px;\">932 030 500<\/td>\n<td style=\"height: 33px;\"><a href=\"mailto:stpaul@stpauls.es\">stpaul@stpauls.es<\/a><\/td>\n<\/tr>\n<tr style=\"height: 33px;\">\n<td style=\"height: 33px;\"><a href=\"http:\/\/www.stpeters.es\/\">ST. PETER&#8217;S SCHOOL<\/a><\/td>\n<td style=\"height: 33px;\">C. Eduard Toldr\u00e0, 14-18<\/td>\n<td style=\"height: 33px;\">932 04 36 12<\/td>\n<td style=\"height: 33px;\"><a href=\"mailto:stpeters@stpeters.es\">stpeters@stpeters.es<\/a><\/td>\n<\/tr>\n<tr style=\"height: 33px;\">\n<td style=\"height: 33px;\" width=\"27%\"><a href=\"http:\/\/www.xtec.es\/centres\/a8044818\/\">ZURICH<\/a><\/td>\n<td style=\"height: 33px;\" width=\"27%\">Avda. Pearson, 73<\/td>\n<td style=\"height: 33px;\" width=\"13%\">932 037 606<\/td>\n<td style=\"height: 33px;\" width=\"32%\"><\/td>\n<\/tr>\n<\/tbody>\n<\/table>\n<p>&nbsp;<\/p>\n","protected":false},"excerpt":{"rendered":"<p>Titularitat p\u00fablica ESC ANGLESOLA Carrer D\u00e9u i Mata, 57 937 065 160 a8075633@xtec.cat ESC BARCELONA Carrer Joan G\u00fcell, 126 933 300 650 escolabarcelona@xtec.cat ESC DURAN I BAS Carrer Vallespir, 198 934 908 159 a8002681@xtec.cat ESC ITACA Carrer Num\u00e0ncia, 140 934 303 404 a8043255@xtec.cat ESC LAVINIA Carrer F\u00edgols, 20-24 933 395 433 a8043841@xtec.cat INS ESC TRES [&hellip;]<\/p>\n","protected":false},"author":1,"featured_media":0,"parent":338,"menu_order":20,"comment_status":"closed","ping_status":"closed","template":"page-templates\/side-menu.php","meta":{"_bbp_topic_count":0,"_bbp_reply_count":0,"_bbp_total_topic_count":0,"_bbp_total_reply_count":0,"_bbp_voice_count":0,"_bbp_anonymous_reply_count":0,"_bbp_topic_count_hidden":0,"_bbp_reply_count_hidden":0,"_bbp_forum_subforum_count":0,"site-sidebar-layout":"default","site-content-layout":"","ast-site-content-layout":"","site-content-style":"default","site-sidebar-style":"default","ast-global-header-display":"","ast-banner-title-visibility":"","ast-main-header-display":"","ast-hfb-above-header-display":"","ast-hfb-below-header-display":"","ast-hfb-mobile-header-display":"","site-post-title":"","ast-breadcrumbs-content":"","ast-featured-img":"","footer-sml-layout":"","theme-transparent-header-meta":"","adv-header-id-meta":"","stick-header-meta":"","header-above-stick-meta":"","header-main-stick-meta":"","header-below-stick-meta":"","astra-migrate-meta-layouts":"default","ast-page-background-enabled":"default","ast-page-background-meta":{"desktop":{"background-color":"var(--ast-global-color-4)","background-image":"","background-repeat":"repeat","background-position":"center center","background-size":"auto","background-attachment":"scroll","background-type":"","background-media":"","overlay-type":"","overlay-color":"","overlay-opacity":"","overlay-gradient":""},"tablet":{"background-color":"","background-image":"","background-repeat":"repeat","background-position":"center center","background-size":"auto","background-attachment":"scroll","background-type":"","background-media":"","overlay-type":"","overlay-color":"","overlay-opacity":"","overlay-gradient":""},"mobile":{"background-color":"","background-image":"","background-repeat":"repeat","background-position":"center center","background-size":"auto","background-attachment":"scroll","background-type":"","background-media":"","overlay-type":"","overlay-color":"","overlay-opacity":"","overlay-gradient":""}},"ast-content-background-meta":{"desktop":{"background-color":"var(--ast-global-color-5)","background-image":"","background-repeat":"repeat","background-position":"center center","background-size":"auto","background-attachment":"scroll","background-type":"","background-media":"","overlay-type":"","overlay-color":"","overlay-opacity":"","overlay-gradient":""},"tablet":{"background-color":"var(--ast-global-color-5)","background-image":"","background-repeat":"repeat","background-position":"center center","background-size":"auto","background-attachment":"scroll","background-type":"","background-media":"","overlay-type":"","overlay-color":"","overlay-opacity":"","overlay-gradient":""},"mobile":{"background-color":"var(--ast-global-color-5)","background-image":"","background-repeat":"repeat","background-position":"center center","background-size":"auto","background-attachment":"scroll","background-type":"","background-media":"","overlay-type":"","overlay-color":"","overlay-opacity":"","overlay-gradient":""}},"footnotes":""},"class_list":["post-379","page","type-page","status-publish","hentry"],"post_mailing_queue_ids":[],"_links":{"self":[{"href":"https:\/\/serveiseducatius.xtec.cat\/lescorts\/wp-json\/wp\/v2\/pages\/379","targetHints":{"allow":["GET"]}}],"collection":[{"href":"https:\/\/serveiseducatius.xtec.cat\/lescorts\/wp-json\/wp\/v2\/pages"}],"about":[{"href":"https:\/\/serveiseducatius.xtec.cat\/lescorts\/wp-json\/wp\/v2\/types\/page"}],"author":[{"embeddable":true,"href":"https:\/\/serveiseducatius.xtec.cat\/lescorts\/wp-json\/wp\/v2\/users\/1"}],"replies":[{"embeddable":true,"href":"https:\/\/serveiseducatius.xtec.cat\/lescorts\/wp-json\/wp\/v2\/comments?post=379"}],"version-history":[{"count":3,"href":"https:\/\/serveiseducatius.xtec.cat\/lescorts\/wp-json\/wp\/v2\/pages\/379\/revisions"}],"predecessor-version":[{"id":15086,"href":"https:\/\/serveiseducatius.xtec.cat\/lescorts\/wp-json\/wp\/v2\/pages\/379\/revisions\/15086"}],"up":[{"embeddable":true,"href":"https:\/\/serveiseducatius.xtec.cat\/lescorts\/wp-json\/wp\/v2\/pages\/338"}],"wp:attachment":[{"href":"https:\/\/serveiseducatius.xtec.cat\/lescorts\/wp-json\/wp\/v2\/media?parent=379"}],"curies":[{"name":"wp","href":"https:\/\/api.w.org\/{rel}","templated":true}]}}