{"id":306,"date":"2015-11-24T18:02:44","date_gmt":"2015-11-24T17:02:44","guid":{"rendered":"http:\/\/serveiseducatius.xtec.cat\/lescorts\/?page_id=306"},"modified":"2025-07-11T22:23:33","modified_gmt":"2025-07-11T20:23:33","slug":"equip","status":"publish","type":"page","link":"https:\/\/serveiseducatius.xtec.cat\/lescorts\/el-servei-educatiu\/equip\/","title":{"rendered":"Equip"},"content":{"rendered":"<p>Els Serveis Educatius estan formats per un <strong data-start=\"447\" data-end=\"474\">equip multidisciplinari<\/strong> que treballa conjuntament per donar suport als centres i al professorat de la zona. Cada servei aporta una mirada espec\u00edfica per millorar l\u2019educaci\u00f3 i l\u2019acompanyament a l\u2019alumnat.<\/p>\n<ul>\n<li><a href=\"https:\/\/serveiseducatius.xtec.cat\/lescorts\/categoria\/crp\/\"><strong>CRP <\/strong>(Centre de recursos pedag\u00f2gics):<\/a> equip que dona\u00a0<strong>suport i assessora en l\u2019activitat pedag\u00f2gica dels centres<\/strong> i a la tasca docent de mestres i professorat, especialment, en temes de formaci\u00f3 permanent, de recursos pedag\u00f2gics i de dinamitzaci\u00f3 de projectes de centre i de la zona.<\/li>\n<li><a href=\"https:\/\/serveiseducatius.xtec.cat\/lescorts\/categoria\/eap\/\"><strong>EAP <\/strong>(Equip d\u2019assessorament i orientaci\u00f3 psicopedag\u00f2gica)<\/a>: equip que dona\u00a0suport al professorat i als centres educatius en la resposta a la <strong>diversitat de l\u2019alumnat<\/strong> i en relaci\u00f3 amb els i les alumnes que presenten <strong>necessitats educatives especials<\/strong>, aix\u00ed com a les seves fam\u00edlies.<\/li>\n<li><a href=\"https:\/\/serveiseducatius.xtec.cat\/lescorts\/categoria\/elic\/\"><strong>ELIC <\/strong>(Equip d\u2019assessorament i orientaci\u00f3 en llengua, interculturalitat i cohesi\u00f3 social)<\/a>: que dona suport al professorat en l\u2019<strong>atenci\u00f3 a la diversitat<\/strong> relacionada amb l\u2019alumnat, especialment procedent de la immigraci\u00f3 i\/o amb l\u2019alumnat amb risc d\u2019exclusi\u00f3 social, en l\u2019\u00e0mbit dels centres educatius.<\/li>\n<li><a href=\"https:\/\/serveiseducatius.xtec.cat\/lescorts\/categoria\/servei-orientacio\/\"><strong>SO<\/strong> (Servei d&#8217;orientaci\u00f3)<\/a>: que at\u00e9n els joves i les fam\u00edlies en el moment que l\u2019alumnat acaba l\u2019educaci\u00f3 secund\u00e0ria obligat\u00f2ria per <strong>continuar estudis d\u2019ensenyaments professionals<\/strong> o programes professionalitzadors. Col\u00b7labora amb els centres de secund\u00e0ria, de formaci\u00f3 professional i formaci\u00f3 d\u2019adults per donar-los suport en l\u2019articulaci\u00f3 de recursos per a la continu\u00eftat de l\u2019alumnat en el seu nou itinerari.<\/li>\n<\/ul>\n<p>\u27a1\ufe0f <a href=\"https:\/\/serveiseducatius.xtec.cat\/lescorts\/el-servei-educatiu\/equip\/referents-de-centres\/\" rel=\"noopener\">Consulta aqu\u00ed els referents dels centres educatius<\/a><\/p>\n<p>&nbsp;<\/p>\n<p><!--a=1--><\/p>\n<p><!--a=1--><\/p>\n","protected":false},"excerpt":{"rendered":"<p>Els Serveis Educatius estan formats per un equip multidisciplinari que treballa conjuntament per donar suport als centres i al professorat de la zona. Cada servei aporta una mirada espec\u00edfica per millorar l\u2019educaci\u00f3 i l\u2019acompanyament a l\u2019alumnat. CRP (Centre de recursos pedag\u00f2gics): equip que dona\u00a0suport i assessora en l\u2019activitat pedag\u00f2gica dels centres i a la tasca [&hellip;]<\/p>\n","protected":false},"author":1,"featured_media":0,"parent":806,"menu_order":20,"comment_status":"closed","ping_status":"closed","template":"","meta":{"_bbp_topic_count":0,"_bbp_reply_count":0,"_bbp_total_topic_count":0,"_bbp_total_reply_count":0,"_bbp_voice_count":0,"_bbp_anonymous_reply_count":0,"_bbp_topic_count_hidden":0,"_bbp_reply_count_hidden":0,"_bbp_forum_subforum_count":0,"site-sidebar-layout":"default","site-content-layout":"","ast-site-content-layout":"default","site-content-style":"default","site-sidebar-style":"default","ast-global-header-display":"","ast-banner-title-visibility":"","ast-main-header-display":"","ast-hfb-above-header-display":"","ast-hfb-below-header-display":"","ast-hfb-mobile-header-display":"","site-post-title":"","ast-breadcrumbs-content":"","ast-featured-img":"","footer-sml-layout":"","theme-transparent-header-meta":"default","adv-header-id-meta":"","stick-header-meta":"","header-above-stick-meta":"","header-main-stick-meta":"","header-below-stick-meta":"","astra-migrate-meta-layouts":"set","ast-page-background-enabled":"default","ast-page-background-meta":{"desktop":{"background-color":"var(--ast-global-color-4)","background-image":"","background-repeat":"repeat","background-position":"center center","background-size":"auto","background-attachment":"scroll","background-type":"","background-media":"","overlay-type":"","overlay-color":"","overlay-opacity":"","overlay-gradient":""},"tablet":{"background-color":"","background-image":"","background-repeat":"repeat","background-position":"center center","background-size":"auto","background-attachment":"scroll","background-type":"","background-media":"","overlay-type":"","overlay-color":"","overlay-opacity":"","overlay-gradient":""},"mobile":{"background-color":"","background-image":"","background-repeat":"repeat","background-position":"center center","background-size":"auto","background-attachment":"scroll","background-type":"","background-media":"","overlay-type":"","overlay-color":"","overlay-opacity":"","overlay-gradient":""}},"ast-content-background-meta":{"desktop":{"background-color":"var(--ast-global-color-5)","background-image":"","background-repeat":"repeat","background-position":"center center","background-size":"auto","background-attachment":"scroll","background-type":"","background-media":"","overlay-type":"","overlay-color":"","overlay-opacity":"","overlay-gradient":""},"tablet":{"background-color":"var(--ast-global-color-5)","background-image":"","background-repeat":"repeat","background-position":"center center","background-size":"auto","background-attachment":"scroll","background-type":"","background-media":"","overlay-type":"","overlay-color":"","overlay-opacity":"","overlay-gradient":""},"mobile":{"background-color":"var(--ast-global-color-5)","background-image":"","background-repeat":"repeat","background-position":"center center","background-size":"auto","background-attachment":"scroll","background-type":"","background-media":"","overlay-type":"","overlay-color":"","overlay-opacity":"","overlay-gradient":""}},"footnotes":""},"class_list":["post-306","page","type-page","status-publish","hentry"],"post_mailing_queue_ids":[],"_links":{"self":[{"href":"https:\/\/serveiseducatius.xtec.cat\/lescorts\/wp-json\/wp\/v2\/pages\/306","targetHints":{"allow":["GET"]}}],"collection":[{"href":"https:\/\/serveiseducatius.xtec.cat\/lescorts\/wp-json\/wp\/v2\/pages"}],"about":[{"href":"https:\/\/serveiseducatius.xtec.cat\/lescorts\/wp-json\/wp\/v2\/types\/page"}],"author":[{"embeddable":true,"href":"https:\/\/serveiseducatius.xtec.cat\/lescorts\/wp-json\/wp\/v2\/users\/1"}],"replies":[{"embeddable":true,"href":"https:\/\/serveiseducatius.xtec.cat\/lescorts\/wp-json\/wp\/v2\/comments?post=306"}],"version-history":[{"count":5,"href":"https:\/\/serveiseducatius.xtec.cat\/lescorts\/wp-json\/wp\/v2\/pages\/306\/revisions"}],"predecessor-version":[{"id":17109,"href":"https:\/\/serveiseducatius.xtec.cat\/lescorts\/wp-json\/wp\/v2\/pages\/306\/revisions\/17109"}],"up":[{"embeddable":true,"href":"https:\/\/serveiseducatius.xtec.cat\/lescorts\/wp-json\/wp\/v2\/pages\/806"}],"wp:attachment":[{"href":"https:\/\/serveiseducatius.xtec.cat\/lescorts\/wp-json\/wp\/v2\/media?parent=306"}],"curies":[{"name":"wp","href":"https:\/\/api.w.org\/{rel}","templated":true}]}}